{"id":18677,"date":"2025-09-02T11:30:04","date_gmt":"2025-09-02T09:30:04","guid":{"rendered":"https:\/\/healsafeinterior.com\/?post_type=product&#038;p=18677"},"modified":"2026-02-24T14:58:53","modified_gmt":"2026-02-24T13:58:53","slug":"quadra-plus-fatolj-soffor","status":"publish","type":"product","link":"https:\/\/healsafeinterior.com\/sv\/produkt\/quadra-plus-fatolj-soffor\/","title":{"rendered":"Quadra PLUS f\u00e5t\u00f6lj &#038; soffor"},"content":{"rendered":"<p><div class=\"fusion-fullwidth fullwidth-box fusion-builder-row-1 fusion-flex-container has-pattern-background has-mask-background hundred-percent-fullwidth non-hundred-percent-height-scrolling\" style=\"--awb-border-radius-top-left:0px;--awb-border-radius-top-right:0px;--awb-border-radius-bottom-right:0px;--awb-border-radius-bottom-left:0px;--awb-padding-top:4px;--awb-padding-right:6px;--awb-padding-bottom:0px;--awb-padding-left:6px;--awb-flex-wrap:wrap;\" ><div class=\"fusion-builder-row fusion-row fusion-flex-align-items-center fusion-flex-justify-content-center fusion-flex-content-wrap\" style=\"width:104% !important;max-width:104% !important;margin-left: calc(-4% \/ 2 );margin-right: calc(-4% \/ 2 );\"><div class=\"fusion-layout-column fusion_builder_column fusion-builder-column-0 fusion_builder_column_1_1 1_1 fusion-flex-column fusion-flex-align-self-center\" style=\"--awb-bg-size:cover;--awb-width-large:100%;--awb-margin-top-large:0px;--awb-spacing-right-large:1.92%;--awb-margin-bottom-large:3px;--awb-spacing-left-large:1.92%;--awb-width-medium:100%;--awb-order-medium:0;--awb-spacing-right-medium:1.92%;--awb-spacing-left-medium:1.92%;--awb-width-small:100%;--awb-order-small:0;--awb-spacing-right-small:1.92%;--awb-spacing-left-small:1.92%;\"><div class=\"fusion-column-wrapper fusion-column-has-shadow fusion-flex-justify-content-center fusion-content-layout-column\"><div class=\"fusion-title title fusion-title-1 fusion-sep-none fusion-title-text fusion-title-size-three\" style=\"--awb-font-size:32px;\"><h3 class=\"fusion-title-heading title-heading-left fusion-responsive-typography-calculated\" style=\"margin:0;font-size:1em;--fontSize:32;line-height:1.2;\">Produktdata<\/h3><\/div><\/div><\/div><\/div><\/div><div class=\"fusion-fullwidth fullwidth-box fusion-builder-row-2 fusion-flex-container has-pattern-background has-mask-background nonhundred-percent-fullwidth non-hundred-percent-height-scrolling\" style=\"--awb-border-radius-top-left:0px;--awb-border-radius-top-right:0px;--awb-border-radius-bottom-right:0px;--awb-border-radius-bottom-left:0px;--awb-padding-top:4px;--awb-padding-right:6px;--awb-padding-left:6px;--awb-flex-wrap:wrap;\" ><div class=\"fusion-builder-row fusion-row fusion-flex-align-items-flex-start fusion-flex-content-wrap\" style=\"max-width:1597.44px;margin-left: calc(-4% \/ 2 );margin-right: calc(-4% \/ 2 );\"><div class=\"fusion-layout-column fusion_builder_column fusion-builder-column-1 fusion_builder_column_1_1 1_1 fusion-flex-column\" style=\"--awb-bg-size:cover;--awb-width-large:100%;--awb-margin-top-large:0px;--awb-spacing-right-large:1.92%;--awb-margin-bottom-large:20px;--awb-spacing-left-large:1.92%;--awb-width-medium:100%;--awb-order-medium:0;--awb-spacing-right-medium:1.92%;--awb-spacing-left-medium:1.92%;--awb-width-small:100%;--awb-order-small:0;--awb-spacing-right-small:1.92%;--awb-spacing-left-small:1.92%;\"><div class=\"fusion-column-wrapper fusion-column-has-shadow fusion-flex-justify-content-flex-start fusion-content-layout-column\"><div class=\"fusion-text fusion-text-1 awb-text-cols fusion-text-columns-2\" style=\"--awb-columns:2;--awb-column-spacing:2em;--awb-column-min-width:100px;\"><p><strong>Material<br \/>\n<\/strong>Stomme tillverkad av en kombination av sp\u00e5nskiva och plywood, ytterligare f\u00f6rst\u00e4rkt med plywood f\u00f6r robusthet. Alla stoppade delar \u00e4r fastsatta vid basen f\u00f6r att s\u00e4kerst\u00e4lla att de inte kan avl\u00e4gsnas. K\u00e4rnan best\u00e5r av brandh\u00e4mmande CMHR (f\u00f6rbr\u00e4nningsmodifierad h\u00f6gelastisk) skum, vilket \u00e4r s\u00e4kert f\u00f6r b\u00e5de anv\u00e4ndare och personal.<br \/>\nF\u00f6tter i massiv bok.<\/p>\n<p><strong>Montering<br \/>\n<\/strong>Levereras monterad.<\/p>\n<p><strong>Underh\u00e5ll<br \/>\n<\/strong>F\u00f6r att bevara soffans skick rekommenderar vi att den reng\u00f6rs med en fuktig trasa och vid behov anv\u00e4ndning av milda reng\u00f6ringsmedel. V\u00e5ra material \u00e4r utformade f\u00f6r att vara t\u00e5liga och enkla att underh\u00e5lla, vilket g\u00f6r dem idealiska f\u00f6r kr\u00e4vande milj\u00f6er. Vid behov anv\u00e4nd ytdesinfektion, var uppm\u00e4rksam p\u00e5 att detta kan f\u00f6rkorta livsl\u00e4ngden f\u00f6r textilen. F\u00f6r mer information se Sk\u00f6tselr\u00e5d f\u00f6r m\u00f6bler.<\/p>\n<p><strong>Teknisk data<br \/>\n<\/strong>HSP450: H 770 mm, B 960mm, D 890 mm. Sitth\u00f6jd: 455 mm. Vikt: 54 kg.<br \/>\nHSP451: H 770 mm, B 1445 mm, D 890 mm. Sitth\u00f6jd: 455 mm. Vikt: 74 kg.<br \/>\nHSP452: H 770 mm, B 1940 mm, D 890 mm. Sitth\u00f6jd: 455 mm. Vikt: 82 kg.<\/p>\n<p><strong>Textilval\/F\u00e4rgval<br \/>\n<\/strong>Aston \u00e4r en robust konstl\u00e4dertextil (vinyl) med v\u00e4tsket\u00e5liga och avtorkbara egenskaper, idealisk f\u00f6r milj\u00f6er med h\u00f6ga hygien- och slitstyrkekrav.<br \/>\nHighland har en v\u00e4vd struktur som kombinerar h\u00e5llbarhet med en varm, ombonad k\u00e4nsla. B\u00e5da passar utm\u00e4rkt i milj\u00f6er med s\u00e4rskilda krav och tillgodoser olika behov. B\u00e5da finns i ett stort urval av kul\u00f6rer. <a href=\"https:\/\/uk.pineapplecontracts.com\/fabric\/aston-range\/\" target=\"_blank\" rel=\"noopener\">Aston<\/a> &amp; <a href=\"https:\/\/uk.pineapplecontracts.com\/fabric\/highland-range\/\" target=\"_blank\" rel=\"noopener\">Highland<\/a> .<\/p>\n<p><strong>H\u00e5llbarhet<\/strong><br \/>\nBrandskyddsklassad enligt BS7176:2007 k\u00e4lla 5 a<br \/>\nH\u00e5llbarhet och stabilitet testad enligt BS EN 15373:2007 a<br \/>\nStyrka och h\u00e5llbarhet testad enligt BS 4875 a<br \/>\nStatisk vikt f\u00f6r sitsen testad till 200 kg<br \/>\nTextilierna \u00e4r brandh\u00e4mmande enligt CAL TB 116, 117 och NFPA 260 USA<br \/>\nAtt kl\u00e4 om m\u00f6bler \u00e4r ett h\u00e5llbart och kostnadseffektivt s\u00e4tt att f\u00f6rl\u00e4nga livsl\u00e4ngden p\u00e5 m\u00f6blen. Kontakta oss f\u00f6r r\u00e5d.<\/p>\n<p><strong>Leverans<br \/>\n<\/strong>Leveranstid 8\u201312 veckor.<br \/>\nObservera att of\u00f6rutsedda h\u00e4ndelser kan p\u00e5verka leveransen. F\u00f6r mer information om aktuell leveranstid i samband med orderbekr\u00e4ftelse eller innan best\u00e4llning, v\u00e4nligen kontakta oss p\u00e5 info@healsafeinterior.com.<\/p>\n<p><strong>Garanti<br \/>\n<\/strong>7 \u00e5rs garanti som t\u00e4cker eventuella tillverkningsfel (g\u00e4ller ej kl\u00e4dsel).<br \/>\nF\u00f6r garanti\u00e4renden g\u00e4llande kl\u00e4dsel g\u00e4ller s\u00e4rskilda villkor. <a href=\"https:\/\/healsafeinterior.com\/sv\/produkt\/quadra-plus-fatolj-soffor\/#:~:text=RESURSCENTER%20(GUIDER%20MM)\">Se v\u00e5ra sk\u00f6tselr\u00e5d.<\/a> Vid reklamation, v\u00e4nligen kontakta oss p\u00e5 <a href=\"mailto:info@healsafeinterior.com\">info@healsafeinterior.com<\/a>.<\/p>\n<p><strong>Tillverkning\/produktion<br \/>\n<\/strong>Europa<\/p>\n<\/div><\/div><\/div><\/div><\/div><\/p>\n","protected":false},"excerpt":{"rendered":"<p>Quadra PLUS f\u00e5t\u00f6lj och soffor \u00e4r utvecklade f\u00f6r milj\u00f6er d\u00e4r stabilitet, l\u00e5ng livsl\u00e4ngd och en konstruktion utformad f\u00f6r att motst\u00e5 o\u00f6nskad p\u00e5verkan \u00e4r avg\u00f6rande.<\/p>\n<p>Plywoodf\u00f6rst\u00e4rkt stomme ger h\u00f6g stabilitet och t\u00e5lighet vid daglig anv\u00e4ndning<\/p>\n<p>Avtagbara sittdynor f\u00f6r enkel reng\u00f6ring<\/p>\n<p>Helt sluten underdel f\u00f6rhindrar m\u00f6jlighet till g\u00f6mslen<\/p>\n<p>Quadra PLUS sortimentet \u00e4r l\u00e4mpat f\u00f6r verksamheter med s\u00e4rskilda s\u00e4kerhetskrav som t.ex. psykiatri, kriminalv\u00e5rd, ungdomshem mm.<\/p>\n<p>Stommen best\u00e5r av en kombination av sp\u00e5nskiva och plywood, f\u00f6rst\u00e4rkt med extra plywoodpaneler f\u00f6r att t\u00e5la h\u00f6g belastning och daglig anv\u00e4ndning i verksamheter med s\u00e4rskilda krav. F\u00f6tter i massivt boktr\u00e4.<br \/>\nSittdyna och \u00f6vriga stoppade delar \u00e4r tillverkade i brands\u00e4kert CMHR-skum vilket bidrar till b\u00e5de komfort samt s\u00e4kerhet, f\u00f6r b\u00e5de anv\u00e4ndare och personal.<\/p>\n<p>Samtliga modeller \u00e4r helt fria fr\u00e5n sydda kantlister och h\u00e4ftklamrar \u2013 en konstruktion som minimerar risken f\u00f6r sj\u00e4lvskada.<\/p>\n<p>M\u00f6blernas relativt h\u00f6ga vikt g\u00f6r att de st\u00e5r stadigt och \u00e4r tunga att flytta, v\u00e4ltas eller anv\u00e4ndas p\u00e5 ett s\u00e4tt som kan orsaka skada f\u00f6r person eller omgivning.<\/p>\n<p>M\u00f6blernas kan anpassas efter specifika inredningskoncept genom val av tyg och f\u00e4rg, och vi rekommenderar Aston eller Highland textilier f\u00f6r b\u00e4sta h\u00e5llbarhet och estetik.<\/p>\n<p>L\u00e4mplig f\u00f6r milj\u00f6er som patientrum, allrum och gemensamhetsutrymme.<\/p>\n","protected":false},"featured_media":18661,"template":"","meta":[],"product_brand":[],"product_cat":[625,645,623,624,633,622],"product_tag":[],"class_list":{"0":"post-18677","1":"product","2":"type-product","3":"status-publish","4":"has-post-thumbnail","6":"product_cat-fatoljer","7":"product_cat-okategoriserat","8":"product_cat-patientrum","9":"product_cat-sakerhetsmobler","10":"product_cat-soffor","11":"product_cat-vardagsrum","13":"first","14":"instock","15":"shipping-taxable","16":"purchasable","17":"product-type-variable"},"_links":{"self":[{"href":"https:\/\/healsafeinterior.com\/sv\/wp-json\/wp\/v2\/product\/18677","targetHints":{"allow":["GET"]}}],"collection":[{"href":"https:\/\/healsafeinterior.com\/sv\/wp-json\/wp\/v2\/product"}],"about":[{"href":"https:\/\/healsafeinterior.com\/sv\/wp-json\/wp\/v2\/types\/product"}],"wp:featuredmedia":[{"embeddable":true,"href":"https:\/\/healsafeinterior.com\/sv\/wp-json\/wp\/v2\/media\/18661"}],"wp:attachment":[{"href":"https:\/\/healsafeinterior.com\/sv\/wp-json\/wp\/v2\/media?parent=18677"}],"wp:term":[{"taxonomy":"product_brand","embeddable":true,"href":"https:\/\/healsafeinterior.com\/sv\/wp-json\/wp\/v2\/product_brand?post=18677"},{"taxonomy":"product_cat","embeddable":true,"href":"https:\/\/healsafeinterior.com\/sv\/wp-json\/wp\/v2\/product_cat?post=18677"},{"taxonomy":"product_tag","embeddable":true,"href":"https:\/\/healsafeinterior.com\/sv\/wp-json\/wp\/v2\/product_tag?post=18677"}],"curies":[{"name":"wp","href":"https:\/\/api.w.org\/{rel}","templated":true}]}}