{"id":18394,"date":"2025-08-19T15:40:11","date_gmt":"2025-08-19T13:40:11","guid":{"rendered":"https:\/\/healsafeinterior.com\/?post_type=product&#038;p=18394"},"modified":"2025-08-19T15:46:20","modified_gmt":"2025-08-19T13:46:20","slug":"aram-skrivbord-och-skrivbordspanel","status":"publish","type":"product","link":"https:\/\/healsafeinterior.com\/sv\/produkt\/aram-skrivbord-och-skrivbordspanel\/","title":{"rendered":"Aram skrivbord och skrivbordspanel"},"content":{"rendered":"<p><div class=\"fusion-fullwidth fullwidth-box fusion-builder-row-1 fusion-flex-container has-pattern-background has-mask-background hundred-percent-fullwidth non-hundred-percent-height-scrolling\" style=\"--awb-border-radius-top-left:0px;--awb-border-radius-top-right:0px;--awb-border-radius-bottom-right:0px;--awb-border-radius-bottom-left:0px;--awb-padding-top:4px;--awb-padding-right:6px;--awb-padding-bottom:0px;--awb-padding-left:6px;--awb-flex-wrap:wrap;\" ><div class=\"fusion-builder-row fusion-row fusion-flex-align-items-center fusion-flex-content-wrap\" style=\"width:104% !important;max-width:104% !important;margin-left: calc(-4% \/ 2 );margin-right: calc(-4% \/ 2 );\"><div class=\"fusion-layout-column fusion_builder_column fusion-builder-column-0 fusion_builder_column_1_1 1_1 fusion-flex-column\" style=\"--awb-bg-size:cover;--awb-width-large:100%;--awb-margin-top-large:0px;--awb-spacing-right-large:1.92%;--awb-margin-bottom-large:20px;--awb-spacing-left-large:1.92%;--awb-width-medium:100%;--awb-order-medium:0;--awb-spacing-right-medium:1.92%;--awb-spacing-left-medium:1.92%;--awb-width-small:100%;--awb-order-small:0;--awb-spacing-right-small:1.92%;--awb-spacing-left-small:1.92%;\"><div class=\"fusion-column-wrapper fusion-column-has-shadow fusion-flex-justify-content-flex-start fusion-content-layout-column\"><div class=\"fusion-title title fusion-title-1 fusion-sep-none fusion-title-text fusion-title-size-three\" style=\"--awb-font-size:32px;\"><h3 class=\"fusion-title-heading title-heading-left fusion-responsive-typography-calculated\" style=\"margin:0;font-size:1em;--fontSize:32;line-height:1.2;\">Produktdata<\/h3><\/div><\/div><\/div><\/div><\/div><div class=\"fusion-fullwidth fullwidth-box fusion-builder-row-2 fusion-flex-container has-pattern-background has-mask-background nonhundred-percent-fullwidth non-hundred-percent-height-scrolling\" style=\"--awb-border-radius-top-left:0px;--awb-border-radius-top-right:0px;--awb-border-radius-bottom-right:0px;--awb-border-radius-bottom-left:0px;--awb-padding-top:4px;--awb-padding-right:6px;--awb-padding-left:6px;--awb-margin-bottom:30px;--awb-flex-wrap:wrap;\" ><div class=\"fusion-builder-row fusion-row fusion-flex-align-items-flex-start fusion-flex-content-wrap\" style=\"max-width:1597.44px;margin-left: calc(-4% \/ 2 );margin-right: calc(-4% \/ 2 );\"><div class=\"fusion-layout-column fusion_builder_column fusion-builder-column-1 fusion_builder_column_1_1 1_1 fusion-flex-column\" style=\"--awb-bg-size:cover;--awb-width-large:100%;--awb-margin-top-large:0px;--awb-spacing-right-large:1.92%;--awb-margin-bottom-large:20px;--awb-spacing-left-large:1.92%;--awb-width-medium:100%;--awb-order-medium:0;--awb-spacing-right-medium:1.92%;--awb-spacing-left-medium:1.92%;--awb-width-small:100%;--awb-order-small:0;--awb-spacing-right-small:1.92%;--awb-spacing-left-small:1.92%;\"><div class=\"fusion-column-wrapper fusion-column-has-shadow fusion-flex-justify-content-flex-start fusion-content-layout-column\"><div class=\"fusion-text fusion-text-1 awb-text-cols fusion-text-columns-2\" style=\"--awb-columns:2;--awb-column-spacing:2em;--awb-column-min-width:100px;\"><p><strong>Material<\/strong><br \/>\nStomme av plywood med laminatyta.<\/p>\n<p><strong>Montering<\/strong><br \/>\nSkrivbordet levereras monterat. Panelen levereras separat. Vi erbjuder installation\/montering av fast inredning. Meddela i samband med er f\u00f6rfr\u00e5gan s\u00e5 hj\u00e4lper vi till att ta fram offert f\u00f6r denna tj\u00e4nst. Vanligast \u00e4r behovet av monteringshj\u00e4lp n\u00e4r det \u00e4r ett st\u00f6rre projekt. N\u00e4r ni v\u00e4ljer att anv\u00e4nda tj\u00e4nsten installation\/montering via oss s\u00e5 tar vi ansvar f\u00f6r produktgarantin g\u00e4llande att korrekt montering \u00e4r genomf\u00f6rd. V\u00e4ljer ni att sj\u00e4lva eller via annan part montera\/installera v\u00e5r fasta inredning \u00e4r det viktigt att ni f\u00f6ljer monteringsanvisningen och att montage blir korrekt utf\u00f6rt. Produktgarantin g\u00e4ller inte om produkterna inte \u00e4r installerade p\u00e5 korrekt vis enligt anvisningar.<\/p>\n<p><strong>Underh\u00e5ll<\/strong><br \/>\nReng\u00f6r ytan med ett milt, flytande reng\u00f6ringsmedel och en mjuk, ren duk i roterande r\u00f6relser. Sk\u00f6lj med rent vatten och torka torrt med en mjuk trasa. Vid mer ingrodd smuts kan en mjuk nylonborste anv\u00e4ndas p\u00e5 samma s\u00e4tt. Alkoholbaserade desinfektionsmedel kan anv\u00e4ndas p\u00e5 laminatytor vid behov. Anv\u00e4nd aldrig slipande reng\u00f6ringsmedel eller grova redskap som skursvampar, eftersom de kan repa och skada ytan. Kontrollera regelbundet att alla synliga skruvar \u00e4r \u00e5tdragna och att inga glipor har uppst\u00e5tt.<\/p>\n<p><strong>Tekniska data<\/strong><br \/>\nHSI857: Storlek H 750 mm, B 1000 mm, D 470 mm.<br \/>\nHSI858: Storlek H 634 mm, B 1000 mm, D 20 mm.<\/p>\n<p><strong>F\u00e4rger<br \/>\n<\/strong>Produkten erbjuds med laminat i ask eller valn\u00f6t, men kan \u00e4ven best\u00e4llas med andra laminat enligt \u00f6nskem\u00e5l.<\/p>\n<p><strong>H\u00e5llbarhet<\/strong><br \/>\nProdukten \u00e4r tillverkad av plywood, ett starkt och t\u00e5ligt material som ger l\u00e5ng livsl\u00e4ngd. Ytan i laminat \u00e4r rept\u00e5lig, l\u00e4tt att reng\u00f6ra och beh\u00e5ller sitt utseende \u00f6ver tid \u2013 vilket g\u00f6r den till ett h\u00e5llbart och praktiskt val f\u00f6r kr\u00e4vande milj\u00f6er.<br \/>\nPlywood \u00e5tervinns som tr\u00e4.<\/p>\n<p><strong>Leverans<br \/>\n<\/strong>Inredningen skr\u00e4ddarsys f\u00f6r verksamheten i en n\u00e4ra och gemensam process tillsammans med Healsafe Interi\u00f6r. M\u00f6blerna kan anpassas efter befintliga milj\u00f6er, och det finns m\u00f6jlighet att v\u00e4lja mellan flera olika laminat. Visualisering av m\u00f6blerna utifr\u00e5n era m\u00e5tt erbjuds som tillval.<br \/>\nLeveranstid \u00e4r 8-12 veckor efter slutgiltig order. Observera att of\u00f6rutsedda h\u00e4ndelser kan p\u00e5verka leveransen.<br \/>\nVid intresse, v\u00e4nligen kontakta oss p\u00e5 info@healsafeinterior.com.<\/p>\n<p><strong>Garanti<br \/>\n<\/strong>Garantitiden f\u00f6r v\u00e5ra produkter tillverkade av laminerad plywood med ytbehandlade kanter \u00e4r 2 \u00e5r fr\u00e5n leveransdatum. Under denna period t\u00e4cker garantin eventuella tillverkningsfel, materialdefekter och brister i ytbehandlingen. Garantin t\u00e4cker \u00e4ven fel i montageprocessen p\u00e5 plats i de fall d\u00e4r Healsafe Interi\u00f6rs anlitade\/egna installat\u00f6rer har monterat produkterna.<\/p>\n<p>Garantin t\u00e4cker f\u00f6ljande omr\u00e5den:<br \/>\nTillverkningsfel: Eventuella defekter som uppst\u00e5r p\u00e5 grund av felaktig tillverkning eller materialfel.<br \/>\nDelamination: Om lamineringslagren separerar p\u00e5 grund av felaktigt lim eller process.<br \/>\nYtbehandling: Brister s\u00e5som avflagning, fl\u00e4ckar eller f\u00f6rs\u00e4mringar i utseendet p\u00e5 grund av fel i ytbehandlingen.<\/p>\n<p><strong>Tillverkning\/produktion<\/strong><br \/>\nSverige<\/p>\n<\/div><\/div><\/div><\/div><\/div><\/p>\n","protected":false},"excerpt":{"rendered":"<p>Aram skrivbord och skrivbordspanel ing\u00e5r i en m\u00f6belserie utvecklad f\u00f6r milj\u00f6er med h\u00f6ga s\u00e4kerhetskrav. Serien erbjuder l\u00f6sningar f\u00f6r s\u00f6mn, studier och f\u00f6rvaring, anpassningsbara efter verksamhetens behov.<\/p>\n<ul>\n<li>Skrivbordet har en fast montering och h\u00f6g h\u00e5llbarhet, vilket minimerar risken f\u00f6r tillhygge och s\u00e4kerst\u00e4ller l\u00e5ng livsl\u00e4ngd.<\/li>\n<li>Justeras mot golvlister och monteras t\u00e4tt mot v\u00e4gg f\u00f6r att f\u00f6rhindra g\u00f6mst\u00e4llen.<\/li>\n<li>En skyddande helpanel f\u00f6rhindrar klotter och skapar en avsk\u00e4rmad, trygg arbetsyta.<\/li>\n<\/ul>\n<p>Skrivbordet och panelen \u00e4r s\u00e4rskilt l\u00e4mpade f\u00f6r ungdomsv\u00e5rd, behandlingshem och kriminalv\u00e5rd.<\/p>\n<p>Detta kompakta och platsbesparande skrivbord \u00e4r s\u00e4rskilt framtaget f\u00f6r milj\u00f6er med h\u00f6ga s\u00e4kerhetskrav. Den robusta konstruktionen och fasta monteringen ger stabilitet, minimerar risk f\u00f6r tillhygge och bidrar till l\u00e5ng livsl\u00e4ngd.<\/p>\n<p>Formspr\u00e5ket \u00e4r omsorgsfullt utformat f\u00f6r att skapa ett harmoniskt intryck, medan den t\u00e4ckande panelen skyddar v\u00e4ggarna, f\u00f6rhindrar klotter och f\u00f6rst\u00e4rker k\u00e4nslan av omsorg och avskildhet.<\/p>\n<p>M\u00f6beln \u00e4r tillverkad i plywood, vilket g\u00f6r den stark och t\u00e5lig. Ytan i laminat \u00e4r rept\u00e5lig, l\u00e4tt att reng\u00f6ra och h\u00e5ller sig fin l\u00e4nge.<\/p>\n<p>Tillverkningen bygger p\u00e5 traditionell tappning och limning, vilket ger en stark och stabil konstruktion utan synliga beslag eller l\u00f6sa delar. Det \u00f6kar b\u00e5de s\u00e4kerheten och h\u00e5llbarheten \u00f6ver tid. Plywoodens kanter \u00e4r fr\u00e4sta med stora radier, vilket ger rundade h\u00f6rn och minskar risken f\u00f6r skador vid fall. Fast montering f\u00f6rhindrar \u00e4ven att delar bryts loss och anv\u00e4nds som tillhyggen.<\/p>\n<p>Namnet Aram kommer fr\u00e5n persiskans ord f\u00f6r lugn och k\u00e4nnetecknas av en geometrisk design, i kontrast till syskonserien Roya som har ett mjukare och mer harmoniskt formspr\u00e5k.<\/p>\n<p>Kombinerat med Ryno stol eller Bold stol blir detta en h\u00e5llbar och s\u00e4ker l\u00f6sning f\u00f6r milj\u00f6er med s\u00e4rskilda krav.<\/p>\n<p>Design: Healsafe Interi\u00f6r<\/p>\n<p>L\u00e4mplig f\u00f6r placering i patientrum.<\/p>\n","protected":false},"featured_media":18438,"template":"","meta":[],"product_brand":[],"product_cat":[644,624,631],"product_tag":[],"class_list":{"0":"post-18394","1":"product","2":"type-product","3":"status-publish","4":"has-post-thumbnail","6":"product_cat-fast-mobelinredning","7":"product_cat-sakerhetsmobler","8":"product_cat-skrivbord","10":"first","11":"instock","12":"shipping-taxable","13":"purchasable","14":"product-type-variable"},"_links":{"self":[{"href":"https:\/\/healsafeinterior.com\/sv\/wp-json\/wp\/v2\/product\/18394","targetHints":{"allow":["GET"]}}],"collection":[{"href":"https:\/\/healsafeinterior.com\/sv\/wp-json\/wp\/v2\/product"}],"about":[{"href":"https:\/\/healsafeinterior.com\/sv\/wp-json\/wp\/v2\/types\/product"}],"wp:featuredmedia":[{"embeddable":true,"href":"https:\/\/healsafeinterior.com\/sv\/wp-json\/wp\/v2\/media\/18438"}],"wp:attachment":[{"href":"https:\/\/healsafeinterior.com\/sv\/wp-json\/wp\/v2\/media?parent=18394"}],"wp:term":[{"taxonomy":"product_brand","embeddable":true,"href":"https:\/\/healsafeinterior.com\/sv\/wp-json\/wp\/v2\/product_brand?post=18394"},{"taxonomy":"product_cat","embeddable":true,"href":"https:\/\/healsafeinterior.com\/sv\/wp-json\/wp\/v2\/product_cat?post=18394"},{"taxonomy":"product_tag","embeddable":true,"href":"https:\/\/healsafeinterior.com\/sv\/wp-json\/wp\/v2\/product_tag?post=18394"}],"curies":[{"name":"wp","href":"https:\/\/api.w.org\/{rel}","templated":true}]}}