{"id":18355,"date":"2025-08-19T13:13:45","date_gmt":"2025-08-19T11:13:45","guid":{"rendered":"https:\/\/healsafeinterior.com\/?post_type=product&#038;p=18355"},"modified":"2026-02-17T13:21:49","modified_gmt":"2026-02-17T12:21:49","slug":"aram-garderob","status":"publish","type":"product","link":"https:\/\/healsafeinterior.com\/sv\/produkt\/aram-garderob\/","title":{"rendered":"Aram Garderob"},"content":{"rendered":"<p><div class=\"fusion-fullwidth fullwidth-box fusion-builder-row-1 fusion-flex-container has-pattern-background has-mask-background nonhundred-percent-fullwidth non-hundred-percent-height-scrolling\" style=\"--awb-border-radius-top-left:0px;--awb-border-radius-top-right:0px;--awb-border-radius-bottom-right:0px;--awb-border-radius-bottom-left:0px;--awb-padding-top:4px;--awb-padding-right:6px;--awb-padding-left:6px;--awb-flex-wrap:wrap;\" ><div class=\"fusion-builder-row fusion-row fusion-flex-align-items-flex-start fusion-flex-content-wrap\" style=\"max-width:1597.44px;margin-left: calc(-4% \/ 2 );margin-right: calc(-4% \/ 2 );\"><div class=\"fusion-layout-column fusion_builder_column fusion-builder-column-0 fusion_builder_column_1_1 1_1 fusion-flex-column\" style=\"--awb-bg-size:cover;--awb-width-large:100%;--awb-margin-top-large:0px;--awb-spacing-right-large:1.92%;--awb-margin-bottom-large:20px;--awb-spacing-left-large:1.92%;--awb-width-medium:100%;--awb-order-medium:0;--awb-spacing-right-medium:1.92%;--awb-spacing-left-medium:1.92%;--awb-width-small:100%;--awb-order-small:0;--awb-spacing-right-small:1.92%;--awb-spacing-left-small:1.92%;\"><div class=\"fusion-column-wrapper fusion-column-has-shadow fusion-flex-justify-content-flex-start fusion-content-layout-column\"><div class=\"fusion-title title fusion-title-1 fusion-sep-none fusion-title-text fusion-title-size-three\" style=\"--awb-font-size:32px;\"><h3 class=\"fusion-title-heading title-heading-left fusion-responsive-typography-calculated\" style=\"margin:0;font-size:1em;--fontSize:32;line-height:1.2;\">Produktdata<\/h3><\/div><\/div><\/div><\/div><\/div><div class=\"fusion-fullwidth fullwidth-box fusion-builder-row-2 fusion-flex-container has-pattern-background has-mask-background nonhundred-percent-fullwidth non-hundred-percent-height-scrolling\" style=\"--awb-border-radius-top-left:0px;--awb-border-radius-top-right:0px;--awb-border-radius-bottom-right:0px;--awb-border-radius-bottom-left:0px;--awb-padding-top:4px;--awb-padding-right:6px;--awb-padding-left:6px;--awb-margin-bottom:30px;--awb-flex-wrap:wrap;\" ><div class=\"fusion-builder-row fusion-row fusion-flex-align-items-flex-start fusion-flex-content-wrap\" style=\"max-width:1597.44px;margin-left: calc(-4% \/ 2 );margin-right: calc(-4% \/ 2 );\"><div class=\"fusion-layout-column fusion_builder_column fusion-builder-column-1 fusion_builder_column_1_1 1_1 fusion-flex-column\" style=\"--awb-bg-size:cover;--awb-width-large:100%;--awb-margin-top-large:0px;--awb-spacing-right-large:1.92%;--awb-margin-bottom-large:20px;--awb-spacing-left-large:1.92%;--awb-width-medium:100%;--awb-order-medium:0;--awb-spacing-right-medium:1.92%;--awb-spacing-left-medium:1.92%;--awb-width-small:100%;--awb-order-small:0;--awb-spacing-right-small:1.92%;--awb-spacing-left-small:1.92%;\"><div class=\"fusion-column-wrapper fusion-column-has-shadow fusion-flex-justify-content-flex-start fusion-content-layout-column\"><div class=\"fusion-text fusion-text-1 awb-text-cols fusion-text-columns-2\" style=\"--awb-columns:2;--awb-column-spacing:2em;--awb-column-min-width:100px;\"><p><strong>Material<\/strong><br \/>\nStomme av plywood med laminatyta.<\/p>\n<p><strong>Montering<\/strong><br \/>\nM\u00f6beln levereras monterad.<\/p>\n<p>Vi erbjuder installation\/montering av fast inredning. Meddela i samband med er f\u00f6rfr\u00e5gan s\u00e5 hj\u00e4lper vi till att ta fram offert f\u00f6r denna tj\u00e4nst. Vanligast \u00e4r behovet av monteringshj\u00e4lp n\u00e4r det \u00e4r ett st\u00f6rre projekt. N\u00e4r ni v\u00e4ljer att anv\u00e4nda tj\u00e4nsten installation\/montering via oss s\u00e5 tar vi ansvar f\u00f6r produktgarantin g\u00e4llande att korrekt montering \u00e4r genomf\u00f6rd. V\u00e4ljer ni att sj\u00e4lva eller via annan part montera\/installera v\u00e5r fasta inredning \u00e4r det viktigt att ni f\u00f6ljer monteringsanvisningen och att montage blir korrekt utf\u00f6rt. Produktgarantin g\u00e4ller inte om produkterna inte \u00e4r installerade p\u00e5 korrekt vis enligt anvisningar.<\/p>\n<p><strong>Underh\u00e5ll<\/strong><br \/>\nReng\u00f6r ytan med ett milt, flytande reng\u00f6ringsmedel och en mjuk, ren duk i roterande r\u00f6relser. Sk\u00f6lj med rent vatten och torka torrt med en mjuk trasa. Vid mer ingrodd smuts kan en mjuk nylonborste anv\u00e4ndas p\u00e5 samma s\u00e4tt. Alkoholbaserade desinfektionsmedel kan anv\u00e4ndas p\u00e5 laminatytor vid behov. Anv\u00e4nd aldrig slipande reng\u00f6ringsmedel eller grova redskap som skursvampar, eftersom de kan repa och skada ytan. Kontrollera regelbundet att alla synliga skruvar \u00e4r \u00e5tdragna och att inga glipor har uppst\u00e5tt.<\/p>\n<p><strong>Tekniska data<\/strong><br \/>\nHSI850: Storlek H 1891 mm, B 1000 mm, D 468 mm.<br \/>\nHSI811: Storlek H 1400 mm, B 1000 mm, D 468 mm.<\/p>\n<p><strong>F\u00e4rger<br \/>\n<\/strong>Produkten erbjuds med laminat i ask eller valn\u00f6t, men kan \u00e4ven best\u00e4llas med andra laminat enligt \u00f6nskem\u00e5l.<\/p>\n<p><strong>H\u00e5llbarhet<br \/>\n<\/strong>Produkten \u00e4r tillverkad av plywood, ett starkt och t\u00e5ligt material som ger l\u00e5ng livsl\u00e4ngd. Ytan i laminat \u00e4r rept\u00e5lig, l\u00e4tt att reng\u00f6ra och beh\u00e5ller sitt utseende \u00f6ver tid \u2013 vilket g\u00f6r den till ett h\u00e5llbart och praktiskt val f\u00f6r kr\u00e4vande milj\u00f6er.<\/p>\n<p>Plywood \u00e5tervinns som tr\u00e4.<\/p>\n<p><strong>Leverans<br \/>\n<\/strong>Inredningen skr\u00e4ddarsys f\u00f6r verksamheten i en n\u00e4ra och gemensam process tillsammans med Healsafe Interi\u00f6r. M\u00f6blerna kan anpassas efter befintliga milj\u00f6er, och det finns m\u00f6jlighet att v\u00e4lja mellan flera olika laminat. Visualisering av m\u00f6blerna utifr\u00e5n era m\u00e5tt erbjuds som tillval.<\/p>\n<p>Leveranstid \u00e4r 8-12 veckor efter slutgiltig order. Observera att of\u00f6rutsedda h\u00e4ndelser kan p\u00e5verka leveransen.<\/p>\n<p>Vid intresse, v\u00e4nligen kontakta oss p\u00e5 <a href=\"mailto:info@healsafeinterior.com\">info@healsafeinterior.com<\/a>.<\/p>\n<p><strong>Garanti<br \/>\n<\/strong>Garantitiden f\u00f6r v\u00e5ra produkter tillverkade av laminerad plywood med ytbehandlade kanter \u00e4r 2 \u00e5r fr\u00e5n leveransdatum. Under denna period t\u00e4cker garantin eventuella tillverkningsfel, materialdefekter och brister i ytbehandlingen. Garantin t\u00e4cker \u00e4ven fel i montageprocessen p\u00e5 plats i de fall d\u00e4r Healsafe Interi\u00f6rs anlitade\/egna installat\u00f6rer har monterat produkterna.<\/p>\n<p>Garantin t\u00e4cker f\u00f6ljande omr\u00e5den:<\/p>\n<p>Tillverkningsfel: Eventuella defekter som uppst\u00e5r p\u00e5 grund av felaktig tillverkning eller materialfel.<\/p>\n<p>Delamination: Om lamineringslagren separerar p\u00e5 grund av felaktigt lim eller process.<\/p>\n<p>Ytbehandling: Brister s\u00e5som avflagning, fl\u00e4ckar eller f\u00f6rs\u00e4mringar i utseendet p\u00e5 grund av fel i ytbehandlingen.<\/p>\n<p><strong>Tillverkning\/produktion<br \/>\n<\/strong>Sverige.<\/p>\n<\/div><\/div><\/div><\/div><\/div><\/p>\n","protected":false},"excerpt":{"rendered":"<p>Aram garderob ing\u00e5r i en m\u00f6belserie utvecklad f\u00f6r milj\u00f6er med h\u00f6ga s\u00e4kerhetskrav. Serien erbjuder l\u00f6sningar f\u00f6r s\u00f6mn, studier och f\u00f6rvaring, anpassningsbara efter verksamhetens behov.<\/p>\n<ul>\n<li>Robust och rept\u00e5lig konstruktion med fast montering f\u00f6r maximal s\u00e4kerhet och l\u00e5ng h\u00e5llbarhet.<\/li>\n<li>Justeras mot golvlister och monteras t\u00e4tt mot v\u00e4gg f\u00f6r att f\u00f6rhindra g\u00f6mst\u00e4llen.<\/li>\n<li>Omsorgsfullt formspr\u00e5k som f\u00f6renar s\u00e4kerhet med en lugn och harmonisk k\u00e4nsla.<\/li>\n<\/ul>\n<p>Garderoben \u00e4r s\u00e4rskilt l\u00e4mpad f\u00f6r ungdomsv\u00e5rd, behandlingshem och kriminalv\u00e5rd.<\/p>\n<p>Den finns i tv\u00e5 modeller \u2013 h\u00f6g (1891 mm) och l\u00e5g (1400 mm) \u2013 b\u00e5da utan d\u00f6rrar eller l\u00e5dor som kan utg\u00f6ra s\u00e4kerhetsrisker som g\u00f6mst\u00e4llen, f\u00e4stpunkter eller tillhyggen. De grunda facken ger god insyn, underl\u00e4ttar visitering och minskar risken f\u00f6r att f\u00f6rem\u00e5l g\u00f6ms eller fastnar.<\/p>\n<p>Toppen \u00e4r vinklad f\u00f6r att f\u00f6rhindra placering eller f\u00f6rvaring av f\u00f6rem\u00e5l \u2013 en viktig detalj f\u00f6r att minimera risken att n\u00e5got staplas, g\u00f6ms eller anv\u00e4nds p\u00e5 ett s\u00e4tt som kan inneb\u00e4ra fara.<\/p>\n<p>Garderoben kan kompletteras med <a href=\"https:\/\/healsafeinterior.com\/sv\/produkt\/j-trac-kladgalgesystem-5-latt-galgar\/\">J-trac kl\u00e4dgalgesystem<\/a>.<\/p>\n<p>M\u00f6beln \u00e4r tillverkad i plywood, vilket g\u00f6r den stark och t\u00e5lig. Ytan i laminat \u00e4r rept\u00e5lig, l\u00e4tt att reng\u00f6ra och h\u00e5ller sig fin l\u00e4nge.<\/p>\n<p>Tillverkningen bygger p\u00e5 traditionell tappning och limning, vilket ger en stark och stabil konstruktion utan synliga beslag eller l\u00f6sa delar. Det \u00f6kar b\u00e5de s\u00e4kerheten och h\u00e5llbarheten \u00f6ver tid. Plywoodens kanter \u00e4r fr\u00e4sta med stora radier, vilket ger rundade h\u00f6rn och minskar risken f\u00f6r skador vid fall. Fast montering f\u00f6rhindrar \u00e4ven att delar bryts loss och anv\u00e4nds som tillhyggen.<\/p>\n<p>Namnet Aram kommer fr\u00e5n persiskans ord f\u00f6r lugn och k\u00e4nnetecknas av en geometrisk design, i kontrast till syskonserien Roya som har ett mjukare och mer harmoniskt formspr\u00e5k.<\/p>\n<p>Design: Healsafe Interi\u00f6r<\/p>\n<p>L\u00e4mplig f\u00f6r placering i patientrum.<\/p>\n","protected":false},"featured_media":18408,"template":"","meta":[],"product_brand":[],"product_cat":[644,635,624],"product_tag":[1025,1028],"class_list":{"0":"post-18355","1":"product","2":"type-product","3":"status-publish","4":"has-post-thumbnail","6":"product_cat-fast-mobelinredning","7":"product_cat-garderober","8":"product_cat-sakerhetsmobler","9":"product_tag-behandlingshem","10":"product_tag-lss","12":"first","13":"instock","14":"shipping-taxable","15":"purchasable","16":"product-type-variable"},"_links":{"self":[{"href":"https:\/\/healsafeinterior.com\/sv\/wp-json\/wp\/v2\/product\/18355","targetHints":{"allow":["GET"]}}],"collection":[{"href":"https:\/\/healsafeinterior.com\/sv\/wp-json\/wp\/v2\/product"}],"about":[{"href":"https:\/\/healsafeinterior.com\/sv\/wp-json\/wp\/v2\/types\/product"}],"wp:featuredmedia":[{"embeddable":true,"href":"https:\/\/healsafeinterior.com\/sv\/wp-json\/wp\/v2\/media\/18408"}],"wp:attachment":[{"href":"https:\/\/healsafeinterior.com\/sv\/wp-json\/wp\/v2\/media?parent=18355"}],"wp:term":[{"taxonomy":"product_brand","embeddable":true,"href":"https:\/\/healsafeinterior.com\/sv\/wp-json\/wp\/v2\/product_brand?post=18355"},{"taxonomy":"product_cat","embeddable":true,"href":"https:\/\/healsafeinterior.com\/sv\/wp-json\/wp\/v2\/product_cat?post=18355"},{"taxonomy":"product_tag","embeddable":true,"href":"https:\/\/healsafeinterior.com\/sv\/wp-json\/wp\/v2\/product_tag?post=18355"}],"curies":[{"name":"wp","href":"https:\/\/api.w.org\/{rel}","templated":true}]}}