{"id":18353,"date":"2025-08-19T13:04:28","date_gmt":"2025-08-19T11:04:28","guid":{"rendered":"https:\/\/healsafeinterior.com\/?post_type=product&#038;p=18353"},"modified":"2026-02-18T10:28:50","modified_gmt":"2026-02-18T09:28:50","slug":"aram-spegel","status":"publish","type":"product","link":"https:\/\/healsafeinterior.com\/sv\/produkt\/aram-spegel\/","title":{"rendered":"Aram spegel"},"content":{"rendered":"<p><div class=\"fusion-fullwidth fullwidth-box fusion-builder-row-1 fusion-flex-container has-pattern-background has-mask-background hundred-percent-fullwidth non-hundred-percent-height-scrolling\" style=\"--awb-border-radius-top-left:0px;--awb-border-radius-top-right:0px;--awb-border-radius-bottom-right:0px;--awb-border-radius-bottom-left:0px;--awb-padding-top:4px;--awb-padding-right:6px;--awb-padding-bottom:0px;--awb-padding-left:6px;--awb-flex-wrap:wrap;\" ><div class=\"fusion-builder-row fusion-row fusion-flex-align-items-center fusion-flex-content-wrap\" style=\"width:104% !important;max-width:104% !important;margin-left: calc(-4% \/ 2 );margin-right: calc(-4% \/ 2 );\"><div class=\"fusion-layout-column fusion_builder_column fusion-builder-column-0 fusion_builder_column_1_1 1_1 fusion-flex-column\" style=\"--awb-bg-size:cover;--awb-width-large:100%;--awb-margin-top-large:0px;--awb-spacing-right-large:1.92%;--awb-margin-bottom-large:20px;--awb-spacing-left-large:1.92%;--awb-width-medium:100%;--awb-order-medium:0;--awb-spacing-right-medium:1.92%;--awb-spacing-left-medium:1.92%;--awb-width-small:100%;--awb-order-small:0;--awb-spacing-right-small:1.92%;--awb-spacing-left-small:1.92%;\"><div class=\"fusion-column-wrapper fusion-column-has-shadow fusion-flex-justify-content-flex-start fusion-content-layout-column\"><div class=\"fusion-title title fusion-title-1 fusion-sep-none fusion-title-text fusion-title-size-three\" style=\"--awb-font-size:32px;\"><h3 class=\"fusion-title-heading title-heading-left fusion-responsive-typography-calculated\" style=\"margin:0;font-size:1em;--fontSize:32;line-height:1.2;\">Produktdata<\/h3><\/div><\/div><\/div><\/div><\/div><div class=\"fusion-fullwidth fullwidth-box fusion-builder-row-2 fusion-flex-container has-pattern-background has-mask-background nonhundred-percent-fullwidth non-hundred-percent-height-scrolling\" style=\"--awb-border-radius-top-left:0px;--awb-border-radius-top-right:0px;--awb-border-radius-bottom-right:0px;--awb-border-radius-bottom-left:0px;--awb-padding-top:4px;--awb-padding-right:6px;--awb-padding-left:6px;--awb-margin-bottom:30px;--awb-flex-wrap:wrap;\" ><div class=\"fusion-builder-row fusion-row fusion-flex-align-items-flex-start fusion-flex-content-wrap\" style=\"max-width:1597.44px;margin-left: calc(-4% \/ 2 );margin-right: calc(-4% \/ 2 );\"><div class=\"fusion-layout-column fusion_builder_column fusion-builder-column-1 fusion_builder_column_1_1 1_1 fusion-flex-column\" style=\"--awb-bg-size:cover;--awb-width-large:100%;--awb-margin-top-large:0px;--awb-spacing-right-large:1.92%;--awb-margin-bottom-large:20px;--awb-spacing-left-large:1.92%;--awb-width-medium:100%;--awb-order-medium:0;--awb-spacing-right-medium:1.92%;--awb-spacing-left-medium:1.92%;--awb-width-small:100%;--awb-order-small:0;--awb-spacing-right-small:1.92%;--awb-spacing-left-small:1.92%;\"><div class=\"fusion-column-wrapper fusion-column-has-shadow fusion-flex-justify-content-flex-start fusion-content-layout-column\"><div class=\"fusion-text fusion-text-1 awb-text-cols fusion-text-columns-2\" style=\"--awb-columns:2;--awb-column-spacing:2em;--awb-column-min-width:100px;\"><p><strong>Material<br \/>\n<\/strong>Stomme av plywood med laminatyta. Spegelglas av polykarbonat.<\/p>\n<p><strong>Montering<br \/>\n<\/strong>Spegeln levereras monterad.<br \/>\nSpegeln monteras med s\u00e4kerhetsskruv. Tillse att spegeln monteras p\u00e5 en plan v\u00e4ggyta s\u00e5 att springor mellan spegel och v\u00e4gg undviks.<br \/>\nVi erbjuder installation\/montering av fast inredning. Meddela i samband med er f\u00f6rfr\u00e5gan s\u00e5 hj\u00e4lper vi till att ta fram offert f\u00f6r denna tj\u00e4nst. Vanligast n\u00e4r det \u00e4r ett st\u00f6rre projekt. N\u00e4r ni v\u00e4ljer att anv\u00e4nda tj\u00e4nsten installation\/montering via oss s\u00e5 tar vi ansvar f\u00f6r produktgarantin g\u00e4llande att korrekt montering \u00e4r genomf\u00f6rd. V\u00e4ljer ni att sj\u00e4lva eller via annan part montera\/installera v\u00e5r fasta inredning \u00e4r det viktigt att ni f\u00f6ljer monteringsanvisningen och att montage blir korrekt utf\u00f6rt. Produktgarantin g\u00e4ller inte om produkterna inte \u00e4r installerade p\u00e5 korrekt vis enligt anvisningar.<\/p>\n<p><strong>Underh\u00e5ll<br \/>\n<\/strong>Ramens yta reng\u00f6rs med ett milt, flytande reng\u00f6ringsmedel och en mjuk, ren duk i roterande r\u00f6relser. Sk\u00f6lj med rent vatten och torka torrt med en mjuk trasa. Vid mer ingrodd smuts kan en mjuk nylonborste anv\u00e4ndas p\u00e5 samma s\u00e4tt. Alkoholbaserade desinfektionsmedel kan anv\u00e4ndas p\u00e5 laminatytor vid behov. Anv\u00e4nd aldrig slipande reng\u00f6ringsmedel eller grova redskap som skursvampar, eftersom de kan repa och skada ytan. Kontrollera regelbundet att alla synliga skruvar \u00e4r \u00e5tdragna och att inga glipor har uppst\u00e5tt.<\/p>\n<p>Spegelglaset \u00e4r med sin nanobehandlade yta resistent mot kemikalier och de flesta syraattacker. Graffiti eller nedsmutsning kan tas bort med l\u00f6sningsmedel eller klotterborttagningsmedel. Reng\u00f6r med ren och mjuk duk med ett milt flytande reng\u00f6ringsmedel. Anv\u00e4nd ej kemikalier med slipmedel eller svampar med str\u00e4va ytor.<\/p>\n<p><strong>Tekniska data<br \/>\n<\/strong>HSI864: Storlek H 600 mm, B 380 mm, D 24 mm.<br \/>\nHSI865: Storlek H 1160 mm, B 380 mm, D 24 mm.<\/p>\n<p><strong>F\u00e4rger<\/strong><br \/>\nProdukten erbjuds med laminat i ask eller valn\u00f6t, men kan \u00e4ven best\u00e4llas med andra laminat enligt \u00f6nskem\u00e5l<\/p>\n<p><strong>H\u00e5llbarhet<br \/>\n<\/strong>Produkten \u00e4r tillverkad av plywood, ett starkt och t\u00e5ligt material som ger l\u00e5ng livsl\u00e4ngd. Ytan i laminat \u00e4r rept\u00e5lig, l\u00e4tt att reng\u00f6ra och beh\u00e5ller sitt utseende \u00f6ver tid \u2013 vilket g\u00f6r den till ett h\u00e5llbart och praktiskt val f\u00f6r kr\u00e4vande milj\u00f6er.<br \/>\nSpegelglaset \u00e4r utbytbart och nytt kan best\u00e4llas via Healsafe Interi\u00f6r.<br \/>\nRam i plywood \u00e5tervinns som tr\u00e4.<br \/>\nSpegelglaset \u00e5tervinns som h\u00e5rdplast.<\/p>\n<p><strong>Leverans<br \/>\n<\/strong>Leveranstid \u00e4r 8-12 veckor. Observera att of\u00f6rutsedda h\u00e4ndelser kan p\u00e5verka leveransen.<br \/>\nVid intresse, v\u00e4nligen kontakta oss p\u00e5 <a href=\"mailto:info@healsafeinterior.com\">info@healsafeinterior.com<\/a>.<\/p>\n<p><strong>Garanti<\/strong><br \/>\nGarantitiden f\u00f6r v\u00e5ra produkter tillverkade av laminerad plywood med ytbehandlade kanter \u00e4r 2 \u00e5r fr\u00e5n leveransdatum. Under denna period t\u00e4cker garantin eventuella tillverkningsfel, materialdefekter och brister i ytbehandlingen. Garantin t\u00e4cker \u00e4ven fel i montageprocessen p\u00e5 plats i de fall d\u00e4r Healsafe Interi\u00f6rs anlitade\/egna installat\u00f6rer har monterat produkterna.<\/p>\n<p>Garantin t\u00e4cker f\u00f6ljande omr\u00e5den:<br \/>\nTillverkningsfel: Eventuella defekter som uppst\u00e5r p\u00e5 grund av felaktig tillverkning eller materialfel.<br \/>\nDelamination: Om lamineringslagren separerar p\u00e5 grund av felaktigt lim eller process.<br \/>\nYtbehandling: Brister s\u00e5som avflagning, fl\u00e4ckar eller f\u00f6rs\u00e4mringar i utseendet p\u00e5 grund av fel i ytbehandlingen.<\/p>\n<p><strong>Tillverkning\/produktion<\/strong><br \/>\nSverige<\/p>\n<\/div><\/div><\/div><\/div><\/div><\/p>\n","protected":false},"excerpt":{"rendered":"<p>Den suicidpreventiva spegeln Aram ing\u00e5r i en inredningsserie utvecklad f\u00f6r milj\u00f6er med h\u00f6ga s\u00e4kerhetskrav. Serien erbjuder l\u00f6sningar f\u00f6r s\u00f6mn, studier och f\u00f6rvaring, anpassningsbara efter verksamhetens behov. Spegeln f\u00f6renar h\u00f6g s\u00e4kerhet och funktion med ett attraktivt, utseende.<\/p>\n<ul>\n<li>Okrossbar och rept\u00e5lig spegel i polykarbonat med minimal bildf\u00f6rvr\u00e4ngning<\/li>\n<li>Ram med fasade kanter och t\u00e4t v\u00e4gganslutning som minskar risken f\u00f6r f\u00e4stpunkter<\/li>\n<li>Utbytbart spegelglas f\u00f6r enkel service och l\u00e5ng livsl\u00e4ngd<\/li>\n<\/ul>\n<p>Aram spegel \u00e4r s\u00e4rskilt l\u00e4mpad f\u00f6r ungdomsv\u00e5rd, behandlingshem och kriminalv\u00e5rd, men passar \u00e4ven i andra verksamheter med h\u00f6ga s\u00e4kerhetskrav.<\/p>\n<p>Spegeln \u00e4r tillverkad av rept\u00e5lig, okrossbar polykarbonat och ger en klar och naturlig spegelbild. God bild\u00e5tergivning \u00e4r viktig f\u00f6r brukarens sj\u00e4lvk\u00e4nsla och v\u00e4lbefinnande genom att ge en tydlig och tillf\u00f6rlitlig spegelbild utan f\u00f6rvr\u00e4ngning \u2013 n\u00e5got som kan vara s\u00e4rskilt betydelsefullt i milj\u00f6er med s\u00e4rskilda krav.<\/p>\n<p>Ramen \u00e4r tillverkad i t\u00e5lig plywood med en rept\u00e5lig yta i laminat som \u00e4r l\u00e4tt att reng\u00f6ra och h\u00e5ller sig fin \u00f6ver tid. De fasade kanterna och den t\u00e4ta passformen mot v\u00e4ggen minimerar risken f\u00f6r att f\u00e4sta en snara och bidrar till en s\u00e4ker milj\u00f6. Spegelglaset \u00e4r utbytbart f\u00f6r enkel service och l\u00e5ng livsl\u00e4ngd.<\/p>\n<p>Finns i tv\u00e5 storlekar: 600 mm respektive 1160 mm h\u00f6jd, b\u00e5da 380 mm breda.<\/p>\n<p>Namnet Aram kommer fr\u00e5n persiskans ord f\u00f6r lugn och k\u00e4nnetecknas av ett tydligt geometriskt formspr\u00e5k \u2013 i kontrast till syskonserien Roya som har mjukare, mer harmoniska linjer.<\/p>\n<p>Designen \u00e4r omsorgsfull och estetiskt tilltalande f\u00f6r att skapa trygga milj\u00f6er, utan att tydligt framh\u00e4va s\u00e4kerhetsfunktionerna.<\/p>\n<p>Sortimentet av v\u00e4lbekanta inredningsdetaljer som kroklister och speglar finns nu ocks\u00e5 tillg\u00e4ngligt i serierna Aram och Roya. Dessa kompletterar den fasta inredningen och g\u00f6r det enklare att skapa trygga, funktionella och estetiskt tilltalande rum d\u00e4r brukare och personal kan vistas s\u00e4kert.<\/p>\n<p>Design: Healsafe Interi\u00f6r<\/p>\n<p>L\u00e4mplig f\u00f6r placering i patientrum eller gemensamhetsytor.<\/p>\n","protected":false},"featured_media":18444,"template":"","meta":[],"product_brand":[],"product_cat":[644,596],"product_tag":[],"class_list":{"0":"post-18353","1":"product","2":"type-product","3":"status-publish","4":"has-post-thumbnail","6":"product_cat-fast-mobelinredning","7":"product_cat-speglar","9":"first","10":"instock","11":"shipping-taxable","12":"purchasable","13":"product-type-variable"},"_links":{"self":[{"href":"https:\/\/healsafeinterior.com\/sv\/wp-json\/wp\/v2\/product\/18353","targetHints":{"allow":["GET"]}}],"collection":[{"href":"https:\/\/healsafeinterior.com\/sv\/wp-json\/wp\/v2\/product"}],"about":[{"href":"https:\/\/healsafeinterior.com\/sv\/wp-json\/wp\/v2\/types\/product"}],"wp:featuredmedia":[{"embeddable":true,"href":"https:\/\/healsafeinterior.com\/sv\/wp-json\/wp\/v2\/media\/18444"}],"wp:attachment":[{"href":"https:\/\/healsafeinterior.com\/sv\/wp-json\/wp\/v2\/media?parent=18353"}],"wp:term":[{"taxonomy":"product_brand","embeddable":true,"href":"https:\/\/healsafeinterior.com\/sv\/wp-json\/wp\/v2\/product_brand?post=18353"},{"taxonomy":"product_cat","embeddable":true,"href":"https:\/\/healsafeinterior.com\/sv\/wp-json\/wp\/v2\/product_cat?post=18353"},{"taxonomy":"product_tag","embeddable":true,"href":"https:\/\/healsafeinterior.com\/sv\/wp-json\/wp\/v2\/product_tag?post=18353"}],"curies":[{"name":"wp","href":"https:\/\/api.w.org\/{rel}","templated":true}]}}