{"id":18222,"date":"2025-08-13T11:15:51","date_gmt":"2025-08-13T09:15:51","guid":{"rendered":"https:\/\/healsafeinterior.com\/?post_type=product&#038;p=18222"},"modified":"2025-08-13T13:14:15","modified_gmt":"2025-08-13T11:14:15","slug":"roya-vagghylla","status":"publish","type":"product","link":"https:\/\/healsafeinterior.com\/sv\/produkt\/roya-vagghylla\/","title":{"rendered":"Roya v\u00e4gghylla"},"content":{"rendered":"<p><div class=\"fusion-fullwidth fullwidth-box fusion-builder-row-1 fusion-flex-container has-pattern-background has-mask-background hundred-percent-fullwidth non-hundred-percent-height-scrolling\" style=\"--awb-border-radius-top-left:0px;--awb-border-radius-top-right:0px;--awb-border-radius-bottom-right:0px;--awb-border-radius-bottom-left:0px;--awb-padding-top:4px;--awb-padding-right:6px;--awb-padding-bottom:0px;--awb-padding-left:6px;--awb-flex-wrap:wrap;\" ><div class=\"fusion-builder-row fusion-row fusion-flex-align-items-center fusion-flex-content-wrap\" style=\"width:104% !important;max-width:104% !important;margin-left: calc(-4% \/ 2 );margin-right: calc(-4% \/ 2 );\"><div class=\"fusion-layout-column fusion_builder_column fusion-builder-column-0 fusion_builder_column_1_1 1_1 fusion-flex-column\" style=\"--awb-bg-size:cover;--awb-width-large:100%;--awb-margin-top-large:0px;--awb-spacing-right-large:1.92%;--awb-margin-bottom-large:20px;--awb-spacing-left-large:1.92%;--awb-width-medium:100%;--awb-order-medium:0;--awb-spacing-right-medium:1.92%;--awb-spacing-left-medium:1.92%;--awb-width-small:100%;--awb-order-small:0;--awb-spacing-right-small:1.92%;--awb-spacing-left-small:1.92%;\"><div class=\"fusion-column-wrapper fusion-column-has-shadow fusion-flex-justify-content-flex-start fusion-content-layout-column\"><div class=\"fusion-title title fusion-title-1 fusion-sep-none fusion-title-text fusion-title-size-three\" style=\"--awb-font-size:32px;\"><h3 class=\"fusion-title-heading title-heading-left fusion-responsive-typography-calculated\" style=\"margin:0;font-size:1em;--fontSize:32;line-height:1.2;\">Produktdata<\/h3><\/div><\/div><\/div><\/div><\/div><div class=\"fusion-fullwidth fullwidth-box fusion-builder-row-2 fusion-flex-container has-pattern-background has-mask-background nonhundred-percent-fullwidth non-hundred-percent-height-scrolling\" style=\"--awb-border-radius-top-left:0px;--awb-border-radius-top-right:0px;--awb-border-radius-bottom-right:0px;--awb-border-radius-bottom-left:0px;--awb-padding-top:4px;--awb-padding-right:6px;--awb-padding-left:6px;--awb-margin-bottom:30px;--awb-flex-wrap:wrap;\" ><div class=\"fusion-builder-row fusion-row fusion-flex-align-items-flex-start fusion-flex-content-wrap\" style=\"max-width:1597.44px;margin-left: calc(-4% \/ 2 );margin-right: calc(-4% \/ 2 );\"><div class=\"fusion-layout-column fusion_builder_column fusion-builder-column-1 fusion_builder_column_1_1 1_1 fusion-flex-column\" style=\"--awb-bg-size:cover;--awb-width-large:100%;--awb-margin-top-large:0px;--awb-spacing-right-large:1.92%;--awb-margin-bottom-large:20px;--awb-spacing-left-large:1.92%;--awb-width-medium:100%;--awb-order-medium:0;--awb-spacing-right-medium:1.92%;--awb-spacing-left-medium:1.92%;--awb-width-small:100%;--awb-order-small:0;--awb-spacing-right-small:1.92%;--awb-spacing-left-small:1.92%;\"><div class=\"fusion-column-wrapper fusion-column-has-shadow fusion-flex-justify-content-flex-start fusion-content-layout-column\"><div class=\"fusion-text fusion-text-1 awb-text-cols fusion-text-columns-2\" style=\"--awb-columns:2;--awb-column-spacing:2em;--awb-column-min-width:100px;\"><p><strong>Material<br \/>\n<\/strong>Stomme av plywood med laminatyta.<\/p>\n<p><strong>Montering<br \/>\n<\/strong>V\u00e4gghyllan levereras monterad.<br \/>\nMonteras med s\u00e4kerhetsskruv.<br \/>\nVi erbjuder installation\/montering av fast inredning. Meddela i samband med er f\u00f6rfr\u00e5gan s\u00e5 hj\u00e4lper vi till att ta fram offert f\u00f6r denna tj\u00e4nst. Vanligast n\u00e4r det \u00e4r ett st\u00f6rre projekt. N\u00e4r ni v\u00e4ljer att anv\u00e4nda tj\u00e4nsten installation\/montering via oss s\u00e5 tar vi ansvar f\u00f6r produktgarantin g\u00e4llande att korrekt montering \u00e4r genomf\u00f6rd. V\u00e4ljer ni att sj\u00e4lva eller via annan part montera\/installera v\u00e5r fasta inredning \u00e4r det viktigt att ni f\u00f6ljer monteringsanvisningen och att montage blir korrekt utf\u00f6rt. Produktgarantin g\u00e4ller inte om produkterna inte \u00e4r installerade p\u00e5 korrekt vis enligt anvisningar.<\/p>\n<p><strong>Underh\u00e5ll<br \/>\n<\/strong>Reng\u00f6r ytan med ett milt, flytande reng\u00f6ringsmedel och en mjuk, ren duk i roterande r\u00f6relser. Sk\u00f6lj med rent vatten och torka torrt med en mjuk trasa. Vid mer ingrodd smuts kan en mjuk nylonborste anv\u00e4ndas p\u00e5 samma s\u00e4tt. Alkoholbaserade desinfektionsmedel kan anv\u00e4ndas p\u00e5 laminatytor vid behov. Anv\u00e4nd aldrig slipande reng\u00f6ringsmedel eller grova redskap som skursvampar, eftersom de kan repa och skada ytan. Kontrollera regelbundet att alla synliga skruvar \u00e4r \u00e5tdragna och att inga glipor har uppst\u00e5tt.<\/p>\n<p><strong>Tekniska data<\/strong><br \/>\nHSI802: Storlek H 360 mm, B 600 mm, D 200 mm.<\/p>\n<p><strong>F\u00e4rger<br \/>\n<\/strong>Produkten erbjuds med laminat i ask eller valn\u00f6t, men kan \u00e4ven best\u00e4llas med andra laminat enligt \u00f6nskem\u00e5l<\/p>\n<p><strong>H\u00e5llbarhet<br \/>\n<\/strong>Produkten \u00e4r tillverkad av plywood, ett starkt och t\u00e5ligt material som ger l\u00e5ng livsl\u00e4ngd. Ytan i laminat \u00e4r rept\u00e5lig, l\u00e4tt att reng\u00f6ra och beh\u00e5ller sitt utseende \u00f6ver tid \u2013 vilket g\u00f6r den till ett h\u00e5llbart och praktiskt val f\u00f6r kr\u00e4vande milj\u00f6er.<br \/>\nPlywood \u00e5tervinns som tr\u00e4.<\/p>\n<p><strong>Leverans<br \/>\n<\/strong>Inredningen skr\u00e4ddarsys f\u00f6r verksamheten i en n\u00e4ra och gemensam process tillsammans med Healsafe Interi\u00f6r. M\u00f6blerna kan anpassas efter befintliga milj\u00f6er, och det finns m\u00f6jlighet att v\u00e4lja mellan flera olika laminat. Visualisering av m\u00f6blerna utifr\u00e5n era m\u00e5tt erbjuds som tillval.<br \/>\nLeveranstid \u00e4r 8-12 veckor efter slutgiltig order. Observera att of\u00f6rutsedda h\u00e4ndelser kan p\u00e5verka leveransen.<br \/>\nVid intresse, v\u00e4nligen kontakta oss p\u00e5 <a href=\"mailto:info@healsafeinterior.com\">info@healsafeinterior.com<\/a>.<\/p>\n<p><strong>Garanti<br \/>\n<\/strong>Garantitiden f\u00f6r v\u00e5ra produkter tillverkade av laminerad plywood med ytbehandlade kanter \u00e4r 2 \u00e5r fr\u00e5n leveransdatum. Under denna period t\u00e4cker garantin eventuella tillverkningsfel, materialdefekter och brister i ytbehandlingen. Garantin t\u00e4cker \u00e4ven fel i montageprocessen p\u00e5 plats i de fall d\u00e4r Healsafe Interi\u00f6rs anlitade\/egna installat\u00f6rer har monterat produkterna.<\/p>\n<p>Garantin t\u00e4cker f\u00f6ljande omr\u00e5den:<br \/>\nTillverkningsfel: Eventuella defekter som uppst\u00e5r p\u00e5 grund av felaktig tillverkning eller materialfel.<br \/>\nDelamination: Om lamineringslagren separerar p\u00e5 grund av felaktigt lim eller process.<br \/>\nYtbehandling: Brister s\u00e5som avflagning, fl\u00e4ckar eller f\u00f6rs\u00e4mringar i utseendet p\u00e5 grund av fel i ytbehandlingen.<\/p>\n<p><strong>Tillverkning\/produktion<br \/>\n<\/strong>Sverige.<\/p>\n<\/div><\/div><\/div><\/div><\/div><\/p>\n","protected":false},"excerpt":{"rendered":"<p>Roya s\u00e4ngbord ing\u00e5r i en m\u00f6belserie utvecklad f\u00f6r milj\u00f6er med h\u00f6ga s\u00e4kerhetskrav. Serien erbjuder l\u00f6sningar f\u00f6r s\u00f6mn, studier och f\u00f6rvaring, anpassningsbara efter verksamhetens behov.<\/p>\n<p>S\u00e4ngbordet \u00e4r skr\u00e4ddarsytt f\u00f6r Roya s\u00e4ng och f\u00f6ljer samma formspr\u00e5k och placering.<\/p>\n<p>Det finns med eller utan f\u00f6rvaringsfack och \u00e4r anpassat f\u00f6r olika behov och h\u00f6rnplaceringar.<\/p>\n<p>Den robusta konstruktionen med fast montering minimerar risker och ger l\u00e5ng livsl\u00e4ngd.<\/p>\n<p>Roya s\u00e4ngbord \u00e4r s\u00e4rskilt l\u00e4mpade f\u00f6r ungdomsv\u00e5rd, behandlingshem och kriminalv\u00e5rd.<\/p>\n<p>Ett mindre s\u00e4ngbord, att liknas vid en kub, som tar minimal plats men \u00e4nd\u00e5 erbjuder funktionell f\u00f6rvaring och en liten avst\u00e4llningsyta. (Ett st\u00f6rre nattduksbord finns i samma serie f\u00f6r den som \u00f6nskar.)<\/p>\n<p>S\u00e4ngbordet finns i tv\u00e5 spegelv\u00e4nda varianter \u2013 med eller utan f\u00f6rvaringsfack \u2013 anpassade f\u00f6r h\u00f6rnplacering till h\u00f6ger eller v\u00e4nster sett fr\u00e5n fot\u00e4nden. Designen \u00e4r en naturlig f\u00f6rl\u00e4ngning av s\u00e4ngen och bidrar till en enhetlig inredning.<\/p>\n<p>Den robusta konstruktionen med fast montering minimerar risker och ger l\u00e5ng livsl\u00e4ngd. M\u00f6beln \u00e4r tillverkad i plywood med slitstark laminatyta som \u00e4r rept\u00e5lig och l\u00e4tt att reng\u00f6ra. De fr\u00e4sta kanterna har stora radier f\u00f6r att minska skaderisk vid fall. Konstruktionen bygger p\u00e5 traditionell tappning och limning, vilket ger h\u00f6g h\u00e5llfasthet utan synliga beslag eller l\u00f6sa delar \u2013 en viktig aspekt i milj\u00f6er med s\u00e4rskilda s\u00e4kerhetskrav.<\/p>\n<p>Namnet Roya kommer fr\u00e5n det persiska ordet f\u00f6r dr\u00f6m och s\u00f6mn \u2013 n\u00e5got som \u00e5terspeglas i m\u00f6belns mjuka och harmoniska linjer. Syskonserien Aram har ett mer geometriskt formspr\u00e5k.<\/p>\n<p>Design: Healsafe Interi\u00f6r<\/p>\n<p>L\u00e4mplig f\u00f6r placering i patientrum.<\/p>\n","protected":false},"featured_media":18279,"template":"","meta":[],"product_brand":[],"product_cat":[630,644,623,624],"product_tag":[],"class_list":{"0":"post-18222","1":"product","2":"type-product","3":"status-publish","4":"has-post-thumbnail","6":"product_cat-byraer-hyllor","7":"product_cat-fast-mobelinredning","8":"product_cat-patientrum","9":"product_cat-sakerhetsmobler","11":"first","12":"instock","13":"shipping-taxable","14":"purchasable","15":"product-type-simple"},"_links":{"self":[{"href":"https:\/\/healsafeinterior.com\/sv\/wp-json\/wp\/v2\/product\/18222","targetHints":{"allow":["GET"]}}],"collection":[{"href":"https:\/\/healsafeinterior.com\/sv\/wp-json\/wp\/v2\/product"}],"about":[{"href":"https:\/\/healsafeinterior.com\/sv\/wp-json\/wp\/v2\/types\/product"}],"wp:featuredmedia":[{"embeddable":true,"href":"https:\/\/healsafeinterior.com\/sv\/wp-json\/wp\/v2\/media\/18279"}],"wp:attachment":[{"href":"https:\/\/healsafeinterior.com\/sv\/wp-json\/wp\/v2\/media?parent=18222"}],"wp:term":[{"taxonomy":"product_brand","embeddable":true,"href":"https:\/\/healsafeinterior.com\/sv\/wp-json\/wp\/v2\/product_brand?post=18222"},{"taxonomy":"product_cat","embeddable":true,"href":"https:\/\/healsafeinterior.com\/sv\/wp-json\/wp\/v2\/product_cat?post=18222"},{"taxonomy":"product_tag","embeddable":true,"href":"https:\/\/healsafeinterior.com\/sv\/wp-json\/wp\/v2\/product_tag?post=18222"}],"curies":[{"name":"wp","href":"https:\/\/api.w.org\/{rel}","templated":true}]}}