{"id":18142,"date":"2025-07-30T11:02:29","date_gmt":"2025-07-30T09:02:29","guid":{"rendered":"https:\/\/healsafeinterior.com\/?post_type=product&#038;p=18142"},"modified":"2025-08-21T13:22:48","modified_gmt":"2025-08-21T11:22:48","slug":"roya-kroklist-med-krokar-max5-eller-max10","status":"publish","type":"product","link":"https:\/\/healsafeinterior.com\/sv\/produkt\/roya-kroklist-med-krokar-max5-eller-max10\/","title":{"rendered":"Roya kroklist med krokar Max5 eller Max10"},"content":{"rendered":"<p><div class=\"fusion-fullwidth fullwidth-box fusion-builder-row-1 fusion-flex-container has-pattern-background has-mask-background nonhundred-percent-fullwidth non-hundred-percent-height-scrolling\" style=\"--awb-border-radius-top-left:0px;--awb-border-radius-top-right:0px;--awb-border-radius-bottom-right:0px;--awb-border-radius-bottom-left:0px;--awb-padding-top:4px;--awb-padding-right:6px;--awb-padding-left:6px;--awb-flex-wrap:wrap;\" ><div class=\"fusion-builder-row fusion-row fusion-flex-align-items-flex-start fusion-flex-content-wrap\" style=\"max-width:1597.44px;margin-left: calc(-4% \/ 2 );margin-right: calc(-4% \/ 2 );\"><div class=\"fusion-layout-column fusion_builder_column fusion-builder-column-0 fusion_builder_column_1_1 1_1 fusion-flex-column\" style=\"--awb-bg-size:cover;--awb-width-large:100%;--awb-margin-top-large:0px;--awb-spacing-right-large:1.92%;--awb-margin-bottom-large:20px;--awb-spacing-left-large:1.92%;--awb-width-medium:100%;--awb-order-medium:0;--awb-spacing-right-medium:1.92%;--awb-spacing-left-medium:1.92%;--awb-width-small:100%;--awb-order-small:0;--awb-spacing-right-small:1.92%;--awb-spacing-left-small:1.92%;\"><div class=\"fusion-column-wrapper fusion-column-has-shadow fusion-flex-justify-content-flex-start fusion-content-layout-column\"><div class=\"fusion-title title fusion-title-1 fusion-sep-none fusion-title-text fusion-title-size-three\" style=\"--awb-font-size:32px;\"><h3 class=\"fusion-title-heading title-heading-left fusion-responsive-typography-calculated\" style=\"margin:0;font-size:1em;--fontSize:32;line-height:1.2;\">Produktdata<\/h3><\/div><\/div><\/div><\/div><\/div><div class=\"fusion-fullwidth fullwidth-box fusion-builder-row-2 fusion-flex-container has-pattern-background has-mask-background nonhundred-percent-fullwidth non-hundred-percent-height-scrolling\" style=\"--awb-border-radius-top-left:0px;--awb-border-radius-top-right:0px;--awb-border-radius-bottom-right:0px;--awb-border-radius-bottom-left:0px;--awb-padding-top:4px;--awb-padding-right:6px;--awb-padding-left:6px;--awb-margin-bottom:30px;--awb-flex-wrap:wrap;\" ><div class=\"fusion-builder-row fusion-row fusion-flex-align-items-flex-start fusion-flex-content-wrap\" style=\"max-width:1597.44px;margin-left: calc(-4% \/ 2 );margin-right: calc(-4% \/ 2 );\"><div class=\"fusion-layout-column fusion_builder_column fusion-builder-column-1 fusion_builder_column_1_1 1_1 fusion-flex-column\" style=\"--awb-bg-size:cover;--awb-width-large:100%;--awb-margin-top-large:0px;--awb-spacing-right-large:1.92%;--awb-margin-bottom-large:20px;--awb-spacing-left-large:1.92%;--awb-width-medium:100%;--awb-order-medium:0;--awb-spacing-right-medium:1.92%;--awb-spacing-left-medium:1.92%;--awb-width-small:100%;--awb-order-small:0;--awb-spacing-right-small:1.92%;--awb-spacing-left-small:1.92%;\"><div class=\"fusion-column-wrapper fusion-column-has-shadow fusion-flex-justify-content-flex-start fusion-content-layout-column\"><div class=\"fusion-text fusion-text-1 awb-text-cols fusion-text-columns-2\" style=\"--awb-columns:2;--awb-column-spacing:2em;--awb-column-min-width:100px;\"><p><strong>Material<br \/>\n<\/strong>Kroklist av plywood med laminatyta.<br \/>\nKrok av PC\/ABS (k\u00e4rna) och TPU (yttre del).<\/p>\n<p><strong>Montering<br \/>\n<\/strong>Kroklisten levereras monterad.<\/p>\n<p>Kroklisten monteras med s\u00e4kerhetsskruv. S\u00e4kerst\u00e4ll att den monteras p\u00e5 en plan v\u00e4ggyta f\u00f6r att undvika springor mellan kroklist och v\u00e4gg.<\/p>\n<p>Vi erbjuder installation\/montering av fast inredning. Meddela i samband med er f\u00f6rfr\u00e5gan s\u00e5 hj\u00e4lper vi till att ta fram offert f\u00f6r denna tj\u00e4nst. Vanligast n\u00e4r det \u00e4r ett st\u00f6rre projekt. N\u00e4r ni v\u00e4ljer att anv\u00e4nda tj\u00e4nsten installation\/montering via oss s\u00e5 tar vi ansvar f\u00f6r produktgarantin g\u00e4llande att korrekt montering \u00e4r genomf\u00f6rd. V\u00e4ljer ni att sj\u00e4lva eller via annan part montera\/installera v\u00e5r fasta inredning \u00e4r det viktigt att ni f\u00f6ljer monteringsanvisningen och att montage blir korrekt utf\u00f6rt. Produktgarantin g\u00e4ller inte om produkterna inte \u00e4r installerade p\u00e5 korrekt vis enligt anvisningar.<\/p>\n<p><strong>Underh\u00e5ll<br \/>\n<\/strong>Listens yta reng\u00f6rs med ett milt, flytande reng\u00f6ringsmedel och en mjuk, ren duk i roterande r\u00f6relser. Sk\u00f6lj med rent vatten och torka torrt med en mjuk trasa. Vid mer ingrodd smuts kan en mjuk nylonborste anv\u00e4ndas p\u00e5 samma s\u00e4tt. Alkoholbaserade desinfektionsmedel kan anv\u00e4ndas p\u00e5 laminatytor vid behov. Anv\u00e4nd aldrig slipande reng\u00f6ringsmedel eller grova redskap som skursvampar, eftersom de kan repa och skada ytan. Kontrollera regelbundet att alla synliga skruvar \u00e4r \u00e5tdragna och att inga glipor har uppst\u00e5tt.<\/p>\n<p>Kroken kan reng\u00f6ras med en ren och mjuk duk med milt flytande reng\u00f6ringsmedel. Vid behov kan kroken desinficeras med alkoholbaserade desinfektionsmedel. Anv\u00e4nd ej kemikalier med slipmedel eller svampar med str\u00e4va ytor.<\/p>\n<p><strong>Tekniska data<br \/>\n<\/strong>HSI816: Storlek H 90 mm, B 310 mm, D 60 mm.<br \/>\nHSI817: Storlek H 90 mm, B 520 mm, D 60 mm.<br \/>\nHSI818: Storlek H 90 mm, B 730 mm, D 60 mm.<br \/>\nHSI819: Storlek H 90 mm, B 930 mm, D 60 mm.<br \/>\nHSI820: Storlek H 90 mm, B 310 mm, D 60 mm.<br \/>\nHSI821: Storlek H 90 mm, B 520 mm, D 60 mm.<br \/>\nHSI822: Storlek H 90 mm, B 730 mm, D 60 mm.<br \/>\nHSI823: Storlek H 90 mm, B 930 mm, D 60 mm.<\/p>\n<p><strong>F\u00e4rger<br \/>\n<\/strong>Produkten erbjuds med laminat i ask eller valn\u00f6t, men kan \u00e4ven best\u00e4llas med andra laminat enligt \u00f6nskem\u00e5l.<\/p>\n<p>Kroklisten levereras med <a href=\"https:\/\/healsafeinterior.com\/sv\/produkt\/krok-max5-suicidpreventiv\/\">krok Max5 <\/a>eller <a href=\"https:\/\/healsafeinterior.com\/sv\/produkt\/krok-max10-suicidpreventiv\/\">Max 10<\/a> i vitt som standard. Andra f\u00e4rger &#8211; magenta, svart, vit och gr\u00e5 &#8211; finns som tillval.<\/p>\n<p><strong>H\u00e5llbarhet<br \/>\n<\/strong>Produkten \u00e4r tillverkad av plywood, ett starkt och t\u00e5ligt material som ger l\u00e5ng livsl\u00e4ngd. Ytan i laminat \u00e4r rept\u00e5lig, l\u00e4tt att reng\u00f6ra och beh\u00e5ller sitt utseende \u00f6ver tid \u2013 vilket g\u00f6r den till ett h\u00e5llbart och praktiskt val f\u00f6r kr\u00e4vande milj\u00f6er.<\/p>\n<p>Max5: Kroken utl\u00f6ses vid belastningar upp till 5 kg med hj\u00e4lp av sn\u00f6re (\u00d8 1 mm), skosn\u00f6re (8 x 1 mm) eller ett rep gjort av lakantyg.<\/p>\n<p>Max10: Kroken utl\u00f6ses vid belastningar upp till 10 kg med hj\u00e4lp av sn\u00f6re (\u00d8 1 mm), skosn\u00f6re (8 x 1 mm) eller ett rep gjort av lakantyg.<\/p>\n<p>List av plywood \u00e5tervinns som tr\u00e4. Krokar \u00e5tervinns som plast.<\/p>\n<p><strong>Leverans<br \/>\n<\/strong>Leveranstid \u00e4r 8-12 veckor. Observera att of\u00f6rutsedda h\u00e4ndelser kan p\u00e5verka leveransen.<\/p>\n<p>Vid intresse, v\u00e4nligen kontakta oss p\u00e5 info@healsafeinterior.com.<\/p>\n<p><strong>Garanti<br \/>\n<\/strong>Garantitiden f\u00f6r v\u00e5ra produkter tillverkade av laminerad plywood med ytbehandlade kanter \u00e4r 2 \u00e5r fr\u00e5n leveransdatum. Under denna period t\u00e4cker garantin eventuella tillverkningsfel, materialdefekter och brister i ytbehandlingen. Garantin t\u00e4cker \u00e4ven fel i montageprocessen p\u00e5 plats i de fall d\u00e4r Healsafe Interi\u00f6rs anlitade\/egna installat\u00f6rer har monterat produkterna.<br \/>\nGarantitid f\u00f6r krokarna \u00e4r 5 \u00e5r.<\/p>\n<p>Garantin t\u00e4cker f\u00f6ljande omr\u00e5den:<\/p>\n<p>Tillverkningsfel: Eventuella defekter som uppst\u00e5r p\u00e5 grund av felaktig tillverkning eller materialfel.<\/p>\n<p>Delamination: Om lamineringslagren separerar p\u00e5 grund av felaktigt lim eller process.<\/p>\n<p>Ytbehandling: Brister s\u00e5som avflagning, fl\u00e4ckar eller f\u00f6rs\u00e4mringar i utseendet p\u00e5 grund av fel i ytbehandlingen.<\/p>\n<p><strong>Tillverkning\/produktion<br \/>\n<\/strong>Sverige.<\/p>\n<\/div><\/div><\/div><\/div><\/div><\/p>\n","protected":false},"excerpt":{"rendered":"<p>Den suicidpreventiva Roya kroklist ing\u00e5r i en inredningsserie utvecklad f\u00f6r milj\u00f6er med h\u00f6ga s\u00e4kerhetskrav. Serien erbjuder l\u00f6sningar f\u00f6r s\u00f6mn, studier och f\u00f6rvaring, anpassningsbara efter verksamhetens behov.<\/p>\n<ul>\n<li>De suicidpreventiva krokarna Max5 och Max10 l\u00f6ser ut vid belastning \u00f6ver 5 kg respektive 10 kg, b\u00f6js utan att g\u00e5 s\u00f6nder och \u00e5terg\u00e5r till ursprungsformen.<\/li>\n<li>Mjuk design med rundade kanter minskar skaderisken vid fall.<\/li>\n<li>T\u00e4t och sv\u00e5rforcerad v\u00e4ggmontering ger effektivt skade- och suicidpreventivt skydd.<\/li>\n<\/ul>\n<p>Roya kroklist \u00e4r s\u00e4rskilt l\u00e4mpad f\u00f6r psykiatrisk v\u00e5rd, ungdomsv\u00e5rd, behandlingshem och kriminalv\u00e5rd.<\/p>\n<p><a href=\"https:\/\/healsafeinterior.com\/sv\/produkt\/krok-max5-ligaturresistent\/\">Kroken Max5<\/a> l\u00f6ser ut vid belastning \u00f6ver 5 kg, och <a href=\"https:\/\/healsafeinterior.com\/sv\/produkt\/krok-max10-ligaturbestandig\/\">kroken Max10<\/a> vid belastning \u00f6ver 10 kg, oavsett riktning. Krokarna b\u00f6jer sig utan att g\u00e5 s\u00f6nder, vilket g\u00f6r att en eventuell snara glider av. D\u00e4refter \u00e5terg\u00e5r krokarna till sin ursprungliga form och funktion. Deras mjuka och fj\u00e4drande konstruktion minskar risken f\u00f6r kroppsskador vid fall eller olyckor.<\/p>\n<p>Kroklisten har stora fr\u00e4sta radier med mjuka kanter och h\u00f6rn som ytterligare minskar skaderisken. Vid fast montering f\u00f6rhindras att delar kan brytas loss och anv\u00e4ndas som tillhyggen. Den t\u00e4ta passformen mot v\u00e4ggen g\u00f6r ocks\u00e5 att sn\u00f6ren eller andra f\u00f6rem\u00e5l inte kan f\u00e4stas bakom listen, vilket ger ett effektivt skydd mot sj\u00e4lvskada och suicid.<\/p>\n<p>Listen \u00e4r tillverkad i plywood, vilket g\u00f6r den stark och t\u00e5lig. Ytan i laminat \u00e4r rept\u00e5lig, l\u00e4tt att reng\u00f6ra och h\u00e5ller sig fin l\u00e4nge.<\/p>\n<p>Listen levereras som standard med Krok Max5 eller Krok Max10 i vitt utf\u00f6rande.<\/p>\n<p>Namnet Roya kommer fr\u00e5n persiskans ord f\u00f6r dr\u00f6m och s\u00f6mn och k\u00e4nnetecknas av ett mjukt och harmoniskt formspr\u00e5k \u2013 i kontrast till syskonserien Aram som har ett tydligare och mer geometriskt formspr\u00e5k.<\/p>\n<p>Designen \u00e4r omsorgsfull och estetiskt tilltalande f\u00f6r att skapa trygga milj\u00f6er, utan att tydligt framh\u00e4va s\u00e4kerhetsfunktionerna.<\/p>\n<p>Kroklisten erbjuds i fyra utf\u00f6randen med antingen tv\u00e5, tre, fyra eller fem krokar av modellerna Max5 eller Max10.<\/p>\n<p>Sortimentet av v\u00e4lbekanta inredningsdetaljer som speglar och kroklister finns nu ocks\u00e5 tillg\u00e4ngligt i serierna Aram och Roya. Dessa kompletterar den fasta inredningen och g\u00f6r det enklare att skapa trygga, funktionella och estetiskt tilltalande rum d\u00e4r brukare och personal kan vistas s\u00e4kert.<\/p>\n<p>L\u00e4mplig f\u00f6r placering i patientrum eller gemensamhetsytor.<\/p>\n","protected":false},"featured_media":18259,"template":"","meta":[],"product_brand":[],"product_cat":[644,637,623,636,624],"product_tag":[],"class_list":{"0":"post-18142","1":"product","2":"type-product","3":"status-publish","4":"has-post-thumbnail","6":"product_cat-fast-mobelinredning","7":"product_cat-kroklister","8":"product_cat-patientrum","9":"product_cat-sakerhetskrokar-kroklister","10":"product_cat-sakerhetsmobler","12":"first","13":"instock","14":"shipping-taxable","15":"purchasable","16":"product-type-variable"},"_links":{"self":[{"href":"https:\/\/healsafeinterior.com\/sv\/wp-json\/wp\/v2\/product\/18142","targetHints":{"allow":["GET"]}}],"collection":[{"href":"https:\/\/healsafeinterior.com\/sv\/wp-json\/wp\/v2\/product"}],"about":[{"href":"https:\/\/healsafeinterior.com\/sv\/wp-json\/wp\/v2\/types\/product"}],"wp:featuredmedia":[{"embeddable":true,"href":"https:\/\/healsafeinterior.com\/sv\/wp-json\/wp\/v2\/media\/18259"}],"wp:attachment":[{"href":"https:\/\/healsafeinterior.com\/sv\/wp-json\/wp\/v2\/media?parent=18142"}],"wp:term":[{"taxonomy":"product_brand","embeddable":true,"href":"https:\/\/healsafeinterior.com\/sv\/wp-json\/wp\/v2\/product_brand?post=18142"},{"taxonomy":"product_cat","embeddable":true,"href":"https:\/\/healsafeinterior.com\/sv\/wp-json\/wp\/v2\/product_cat?post=18142"},{"taxonomy":"product_tag","embeddable":true,"href":"https:\/\/healsafeinterior.com\/sv\/wp-json\/wp\/v2\/product_tag?post=18142"}],"curies":[{"name":"wp","href":"https:\/\/api.w.org\/{rel}","templated":true}]}}