{"id":16993,"date":"2024-12-18T13:44:38","date_gmt":"2024-12-18T12:44:38","guid":{"rendered":"https:\/\/healsafeinterior.com\/?post_type=product&#038;p=16993"},"modified":"2026-01-21T12:56:17","modified_gmt":"2026-01-21T11:56:17","slug":"seal-fatolj","status":"publish","type":"product","link":"https:\/\/healsafeinterior.com\/sv\/produkt\/seal-fatolj\/","title":{"rendered":"Seal f\u00e5t\u00f6lj"},"content":{"rendered":"<div class=\"fusion-fullwidth fullwidth-box fusion-builder-row-1 fusion-flex-container has-pattern-background has-mask-background hundred-percent-fullwidth non-hundred-percent-height-scrolling\" style=\"--awb-border-radius-top-left:0px;--awb-border-radius-top-right:0px;--awb-border-radius-bottom-right:0px;--awb-border-radius-bottom-left:0px;--awb-padding-top:4px;--awb-padding-right:6px;--awb-padding-bottom:0px;--awb-padding-left:6px;--awb-margin-top:40px;--awb-margin-bottom:20px;--awb-flex-wrap:wrap;\" ><div class=\"fusion-builder-row fusion-row fusion-flex-align-items-center fusion-flex-justify-content-center fusion-flex-content-wrap\" style=\"width:104% !important;max-width:104% !important;margin-left: calc(-4% \/ 2 );margin-right: calc(-4% \/ 2 );\"><div class=\"fusion-layout-column fusion_builder_column fusion-builder-column-0 fusion_builder_column_1_1 1_1 fusion-flex-column fusion-flex-align-self-center\" style=\"--awb-bg-size:cover;--awb-width-large:100%;--awb-margin-top-large:0px;--awb-spacing-right-large:1.92%;--awb-margin-bottom-large:3px;--awb-spacing-left-large:1.92%;--awb-width-medium:100%;--awb-order-medium:0;--awb-spacing-right-medium:1.92%;--awb-spacing-left-medium:1.92%;--awb-width-small:100%;--awb-order-small:0;--awb-spacing-right-small:1.92%;--awb-spacing-left-small:1.92%;\"><div class=\"fusion-column-wrapper fusion-column-has-shadow fusion-flex-justify-content-center fusion-content-layout-column\"><div class=\"fusion-tabs fusion-tabs-1 classic nav-not-justified horizontal-tabs icon-position-left mobile-mode-carousel\" style=\"--awb-title-border-radius-top-left:2px;--awb-title-border-radius-top-right:2px;--awb-title-border-radius-bottom-right:2px;--awb-title-border-radius-bottom-left:2px;--awb-content-padding-top:40px;--awb-content-padding-right:30px;--awb-content-padding-bottom:40px;--awb-content-padding-left:30px;--awb-title-padding-right:40px;--awb-title-padding-left:40px;--awb-title-font-size:17px;--awb-alignment:start;--awb-inactive-color:var(--awb-color2);--awb-title-text-color:var(--awb-color5);--awb-title-active-text-color:var(--awb-color7);--awb-background-color:var(--awb-color1);--awb-border-color:rgba(167,172,162,0);--awb-active-border-color:var(--awb-custom_color_2);--awb-title-font-family:&quot;Sen&quot;;--awb-title-font-style:normal;--awb-title-font-weight:400;\"><div class=\"nav\"><ul class=\"nav-tabs\" role=\"tablist\"><li class=\"active\" role=\"presentation\"><a class=\"tab-link\" data-toggle=\"tab\" role=\"tab\" aria-controls=\"tab-aa11a39bbb9e894c482\" aria-selected=\"true\" id=\"fusion-tab-meromprodukten\" href=\"#tab-aa11a39bbb9e894c482\"><h3 class=\"fusion-tab-heading\">Mer om produkten<\/h3><\/a><\/li><\/ul><\/div><div class=\"tab-content\"><div class=\"tab-pane fade fusion-clearfix in active\" role=\"tabpanel\" tabindex=\"0\" aria-labelledby=\"fusion-tab-meromprodukten\" id=\"tab-aa11a39bbb9e894c482\">\n<p><strong>Material<\/strong><br \/>\nTillverkad av SOFT-TECTM, ett tv\u00e5delat formgjutet polyuretanmaterial (intern skumdensitet 2,82 kg\/m\u00b3) som kombinerar mjuk komfort med motst\u00e5ndskraft och h\u00e5llbarhet.<\/p>\n<p><strong>Montering<\/strong><br \/>\nLevereras monterad.<\/p>\n<p><strong>Underh\u00e5ll<\/strong><br \/>\nF\u00e5t\u00f6ljens mjuka skumk\u00e4rna skyddas av ett vattenresistent ytterskal, vilket skapar en hygienisk yta som enkelt kan reng\u00f6ras och torkas. F\u00f6r mer information se <a href=\"https:\/\/healsafeinterior.com\/sv\/resurscenter\/\">Sk\u00f6tselr\u00e5d f\u00f6r m\u00f6bler<\/a>.<\/p>\n<p><strong>Teknisk data<\/strong><br \/>\nHSP630: H 840 mm W 750 mm D 700 mm. Sitth\u00f6jd: 378 mm. Vikt: 26 kg.<br \/>\nHSP631: H 840 mm W 750 mm D 700 mm. Sitth\u00f6jd: 378 mm. Vikt: 70 kg.<\/p>\n<p><strong>F\u00e4rger<\/strong><br \/>\nAzur bl\u00e5 eller London gr\u00e5.<\/p>\n<p><strong>H\u00e5llbarhet<\/strong><br \/>\nSits statiskt vikt testad till 500 kg (EN 16139:2013 niv\u00e5 2).<br \/>\nFlammskyddande SOFT-TECTM material (BS 5852-2:1982 &#8211; k\u00e4lla 5).<\/p>\n<p><strong>Leverans<\/strong><br \/>\nLeveranstid 8\u201312 veckor. Observera att of\u00f6rutsedda h\u00e4ndelser kan p\u00e5verka leveransen. F\u00f6r mer information om aktuell leveranstid i samband med orderbekr\u00e4ftelse eller innan best\u00e4llning, v\u00e4nligen kontakta oss p\u00e5 <a href=\"mailto:info@healsafeinterior.com\">info@healsafeinterior.com<\/a>.<\/p>\n<p><strong>Garanti<\/strong><br \/>\n7 \u00e5rs garanti. Vi erbjuder en garanti som t\u00e4cker eventuella tillverkningsfel f\u00f6r din f\u00e5t\u00f6lj.<\/p>\n<p><strong>Tillverkning\/produktion<\/strong><br \/>\nEuropa.<\/p>\n<\/div><\/div><\/div><\/div><\/div><\/div><\/div>\n","protected":false},"excerpt":{"rendered":"<p><em>Seal f\u00e5t\u00f6lj \u00e4r en komfortabel och mjuk f\u00e5t\u00f6lj som kombinerar s\u00e4kerhet och slitstark design f\u00f6r l\u00e5ngvarig anv\u00e4ndning.<\/em><\/p>\n<ul>\n<li>S\u00f6ml\u00f6s design som minimerar g\u00f6mslem\u00f6jligheter.<\/li>\n<li>Mjuk, elastisk och motst\u00e5ndskraftig.<\/li>\n<li>Extra s\u00e4kerhetslager med solid underdel och dolda inf\u00e4stningar.<\/li>\n<\/ul>\n<p>Seal \u00e4r en h\u00f6gkvalitativ f\u00e5t\u00f6lj som erbjuder en perfekt balans mellan s\u00e4kerhet, h\u00e5llbarhet och komfort. Den innovativa, s\u00f6ml\u00f6sa designen eliminerar m\u00f6jligheterna f\u00f6r g\u00f6mslen, vilket g\u00f6r den till ett tryggt val f\u00f6r milj\u00f6er med s\u00e4rskilda krav. F\u00e5t\u00f6ljen \u00e4r tillverkad i SOFT-TEC material, ett slitstarkt polyuretan som motst\u00e5r b\u00e5de slitage och revor, vilket garanterar l\u00e5ngvarig anv\u00e4ndning. Den robusta underdelen och de dolda inf\u00e4stningarna ger extra s\u00e4kerhet och stabilitet. Seal finns i tv\u00e5 versioner \u2013 standard och med extra vikt \u2013 f\u00f6r att m\u00f6ta olika behov och krav.<\/p>\n<p>L\u00e4mplig f\u00f6r milj\u00f6er som allrum och gemensamhetsutrymmen.<\/p>\n","protected":false},"featured_media":18715,"template":"","meta":[],"product_brand":[],"product_cat":[625,624,622],"product_tag":[1026],"class_list":{"0":"post-16993","1":"product","2":"type-product","3":"status-publish","4":"has-post-thumbnail","6":"product_cat-fatoljer","7":"product_cat-sakerhetsmobler","8":"product_cat-vardagsrum","9":"product_tag-anstalt","11":"first","12":"instock","13":"shipping-taxable","14":"purchasable","15":"product-type-variable"},"_links":{"self":[{"href":"https:\/\/healsafeinterior.com\/sv\/wp-json\/wp\/v2\/product\/16993","targetHints":{"allow":["GET"]}}],"collection":[{"href":"https:\/\/healsafeinterior.com\/sv\/wp-json\/wp\/v2\/product"}],"about":[{"href":"https:\/\/healsafeinterior.com\/sv\/wp-json\/wp\/v2\/types\/product"}],"wp:featuredmedia":[{"embeddable":true,"href":"https:\/\/healsafeinterior.com\/sv\/wp-json\/wp\/v2\/media\/18715"}],"wp:attachment":[{"href":"https:\/\/healsafeinterior.com\/sv\/wp-json\/wp\/v2\/media?parent=16993"}],"wp:term":[{"taxonomy":"product_brand","embeddable":true,"href":"https:\/\/healsafeinterior.com\/sv\/wp-json\/wp\/v2\/product_brand?post=16993"},{"taxonomy":"product_cat","embeddable":true,"href":"https:\/\/healsafeinterior.com\/sv\/wp-json\/wp\/v2\/product_cat?post=16993"},{"taxonomy":"product_tag","embeddable":true,"href":"https:\/\/healsafeinterior.com\/sv\/wp-json\/wp\/v2\/product_tag?post=16993"}],"curies":[{"name":"wp","href":"https:\/\/api.w.org\/{rel}","templated":true}]}}