{"id":16948,"date":"2024-12-11T13:32:20","date_gmt":"2024-12-11T12:32:20","guid":{"rendered":"https:\/\/healsafeinterior.com\/?post_type=product&#038;p=16948"},"modified":"2025-12-30T15:48:34","modified_gmt":"2025-12-30T14:48:34","slug":"sigma-plus-fatolj-soffa","status":"publish","type":"product","link":"https:\/\/healsafeinterior.com\/sv\/produkt\/sigma-plus-fatolj-soffa\/","title":{"rendered":"Sigma PLUS f\u00e5t\u00f6lj &#038; soffa"},"content":{"rendered":"<div class=\"fusion-fullwidth fullwidth-box fusion-builder-row-1 fusion-flex-container has-pattern-background has-mask-background hundred-percent-fullwidth non-hundred-percent-height-scrolling\" style=\"--awb-border-radius-top-left:0px;--awb-border-radius-top-right:0px;--awb-border-radius-bottom-right:0px;--awb-border-radius-bottom-left:0px;--awb-padding-top:4px;--awb-padding-right:6px;--awb-padding-bottom:0px;--awb-padding-left:6px;--awb-margin-top:5px;--awb-margin-bottom:20px;--awb-flex-wrap:wrap;\" ><div class=\"fusion-builder-row fusion-row fusion-flex-align-items-center fusion-flex-justify-content-center fusion-flex-content-wrap\" style=\"width:104% !important;max-width:104% !important;margin-left: calc(-4% \/ 2 );margin-right: calc(-4% \/ 2 );\"><div class=\"fusion-layout-column fusion_builder_column fusion-builder-column-0 fusion_builder_column_1_1 1_1 fusion-flex-column fusion-flex-align-self-center\" style=\"--awb-bg-size:cover;--awb-width-large:100%;--awb-margin-top-large:0px;--awb-spacing-right-large:1.92%;--awb-margin-bottom-large:3px;--awb-spacing-left-large:1.92%;--awb-width-medium:100%;--awb-order-medium:0;--awb-spacing-right-medium:1.92%;--awb-spacing-left-medium:1.92%;--awb-width-small:100%;--awb-order-small:0;--awb-spacing-right-small:1.92%;--awb-spacing-left-small:1.92%;\"><div class=\"fusion-column-wrapper fusion-column-has-shadow fusion-flex-justify-content-center fusion-content-layout-column\"><div class=\"fusion-title title fusion-title-1 fusion-sep-none fusion-title-text fusion-title-size-two\"><h2 class=\"fusion-title-heading title-heading-left fusion-responsive-typography-calculated\" style=\"margin:0;--fontSize:30;line-height:1.5;\">Produktdata<\/h2><\/div><div class=\"fusion-text fusion-text-1 awb-text-cols fusion-text-columns-2\" style=\"--awb-columns:2;--awb-column-spacing:2em;--awb-column-min-width:100px;\"><p><strong>Material<\/strong><br \/>\nStomme av plywood och massivt tr\u00e4. M\u00f6beln \u00e4r tung och f\u00f6rst\u00e4rkt f\u00f6r \u00f6kad h\u00e5llbarhet. Den fasta, stoppade sittdynan \u00e4r tillverkad av brandh\u00e4mmande CMHR (kombustionsmodifierad h\u00f6gelastisk) skum, vilket g\u00f6r den s\u00e4ker f\u00f6r b\u00e5de anv\u00e4ndare och personal.<\/p>\n<p><strong>Montering<\/strong><br \/>\nLevereras monterad.<\/p>\n<p><strong>Underh\u00e5ll<\/strong><br \/>\nF\u00f6r att bevara f\u00e5t\u00f6ljens skick rekommenderar vi att den reng\u00f6rs med en fuktig trasa och vid behov anv\u00e4ndning av milda reng\u00f6ringsmedel. V\u00e5ra material \u00e4r utformade f\u00f6r att vara t\u00e5liga och enkla att underh\u00e5lla, vilket g\u00f6r dem idealiska f\u00f6r kr\u00e4vande milj\u00f6er. Vid behov anv\u00e4nd ytdesinfektion men var uppm\u00e4rksam p\u00e5 att detta kan f\u00f6rkorta livsl\u00e4ngden f\u00f6r textilen. F\u00f6r mer information se <a href=\"https:\/\/healsafeinterior.com\/sv\/resurscenter\/\">Sk\u00f6tselr\u00e5d f\u00f6r m\u00f6bler<\/a> .<\/p>\n<p><strong>Teknisk data<\/strong><br \/>\nHSP555: H 786 mm, B 790 mm, D 787 mm. Sitth\u00f6jd: 440 mm. Vikt: 63 kg.<br \/>\nHSP556: H 786 mm, B 1352 mm, D 787 mm. Sitth\u00f6jd: 440 mm. Vikt: 91 kg.<\/p>\n<p><strong>Textilval\/F\u00e4rgval<\/strong><br \/>\nAston \u00e4r en robust konstl\u00e4dertextil (vinyl) med v\u00e4tsket\u00e5liga och avtorkbara egenskaper, idealisk f\u00f6r milj\u00f6er med h\u00f6ga hygien- och slitstyrkekrav. Highland har en v\u00e4vd struktur som kombinerar h\u00e5llbarhet med en varm, ombonad k\u00e4nsla. B\u00e5da passar utm\u00e4rkt i milj\u00f6er med s\u00e4rskilda krav och tillgodoser olika behov. B\u00e5da finns i ett stort urval av kul\u00f6rer. <a href=\"https:\/\/uk.pineapplecontracts.com\/fabric\/aston-range\/\" target=\"_blank\" rel=\"noopener\">Aston<\/a> &amp; <a href=\"https:\/\/uk.pineapplecontracts.com\/fabric\/highland-range\/\" target=\"_blank\" rel=\"noopener\">Highland<\/a>.<\/p>\n<p><strong>H\u00e5llbarhet<\/strong><br \/>\nStyrka och stabilitet testad enligt europeisk kvalitetsstandard (BS EN 16139:2013), med h\u00e5llbarhet verifierad f\u00f6r 200 000 anv\u00e4ndningscykler.<br \/>\nAllt tyg \u00e4r brandh\u00e4mmande enligt CAL TB 116, 117 och NFPA 260 USA.<br \/>\n<em>Att kl\u00e4 om m\u00f6bler \u00e4r ett h\u00e5llbart och kostnadseffektivt s\u00e4tt att f\u00f6rl\u00e4nga livsl\u00e4ngden p\u00e5 m\u00f6blen. Kontakta oss f\u00f6r r\u00e5d.<\/em><\/p>\n<p><strong>Leverans<\/strong><br \/>\nLeveranstid 8\u201312 veckor. Observera att of\u00f6rutsedda h\u00e4ndelser kan p\u00e5verka leveransen. F\u00f6r mer information om aktuell leveranstid i samband med orderbekr\u00e4ftelse eller innan best\u00e4llning, v\u00e4nligen kontakta oss p\u00e5 <a href=\"mailto:info@healsafeinterior.com\">info@healsafeinterior.com<\/a>.<\/p>\n<p><strong>Garanti<\/strong><br \/>\n7 \u00e5rs garanti (g\u00e4ller ej kl\u00e4dsel). Vi erbjuder en garanti som t\u00e4cker eventuella tillverkningsfel f\u00f6r din f\u00e5t\u00f6lj.<br \/>\nF\u00f6r garanti\u00e4renden g\u00e4llande kl\u00e4dsel g\u00e4ller s\u00e4rskilda villkor. Se <a href=\"https:\/\/healsafeinterior.com\/sv\/resurscenter\/\">sk\u00f6tselr\u00e5d<\/a>. Vid reklamation, v\u00e4nligen kontakta oss p\u00e5 <a href=\"mailto:info@healsafeinterior.com\">info@healsafeinterior.com<\/a>.<\/p>\n<p><strong>Tillverkning\/produktion<\/strong><br \/>\nEuropa.<\/p>\n<\/div><\/div><\/div><\/div><\/div>\n","protected":false},"excerpt":{"rendered":"<p><em>Sigma PLUS f\u00e5t\u00f6lj \u00e4r en stilren och kompakt sittm\u00f6bel som f\u00f6renar s\u00e4kerhet, h\u00e5llbarhet och komfort, s\u00e4rskilt anpassad f\u00f6r milj\u00f6er med h\u00f6ga krav.<\/em><\/p>\n<ul>\n<li>Designad f\u00f6r h\u00f6g komfort och stabilitet.<\/li>\n<li>Kompakt design som effektivt maximerar anv\u00e4ndningen av tillg\u00e4ngligt utrymme.<\/li>\n<li>Dubbels\u00f6m f\u00f6r \u00f6kad h\u00e5llbarhet och en estetiskt tilltalande finish.<\/li>\n<\/ul>\n<p>Sigma PLUS \u00e4r en kompakt sittm\u00f6bel som kombinerar komfort och s\u00e4kerhet. Den tunga konstruktionen minimerar risken f\u00f6r felanv\u00e4ndning och \u00f6kar m\u00f6belns stabilitet. Den slutna bottenpanelen och fasta sittdynan f\u00f6rhindrar g\u00f6mslen, vilket s\u00e4kerst\u00e4ller en trygg och s\u00e4ker milj\u00f6 f\u00f6r b\u00e5de anv\u00e4ndare och personal.<\/p>\n<p>M\u00f6beln \u00e4r utrustad med s\u00e4kerhetsskruvar och dolda h\u00e4ftklamrar f\u00f6r att f\u00f6rhindra missbruk och \u00f6ka s\u00e4kerheten. Dubbels\u00f6mmen, som inneb\u00e4r att tv\u00e5 parallella s\u00f6mmar sys f\u00f6r att f\u00f6rst\u00e4rka kl\u00e4dseln, f\u00f6rb\u00e4ttrar b\u00e5de slitstyrkan och den estetiska finishen.<\/p>\n<p>Slitstarka svarta plastf\u00f6tter som standard, s\u00e4krade med s\u00e4kerhetsskruvar.<\/p>\n<p>Vi rekommenderar <a href=\"https:\/\/uk.pineapplecontracts.com\/fabric\/aston-range\/\">Aston<\/a> eller <a href=\"https:\/\/uk.pineapplecontracts.com\/fabric\/highland-range\/\">Highland<\/a> textilier f\u00f6r b\u00e4sta h\u00e5llbarhet och estetik.<\/p>\n<p>Sigma PLUS finns \u00e4ven som tv\u00e5sitssoffa, vilket g\u00f6r det m\u00f6jligt att skapa flexibla och funktionella sittgrupper. <a href=\"https:\/\/healsafeinterior.com\/sv\/?post_type=product&amp;p=16965\">L\u00e4s mer<\/a>.<\/p>\n<p>L\u00e4mplig f\u00f6r milj\u00f6er som allrum och gemensamhetsutrymmen.<\/p>\n","protected":false},"featured_media":18721,"template":"","meta":[],"product_brand":[],"product_cat":[625,624,633,622],"product_tag":[],"class_list":{"0":"post-16948","1":"product","2":"type-product","3":"status-publish","4":"has-post-thumbnail","6":"product_cat-fatoljer","7":"product_cat-sakerhetsmobler","8":"product_cat-soffor","9":"product_cat-vardagsrum","11":"first","12":"instock","13":"shipping-taxable","14":"purchasable","15":"product-type-variable"},"_links":{"self":[{"href":"https:\/\/healsafeinterior.com\/sv\/wp-json\/wp\/v2\/product\/16948","targetHints":{"allow":["GET"]}}],"collection":[{"href":"https:\/\/healsafeinterior.com\/sv\/wp-json\/wp\/v2\/product"}],"about":[{"href":"https:\/\/healsafeinterior.com\/sv\/wp-json\/wp\/v2\/types\/product"}],"wp:featuredmedia":[{"embeddable":true,"href":"https:\/\/healsafeinterior.com\/sv\/wp-json\/wp\/v2\/media\/18721"}],"wp:attachment":[{"href":"https:\/\/healsafeinterior.com\/sv\/wp-json\/wp\/v2\/media?parent=16948"}],"wp:term":[{"taxonomy":"product_brand","embeddable":true,"href":"https:\/\/healsafeinterior.com\/sv\/wp-json\/wp\/v2\/product_brand?post=16948"},{"taxonomy":"product_cat","embeddable":true,"href":"https:\/\/healsafeinterior.com\/sv\/wp-json\/wp\/v2\/product_cat?post=16948"},{"taxonomy":"product_tag","embeddable":true,"href":"https:\/\/healsafeinterior.com\/sv\/wp-json\/wp\/v2\/product_tag?post=16948"}],"curies":[{"name":"wp","href":"https:\/\/api.w.org\/{rel}","templated":true}]}}