{"id":15797,"date":"2018-11-07T12:21:29","date_gmt":"2018-11-07T11:21:29","guid":{"rendered":"https:\/\/healsafeinterior.com\/product\/kroklist-standard\/"},"modified":"2025-12-22T13:53:43","modified_gmt":"2025-12-22T12:53:43","slug":"kroklist-badrum-med-krok","status":"publish","type":"product","link":"https:\/\/healsafeinterior.com\/sv\/produkt\/kroklist-badrum-med-krok\/","title":{"rendered":"Kroklist Badrum med krok"},"content":{"rendered":"<p><div class=\"fusion-fullwidth fullwidth-box fusion-builder-row-1 fusion-flex-container has-pattern-background has-mask-background hundred-percent-fullwidth non-hundred-percent-height-scrolling\" style=\"--awb-border-radius-top-left:0px;--awb-border-radius-top-right:0px;--awb-border-radius-bottom-right:0px;--awb-border-radius-bottom-left:0px;--awb-padding-top:4px;--awb-padding-right:0px;--awb-padding-bottom:0px;--awb-padding-left:0px;--awb-margin-top:5px;--awb-margin-bottom:33px;--awb-flex-wrap:wrap;\" ><div class=\"fusion-builder-row fusion-row fusion-flex-align-items-center fusion-flex-justify-content-center fusion-flex-content-wrap\" style=\"width:104% !important;max-width:104% !important;margin-left: calc(-4% \/ 2 );margin-right: calc(-4% \/ 2 );\"><div class=\"fusion-layout-column fusion_builder_column fusion-builder-column-0 fusion_builder_column_1_1 1_1 fusion-flex-column fusion-flex-align-self-center\" style=\"--awb-padding-top:38px;--awb-padding-right:30px;--awb-padding-bottom:37px;--awb-padding-left:30px;--awb-overflow:hidden;--awb-bg-color:var(--awb-color1);--awb-bg-color-hover:var(--awb-color1);--awb-bg-size:cover;--awb-border-radius:12px 12px 12px 12px;--awb-width-large:100%;--awb-margin-top-large:0px;--awb-spacing-right-large:1.92%;--awb-margin-bottom-large:3px;--awb-spacing-left-large:1.92%;--awb-width-medium:100%;--awb-order-medium:0;--awb-spacing-right-medium:1.92%;--awb-spacing-left-medium:1.92%;--awb-width-small:100%;--awb-order-small:0;--awb-spacing-right-small:1.92%;--awb-spacing-left-small:1.92%;\" data-scroll-devices=\"small-visibility,medium-visibility,large-visibility\"><div class=\"fusion-column-wrapper fusion-column-has-shadow fusion-flex-justify-content-center fusion-content-layout-column\"><div class=\"fusion-text fusion-text-1 awb-text-cols fusion-text-columns-2\" style=\"--awb-columns:2;--awb-column-spacing:2em;--awb-column-min-width:100px;\"><p><b>Mer produktinformation<br \/>\n<\/b><span data-contrast=\"none\">Kroklisten kombinerar flera krokar p\u00e5 en gemensam skiva, vilket minimerar antalet borrh\u00e5l och g\u00f6r installationen enkel samtidigt som v\u00e4ggens t\u00e4thet bevaras. Konstruktionen ger dessutom ett enhetligt och ordnat uttryck i rummet.<\/span><span data-ccp-props=\"{\">\u00a0<\/span><\/p>\n<p><span data-contrast=\"none\">Varje list \u00e4r tillverkad av h\u00f6gtryckslaminat, ett material som t\u00e5l fukt, slitage och reng\u00f6ring, vilket g\u00f6r den s\u00e4rskilt l\u00e4mpad f\u00f6r badrum och andra v\u00e5tutrymmen. Listen utrustas med 2, 3, 4 eller 5 Krok Standard, men kan \u00e4ven best\u00e4llas i skr\u00e4ddarsydd l\u00e4ngd och med \u00f6nskat antal krokar f\u00f6r att passa olika behov och utrymmen.<\/span><span data-ccp-props=\"{\">\u00a0<\/span><\/p>\n<p><span data-contrast=\"none\">Krok Standard b\u00e4r vikten av flera plagg eller handdukar utan att p\u00e5verkas. N\u00e4r<\/span><span data-contrast=\"none\">\u00a0belastningen \u00f6verstiger cirka 10 kg b\u00f6jer den sig s\u00e5 att sn\u00f6ren, remmar eller liknande glider av, varefter kroken \u00e5terg\u00e5r till sin ursprungliga form och funktion.\u00a0<\/span><span data-ccp-props=\"{\">\u00a0<\/span><\/p>\n<p><span data-contrast=\"none\">Kroklistens fasade kant \u00e4r utformad f\u00f6r att ytterligare f\u00f6rhindra att n\u00e5got kan f\u00e4stas runt listen \u2013 sn\u00f6ren eller remmar glider\u00a0enkelt av och reducerar d\u00e4rmed risken f\u00f6r otill\u00e5ten anv\u00e4ndning.<\/span><span data-ccp-props=\"{\">\u00a0<\/span><\/p>\n<p><span data-contrast=\"none\">Krokarna \u00e4r tillverkade i\u00a0polyoximetylen\u00a0(POM) \u2013 ett material med h\u00f6g styrka, slagt\u00e5lighet och utm\u00e4rkta fj\u00e4dringsegenskaper.\u00a0<\/span><span data-ccp-props=\"{\">\u00a0<\/span><\/p>\n<p><span data-contrast=\"none\">Kroklisten monteras p\u00e5 en\u00a0plan\u00a0v\u00e4ggyta\u00a0f\u00f6r att f\u00e5 en t\u00e4t passform mot v\u00e4ggen, vilket f\u00f6rhindrar m\u00f6jligheten att f\u00e4sta sn\u00f6ren eller liknande mellan v\u00e4gg och krok. F\u00f6lj <a href=\"https:\/\/healsafeinterior.com\/sv\/resurscenter\/\">monteringsanvisningarna<\/a> noga vid montering.<\/span><span data-ccp-props=\"{\">\u00a0<\/span><\/p>\n<p><span data-contrast=\"none\">Krokarna finns i tre f\u00e4rger \u2013 vit, svart och gr\u00e5 \u2013 d\u00e4r vit \u00e4r standard.<\/span><span data-ccp-props=\"{\">\u00a0<\/span><\/p>\n<p><span data-contrast=\"none\">Notera att Kroklist badrum med Krok Standard inte \u00e4r framtagen som en suicidpreventiv kroklist \u2013 f\u00f6r s\u00e5dana behov rekommenderas <a href=\"https:\/\/healsafeinterior.com\/sv\/produkt\/kroklist-badrum-m-krok-max5-suicidpreventiv\/\">Kroklist badrum med Max5<\/a>\u00a0eller <a href=\"https:\/\/healsafeinterior.com\/sv\/produkt\/kroklist-badrum-med-krok-max10-suicidpreventiv\/\">Kroklist badrum med Max10<\/a>.<\/span><span data-ccp-props=\"{\">\u00a0<\/span><\/p>\n<p><b><span data-contrast=\"none\">Design:\u00a0Healsafe\u00a0Interi\u00f6r<\/span><\/b><span data-ccp-props=\"{\">\u00a0<\/span><\/p>\n<\/div><\/div><\/div><\/div><\/div><div class=\"fusion-fullwidth fullwidth-box fusion-builder-row-2 fusion-flex-container has-pattern-background has-mask-background hundred-percent-fullwidth non-hundred-percent-height-scrolling\" style=\"--awb-border-radius-top-left:0px;--awb-border-radius-top-right:0px;--awb-border-radius-bottom-right:0px;--awb-border-radius-bottom-left:0px;--awb-padding-top:4px;--awb-padding-right:6px;--awb-padding-bottom:0px;--awb-padding-left:6px;--awb-margin-top:40px;--awb-margin-bottom:20px;--awb-flex-wrap:wrap;\" ><div class=\"fusion-builder-row fusion-row fusion-flex-align-items-center fusion-flex-justify-content-center fusion-flex-content-wrap\" style=\"width:104% !important;max-width:104% !important;margin-left: calc(-4% \/ 2 );margin-right: calc(-4% \/ 2 );\"><div class=\"fusion-layout-column fusion_builder_column fusion-builder-column-1 fusion_builder_column_1_1 1_1 fusion-flex-column fusion-flex-align-self-center\" style=\"--awb-bg-size:cover;--awb-width-large:100%;--awb-margin-top-large:0px;--awb-spacing-right-large:1.92%;--awb-margin-bottom-large:3px;--awb-spacing-left-large:1.92%;--awb-width-medium:100%;--awb-order-medium:0;--awb-spacing-right-medium:1.92%;--awb-spacing-left-medium:1.92%;--awb-width-small:100%;--awb-order-small:0;--awb-spacing-right-small:1.92%;--awb-spacing-left-small:1.92%;\"><div class=\"fusion-column-wrapper fusion-column-has-shadow fusion-flex-justify-content-center fusion-content-layout-column\"><div class=\"fusion-tabs fusion-tabs-1 classic nav-not-justified horizontal-tabs icon-position-left mobile-mode-carousel\" style=\"--awb-title-border-radius-top-left:2px;--awb-title-border-radius-top-right:2px;--awb-title-border-radius-bottom-right:2px;--awb-title-border-radius-bottom-left:2px;--awb-content-padding-top:40px;--awb-content-padding-right:30px;--awb-content-padding-bottom:40px;--awb-content-padding-left:30px;--awb-title-padding-right:40px;--awb-title-padding-left:40px;--awb-title-font-size:17px;--awb-alignment:start;--awb-inactive-color:var(--awb-color2);--awb-title-text-color:var(--awb-color5);--awb-title-active-text-color:var(--awb-color7);--awb-background-color:var(--awb-color1);--awb-border-color:rgba(167,172,162,0);--awb-active-border-color:var(--awb-custom_color_2);--awb-title-font-family:&quot;Sen&quot;;--awb-title-font-style:normal;--awb-title-font-weight:400;\"><div class=\"nav\"><ul class=\"nav-tabs\" role=\"tablist\"><li class=\"active\" role=\"presentation\"><a class=\"tab-link\" data-toggle=\"tab\" role=\"tab\" aria-controls=\"tab-7da666448d060fdbec5\" aria-selected=\"true\" id=\"fusion-tab-utformaetts\u00e4kertbadrum\" href=\"#tab-7da666448d060fdbec5\"><h3 class=\"fusion-tab-heading\">Utforma ett s\u00e4kert badrum<\/h3><\/a><\/li><\/ul><\/div><div class=\"tab-content\"><div class=\"tab-pane fade fusion-clearfix in active\" role=\"tabpanel\" tabindex=\"0\" aria-labelledby=\"fusion-tab-utformaetts\u00e4kertbadrum\" id=\"tab-7da666448d060fdbec5\"><div class=\"fusion-builder-row fusion-builder-row-inner fusion-row fusion-flex-align-items-center fusion-flex-justify-content-center fusion-flex-content-wrap\" style=\"width:104% !important;max-width:104% !important;margin-left: calc(-4% \/ 2 );margin-right: calc(-4% \/ 2 );\"><div class=\"fusion-layout-column fusion_builder_column_inner fusion-builder-nested-column-0 fusion_builder_column_inner_1_3 1_3 fusion-flex-column\" style=\"--awb-bg-size:cover;--awb-width-large:33.333333333333%;--awb-margin-top-large:0px;--awb-spacing-right-large:5.76%;--awb-margin-bottom-large:20px;--awb-spacing-left-large:5.76%;--awb-width-medium:100%;--awb-order-medium:0;--awb-spacing-right-medium:1.92%;--awb-spacing-left-medium:1.92%;--awb-width-small:100%;--awb-order-small:0;--awb-spacing-right-small:1.92%;--awb-spacing-left-small:1.92%;\"><div class=\"fusion-column-wrapper fusion-column-has-shadow fusion-flex-justify-content-flex-start fusion-content-layout-column\"><div class=\"fusion-video fusion-vimeo fusion-alignleft\" style=\"--awb-max-width:600px;--awb-max-height:360px;--awb-width:100%;\"><div class=\"video-shortcode\"><lite-vimeo videoid=\"667713680\" class=\"landscape\" params=\"autoplay=1autoplay=0&amp;autopause=0\" title=\"Vimeo video player 1\" data-button-label=\"Play Video\"  width=\"600\" height=\"360\"><\/lite-vimeo><\/div><\/div><\/div><\/div>\n<div class=\"fusion-layout-column fusion_builder_column_inner fusion-builder-nested-column-1 fusion_builder_column_inner_1_3 1_3 fusion-flex-column\" style=\"--awb-bg-size:cover;--awb-width-large:33.333333333333%;--awb-margin-top-large:0px;--awb-spacing-right-large:5.76%;--awb-margin-bottom-large:20px;--awb-spacing-left-large:5.76%;--awb-width-medium:100%;--awb-order-medium:0;--awb-spacing-right-medium:1.92%;--awb-spacing-left-medium:1.92%;--awb-width-small:100%;--awb-order-small:0;--awb-spacing-right-small:1.92%;--awb-spacing-left-small:1.92%;\"><div class=\"fusion-column-wrapper fusion-column-has-shadow fusion-flex-justify-content-flex-start fusion-content-layout-column\"><\/div><\/div>\n<div class=\"fusion-layout-column fusion_builder_column_inner fusion-builder-nested-column-2 fusion_builder_column_inner_1_3 1_3 fusion-flex-column\" style=\"--awb-bg-size:cover;--awb-width-large:33.333333333333%;--awb-margin-top-large:0px;--awb-spacing-right-large:5.76%;--awb-margin-bottom-large:20px;--awb-spacing-left-large:5.76%;--awb-width-medium:100%;--awb-order-medium:0;--awb-spacing-right-medium:1.92%;--awb-spacing-left-medium:1.92%;--awb-width-small:100%;--awb-order-small:0;--awb-spacing-right-small:1.92%;--awb-spacing-left-small:1.92%;\"><div class=\"fusion-column-wrapper fusion-column-has-shadow fusion-flex-justify-content-flex-start fusion-content-layout-column\"><\/div><\/div>\n<\/div><\/div><\/div><\/div><\/div><\/div><\/div><\/div><div class=\"fusion-fullwidth fullwidth-box fusion-builder-row-3 fusion-flex-container has-pattern-background has-mask-background hundred-percent-fullwidth non-hundred-percent-height-scrolling\" style=\"--awb-border-radius-top-left:0px;--awb-border-radius-top-right:0px;--awb-border-radius-bottom-right:0px;--awb-border-radius-bottom-left:0px;--awb-padding-top:4px;--awb-padding-right:6px;--awb-padding-bottom:0px;--awb-padding-left:6px;--awb-margin-top:5px;--awb-margin-bottom:20px;--awb-flex-wrap:wrap;\" ><div class=\"fusion-builder-row fusion-row fusion-flex-align-items-center fusion-flex-justify-content-center fusion-flex-content-wrap\" style=\"width:104% !important;max-width:104% !important;margin-left: calc(-4% \/ 2 );margin-right: calc(-4% \/ 2 );\"><div class=\"fusion-layout-column fusion_builder_column fusion-builder-column-2 fusion_builder_column_1_1 1_1 fusion-flex-column fusion-flex-align-self-center\" style=\"--awb-bg-size:cover;--awb-width-large:100%;--awb-margin-top-large:0px;--awb-spacing-right-large:1.92%;--awb-margin-bottom-large:3px;--awb-spacing-left-large:1.92%;--awb-width-medium:100%;--awb-order-medium:0;--awb-spacing-right-medium:1.92%;--awb-spacing-left-medium:1.92%;--awb-width-small:100%;--awb-order-small:0;--awb-spacing-right-small:1.92%;--awb-spacing-left-small:1.92%;\"><div class=\"fusion-column-wrapper fusion-column-has-shadow fusion-flex-justify-content-center fusion-content-layout-column\"><div class=\"fusion-title title fusion-title-1 fusion-sep-none fusion-title-text fusion-title-size-three\" style=\"--awb-font-size:32px;\"><h3 class=\"fusion-title-heading title-heading-left fusion-responsive-typography-calculated\" style=\"margin:0;font-size:1em;--fontSize:32;line-height:1.2;\">Produktdata<\/h3><\/div><div class=\"fusion-text fusion-text-2 awb-text-cols fusion-text-columns-2\" style=\"--awb-columns:2;--awb-column-spacing:2em;--awb-column-min-width:100px;\"><p><b><span data-contrast=\"none\">Material<\/span><\/b><span data-ccp-props=\"{\"><br \/>\n<\/span><span data-contrast=\"none\">H\u00f6gtryckslaminat och\u00a0Polyoximetylen\u00a0(POM)<\/span><span data-ccp-props=\"{\">\u00a0<\/span><\/p>\n<p><b><span data-contrast=\"none\">Montering<\/span><\/b><br \/>\n<span data-contrast=\"none\">Kroklisten\u00a0ska monteras mot en helt plan yta f\u00f6r att uppn\u00e5 en t\u00e4t och stabil anslutning mellan kroklist\u00a0och v\u00e4gg. Detta minimerar utrymmet bakom kroklisten\u00a0och f\u00f6rsv\u00e5rar d\u00e4rmed m\u00f6jligheten att f\u00e4sta sn\u00f6ren, remmar eller liknande objekt som kan anv\u00e4ndas i sj\u00e4lvskadande syfte.\u00a0Kroklisten\u00a0skall\u00a0monteras med s\u00e4kerhetsskruv.<\/span><span data-ccp-props=\"{\">\u00a0<\/span><\/p>\n<p><span data-contrast=\"none\">Montering skall ske i enlighet <a href=\"https:\/\/healsafeinterior.com\/sv\/resurscenter\/\">monteringsanvisningar<\/a>.<\/span><\/p>\n<p><b><span data-contrast=\"none\">Underh\u00e5ll<\/span><\/b><span data-ccp-props=\"{\"><br \/>\n<\/span><span data-contrast=\"none\">Kroklisten och krokarna\u00a0kan reng\u00f6ras med en ren och mjuk duk med milt flytande reng\u00f6ringsmedel. Vid behov kan\u00a0list och krokar\u00a0desinficeras med alkoholbaserade desinfektionsmedel. Anv\u00e4nd ej kemikalier med slipmedel eller svampar med str\u00e4va ytor.\u00a0<\/span><span data-ccp-props=\"{\">\u00a0<\/span><\/p>\n<p><b><span data-contrast=\"none\">Teknisk data<\/span><\/b><span data-ccp-props=\"{\"><br \/>\n<\/span><span data-contrast=\"none\">JT150 \u2013 H\u00a090\u00a0mm, B\u00a0310\u00a0mm, D\u00a060\u00a0mm<\/span><span data-ccp-props=\"{\"><br \/>\n<\/span><span data-contrast=\"none\">JT151 \u2013\u00a0H 90 mm, B\u00a0520\u00a0mm, D 60 mm<\/span><span data-ccp-props=\"{\"><br \/>\n<\/span><span data-contrast=\"none\">JT152 \u2013\u00a0H 90 mm, B 730 mm, D 60 mm<\/span><span data-ccp-props=\"{\"><br \/>\n<\/span><span data-contrast=\"none\">JT154 \u2013\u00a0H 90 mm, B 930 mm, D 60 mm<\/span><span data-ccp-props=\"{\">\u00a0<\/span><\/p>\n<p><b><span data-contrast=\"none\">F\u00e4rger<\/span><\/b><span data-ccp-props=\"{\"><br \/>\n<\/span><span data-contrast=\"none\">Kroklist i vitt. Krokar i vitt, svart\u00a0och\u00a0gr\u00e5tt.\u00a0Krokar kan f\u00e5s\u00a0i andra kul\u00f6rer vid f\u00f6rfr\u00e5gan.<\/span><span data-ccp-props=\"{\">\u00a0<\/span><\/p>\n<p><b><span data-contrast=\"none\">H\u00e5llbarhet<\/span><\/b><span data-ccp-props=\"{\"><br \/>\n<\/span><span data-contrast=\"none\">Krok Standard har genomg\u00e5tt omfattande tester f\u00f6r att s\u00e4kerst\u00e4lla b\u00e5de funktion och h\u00e5llbarhet. Vid vertikala belastningstester med olika typer av sn\u00f6ren \u2013 1 mm plastlina, skosn\u00f6re 8 \u00d7 1 mm och rep av bomullslakan \u2013 sl\u00e4pper kroken mellan 8,5 och 9,8 kg.<\/span><\/p>\n<p><span data-contrast=\"none\">Produkttesterna har utf\u00f6rts av\u00a0RISE\/SP, d\u00e4r kroken visat sig klara \u00f6ver 1000 utl\u00f6sningar utan att f\u00f6rlora form, funktion eller s\u00e4kerhet.\u00a0<\/span><span data-ccp-props=\"{\"><br \/>\n<\/span><span data-contrast=\"none\">Krokens och kroklistens\u00a0utformning och material \u00e4r valda f\u00f6r att f\u00f6rl\u00e4nga produktens livsl\u00e4ngd.\u00a0<\/span><span data-ccp-props=\"{\"><br \/>\n<\/span><span data-contrast=\"none\">Krokar\u00a0k\u00e4llsorteras\u00a0som h\u00e5rdplast.\u00a0Listen sorteras som\u00a0tr\u00e4.<\/span><span data-ccp-props=\"{\">\u00a0<\/span><\/p>\n<p><b><span data-contrast=\"none\">Leverans<\/span><\/b><span data-ccp-props=\"{\"><br \/>\n<\/span><span data-contrast=\"none\">1 vecka.\u00a0<\/span><span data-ccp-props=\"{\">\u00a0<\/span><\/p>\n<p><span data-contrast=\"none\">Observera att of\u00f6rutsedda h\u00e4ndelser kan p\u00e5verka leveransen. F\u00f6r mer information om aktuell leveranstid i samband med\u00a0orderbekr\u00e4ftelse eller innan best\u00e4llning, v\u00e4nligen kontakta oss p\u00e5\u00a0<\/span><a href=\"mailto:info@healsafeinterior.com\"><span data-contrast=\"none\">info@healsafeinterior.com<\/span><\/a><span data-contrast=\"none\">.<\/span><span data-ccp-props=\"{\">\u00a0<\/span><\/p>\n<p><b><span data-contrast=\"none\">Garanti<\/span><\/b><span data-ccp-props=\"{\"><br \/>\n<\/span><span data-contrast=\"none\">5 \u00e5r. G\u00e4ller vid normal anv\u00e4ndning. Full garanti l\u00e4mnas f\u00f6r tillverkningsfel.<\/span><span data-ccp-props=\"{\"><br \/>\n<\/span><span data-contrast=\"none\">Vid reklamation, v\u00e4nligen kontakta oss p\u00e5\u00a0<\/span><a href=\"mailto:info@healsafeinterior.com\"><span data-contrast=\"none\">info@healsafeinterior.com<\/span><\/a><span data-contrast=\"none\">.<\/span><span data-ccp-props=\"{\">\u00a0<\/span><\/p>\n<p><b><span data-contrast=\"none\">Tillverkning\/produktion<\/span><\/b><span data-ccp-props=\"{\"><br \/>\n<\/span><span data-contrast=\"none\">Sverige\u00a0<\/span><span data-ccp-props=\"{\">\u00a0<\/span><\/p>\n<\/div><\/div><\/div><\/div><\/div><\/p>\n","protected":false},"excerpt":{"rendered":"<p><i><span data-contrast=\"none\">Kroklist badrum med Krok \u00e4r en slitstark och s\u00e4ker l\u00f6sning f\u00f6r upph\u00e4ngning i milj\u00f6er med h\u00f6ga krav p\u00e5 b\u00e5de funktion och hygien. Den robusta skivan i h\u00f6gtryckslaminat t\u00e5l fukt och g\u00f6r produkten s\u00e4rskilt v\u00e4l l\u00e4mpad f\u00f6r badrum.<\/span><\/i><\/p>\n<ul>\n<li><span data-contrast=\"none\">Utrustad med Krok Standard som sl\u00e4pper vid en vertikal ned\u00e5tg\u00e5ende belastning \u00f6ver 10 kg.<\/span><\/li>\n<li><span data-contrast=\"none\">Monterad med s\u00e4kerhetsskruvar f\u00f6r stabil och s\u00e4ker inf\u00e4stning.<\/span><\/li>\n<li><span data-contrast=\"none\">Robust konstruktion med fasade kanter, h\u00f6g h\u00e5llbarhet och en sl\u00e4t yta som \u00e4r enkel att reng\u00f6ra.<\/span><span data-ccp-props=\"{&quot;201341983&quot;:0,&quot;335559739&quot;:0,&quot;335559740&quot;:240}\">\u00a0<\/span><\/li>\n<\/ul>\n<p><span data-contrast=\"none\">Kroklist badrum med Krok\u00a0\u00e4r l\u00e4mplig f\u00f6r milj\u00f6er med krav p\u00e5 s\u00e4kerhet och h\u00e5llbarhet, exempelvis inom v\u00e5rd, boenden eller andra offentliga milj\u00f6er d\u00e4r en flexibel och slagt\u00e5lig krok beh\u00f6vs.<\/span><\/p>\n<p><span data-contrast=\"none\">L\u00e4mplig f\u00f6r placering i badrum, patientrum eller gemensamhetsytor.<\/span><span data-ccp-props=\"{&quot;134233117&quot;:true,&quot;134233118&quot;:true,&quot;201341983&quot;:0,&quot;335559740&quot;:240}\">\u00a0<\/span><\/p>\n","protected":false},"featured_media":11268,"template":"","meta":[],"product_brand":[],"product_cat":[593,637,623,636,622],"product_tag":[],"class_list":{"0":"post-15797","1":"product","2":"type-product","3":"status-publish","4":"has-post-thumbnail","6":"product_cat-badrumsprodukter","7":"product_cat-kroklister","8":"product_cat-patientrum","9":"product_cat-sakerhetskrokar-kroklister","10":"product_cat-vardagsrum","12":"first","13":"instock","14":"shipping-taxable","15":"purchasable","16":"product-type-variable"},"_links":{"self":[{"href":"https:\/\/healsafeinterior.com\/sv\/wp-json\/wp\/v2\/product\/15797","targetHints":{"allow":["GET"]}}],"collection":[{"href":"https:\/\/healsafeinterior.com\/sv\/wp-json\/wp\/v2\/product"}],"about":[{"href":"https:\/\/healsafeinterior.com\/sv\/wp-json\/wp\/v2\/types\/product"}],"wp:featuredmedia":[{"embeddable":true,"href":"https:\/\/healsafeinterior.com\/sv\/wp-json\/wp\/v2\/media\/11268"}],"wp:attachment":[{"href":"https:\/\/healsafeinterior.com\/sv\/wp-json\/wp\/v2\/media?parent=15797"}],"wp:term":[{"taxonomy":"product_brand","embeddable":true,"href":"https:\/\/healsafeinterior.com\/sv\/wp-json\/wp\/v2\/product_brand?post=15797"},{"taxonomy":"product_cat","embeddable":true,"href":"https:\/\/healsafeinterior.com\/sv\/wp-json\/wp\/v2\/product_cat?post=15797"},{"taxonomy":"product_tag","embeddable":true,"href":"https:\/\/healsafeinterior.com\/sv\/wp-json\/wp\/v2\/product_tag?post=15797"}],"curies":[{"name":"wp","href":"https:\/\/api.w.org\/{rel}","templated":true}]}}