{"id":15793,"date":"2018-11-07T12:21:29","date_gmt":"2018-11-07T11:21:29","guid":{"rendered":"https:\/\/healsafeinterior.com\/product\/duschhylla\/"},"modified":"2025-12-22T11:53:25","modified_gmt":"2025-12-22T10:53:25","slug":"duschhylla","status":"publish","type":"product","link":"https:\/\/healsafeinterior.com\/sv\/produkt\/duschhylla\/","title":{"rendered":"Duschhylla"},"content":{"rendered":"<p><div class=\"fusion-fullwidth fullwidth-box fusion-builder-row-1 fusion-flex-container has-pattern-background has-mask-background hundred-percent-fullwidth non-hundred-percent-height-scrolling\" style=\"--awb-border-radius-top-left:0px;--awb-border-radius-top-right:0px;--awb-border-radius-bottom-right:0px;--awb-border-radius-bottom-left:0px;--awb-padding-top:4px;--awb-padding-right:0px;--awb-padding-bottom:0px;--awb-padding-left:0px;--awb-margin-top:5px;--awb-margin-bottom:33px;--awb-flex-wrap:wrap;\" ><div class=\"fusion-builder-row fusion-row fusion-flex-align-items-center fusion-flex-justify-content-center fusion-flex-content-wrap\" style=\"width:104% !important;max-width:104% !important;margin-left: calc(-4% \/ 2 );margin-right: calc(-4% \/ 2 );\"><div class=\"fusion-layout-column fusion_builder_column fusion-builder-column-0 fusion_builder_column_1_1 1_1 fusion-flex-column fusion-flex-align-self-center\" style=\"--awb-padding-top:38px;--awb-padding-right:30px;--awb-padding-bottom:37px;--awb-padding-left:30px;--awb-overflow:hidden;--awb-bg-color:var(--awb-color1);--awb-bg-color-hover:var(--awb-color1);--awb-bg-size:cover;--awb-border-radius:12px 12px 12px 12px;--awb-width-large:100%;--awb-margin-top-large:0px;--awb-spacing-right-large:1.92%;--awb-margin-bottom-large:3px;--awb-spacing-left-large:1.92%;--awb-width-medium:100%;--awb-order-medium:0;--awb-spacing-right-medium:1.92%;--awb-spacing-left-medium:1.92%;--awb-width-small:100%;--awb-order-small:0;--awb-spacing-right-small:1.92%;--awb-spacing-left-small:1.92%;\" data-scroll-devices=\"small-visibility,medium-visibility,large-visibility\"><div class=\"fusion-column-wrapper fusion-column-has-shadow fusion-flex-justify-content-center fusion-content-layout-column\"><div class=\"fusion-text fusion-text-1 awb-text-cols fusion-text-columns-2\" style=\"--awb-columns:2;--awb-column-spacing:2em;--awb-column-min-width:100px;\"><p><b>Mer information om produkten<br \/>\n<\/b><span data-contrast=\"auto\">Duschhyllan \u00e4r utformad f\u00f6r att b\u00e4ra vikten av vanliga hygien- och v\u00e5rdprodukter. Botten har h\u00e5l f\u00f6r effektiv vattenavrinning, vilket g\u00f6r den hygienisk och l\u00e4tt att reng\u00f6ra.\u00a0<\/span><span data-ccp-props=\"\">\u00a0<\/span><\/p>\n<p><span data-contrast=\"auto\">Om n\u00e5got f\u00e4sts i h\u00e5len eller om hyllan uts\u00e4tts f\u00f6r onormal belastning, sl\u00e4pper den automatiskt fr\u00e5n f\u00e4stet f\u00f6r att f\u00f6rhindra skador och undanr\u00f6ja risker.\u00a0<\/span><span data-ccp-props=\"\">\u00a0<\/span><\/p>\n<p><span data-contrast=\"auto\">V\u00e4ggf\u00e4stet \u00e4r konstruerat med fasade kanter och flexibla h\u00e5llare som f\u00f6rhindrar att sn\u00f6ren eller remmar kan f\u00e4stas \u2013 en \u00e5tg\u00e4rd som minskar risken f\u00f6r sj\u00e4lvskada och \u00f6kar tryggheten.<\/span><span data-ccp-props=\"\">\u00a0<\/span><\/p>\n<p><span data-contrast=\"auto\">Hyllan g\u00f6r det enklare att h\u00e5lla ordning och st\u00e4dat i duschen, eftersom schampo och andra flaskor inte beh\u00f6ver placeras p\u00e5 golvet. Detta minskar risken f\u00f6r halk- och fallolyckor, samtidigt som det underl\u00e4ttar duschmomentet d\u00e5 man slipper b\u00f6ja sig ner f\u00f6r att h\u00e4mta produkter \u2013 en mer hygienisk och ergonomisk l\u00f6sning.<\/span><span data-ccp-props=\"\">\u00a0<\/span><\/p>\n<p><span data-contrast=\"auto\">Konstruktionen \u00e4r testad f\u00f6r att t\u00e5la upprepade belastningar utan att f\u00f6rlora sin funktion. Vertikala tester visar att hyllan och v\u00e4ggf\u00e4stet utl\u00f6ser vid 11 kg belastning med sn\u00f6re. Produkten \u00e4r kvalitetss\u00e4krad av\u00a0RISE\/SP och utvecklad i n\u00e4ra samarbete med Region\u00a0Hovedstadens\u00a0Psykiatri i Danmark.<\/span><span data-ccp-props=\"\">\u00a0<\/span><\/p>\n<p><span data-contrast=\"auto\">Designad och tillverkad f\u00f6r att uppfylla h\u00f6ga krav p\u00e5 s\u00e4kerhet, kvalitet och hygien. Den \u00e4r \u00e4ven formgiven f\u00f6r att harmoniera med \u00f6vriga produkter i sortimentet, s\u00e5som <a href=\"https:\/\/healsafeinterior.com\/sv\/produkt\/toalettpappershallare\/\">toalettpappersh\u00e5llare<\/a> och <a href=\"https:\/\/healsafeinterior.com\/sv\/produkt\/badrumshylla-vit-2-glas\/\">badrumshylla<\/a>, vilket skapar en enhetlig och funktionell helhet \u2013 samtidigt som den ger badrummet ett estetiskt lyft och bidrar till en trevligare milj\u00f6.<\/span><span data-ccp-props=\"\">\u00a0<\/span><\/p>\n<p><b><span data-contrast=\"auto\">Design<\/span><\/b><span data-contrast=\"auto\">:\u00a0Healsafe\u00a0Interi\u00f6r<\/span><br \/>\n<span data-ccp-props=\"\">\u00a0<\/span><\/p>\n<\/div><\/div><\/div><\/div><\/div><div class=\"fusion-fullwidth fullwidth-box fusion-builder-row-2 fusion-flex-container has-pattern-background has-mask-background hundred-percent-fullwidth non-hundred-percent-height-scrolling\" style=\"--awb-border-radius-top-left:0px;--awb-border-radius-top-right:0px;--awb-border-radius-bottom-right:0px;--awb-border-radius-bottom-left:0px;--awb-padding-top:4px;--awb-padding-right:6px;--awb-padding-bottom:0px;--awb-padding-left:6px;--awb-margin-top:40px;--awb-margin-bottom:20px;--awb-flex-wrap:wrap;\" ><div class=\"fusion-builder-row fusion-row fusion-flex-align-items-center fusion-flex-justify-content-center fusion-flex-content-wrap\" style=\"width:104% !important;max-width:104% !important;margin-left: calc(-4% \/ 2 );margin-right: calc(-4% \/ 2 );\"><div class=\"fusion-layout-column fusion_builder_column fusion-builder-column-1 fusion_builder_column_1_1 1_1 fusion-flex-column fusion-flex-align-self-center\" style=\"--awb-bg-size:cover;--awb-width-large:100%;--awb-margin-top-large:0px;--awb-spacing-right-large:1.92%;--awb-margin-bottom-large:3px;--awb-spacing-left-large:1.92%;--awb-width-medium:100%;--awb-order-medium:0;--awb-spacing-right-medium:1.92%;--awb-spacing-left-medium:1.92%;--awb-width-small:100%;--awb-order-small:0;--awb-spacing-right-small:1.92%;--awb-spacing-left-small:1.92%;\"><div class=\"fusion-column-wrapper fusion-column-has-shadow fusion-flex-justify-content-center fusion-content-layout-column\"><div class=\"fusion-tabs fusion-tabs-1 classic nav-not-justified horizontal-tabs icon-position-left mobile-mode-carousel\" style=\"--awb-title-border-radius-top-left:2px;--awb-title-border-radius-top-right:2px;--awb-title-border-radius-bottom-right:2px;--awb-title-border-radius-bottom-left:2px;--awb-content-padding-top:40px;--awb-content-padding-right:30px;--awb-content-padding-bottom:40px;--awb-content-padding-left:30px;--awb-title-padding-right:40px;--awb-title-padding-left:40px;--awb-title-font-size:17px;--awb-alignment:start;--awb-inactive-color:var(--awb-color2);--awb-title-text-color:var(--awb-color5);--awb-title-active-text-color:var(--awb-color7);--awb-background-color:var(--awb-color1);--awb-border-color:rgba(167,172,162,0);--awb-active-border-color:var(--awb-custom_color_2);--awb-title-font-family:&quot;Sen&quot;;--awb-title-font-style:normal;--awb-title-font-weight:400;\"><div class=\"nav\"><ul class=\"nav-tabs\" role=\"tablist\"><li class=\"active\" role=\"presentation\"><a class=\"tab-link\" data-toggle=\"tab\" role=\"tab\" aria-controls=\"tab-c28dfc88b2862018666\" aria-selected=\"true\" id=\"fusion-tab-produktvideo\" href=\"#tab-c28dfc88b2862018666\"><h3 class=\"fusion-tab-heading\">Produktvideo<\/h3><\/a><\/li><li role=\"presentation\"><a class=\"tab-link\" data-toggle=\"tab\" role=\"tab\" aria-controls=\"tab-87768c32111e6813c40\" aria-selected=\"false\" tabindex=\"-1\" id=\"fusion-tab-utformaetts\u00e4kertbadrum\" href=\"#tab-87768c32111e6813c40\"><h3 class=\"fusion-tab-heading\">Utforma ett s\u00e4kert badrum<\/h3><\/a><\/li><\/ul><\/div><div class=\"tab-content\"><div class=\"tab-pane fade fusion-clearfix in active\" role=\"tabpanel\" tabindex=\"0\" aria-labelledby=\"fusion-tab-produktvideo\" id=\"tab-c28dfc88b2862018666\">\n<div class=\"fusion-builder-row fusion-builder-row-inner fusion-row fusion-flex-align-items-center fusion-flex-justify-content-center fusion-flex-content-wrap\" style=\"width:104% !important;max-width:104% !important;margin-left: calc(-4% \/ 2 );margin-right: calc(-4% \/ 2 );\"><div class=\"fusion-layout-column fusion_builder_column_inner fusion-builder-nested-column-0 fusion_builder_column_inner_1_3 1_3 fusion-flex-column\" style=\"--awb-bg-size:cover;--awb-width-large:33.333333333333%;--awb-margin-top-large:0px;--awb-spacing-right-large:5.76%;--awb-margin-bottom-large:20px;--awb-spacing-left-large:5.76%;--awb-width-medium:100%;--awb-order-medium:0;--awb-spacing-right-medium:1.92%;--awb-spacing-left-medium:1.92%;--awb-width-small:100%;--awb-order-small:0;--awb-spacing-right-small:1.92%;--awb-spacing-left-small:1.92%;\"><div class=\"fusion-column-wrapper fusion-column-has-shadow fusion-flex-justify-content-flex-start fusion-content-layout-column\"><div class=\"fusion-video fusion-vimeo fusion-alignleft\" style=\"--awb-max-width:600px;--awb-max-height:360px;--awb-width:100%;\"><div class=\"video-shortcode\"><lite-vimeo videoid=\"601707650\" class=\"landscape\" params=\"autoplay=1autoplay=0&amp;autopause=0\" title=\"Vimeo video player 1\" data-button-label=\"Play Video\"  width=\"600\" height=\"360\"><\/lite-vimeo><\/div><\/div><\/div><\/div>\n<div class=\"fusion-layout-column fusion_builder_column_inner fusion-builder-nested-column-1 fusion_builder_column_inner_1_3 1_3 fusion-flex-column\" style=\"--awb-bg-size:cover;--awb-width-large:33.333333333333%;--awb-margin-top-large:0px;--awb-spacing-right-large:5.76%;--awb-margin-bottom-large:20px;--awb-spacing-left-large:5.76%;--awb-width-medium:100%;--awb-order-medium:0;--awb-spacing-right-medium:1.92%;--awb-spacing-left-medium:1.92%;--awb-width-small:100%;--awb-order-small:0;--awb-spacing-right-small:1.92%;--awb-spacing-left-small:1.92%;\"><div class=\"fusion-column-wrapper fusion-column-has-shadow fusion-flex-justify-content-flex-start fusion-content-layout-column\"><\/div><\/div>\n<div class=\"fusion-layout-column fusion_builder_column_inner fusion-builder-nested-column-2 fusion_builder_column_inner_1_3 1_3 fusion-flex-column\" style=\"--awb-bg-size:cover;--awb-width-large:33.333333333333%;--awb-margin-top-large:0px;--awb-spacing-right-large:5.76%;--awb-margin-bottom-large:20px;--awb-spacing-left-large:5.76%;--awb-width-medium:100%;--awb-order-medium:0;--awb-spacing-right-medium:1.92%;--awb-spacing-left-medium:1.92%;--awb-width-small:100%;--awb-order-small:0;--awb-spacing-right-small:1.92%;--awb-spacing-left-small:1.92%;\"><div class=\"fusion-column-wrapper fusion-column-has-shadow fusion-flex-justify-content-flex-start fusion-content-layout-column\"><\/div><\/div>\n<\/div>\n<\/div><div class=\"tab-pane fade fusion-clearfix\" role=\"tabpanel\" tabindex=\"0\" aria-labelledby=\"fusion-tab-utformaetts\u00e4kertbadrum\" id=\"tab-87768c32111e6813c40\"><div class=\"fusion-builder-row fusion-builder-row-inner fusion-row fusion-flex-align-items-center fusion-flex-justify-content-center fusion-flex-content-wrap\" style=\"width:104% !important;max-width:104% !important;margin-left: calc(-4% \/ 2 );margin-right: calc(-4% \/ 2 );\"><div class=\"fusion-layout-column fusion_builder_column_inner fusion-builder-nested-column-3 fusion_builder_column_inner_1_3 1_3 fusion-flex-column\" style=\"--awb-bg-size:cover;--awb-width-large:33.333333333333%;--awb-margin-top-large:0px;--awb-spacing-right-large:5.76%;--awb-margin-bottom-large:20px;--awb-spacing-left-large:5.76%;--awb-width-medium:100%;--awb-order-medium:0;--awb-spacing-right-medium:1.92%;--awb-spacing-left-medium:1.92%;--awb-width-small:100%;--awb-order-small:0;--awb-spacing-right-small:1.92%;--awb-spacing-left-small:1.92%;\"><div class=\"fusion-column-wrapper fusion-column-has-shadow fusion-flex-justify-content-flex-start fusion-content-layout-column\"><div class=\"fusion-video fusion-vimeo fusion-alignleft\" style=\"--awb-max-width:600px;--awb-max-height:360px;--awb-width:100%;\"><div class=\"video-shortcode\"><lite-vimeo videoid=\"667713680\" class=\"landscape\" params=\"autoplay=1autoplay=0&amp;autopause=0\" title=\"Vimeo video player 2\" data-button-label=\"Play Video\"  width=\"600\" height=\"360\"><\/lite-vimeo><\/div><\/div><\/div><\/div>\n<div class=\"fusion-layout-column fusion_builder_column_inner fusion-builder-nested-column-4 fusion_builder_column_inner_1_3 1_3 fusion-flex-column\" style=\"--awb-bg-size:cover;--awb-width-large:33.333333333333%;--awb-margin-top-large:0px;--awb-spacing-right-large:5.76%;--awb-margin-bottom-large:20px;--awb-spacing-left-large:5.76%;--awb-width-medium:100%;--awb-order-medium:0;--awb-spacing-right-medium:1.92%;--awb-spacing-left-medium:1.92%;--awb-width-small:100%;--awb-order-small:0;--awb-spacing-right-small:1.92%;--awb-spacing-left-small:1.92%;\"><div class=\"fusion-column-wrapper fusion-column-has-shadow fusion-flex-justify-content-flex-start fusion-content-layout-column\"><\/div><\/div>\n<div class=\"fusion-layout-column fusion_builder_column_inner fusion-builder-nested-column-5 fusion_builder_column_inner_1_3 1_3 fusion-flex-column\" style=\"--awb-bg-size:cover;--awb-width-large:33.333333333333%;--awb-margin-top-large:0px;--awb-spacing-right-large:5.76%;--awb-margin-bottom-large:20px;--awb-spacing-left-large:5.76%;--awb-width-medium:100%;--awb-order-medium:0;--awb-spacing-right-medium:1.92%;--awb-spacing-left-medium:1.92%;--awb-width-small:100%;--awb-order-small:0;--awb-spacing-right-small:1.92%;--awb-spacing-left-small:1.92%;\"><div class=\"fusion-column-wrapper fusion-column-has-shadow fusion-flex-justify-content-flex-start fusion-content-layout-column\"><\/div><\/div>\n<\/div><\/div><\/div><\/div><\/div><\/div><\/div><\/div><div class=\"fusion-fullwidth fullwidth-box fusion-builder-row-3 fusion-flex-container has-pattern-background has-mask-background hundred-percent-fullwidth non-hundred-percent-height-scrolling\" style=\"--awb-border-radius-top-left:0px;--awb-border-radius-top-right:0px;--awb-border-radius-bottom-right:0px;--awb-border-radius-bottom-left:0px;--awb-padding-top:4px;--awb-padding-right:6px;--awb-padding-bottom:0px;--awb-padding-left:6px;--awb-margin-top:5px;--awb-margin-bottom:20px;--awb-flex-wrap:wrap;\" ><div class=\"fusion-builder-row fusion-row fusion-flex-align-items-center fusion-flex-justify-content-center fusion-flex-content-wrap\" style=\"width:104% !important;max-width:104% !important;margin-left: calc(-4% \/ 2 );margin-right: calc(-4% \/ 2 );\"><div class=\"fusion-layout-column fusion_builder_column fusion-builder-column-2 fusion_builder_column_1_1 1_1 fusion-flex-column fusion-flex-align-self-center\" style=\"--awb-bg-size:cover;--awb-width-large:100%;--awb-margin-top-large:0px;--awb-spacing-right-large:1.92%;--awb-margin-bottom-large:3px;--awb-spacing-left-large:1.92%;--awb-width-medium:100%;--awb-order-medium:0;--awb-spacing-right-medium:1.92%;--awb-spacing-left-medium:1.92%;--awb-width-small:100%;--awb-order-small:0;--awb-spacing-right-small:1.92%;--awb-spacing-left-small:1.92%;\"><div class=\"fusion-column-wrapper fusion-column-has-shadow fusion-flex-justify-content-center fusion-content-layout-column\"><div class=\"fusion-title title fusion-title-1 fusion-sep-none fusion-title-text fusion-title-size-two\"><h2 class=\"fusion-title-heading title-heading-left fusion-responsive-typography-calculated\" style=\"margin:0;--fontSize:30;line-height:1.5;\">Produktdata<\/h2><\/div><div class=\"fusion-text fusion-text-2 awb-text-cols fusion-text-columns-2\" style=\"--awb-columns:2;--awb-column-spacing:2em;--awb-column-min-width:100px;\"><p><b><span data-contrast=\"auto\">Material<\/span><\/b><span data-ccp-props=\"{\"><br \/>\n<\/span><span data-contrast=\"auto\">Plast<\/span><span data-ccp-props=\"{\">\u00a0<\/span><\/p>\n<p><b><span data-contrast=\"auto\">Montering<\/span><\/b><span data-ccp-props=\"{\"><br \/>\n<\/span><span data-contrast=\"auto\">V\u00e4ggf\u00e4stet ska monteras mot en helt plan yta f\u00f6r att s\u00e4kerst\u00e4lla en t\u00e4t och stabil anslutning mellan f\u00e4ste och v\u00e4gg. Detta minimerar utrymmet bakom v\u00e4ggf\u00e4stet och f\u00f6rsv\u00e5rar d\u00e4rmed m\u00f6jligheten att f\u00e4sta sn\u00f6ren, remmar eller liknande objekt som kan anv\u00e4ndas i sj\u00e4lvskadande syfte.\u00a0<\/span><span data-ccp-props=\"{\"><br \/>\n<\/span><span data-contrast=\"auto\">V\u00e4ggf\u00e4stet monteras med s\u00e4kerhetsskruv JT-271.<\/span><span data-ccp-props=\"{\"><br \/>\n<\/span><span data-contrast=\"auto\">Montering ska ske i enlighet med <a href=\"https:\/\/healsafeinterior.com\/sv\/resurscenter\/\">monteringsanvisningarna<\/a>.<\/span><span data-ccp-props=\"{\">\u00a0<\/span><\/p>\n<p><b><span data-contrast=\"auto\">Underh\u00e5ll<\/span><\/b><span data-ccp-props=\"{\"><br \/>\n<\/span><span data-contrast=\"auto\">Duschhyllan\u00a0kan reng\u00f6ras med en mjuk duk med milt flytande reng\u00f6ringsmedel. Vid behov kan\u00a0duschhyllan\u00a0desinficeras med alkoholbaserade desinfektionsmedel. Anv\u00e4nd\u00a0aldrig reng\u00f6ringsprodukter som inneh\u00e5ller\u00a0slipmedel eller svampar med str\u00e4va ytor.\u00a0<\/span><span data-ccp-props=\"{\">\u00a0<\/span><\/p>\n<p><b><span data-contrast=\"auto\">Teknisk data<\/span><\/b><span data-ccp-props=\"{\"><br \/>\n<\/span><span data-contrast=\"auto\">M\u00e5tt:\u00a0H\u00a0100\u00a0mm, B\u00a0210\u00a0mm, D\u00a0100\u00a0mm<\/span><span data-ccp-props=\"{\">\u00a0<\/span><\/p>\n<p><b><span data-contrast=\"auto\">F\u00e4rger<\/span><\/b><span data-ccp-props=\"{\"><br \/>\n<\/span><span data-contrast=\"auto\">Vit som standard. Kan \u00e4ven erbjudas i kundanpassad f\u00e4rg vid f\u00f6rfr\u00e5gan.<\/span><span data-ccp-props=\"{\">\u00a0<\/span><\/p>\n<p><b><span data-contrast=\"auto\">H\u00e5llbarhet<\/span><\/b><br \/>\n<span data-contrast=\"auto\">Duschhyllans\u00a0konstruktion och material \u00e4r utvalda f\u00f6r att f\u00f6rl\u00e4nga produktens livsl\u00e4ngd.<\/span><span data-ccp-props=\"{\"><br \/>\n<\/span><span data-contrast=\"auto\">Vertikala belastningstester visar att b\u00e5de duschhyllan och v\u00e4ggf\u00e4stet utl\u00f6ser vid 11 kg belastning med sn\u00f6re. Produkten \u00e4r testad av RISE\/SP f\u00f6r att klara 1000 utl\u00f6sningar och \u00e4nd\u00e5 beh\u00e5lla sin form och funktion.<\/span><br \/>\n<span data-contrast=\"auto\">K\u00e4llsorteras som h\u00e5rdplast.<\/span><span data-ccp-props=\"{\">\u00a0<\/span><\/p>\n<p><b><span data-contrast=\"auto\">Leverans<\/span><\/b><span data-ccp-props=\"{\"><br \/>\n<\/span><span data-contrast=\"auto\">Leveranstid\u00a01\u00a0vecka.\u00a0<\/span><span data-ccp-props=\"{\"><br \/>\n<\/span><span data-contrast=\"auto\">Observera att of\u00f6rutsedda h\u00e4ndelser kan p\u00e5verka leveransen. F\u00f6r mer information om aktuell leveranstid i samband med orderbekr\u00e4ftelse eller innan best\u00e4llning,\u00a0v\u00e4nligen kontakta oss p\u00e5\u00a0<\/span><a href=\"mailto:info@healsafeinterior.com\"><span data-contrast=\"none\">info@healsafeinterior.com<\/span><\/a><span data-contrast=\"auto\">.\u00a0<\/span><span data-ccp-props=\"{\">\u00a0<\/span><\/p>\n<p><b><span data-contrast=\"auto\">Garanti<\/span><\/b><span data-ccp-props=\"{\"><br \/>\n<\/span><span data-contrast=\"auto\">3 \u00e5r. G\u00e4ller vid normal anv\u00e4ndning. Full garanti l\u00e4mnas f\u00f6r tillverkningsfel.<\/span><span data-ccp-props=\"{\">\u00a0<\/span><\/p>\n<p><b><span data-contrast=\"auto\">Tillverkning\/produktion<\/span><\/b><span data-ccp-props=\"{\"><br \/>\n<\/span><span data-contrast=\"auto\">Sverige<\/span><span data-ccp-props=\"{\">\u00a0<\/span><\/p>\n<\/div><\/div><\/div><\/div><\/div><\/p>\n","protected":false},"excerpt":{"rendered":"<p><i><span data-contrast=\"auto\">En skadepreventiv och anv\u00e4ndarv\u00e4nlig duschhylla som kombinerar s\u00e4kerhet, funktionalitet och stilren design. Den \u00e4r utvecklad f\u00f6r milj\u00f6er d\u00e4r trygghet \u00e4r avg\u00f6rande och bidrar till en s\u00e4ker och hygienisk badrumsmilj\u00f6.<\/span><\/i><span data-ccp-props=\"{&quot;201341983&quot;:0,&quot;335559740&quot;:259}\">\u00a0<\/span><\/p>\n<ul>\n<li aria-setsize=\"-1\" data-leveltext=\"\uf0b7\" data-font=\"Symbol\" data-listid=\"30\" data-list-defn-props=\"{&quot;335552541&quot;:1,&quot;335559685&quot;:720,&quot;335559991&quot;:360,&quot;469769226&quot;:&quot;Symbol&quot;,&quot;469769242&quot;:[8226],&quot;469777803&quot;:&quot;left&quot;,&quot;469777804&quot;:&quot;\uf0b7&quot;,&quot;469777815&quot;:&quot;hybridMultilevel&quot;}\" data-aria-posinset=\"1\" data-aria-level=\"1\"><span data-contrast=\"auto\">Lossnar fr\u00e5n v\u00e4ggf\u00e4stet vid riskbelastning och minskar risken f\u00f6r olyckor<\/span><span data-ccp-props=\"{&quot;201341983&quot;:0,&quot;335559740&quot;:259}\">\u00a0<\/span><\/li>\n<\/ul>\n<ul>\n<li aria-setsize=\"-1\" data-leveltext=\"\uf0b7\" data-font=\"Symbol\" data-listid=\"30\" data-list-defn-props=\"{&quot;335552541&quot;:1,&quot;335559685&quot;:720,&quot;335559991&quot;:360,&quot;469769226&quot;:&quot;Symbol&quot;,&quot;469769242&quot;:[8226],&quot;469777803&quot;:&quot;left&quot;,&quot;469777804&quot;:&quot;\uf0b7&quot;,&quot;469777815&quot;:&quot;hybridMultilevel&quot;}\" data-aria-posinset=\"2\" data-aria-level=\"1\"><span data-contrast=\"auto\">Tillverkad i stark och t\u00e5lig plast som inte kan g\u00f6ras vass<\/span><span data-ccp-props=\"{&quot;201341983&quot;:0,&quot;335559740&quot;:259}\">\u00a0<\/span><\/li>\n<\/ul>\n<ul>\n<li aria-setsize=\"-1\" data-leveltext=\"\uf0b7\" data-font=\"Symbol\" data-listid=\"30\" data-list-defn-props=\"{&quot;335552541&quot;:1,&quot;335559685&quot;:720,&quot;335559991&quot;:360,&quot;469769226&quot;:&quot;Symbol&quot;,&quot;469769242&quot;:[8226],&quot;469777803&quot;:&quot;left&quot;,&quot;469777804&quot;:&quot;\uf0b7&quot;,&quot;469777815&quot;:&quot;hybridMultilevel&quot;}\" data-aria-posinset=\"3\" data-aria-level=\"1\"><span data-contrast=\"auto\">Rundade h\u00f6rn f\u00f6r enkel reng\u00f6ring och minimerad skaderisk<\/span><span data-ccp-props=\"{&quot;201341983&quot;:0,&quot;335559740&quot;:259}\">\u00a0<\/span><\/li>\n<\/ul>\n<p><span data-contrast=\"auto\">Duschhyllan\u00a0\u00e4r s\u00e4rskilt l\u00e4mpad f\u00f6r alla milj\u00f6er med s\u00e4rskilda s\u00e4kerhetskrav s\u00e5 som\u00a0t.ex.\u00a0psykiatrisk v\u00e5rd, ungdomsv\u00e5rd, behandlingshem och kriminalv\u00e5rd.<\/span><span data-ccp-props=\"{&quot;201341983&quot;:0,&quot;335559739&quot;:0,&quot;335559740&quot;:259}\">\u00a0<\/span><\/p>\n<p><span class=\"TextRun SCXW87632569 BCX0\" lang=\"SV-SE\" xml:lang=\"SV-SE\" data-contrast=\"auto\"><span class=\"NormalTextRun SCXW87632569 BCX0\">L\u00e4mplig f\u00f6r b\u00e5de privata och gemensamma badrum<\/span><\/span><\/p>\n","protected":false},"featured_media":11240,"template":"","meta":[],"product_brand":[],"product_cat":[597,593],"product_tag":[],"class_list":{"0":"post-15793","1":"product","2":"type-product","3":"status-publish","4":"has-post-thumbnail","6":"product_cat-andra-badrumsartiklar","7":"product_cat-badrumsprodukter","9":"first","10":"instock","11":"shipping-taxable","12":"purchasable","13":"product-type-variable"},"_links":{"self":[{"href":"https:\/\/healsafeinterior.com\/sv\/wp-json\/wp\/v2\/product\/15793","targetHints":{"allow":["GET"]}}],"collection":[{"href":"https:\/\/healsafeinterior.com\/sv\/wp-json\/wp\/v2\/product"}],"about":[{"href":"https:\/\/healsafeinterior.com\/sv\/wp-json\/wp\/v2\/types\/product"}],"wp:featuredmedia":[{"embeddable":true,"href":"https:\/\/healsafeinterior.com\/sv\/wp-json\/wp\/v2\/media\/11240"}],"wp:attachment":[{"href":"https:\/\/healsafeinterior.com\/sv\/wp-json\/wp\/v2\/media?parent=15793"}],"wp:term":[{"taxonomy":"product_brand","embeddable":true,"href":"https:\/\/healsafeinterior.com\/sv\/wp-json\/wp\/v2\/product_brand?post=15793"},{"taxonomy":"product_cat","embeddable":true,"href":"https:\/\/healsafeinterior.com\/sv\/wp-json\/wp\/v2\/product_cat?post=15793"},{"taxonomy":"product_tag","embeddable":true,"href":"https:\/\/healsafeinterior.com\/sv\/wp-json\/wp\/v2\/product_tag?post=15793"}],"curies":[{"name":"wp","href":"https:\/\/api.w.org\/{rel}","templated":true}]}}