{"id":15773,"date":"2018-11-07T12:22:18","date_gmt":"2018-11-07T11:22:18","guid":{"rendered":"https:\/\/healsafeinterior.com\/product\/badrumsspegel-vit\/"},"modified":"2026-04-15T11:25:43","modified_gmt":"2026-04-15T09:25:43","slug":"badrumsspegel-vit","status":"publish","type":"product","link":"https:\/\/healsafeinterior.com\/sv\/produkt\/badrumsspegel-vit\/","title":{"rendered":"Badrumsspegel, vit"},"content":{"rendered":"<p><div class=\"fusion-fullwidth fullwidth-box fusion-builder-row-1 fusion-flex-container has-pattern-background has-mask-background hundred-percent-fullwidth non-hundred-percent-height-scrolling\" style=\"--awb-border-radius-top-left:0px;--awb-border-radius-top-right:0px;--awb-border-radius-bottom-right:0px;--awb-border-radius-bottom-left:0px;--awb-padding-top:4px;--awb-padding-right:6px;--awb-padding-bottom:0px;--awb-padding-left:6px;--awb-margin-top:40px;--awb-margin-bottom:20px;--awb-flex-wrap:wrap;\" ><div class=\"fusion-builder-row fusion-row fusion-flex-align-items-center fusion-flex-justify-content-center fusion-flex-content-wrap\" style=\"width:104% !important;max-width:104% !important;margin-left: calc(-4% \/ 2 );margin-right: calc(-4% \/ 2 );\"><div class=\"fusion-layout-column fusion_builder_column fusion-builder-column-0 fusion_builder_column_1_1 1_1 fusion-flex-column fusion-flex-align-self-center\" style=\"--awb-bg-size:cover;--awb-width-large:100%;--awb-margin-top-large:0px;--awb-spacing-right-large:1.92%;--awb-margin-bottom-large:3px;--awb-spacing-left-large:1.92%;--awb-width-medium:100%;--awb-order-medium:0;--awb-spacing-right-medium:1.92%;--awb-spacing-left-medium:1.92%;--awb-width-small:100%;--awb-order-small:0;--awb-spacing-right-small:1.92%;--awb-spacing-left-small:1.92%;\"><div class=\"fusion-column-wrapper fusion-column-has-shadow fusion-flex-justify-content-center fusion-content-layout-column\"><div class=\"fusion-tabs fusion-tabs-1 classic nav-not-justified horizontal-tabs icon-position-left mobile-mode-carousel\" style=\"--awb-title-border-radius-top-left:2px;--awb-title-border-radius-top-right:2px;--awb-title-border-radius-bottom-right:2px;--awb-title-border-radius-bottom-left:2px;--awb-content-padding-top:40px;--awb-content-padding-right:30px;--awb-content-padding-bottom:40px;--awb-content-padding-left:30px;--awb-title-padding-right:40px;--awb-title-padding-left:40px;--awb-title-font-size:17px;--awb-alignment:start;--awb-inactive-color:var(--awb-color2);--awb-title-text-color:var(--awb-color5);--awb-title-active-text-color:var(--awb-color7);--awb-background-color:var(--awb-color1);--awb-border-color:rgba(167,172,162,0);--awb-active-border-color:var(--awb-custom_color_2);--awb-title-font-family:&quot;Sen&quot;;--awb-title-font-style:normal;--awb-title-font-weight:400;\"><div class=\"nav\"><ul class=\"nav-tabs\" role=\"tablist\"><li class=\"active\" role=\"presentation\"><a class=\"tab-link\" data-toggle=\"tab\" role=\"tab\" aria-controls=\"tab-72bf838776deee0bcb3\" aria-selected=\"true\" id=\"fusion-tab-utformaetts\u00e4kertbadrum\" href=\"#tab-72bf838776deee0bcb3\"><h3 class=\"fusion-tab-heading\">Utforma ett s\u00e4kert badrum<\/h3><\/a><\/li><\/ul><\/div><div class=\"tab-content\"><div class=\"tab-pane fade fusion-clearfix in active\" role=\"tabpanel\" tabindex=\"0\" aria-labelledby=\"fusion-tab-utformaetts\u00e4kertbadrum\" id=\"tab-72bf838776deee0bcb3\"><div class=\"fusion-builder-row fusion-builder-row-inner fusion-row fusion-flex-align-items-center fusion-flex-justify-content-center fusion-flex-content-wrap\" style=\"width:104% !important;max-width:104% !important;margin-left: calc(-4% \/ 2 );margin-right: calc(-4% \/ 2 );\"><div class=\"fusion-layout-column fusion_builder_column_inner fusion-builder-nested-column-0 fusion_builder_column_inner_1_3 1_3 fusion-flex-column\" style=\"--awb-bg-size:cover;--awb-width-large:33.333333333333%;--awb-margin-top-large:0px;--awb-spacing-right-large:5.76%;--awb-margin-bottom-large:20px;--awb-spacing-left-large:5.76%;--awb-width-medium:100%;--awb-order-medium:0;--awb-spacing-right-medium:1.92%;--awb-spacing-left-medium:1.92%;--awb-width-small:100%;--awb-order-small:0;--awb-spacing-right-small:1.92%;--awb-spacing-left-small:1.92%;\"><div class=\"fusion-column-wrapper fusion-column-has-shadow fusion-flex-justify-content-flex-start fusion-content-layout-column\"><div class=\"fusion-video fusion-vimeo fusion-alignleft\" style=\"--awb-max-width:600px;--awb-max-height:360px;--awb-width:100%;\"><div class=\"video-shortcode\"><lite-vimeo videoid=\"667713680\" class=\"landscape\" params=\"autoplay=1autoplay=0&amp;autopause=0\" title=\"Vimeo video player 1\" data-button-label=\"Play Video\"  width=\"600\" height=\"360\"><\/lite-vimeo><\/div><\/div><\/div><\/div>\n<div class=\"fusion-layout-column fusion_builder_column_inner fusion-builder-nested-column-1 fusion_builder_column_inner_1_3 1_3 fusion-flex-column\" style=\"--awb-bg-size:cover;--awb-width-large:33.333333333333%;--awb-margin-top-large:0px;--awb-spacing-right-large:5.76%;--awb-margin-bottom-large:20px;--awb-spacing-left-large:5.76%;--awb-width-medium:100%;--awb-order-medium:0;--awb-spacing-right-medium:1.92%;--awb-spacing-left-medium:1.92%;--awb-width-small:100%;--awb-order-small:0;--awb-spacing-right-small:1.92%;--awb-spacing-left-small:1.92%;\"><div class=\"fusion-column-wrapper fusion-column-has-shadow fusion-flex-justify-content-flex-start fusion-content-layout-column\"><\/div><\/div>\n<div class=\"fusion-layout-column fusion_builder_column_inner fusion-builder-nested-column-2 fusion_builder_column_inner_1_3 1_3 fusion-flex-column\" style=\"--awb-bg-size:cover;--awb-width-large:33.333333333333%;--awb-margin-top-large:0px;--awb-spacing-right-large:5.76%;--awb-margin-bottom-large:20px;--awb-spacing-left-large:5.76%;--awb-width-medium:100%;--awb-order-medium:0;--awb-spacing-right-medium:1.92%;--awb-spacing-left-medium:1.92%;--awb-width-small:100%;--awb-order-small:0;--awb-spacing-right-small:1.92%;--awb-spacing-left-small:1.92%;\"><div class=\"fusion-column-wrapper fusion-column-has-shadow fusion-flex-justify-content-flex-start fusion-content-layout-column\"><\/div><\/div>\n<\/div><\/div><\/div><\/div><\/div><\/div><\/div><\/div><div class=\"fusion-fullwidth fullwidth-box fusion-builder-row-2 fusion-flex-container has-pattern-background has-mask-background hundred-percent-fullwidth non-hundred-percent-height-scrolling\" style=\"--awb-border-radius-top-left:0px;--awb-border-radius-top-right:0px;--awb-border-radius-bottom-right:0px;--awb-border-radius-bottom-left:0px;--awb-padding-top:4px;--awb-padding-right:6px;--awb-padding-bottom:0px;--awb-padding-left:6px;--awb-flex-wrap:wrap;\" ><div class=\"fusion-builder-row fusion-row fusion-flex-align-items-center fusion-flex-justify-content-center fusion-flex-content-wrap\" style=\"width:104% !important;max-width:104% !important;margin-left: calc(-4% \/ 2 );margin-right: calc(-4% \/ 2 );\"><div class=\"fusion-layout-column fusion_builder_column fusion-builder-column-1 fusion_builder_column_1_1 1_1 fusion-flex-column fusion-flex-align-self-center\" style=\"--awb-bg-size:cover;--awb-width-large:100%;--awb-margin-top-large:0px;--awb-spacing-right-large:1.92%;--awb-margin-bottom-large:3px;--awb-spacing-left-large:1.92%;--awb-width-medium:100%;--awb-order-medium:0;--awb-spacing-right-medium:1.92%;--awb-spacing-left-medium:1.92%;--awb-width-small:100%;--awb-order-small:0;--awb-spacing-right-small:1.92%;--awb-spacing-left-small:1.92%;\"><div class=\"fusion-column-wrapper fusion-column-has-shadow fusion-flex-justify-content-center fusion-content-layout-column\"><div class=\"fusion-title title fusion-title-1 fusion-sep-none fusion-title-text fusion-title-size-three\" style=\"--awb-font-size:32px;\"><h3 class=\"fusion-title-heading title-heading-left fusion-responsive-typography-calculated\" style=\"margin:0;font-size:1em;--fontSize:32;line-height:1.2;\">Produktdata<\/h3><\/div><\/div><\/div><\/div><\/div><div class=\"fusion-fullwidth fullwidth-box fusion-builder-row-3 fusion-flex-container has-pattern-background has-mask-background nonhundred-percent-fullwidth non-hundred-percent-height-scrolling\" style=\"--awb-border-radius-top-left:0px;--awb-border-radius-top-right:0px;--awb-border-radius-bottom-right:0px;--awb-border-radius-bottom-left:0px;--awb-padding-top:4px;--awb-padding-right:6px;--awb-padding-left:6px;--awb-flex-wrap:wrap;\" ><div class=\"fusion-builder-row fusion-row fusion-flex-align-items-flex-start fusion-flex-content-wrap\" style=\"max-width:1597.44px;margin-left: calc(-4% \/ 2 );margin-right: calc(-4% \/ 2 );\"><div class=\"fusion-layout-column fusion_builder_column fusion-builder-column-2 fusion_builder_column_1_1 1_1 fusion-flex-column\" style=\"--awb-bg-size:cover;--awb-width-large:100%;--awb-margin-top-large:0px;--awb-spacing-right-large:1.92%;--awb-margin-bottom-large:20px;--awb-spacing-left-large:1.92%;--awb-width-medium:100%;--awb-order-medium:0;--awb-spacing-right-medium:1.92%;--awb-spacing-left-medium:1.92%;--awb-width-small:100%;--awb-order-small:0;--awb-spacing-right-small:1.92%;--awb-spacing-left-small:1.92%;\"><div class=\"fusion-column-wrapper fusion-column-has-shadow fusion-flex-justify-content-flex-start fusion-content-layout-column\"><div class=\"fusion-text fusion-text-1 awb-text-cols fusion-text-columns-2\" style=\"--awb-content-alignment:left;--awb-columns:2;--awb-column-spacing:2em;--awb-column-min-width:100px;\"><p><b><span data-contrast=\"none\">Material<\/span><\/b><span data-ccp-props=\"\"><br \/>\n<\/span><span data-contrast=\"none\">Ram av vattenresistent h\u00f6gtryckslaminat (HPL). Spegelglas av 6mm polykarbonat av h\u00f6gsta kvalitet.\u00a0<\/span><span data-ccp-props=\"\">\u00a0<\/span><\/p>\n<p><b><span data-contrast=\"none\">Montering<\/span><\/b><span data-ccp-props=\"\"><br \/>\n<\/span><span data-contrast=\"none\">Spegeln monteras med s\u00e4kerhetsskruv. Tillse att spegeln monteras p\u00e5 en plan v\u00e4ggyta s\u00e5 att springor mellan spegel och v\u00e4gg undviks.<\/span><span data-ccp-props=\"\">\u00a0<\/span><\/p>\n<p><b><span data-contrast=\"none\">Underh\u00e5ll\u00a0<\/span><\/b><span data-ccp-props=\"\"><br \/>\n<\/span><span data-contrast=\"none\">Ramens yta reng\u00f6rs med ett milt, flytande reng\u00f6ringsmedel och en mjuk, ren duk i roterande r\u00f6relser. Sk\u00f6lj med rent vatten och torka torrt med en mjuk trasa. Vid mer ingrodd smuts kan en mjuk nylonborste anv\u00e4ndas p\u00e5 samma s\u00e4tt. Alkoholbaserade desinfektionsmedel kan anv\u00e4ndas p\u00e5 laminatytor vid behov. Anv\u00e4nd aldrig slipande reng\u00f6ringsmedel eller grova redskap som skursvampar, eftersom de kan repa och skada ytan. Kontrollera regelbundet att alla synliga skruvar \u00e4r \u00e5tdragna och att inga glipor har uppst\u00e5tt.<\/span><span data-ccp-props=\"\">\u00a0<\/span><\/p>\n<p><span data-contrast=\"none\">Spegelglaset \u00e4r med sin nanobehandlade yta resistent mot kemikalier och de flesta syraattacker. Graffiti eller nedsmutsning kan tas bort med l\u00f6sningsmedel eller klotterborttagningsmedel. Reng\u00f6r med ren och mjuk duk med ett milt flytande reng\u00f6ringsmedel. Anv\u00e4nd ej kemikalier med slipmedel eller svampar med str\u00e4va ytor.<\/span><span data-ccp-props=\"\">\u00a0<\/span><\/p>\n<p><b><span data-contrast=\"none\">Tekniska data<\/span><\/b><span data-ccp-props=\"\"><br \/>\n<\/span><span data-contrast=\"none\">JT410: B 380 mm, H 600 mm, D 21 mm, Vikt 4,8 kg<\/span><span data-ccp-props=\"\">\u00a0<\/span><\/p>\n<p><b><span data-contrast=\"none\">F\u00e4rger<\/span><\/b><span data-ccp-props=\"\"><br \/>\n<\/span><span data-contrast=\"none\">Vit med svarta kanter.<\/span><span data-ccp-props=\"\">\u00a0<\/span><\/p>\n<p><b><span data-contrast=\"none\">H\u00e5llbarhet<\/span><\/b><span data-ccp-props=\"\"><br \/>\n<\/span><span data-contrast=\"none\">Produkten \u00e4r tillverkad av h\u00f6gtryckslaminat, ett vattenresistent, starkt och t\u00e5ligt material som ger l\u00e5ng livsl\u00e4ngd. Laminatytan<\/span> <span data-contrast=\"none\">\u00e4r rept\u00e5lig (men kan repas med vassa f\u00f6rem\u00e5l), l\u00e4tt att reng\u00f6ra och beh\u00e5ller sitt utseende \u00f6ver tid \u2013 vilket g\u00f6r den till ett h\u00e5llbart och praktiskt val f\u00f6r kr\u00e4vande milj\u00f6er.<\/span><span data-ccp-props=\"\">\u00a0<\/span><\/p>\n<p><span data-contrast=\"none\">Spegelglaset \u00e4r utbytbart och nytt kan best\u00e4llas via Healsafe Interi\u00f6r.\u00a0<\/span><span data-ccp-props=\"\">\u00a0<\/span><\/p>\n<p><span data-contrast=\"none\">Ram i h\u00f6gtryckslaminat \u00e5tervinns som br\u00e4nnbart.<\/span><span data-ccp-props=\"\">\u00a0<\/span><\/p>\n<p><span data-contrast=\"none\">Spegelglaset \u00e5tervinns som h\u00e5rdplast.<\/span><br \/>\n<span data-ccp-props=\"\">\u00a0<\/span><\/p>\n<p><b><span data-contrast=\"none\">Leverans<\/span><\/b><span data-ccp-props=\"\"><br \/>\n<\/span><span data-contrast=\"none\">Leveranstid \u00e4r 4-6 veckor. Observera att of\u00f6rutsedda h\u00e4ndelser kan p\u00e5verka leveransen.\u00a0<\/span><\/p>\n<p><span data-contrast=\"none\">Vid intresse, v\u00e4nligen kontakta oss p\u00e5 <\/span><a href=\"mailto:info@healsafeinterior.com\"><b><span data-contrast=\"auto\">info@healsafeinterior.com<\/span><\/b><\/a><span data-contrast=\"none\">.<\/span><span data-ccp-props=\"\">\u00a0<\/span><\/p>\n<p><b><span data-contrast=\"none\">Garanti<\/span><\/b><span data-ccp-props=\"\"><br \/>\n<\/span><span data-contrast=\"none\">5 \u00e5r. G\u00e4ller vid normal anv\u00e4ndning. <\/span><br \/>\n<span data-contrast=\"none\">Full garanti mot tillverkningsfel.<\/span><span data-ccp-props=\"\">\u00a0<\/span><\/p>\n<p><b><span data-contrast=\"none\">Tillverkning\/produktion<\/span><\/b><span data-ccp-props=\"\"><br \/>\n<\/span><span data-contrast=\"none\">Sverige<\/span><span data-ccp-props=\"\">\u00a0<\/span><\/p>\n<\/div><\/div><\/div><\/div><\/div><\/p>\n","protected":false},"excerpt":{"rendered":"<p><i><span data-contrast=\"none\">Den suicidpreventiva badrumsspegeln f\u00f6renar h\u00f6g s\u00e4kerhet och funktion med ett attraktivt utseende.<\/span><\/i><span data-ccp-props=\"{&quot;134233117&quot;:true,&quot;134233118&quot;:true,&quot;201341983&quot;:0,&quot;335559740&quot;:259}\">\u00a0<\/span><\/p>\n<ul>\n<li><span data-contrast=\"none\">Okrossbar spegel som \u00e4r rept\u00e5lig och tillverkad i 6 mm polykarbonat med minimal bildf\u00f6rvr\u00e4ngning<\/span><span data-ccp-props=\"{&quot;134233117&quot;:true,&quot;134233118&quot;:true,&quot;201341983&quot;:0,&quot;335559740&quot;:240}\">\u00a0<\/span><\/li>\n<li><span data-contrast=\"none\">Vattenresistent ram med fasade kanter och t\u00e4t v\u00e4gganslutning som minskar risken f\u00f6r f\u00e4stpunkter<\/span><span data-ccp-props=\"{&quot;134233117&quot;:true,&quot;134233118&quot;:true,&quot;201341983&quot;:0,&quot;335559740&quot;:240}\">\u00a0<\/span><\/li>\n<li><span data-contrast=\"none\">Utbytbart spegelglas f\u00f6r enkel service och l\u00e5ng livsl\u00e4ngd<\/span><span data-ccp-props=\"{&quot;134233117&quot;:true,&quot;134233118&quot;:true,&quot;201341983&quot;:0,&quot;335559740&quot;:240}\">\u00a0<\/span><\/li>\n<\/ul>\n<p><span data-contrast=\"none\">Badrumsspegeln \u00e4r s\u00e4rskilt l\u00e4mpad f\u00f6r psykiatri, ungdomsv\u00e5rd, behandlingshem och kriminalv\u00e5rd, men passar \u00e4ven i andra verksamheter med h\u00f6ga s\u00e4kerhetskrav.<\/span><span data-ccp-props=\"{&quot;134233117&quot;:true,&quot;134233118&quot;:true,&quot;201341983&quot;:0,&quot;335559740&quot;:259}\">\u00a0<\/span><\/p>\n<p><span data-contrast=\"none\">Spegeln \u00e4r tillverkad av rept\u00e5lig, okrossbar polykarbonat och ger en klar och naturlig spegelbild. God bild\u00e5tergivning \u00e4r viktig f\u00f6r brukarens sj\u00e4lvk\u00e4nsla och v\u00e4lbefinnande genom att ge en tydlig och tillf\u00f6rlitlig spegelbild utan f\u00f6rvr\u00e4ngning \u2013 n\u00e5got som kan vara s\u00e4rskilt betydelsefullt i milj\u00f6er med s\u00e4rskilda krav.<\/span><\/p>\n<p><span data-contrast=\"none\">Ramen \u00e4r tillverkad i h\u00f6gtryckslaminat med en rept\u00e5lig yta som \u00e4r l\u00e4tt att reng\u00f6ra och h\u00e5ller sig fin \u00f6ver tid. De fasade kanterna och den t\u00e4ta passformen mot v\u00e4ggen minimerar risken f\u00f6r att f\u00e4sta en snara och bidrar till en s\u00e4ker milj\u00f6. Det h\u00f6gkvalitativa spegelglaset \u00e4r utbytbart f\u00f6r enkel service och l\u00e5ng livsl\u00e4ngd.<\/span><span data-ccp-props=\"{&quot;134233117&quot;:true,&quot;134233118&quot;:true,&quot;201341983&quot;:0,&quot;335559740&quot;:259}\">\u00a0<\/span><\/p>\n<p><span data-contrast=\"auto\">L\u00e4mplig f\u00f6r placering i badrum, patientrum eller gemensamhetsytor.<\/span><span data-ccp-props=\"{&quot;201341983&quot;:0,&quot;335559739&quot;:0,&quot;335559740&quot;:259}\">\u00a0<\/span><\/p>\n<p><span data-contrast=\"auto\">Design: Healsafe Interi\u00f6r<\/span><span data-ccp-props=\"{&quot;201341983&quot;:0,&quot;335559739&quot;:0,&quot;335559740&quot;:259}\">\u00a0<\/span><\/p>\n","protected":false},"featured_media":11224,"template":"","meta":[],"product_brand":[],"product_cat":[593,924,610,623,596,622],"product_tag":[1025,1028,1024],"class_list":{"0":"post-15773","1":"product","2":"type-product","3":"status-publish","4":"has-post-thumbnail","6":"product_cat-badrumsprodukter","7":"product_cat-badrumsspeglar","8":"product_cat-inredningsprodukter","9":"product_cat-patientrum","10":"product_cat-speglar","11":"product_cat-vardagsrum","12":"product_tag-behandlingshem","13":"product_tag-lss","14":"product_tag-psykiatri","16":"first","17":"instock","18":"shipping-taxable","19":"purchasable","20":"product-type-variable"},"_links":{"self":[{"href":"https:\/\/healsafeinterior.com\/sv\/wp-json\/wp\/v2\/product\/15773","targetHints":{"allow":["GET"]}}],"collection":[{"href":"https:\/\/healsafeinterior.com\/sv\/wp-json\/wp\/v2\/product"}],"about":[{"href":"https:\/\/healsafeinterior.com\/sv\/wp-json\/wp\/v2\/types\/product"}],"wp:featuredmedia":[{"embeddable":true,"href":"https:\/\/healsafeinterior.com\/sv\/wp-json\/wp\/v2\/media\/11224"}],"wp:attachment":[{"href":"https:\/\/healsafeinterior.com\/sv\/wp-json\/wp\/v2\/media?parent=15773"}],"wp:term":[{"taxonomy":"product_brand","embeddable":true,"href":"https:\/\/healsafeinterior.com\/sv\/wp-json\/wp\/v2\/product_brand?post=15773"},{"taxonomy":"product_cat","embeddable":true,"href":"https:\/\/healsafeinterior.com\/sv\/wp-json\/wp\/v2\/product_cat?post=15773"},{"taxonomy":"product_tag","embeddable":true,"href":"https:\/\/healsafeinterior.com\/sv\/wp-json\/wp\/v2\/product_tag?post=15773"}],"curies":[{"name":"wp","href":"https:\/\/api.w.org\/{rel}","templated":true}]}}