{"id":15758,"date":"2018-11-07T12:22:19","date_gmt":"2018-11-07T11:22:19","guid":{"rendered":"https:\/\/healsafeinterior.com\/product\/ryno-lounge-fatolj\/"},"modified":"2025-05-12T12:01:56","modified_gmt":"2025-05-12T10:01:56","slug":"ryno-lounge-fatolj","status":"publish","type":"product","link":"https:\/\/healsafeinterior.com\/sv\/produkt\/ryno-lounge-fatolj\/","title":{"rendered":"Ryno Lounge f\u00e5t\u00f6lj"},"content":{"rendered":"<p><div class=\"fusion-fullwidth fullwidth-box fusion-builder-row-1 fusion-flex-container has-pattern-background has-mask-background hundred-percent-fullwidth non-hundred-percent-height-scrolling\" style=\"--awb-border-radius-top-left:0px;--awb-border-radius-top-right:0px;--awb-border-radius-bottom-right:0px;--awb-border-radius-bottom-left:0px;--awb-padding-top:4px;--awb-padding-right:6px;--awb-padding-bottom:0px;--awb-padding-left:6px;--awb-margin-top:40px;--awb-margin-bottom:20px;--awb-flex-wrap:wrap;\" ><div class=\"fusion-builder-row fusion-row fusion-flex-align-items-center fusion-flex-justify-content-center fusion-flex-content-wrap\" style=\"width:104% !important;max-width:104% !important;margin-left: calc(-4% \/ 2 );margin-right: calc(-4% \/ 2 );\"><div class=\"fusion-layout-column fusion_builder_column fusion-builder-column-0 fusion_builder_column_1_1 1_1 fusion-flex-column fusion-flex-align-self-center\" style=\"--awb-bg-size:cover;--awb-width-large:100%;--awb-margin-top-large:0px;--awb-spacing-right-large:1.92%;--awb-margin-bottom-large:3px;--awb-spacing-left-large:1.92%;--awb-width-medium:100%;--awb-order-medium:0;--awb-spacing-right-medium:1.92%;--awb-spacing-left-medium:1.92%;--awb-width-small:100%;--awb-order-small:0;--awb-spacing-right-small:1.92%;--awb-spacing-left-small:1.92%;\"><div class=\"fusion-column-wrapper fusion-column-has-shadow fusion-flex-justify-content-center fusion-content-layout-column\"><div class=\"fusion-tabs fusion-tabs-1 classic nav-not-justified horizontal-tabs icon-position-left mobile-mode-carousel\" style=\"--awb-title-border-radius-top-left:2px;--awb-title-border-radius-top-right:2px;--awb-title-border-radius-bottom-right:2px;--awb-title-border-radius-bottom-left:2px;--awb-content-padding-top:40px;--awb-content-padding-right:30px;--awb-content-padding-bottom:40px;--awb-content-padding-left:30px;--awb-title-padding-right:40px;--awb-title-padding-left:40px;--awb-title-font-size:17px;--awb-alignment:start;--awb-inactive-color:var(--awb-color2);--awb-title-text-color:var(--awb-color5);--awb-title-active-text-color:var(--awb-color7);--awb-background-color:var(--awb-color1);--awb-border-color:rgba(167,172,162,0);--awb-active-border-color:var(--awb-custom_color_2);--awb-title-font-family:&quot;Sen&quot;;--awb-title-font-style:normal;--awb-title-font-weight:400;\"><div class=\"nav\"><ul class=\"nav-tabs\" role=\"tablist\"><li class=\"active\" role=\"presentation\"><a class=\"tab-link\" data-toggle=\"tab\" role=\"tab\" aria-controls=\"tab-a5dc97e132a41a6462a\" aria-selected=\"true\" id=\"fusion-tab-productvideo\" href=\"#tab-a5dc97e132a41a6462a\"><h3 class=\"fusion-tab-heading\">Product video<\/h3><\/a><\/li><li role=\"presentation\"><a class=\"tab-link\" data-toggle=\"tab\" role=\"tab\" aria-controls=\"tab-47fc74be8af46d907dd\" aria-selected=\"false\" tabindex=\"-1\" id=\"fusion-tab-rynoproductrange\" href=\"#tab-47fc74be8af46d907dd\"><h3 class=\"fusion-tab-heading\">Ryno product range<\/h3><\/a><\/li><\/ul><\/div><div class=\"tab-content\"><div class=\"tab-pane fade fusion-clearfix in active\" role=\"tabpanel\" tabindex=\"0\" aria-labelledby=\"fusion-tab-productvideo\" id=\"tab-a5dc97e132a41a6462a\"><div class=\"fusion-builder-row fusion-builder-row-inner fusion-row fusion-flex-align-items-center fusion-flex-justify-content-center fusion-flex-content-wrap\" style=\"width:104% !important;max-width:104% !important;margin-left: calc(-4% \/ 2 );margin-right: calc(-4% \/ 2 );\"><div class=\"fusion-layout-column fusion_builder_column_inner fusion-builder-nested-column-0 fusion_builder_column_inner_1_3 1_3 fusion-flex-column\" style=\"--awb-bg-size:cover;--awb-width-large:33.333333333333%;--awb-margin-top-large:0px;--awb-spacing-right-large:5.76%;--awb-margin-bottom-large:20px;--awb-spacing-left-large:5.76%;--awb-width-medium:100%;--awb-order-medium:0;--awb-spacing-right-medium:1.92%;--awb-spacing-left-medium:1.92%;--awb-width-small:100%;--awb-order-small:0;--awb-spacing-right-small:1.92%;--awb-spacing-left-small:1.92%;\"><div class=\"fusion-column-wrapper fusion-column-has-shadow fusion-flex-justify-content-flex-start fusion-content-layout-column\"><div class=\"fusion-video fusion-vimeo fusion-alignleft\" style=\"--awb-max-width:600px;--awb-max-height:360px;--awb-width:100%;\"><div class=\"video-shortcode\"><lite-vimeo videoid=\"726754849\" class=\"landscape\" params=\"autoplay=1autoplay=0&amp;autopause=0\" title=\"Vimeo video player 1\" data-button-label=\"Play Video\"  width=\"600\" height=\"360\"><\/lite-vimeo><\/div><\/div><\/div><\/div>\n<div class=\"fusion-layout-column fusion_builder_column_inner fusion-builder-nested-column-1 fusion_builder_column_inner_1_3 1_3 fusion-flex-column\" style=\"--awb-bg-size:cover;--awb-width-large:33.333333333333%;--awb-margin-top-large:0px;--awb-spacing-right-large:5.76%;--awb-margin-bottom-large:20px;--awb-spacing-left-large:5.76%;--awb-width-medium:100%;--awb-order-medium:0;--awb-spacing-right-medium:1.92%;--awb-spacing-left-medium:1.92%;--awb-width-small:100%;--awb-order-small:0;--awb-spacing-right-small:1.92%;--awb-spacing-left-small:1.92%;\"><div class=\"fusion-column-wrapper fusion-column-has-shadow fusion-flex-justify-content-flex-start fusion-content-layout-column\"><div class=\"fusion-video fusion-vimeo fusion-alignleft\" style=\"--awb-max-width:600px;--awb-max-height:360px;--awb-width:100%;\"><div class=\"video-shortcode\"><lite-vimeo videoid=\"726776910\" class=\"landscape\" params=\"autoplay=1autoplay=0&amp;autopause=0\" title=\"Vimeo video player 2\" data-button-label=\"Play Video\"  width=\"600\" height=\"360\"><\/lite-vimeo><\/div><\/div><\/div><\/div>\n<div class=\"fusion-layout-column fusion_builder_column_inner fusion-builder-nested-column-2 fusion_builder_column_inner_1_3 1_3 fusion-flex-column\" style=\"--awb-bg-size:cover;--awb-width-large:33.333333333333%;--awb-margin-top-large:0px;--awb-spacing-right-large:5.76%;--awb-margin-bottom-large:20px;--awb-spacing-left-large:5.76%;--awb-width-medium:100%;--awb-order-medium:0;--awb-spacing-right-medium:1.92%;--awb-spacing-left-medium:1.92%;--awb-width-small:100%;--awb-order-small:0;--awb-spacing-right-small:1.92%;--awb-spacing-left-small:1.92%;\"><div class=\"fusion-column-wrapper fusion-column-has-shadow fusion-flex-justify-content-flex-start fusion-content-layout-column\"><\/div><\/div>\n<\/div><\/div><div class=\"tab-pane fade fusion-clearfix\" role=\"tabpanel\" tabindex=\"0\" aria-labelledby=\"fusion-tab-rynoproductrange\" id=\"tab-47fc74be8af46d907dd\"><\/div><\/div><\/div><\/div><\/div><\/div><\/div><div class=\"fusion-fullwidth fullwidth-box fusion-builder-row-2 fusion-flex-container has-pattern-background has-mask-background hundred-percent-fullwidth non-hundred-percent-height-scrolling\" style=\"--awb-border-radius-top-left:0px;--awb-border-radius-top-right:0px;--awb-border-radius-bottom-right:0px;--awb-border-radius-bottom-left:0px;--awb-padding-top:4px;--awb-padding-right:6px;--awb-padding-bottom:0px;--awb-padding-left:6px;--awb-flex-wrap:wrap;\" ><div class=\"fusion-builder-row fusion-row fusion-flex-align-items-center fusion-flex-justify-content-center fusion-flex-content-wrap\" style=\"width:104% !important;max-width:104% !important;margin-left: calc(-4% \/ 2 );margin-right: calc(-4% \/ 2 );\"><div class=\"fusion-layout-column fusion_builder_column fusion-builder-column-1 fusion_builder_column_1_1 1_1 fusion-flex-column fusion-flex-align-self-center\" style=\"--awb-bg-size:cover;--awb-width-large:100%;--awb-margin-top-large:0px;--awb-spacing-right-large:1.92%;--awb-margin-bottom-large:3px;--awb-spacing-left-large:1.92%;--awb-width-medium:100%;--awb-order-medium:0;--awb-spacing-right-medium:1.92%;--awb-spacing-left-medium:1.92%;--awb-width-small:100%;--awb-order-small:0;--awb-spacing-right-small:1.92%;--awb-spacing-left-small:1.92%;\"><div class=\"fusion-column-wrapper fusion-column-has-shadow fusion-flex-justify-content-center fusion-content-layout-column\"><div class=\"fusion-title title fusion-title-1 fusion-sep-none fusion-title-text fusion-title-size-three\" style=\"--awb-font-size:32px;\"><h3 class=\"fusion-title-heading title-heading-left fusion-responsive-typography-calculated\" style=\"margin:0;font-size:1em;--fontSize:32;line-height:1.2;\">Product data<\/h3><\/div><\/div><\/div><\/div><\/div><div class=\"fusion-fullwidth fullwidth-box fusion-builder-row-3 fusion-flex-container has-pattern-background has-mask-background nonhundred-percent-fullwidth non-hundred-percent-height-scrolling\" style=\"--awb-border-radius-top-left:0px;--awb-border-radius-top-right:0px;--awb-border-radius-bottom-right:0px;--awb-border-radius-bottom-left:0px;--awb-padding-top:4px;--awb-padding-right:6px;--awb-padding-left:6px;--awb-flex-wrap:wrap;\" ><div class=\"fusion-builder-row fusion-row fusion-flex-align-items-flex-start fusion-flex-content-wrap\" style=\"max-width:1597.44px;margin-left: calc(-4% \/ 2 );margin-right: calc(-4% \/ 2 );\"><div class=\"fusion-layout-column fusion_builder_column fusion-builder-column-2 fusion_builder_column_1_2 1_2 fusion-flex-column\" style=\"--awb-bg-size:cover;--awb-width-large:50%;--awb-margin-top-large:0px;--awb-spacing-right-large:3.84%;--awb-margin-bottom-large:20px;--awb-spacing-left-large:3.84%;--awb-width-medium:100%;--awb-order-medium:1;--awb-spacing-right-medium:1.92%;--awb-spacing-left-medium:1.92%;--awb-width-small:100%;--awb-order-small:1;--awb-spacing-right-small:1.92%;--awb-spacing-left-small:1.92%;\"><div class=\"fusion-column-wrapper fusion-column-has-shadow fusion-flex-justify-content-flex-start fusion-content-layout-column\"><div class=\"fusion-title title fusion-title-2 fusion-sep-none fusion-title-text fusion-title-size-three\" style=\"--awb-font-size:22px;\"><h3 class=\"fusion-title-heading title-heading-left fusion-responsive-typography-calculated\" style=\"margin:0;font-size:1em;--fontSize:22;line-height:1.5;\">Assortment<\/h3><\/div>\n<div class=\"table-1\">\n<table width=\"100%\">\n<thead>\n<tr>\n<th align=\"left\">Product<\/th>\n<th align=\"left\">Colors<\/th>\n<\/tr>\n<\/thead>\n<tbody>\n<tr>\n<td align=\"left\">HSP105 Ryno dining chair<\/td>\n<td align=\"left\"><\/td>\n<\/tr>\n<\/tbody>\n<\/table>\n<\/div>\n<div class=\"fusion-separator fusion-full-width-sep\" style=\"align-self: center;margin-left: auto;margin-right: auto;margin-top:20px;margin-bottom:20px;width:100%;\"><\/div><\/div><\/div><div class=\"fusion-layout-column fusion_builder_column fusion-builder-column-3 fusion_builder_column_1_2 1_2 fusion-flex-column\" style=\"--awb-bg-size:cover;--awb-width-large:50%;--awb-margin-top-large:0px;--awb-spacing-right-large:3.84%;--awb-margin-bottom-large:20px;--awb-spacing-left-large:3.84%;--awb-width-medium:100%;--awb-order-medium:0;--awb-spacing-right-medium:1.92%;--awb-spacing-left-medium:1.92%;--awb-width-small:100%;--awb-order-small:0;--awb-spacing-right-small:1.92%;--awb-spacing-left-small:1.92%;\"><div class=\"fusion-column-wrapper fusion-column-has-shadow fusion-flex-justify-content-flex-start fusion-content-layout-column\"><div class=\"fusion-title title fusion-title-3 fusion-sep-none fusion-title-text fusion-title-size-three\" style=\"--awb-font-size:22px;\"><h3 class=\"fusion-title-heading title-heading-left fusion-responsive-typography-calculated\" style=\"margin:0;font-size:1em;--fontSize:22;line-height:1.5;\">More product info<\/h3><\/div><div class=\"fusion-text fusion-text-1\"><p><strong>Material<\/strong><br \/>\nDen rotationsgjutna, slitstarka polyetenen, tillverkad i ett stycke, ger exceptionell styrka och stabilitet. Den flamh\u00e4rdade, texturerade ytan f\u00f6rb\u00e4ttrar ytskiktets brandskydd, vattent\u00e5lighet och UV-stabilitet.<\/p>\n<p><strong>Montering<\/strong><br \/>\nLevereras i ett stycke, redo att anv\u00e4ndas.<br \/>\nGolvmontering \u00e4r ett tillval.<\/p>\n<p><strong>Underh\u00e5ll<\/strong><br \/>\nF\u00f6r att h\u00e5lla m\u00f6blerna rena, torka av dem med en mjuk trasa. Anv\u00e4nd milda hush\u00e5llstv\u00e4ttmedel, avfettningsmedel eller antibakteriella reng\u00f6ringsmedel f\u00f6r effektiv reng\u00f6ring. Undvik slipande material och reng\u00f6ringsmedel, d\u00e5 dessa kan repa och skada ytan. \u00c5ngtv\u00e4tt eller h\u00f6gtryckstv\u00e4tt f\u00e5r inte anv\u00e4ndas, eftersom detta kan orsaka skador p\u00e5 ytan. L\u00f6sningsmedel b\u00f6r undvikas, eftersom de kan medf\u00f6ra risk f\u00f6r skador p\u00e5 ytskiktet. Var ocks\u00e5 f\u00f6rsiktig med blekmedel och klorbaserade desinfektionsmedel, d\u00e5 dessa kan p\u00e5verka ytan negativt. Placera inte m\u00f6blerna n\u00e4ra v\u00e4rmek\u00e4llor f\u00f6r att undvika skador p\u00e5 materialet. Extrema temperaturf\u00f6r\u00e4ndringar (t.ex. en kall natt f\u00f6ljd av en varm solig dag) kan f\u00e5 luften inuti produkten att expandera, vilket kan orsaka kortvariga f\u00f6r\u00e4ndringar i dess form.<\/p>\n<p><strong>Tekniska data<\/strong><br \/>\nHSP101: Storlek H 780 mm, B 600 mm, D 760 mm. Sitth\u00f6jd 420 mm. Vikt: 13,5 kg.<\/p>\n<p>Kan viktas upp till 80 kg som tillval. F\u00f6r utomhusbruk kan sm\u00e5 dr\u00e4neringsh\u00e5l borras i s\u00e4tet vid behov \u2013 detta erbjuds som tillval.<\/p>\n<p><strong>F\u00e4rger<\/strong>[Basf\u00e4rger] Moonwalk Gray, Cool Green, Icon Purple, Epic Blue, Granite[Tillvalsf\u00e4rger\/\u00d6vriga f\u00e4rger] Lime Green, Vegas Yellow, Thunder Gray, Dusty Blue, Dusty Pink, Teal, Violet Purple, Warm Terracotta, Sand.<\/p>\n<p><strong>H\u00e5llbarhet<\/strong><br \/>\nRyno-stolar har en l\u00e5ng livsl\u00e4ngd och \u00e4r helt \u00e5tervinningsbara, eftersom polyeten kan sm\u00e4ltas ner f\u00f6r att skapa nya produkter.<\/p>\n<p>H\u00e5llfasthets- och stabilitetstest: 500 000 anv\u00e4ndar-cykler enligt BS EN 16139: 2013 Niv\u00e5 2.<\/p>\n<p>Uppfyller brands\u00e4kerhetsstandarderna UL94 HB och British Standard 5852: 2006 ant\u00e4ndningsk\u00e4lla 5 (Crib5).<\/p>\n<p>UV-best\u00e4ndighet testad till UV21+, vilket inneb\u00e4r att den t\u00e5l 21 000 soltimmar.<\/p>\n<p><strong>Leverans<br \/>\n<\/strong>Leveranstid 8\u201312 veckor. Observera att of\u00f6rutsedda h\u00e4ndelser kan p\u00e5verka leveransen. F\u00f6r mer information om aktuell leveranstid i samband med orderbekr\u00e4ftelse eller innan best\u00e4llning, v\u00e4nligen kontakta oss p\u00e5 <a href=\"mailto:info@healsafeinterior.com\">info@healsafeinterior.com<\/a>.<\/p>\n<p><strong>Garanti<br \/>\n<\/strong>Livstidsgaranti.<\/p>\n<p><strong>Tillverkning\/produktion<br \/>\n<\/strong>Europa.<\/p>\n<\/div><\/div><\/div><\/div><\/div><\/p>\n","protected":false},"excerpt":{"rendered":"<p><em>En loungef\u00e5t\u00f6lj med l\u00e4gre sitth\u00f6jd och extra komfort, som erbjuder en mer bekv\u00e4m sittst\u00e4llning samtidigt som den \u00e4r robust och stabil. Den ergonomiska designen och den sv\u00e5rgreppade konstruktionen \u00f6kar s\u00e4kerheten, med rundade former som ger komfort och st\u00f6djer en s\u00e4ker, omsorgsfull milj\u00f6.<\/em><\/p>\n<ul>\n<li>Den slitstarka och robusta designen i ett stycke ger exceptionell styrka och levereras med livstidsgaranti<\/li>\n<li>Vikt 13,5 kg &#8211; kan ytterligare viktas upp till 80 kg f\u00f6r \u00f6kad stabilitet och funktionalitet<\/li>\n<li>L\u00e4tt att reng\u00f6ra f\u00f6r enkelt underh\u00e5ll<\/li>\n<\/ul>\n<p>Ryno lounge f\u00e5t\u00f6lj \u00e4r designad f\u00f6r att fr\u00e4mja en enhetlig, s\u00e4ker och bekv\u00e4m milj\u00f6 genom sin robusta konstruktion och ergonomiska utformning. Den bidrar till att skapa en trygg atmosf\u00e4r genom att minska risken f\u00f6r skador, sj\u00e4lvskada eller att stolen kan anv\u00e4ndas som ett tillhygge.<\/p>\n<p>En f\u00e5t\u00f6lj med l\u00e4gre sitth\u00f6jd och extra komfort, som erbjuder en mer bekv\u00e4m sittst\u00e4llning samtidigt som den \u00e4r stabil. Den ergonomiska designen och den sv\u00e5rgreppade konstruktionen \u00f6kar s\u00e4kerheten, med rundade former som ger komfort och st\u00f6djer en trygg, omsorgsfull milj\u00f6.<\/p>\n<p>Genom sitt h\u00e5llbara och funktionella designval fr\u00e4mjar den en omsorgsfull milj\u00f6 d\u00e4r b\u00e5de personal och brukare kan k\u00e4nna sig s\u00e4kra och bekv\u00e4ma.<\/p>\n<p>Ryno lounge f\u00e5t\u00f6lj \u00e4r en del av en omfattande produktserie, vilket m\u00f6jligg\u00f6r en sammanh\u00e4ngande och skr\u00e4ddarsydd inredningsl\u00f6sning.<\/p>\n<p>F\u00e5t\u00f6ljen finns i ett brett urval av f\u00e4rger, design och tillval samt en separat <a href=\"https:\/\/healsafeinterior.com\/sv\/produkt\/sittkuddar\/\">sittdyna Ryno<\/a>.<\/p>\n<p>Med sina UV-best\u00e4ndiga och vattent\u00e5liga egenskaper \u00e4r stolen \u00e4ven l\u00e4mplig f\u00f6r utomhusbruk.<\/p>\n<p>Perfekt f\u00f6r anv\u00e4ndning inom b\u00e5de psykiatri och kriminalv\u00e5rd.<\/p>\n<p><em><strong>Ett mer h\u00e5llbart val<\/strong> \u2013 RYNO Ocean Green inneh\u00e5ller 50\u202f% \u00e5tervunnet material fr\u00e5n fisken\u00e4t och minskar koldioxidutsl\u00e4ppen. Finns som tillval. Kontakta oss p\u00e5 info@healsafeinterior.com vid intresse.<\/em><\/p>\n<p>&nbsp;<\/p>\n","protected":false},"featured_media":11736,"template":"","meta":[],"product_brand":[],"product_cat":[599,623,601,624,629,622],"product_tag":[654],"class_list":{"0":"post-15758","1":"product","2":"type-product","3":"status-publish","4":"has-post-thumbnail","6":"product_cat-extra-hoga-sakerhetskrav","7":"product_cat-patientrum","8":"product_cat-ryno-mobler","9":"product_cat-sakerhetsmobler","10":"product_cat-stolar","11":"product_cat-vardagsrum","12":"product_tag-ryno-sv","14":"first","15":"instock","16":"shipping-taxable","17":"purchasable","18":"product-type-variable"},"_links":{"self":[{"href":"https:\/\/healsafeinterior.com\/sv\/wp-json\/wp\/v2\/product\/15758","targetHints":{"allow":["GET"]}}],"collection":[{"href":"https:\/\/healsafeinterior.com\/sv\/wp-json\/wp\/v2\/product"}],"about":[{"href":"https:\/\/healsafeinterior.com\/sv\/wp-json\/wp\/v2\/types\/product"}],"wp:featuredmedia":[{"embeddable":true,"href":"https:\/\/healsafeinterior.com\/sv\/wp-json\/wp\/v2\/media\/11736"}],"wp:attachment":[{"href":"https:\/\/healsafeinterior.com\/sv\/wp-json\/wp\/v2\/media?parent=15758"}],"wp:term":[{"taxonomy":"product_brand","embeddable":true,"href":"https:\/\/healsafeinterior.com\/sv\/wp-json\/wp\/v2\/product_brand?post=15758"},{"taxonomy":"product_cat","embeddable":true,"href":"https:\/\/healsafeinterior.com\/sv\/wp-json\/wp\/v2\/product_cat?post=15758"},{"taxonomy":"product_tag","embeddable":true,"href":"https:\/\/healsafeinterior.com\/sv\/wp-json\/wp\/v2\/product_tag?post=15758"}],"curies":[{"name":"wp","href":"https:\/\/api.w.org\/{rel}","templated":true}]}}