{"id":15744,"date":"2018-11-07T12:22:19","date_gmt":"2018-11-07T11:22:19","guid":{"rendered":"https:\/\/healsafeinterior.com\/product\/ryno-fatolj\/"},"modified":"2026-01-16T09:24:42","modified_gmt":"2026-01-16T08:24:42","slug":"ryno-fatolj","status":"publish","type":"product","link":"https:\/\/healsafeinterior.com\/sv\/produkt\/ryno-fatolj\/","title":{"rendered":"Ryno f\u00e5t\u00f6lj"},"content":{"rendered":"<p><div class=\"fusion-fullwidth fullwidth-box fusion-builder-row-1 fusion-flex-container has-pattern-background has-mask-background hundred-percent-fullwidth non-hundred-percent-height-scrolling\" style=\"--awb-border-radius-top-left:0px;--awb-border-radius-top-right:0px;--awb-border-radius-bottom-right:0px;--awb-border-radius-bottom-left:0px;--awb-padding-top:4px;--awb-padding-right:6px;--awb-padding-bottom:0px;--awb-padding-left:6px;--awb-margin-top:5px;--awb-margin-bottom:20px;--awb-flex-wrap:wrap;\" ><div class=\"fusion-builder-row fusion-row fusion-flex-align-items-center fusion-flex-justify-content-center fusion-flex-content-wrap\" style=\"width:104% !important;max-width:104% !important;margin-left: calc(-4% \/ 2 );margin-right: calc(-4% \/ 2 );\"><div class=\"fusion-layout-column fusion_builder_column fusion-builder-column-0 fusion_builder_column_1_1 1_1 fusion-flex-column fusion-flex-align-self-center\" style=\"--awb-bg-size:cover;--awb-width-large:100%;--awb-margin-top-large:0px;--awb-spacing-right-large:1.92%;--awb-margin-bottom-large:3px;--awb-spacing-left-large:1.92%;--awb-width-medium:100%;--awb-order-medium:0;--awb-spacing-right-medium:1.92%;--awb-spacing-left-medium:1.92%;--awb-width-small:100%;--awb-order-small:0;--awb-spacing-right-small:1.92%;--awb-spacing-left-small:1.92%;\"><div class=\"fusion-column-wrapper fusion-column-has-shadow fusion-flex-justify-content-center fusion-content-layout-column\"><div class=\"fusion-title title fusion-title-1 fusion-sep-none fusion-title-text fusion-title-size-two\"><h2 class=\"fusion-title-heading title-heading-left fusion-responsive-typography-calculated\" style=\"margin:0;--fontSize:30;line-height:1.5;\">Produktdata<\/h2><\/div><div class=\"fusion-text fusion-text-1 awb-text-cols fusion-text-columns-2\" style=\"--awb-columns:2;--awb-column-spacing:2em;--awb-column-min-width:100px;\"><p><strong>Material<\/strong><br \/>Den rotationsgjutna, slitstarka polyetenen, tillverkad i ett stycke, ger exceptionell styrka och stabilitet. Den flamh\u00e4rdade, texturerade ytan f\u00f6rb\u00e4ttrar ytskiktets brandskydd, vattent\u00e5lighet och UV-stabilitet.<\/p>\n<p><strong>Montering<\/strong><br \/>Levereras i ett stycke, redo att anv\u00e4ndas.<br \/>Golvmontering \u00e4r ett tillval.<\/p>\n<p><strong>Underh\u00e5ll<\/strong><br \/>F\u00f6r att h\u00e5lla m\u00f6blerna rena, torka av dem med en mjuk trasa. Anv\u00e4nd milda hush\u00e5llstv\u00e4ttmedel, avfettningsmedel eller antibakteriella reng\u00f6ringsmedel f\u00f6r effektiv reng\u00f6ring. Undvik slipande material och reng\u00f6ringsmedel, d\u00e5 dessa kan repa och skada ytan. \u00c5ngtv\u00e4tt eller h\u00f6gtryckstv\u00e4tt f\u00e5r inte anv\u00e4ndas, eftersom detta kan orsaka skador p\u00e5 ytan. L\u00f6sningsmedel b\u00f6r undvikas, eftersom de kan medf\u00f6ra risk f\u00f6r skador p\u00e5 ytskiktet. Var ocks\u00e5 f\u00f6rsiktig med blekmedel och klorbaserade desinfektionsmedel, d\u00e5 dessa kan p\u00e5verka ytan negativt. Placera inte m\u00f6blerna n\u00e4ra v\u00e4rmek\u00e4llor f\u00f6r att undvika skador p\u00e5 materialet. Extrema temperaturf\u00f6r\u00e4ndringar (t.ex. en kall natt f\u00f6ljd av en varm solig dag) kan f\u00e5 luften inuti produkten att expandera, vilket kan orsaka kortvariga f\u00f6r\u00e4ndringar i dess form.<\/p>\n<p><strong>Tekniska data<\/strong><br \/>HSP109: Storlek H 805 mm, B 670 mm, D 680 mm. Sitth\u00f6jd 430 mm. Vikt: 16 kg.<\/p>\n<p>Kan viktas upp till 82 kg som tillval. F\u00f6r utomhusbruk kan sm\u00e5 dr\u00e4neringsh\u00e5l borras i s\u00e4tet vid behov \u2013 detta erbjuds som tillval.<\/p>\n<p><strong>F\u00e4rger<br \/><\/strong>Basf\u00e4rger: Moonwalk Gray, Cool Green, Icon Purple, Epic Blue, Granite<br \/>Tillvalsf\u00e4rger\/\u00d6vriga f\u00e4rger: Lime Green, Vegas Yellow, Thunder Gray, Dusty Blue, Dusty Pink, Teal, Violet Purple, Warm Terracotta, Sand.<\/p>\n<p><strong>H\u00e5llbarhet<\/strong><br \/>Ryno-stolar har en l\u00e5ng livsl\u00e4ngd och \u00e4r helt \u00e5tervinningsbara, eftersom polyeten kan sm\u00e4ltas ner f\u00f6r att skapa nya produkter.<br \/>H\u00e5llfasthets- och stabilitetstest: 500 000 anv\u00e4ndar-cykler enligt BS EN 16139: 2013 Niv\u00e5 2.<br \/>Uppfyller brands\u00e4kerhetsstandarderna UL94 HB och British Standard 5852: 2006 ant\u00e4ndningsk\u00e4lla 5 (Crib5).<br \/>UV-best\u00e4ndighet testad till UV21+, vilket inneb\u00e4r att den t\u00e5l 21 000 soltimmar.<\/p>\n<p><strong>Leverans<\/strong><br \/>Leveranstid 8\u201312 veckor. Observera att of\u00f6rutsedda h\u00e4ndelser kan p\u00e5verka leveransen. F\u00f6r mer information om aktuell leveranstid i samband med orderbekr\u00e4ftelse eller innan best\u00e4llning, v\u00e4nligen kontakta oss p\u00e5 <a href=\"mailto:info@healsafeinterior.com\"><strong>info@healsafeinterior.com<\/strong><\/a>.<\/p>\n<p><strong>Garanti<\/strong><br \/>Livstidsgaranti.<\/p>\n<p><strong>Tillverkning\/produktion<\/strong><br \/>Europa.<\/p>\n<\/div><\/div><\/div><\/div><\/div><div class=\"fusion-fullwidth fullwidth-box fusion-builder-row-2 fusion-flex-container has-pattern-background has-mask-background hundred-percent-fullwidth non-hundred-percent-height-scrolling\" style=\"--awb-border-radius-top-left:0px;--awb-border-radius-top-right:0px;--awb-border-radius-bottom-right:0px;--awb-border-radius-bottom-left:0px;--awb-padding-top:4px;--awb-padding-right:0px;--awb-padding-bottom:0px;--awb-padding-left:0px;--awb-margin-top:5px;--awb-margin-bottom:33px;--awb-flex-wrap:wrap;\" ><div class=\"fusion-builder-row fusion-row fusion-flex-align-items-center fusion-flex-justify-content-center fusion-flex-content-wrap\" style=\"width:104% !important;max-width:104% !important;margin-left: calc(-4% \/ 2 );margin-right: calc(-4% \/ 2 );\"><div class=\"fusion-layout-column fusion_builder_column fusion-builder-column-1 fusion_builder_column_1_1 1_1 fusion-flex-column fusion-flex-align-self-center\" style=\"--awb-padding-top:38px;--awb-padding-right:30px;--awb-padding-bottom:37px;--awb-padding-left:30px;--awb-overflow:hidden;--awb-bg-color:var(--awb-color1);--awb-bg-color-hover:var(--awb-color1);--awb-bg-size:cover;--awb-border-radius:12px 12px 12px 12px;--awb-width-large:100%;--awb-margin-top-large:0px;--awb-spacing-right-large:1.92%;--awb-margin-bottom-large:3px;--awb-spacing-left-large:1.92%;--awb-width-medium:100%;--awb-order-medium:0;--awb-spacing-right-medium:1.92%;--awb-spacing-left-medium:1.92%;--awb-width-small:100%;--awb-order-small:0;--awb-spacing-right-small:1.92%;--awb-spacing-left-small:1.92%;\" data-scroll-devices=\"small-visibility,medium-visibility,large-visibility\"><div class=\"fusion-column-wrapper fusion-column-has-shadow fusion-flex-justify-content-center fusion-content-layout-column\"><div class=\"fusion-builder-row fusion-builder-row-inner fusion-row fusion-flex-align-items-center fusion-flex-justify-content-center fusion-flex-content-wrap\" style=\"width:104% !important;max-width:104% !important;margin-left: calc(-4% \/ 2 );margin-right: calc(-4% \/ 2 );\"><div class=\"fusion-layout-column fusion_builder_column_inner fusion-builder-nested-column-0 fusion_builder_column_inner_1_3 1_3 fusion-flex-column\" style=\"--awb-bg-size:cover;--awb-width-large:33.333333333333%;--awb-margin-top-large:0px;--awb-spacing-right-large:5.76%;--awb-margin-bottom-large:20px;--awb-spacing-left-large:5.76%;--awb-width-medium:100%;--awb-order-medium:0;--awb-spacing-right-medium:1.92%;--awb-spacing-left-medium:1.92%;--awb-width-small:100%;--awb-order-small:0;--awb-spacing-right-small:1.92%;--awb-spacing-left-small:1.92%;\"><div class=\"fusion-column-wrapper fusion-column-has-shadow fusion-flex-justify-content-flex-start fusion-content-layout-column\"><div class=\"fusion-video fusion-vimeo\" style=\"--awb-max-width:600px;--awb-max-height:360px;--awb-align-self:flex-start;--awb-width:100%;\"><div class=\"video-shortcode\"><lite-vimeo videoid=\"726754849\" class=\"landscape\" params=\"autoplay=1autoplay=0&amp;autopause=0\" title=\"Vimeo video player 1\" data-button-label=\"Play Video\"  width=\"600\" height=\"360\"><\/lite-vimeo><\/div><\/div><\/div><\/div><div class=\"fusion-layout-column fusion_builder_column_inner fusion-builder-nested-column-1 fusion_builder_column_inner_1_3 1_3 fusion-flex-column\" style=\"--awb-bg-size:cover;--awb-width-large:33.333333333333%;--awb-margin-top-large:0px;--awb-spacing-right-large:5.76%;--awb-margin-bottom-large:20px;--awb-spacing-left-large:5.76%;--awb-width-medium:100%;--awb-order-medium:0;--awb-spacing-right-medium:1.92%;--awb-spacing-left-medium:1.92%;--awb-width-small:100%;--awb-order-small:0;--awb-spacing-right-small:1.92%;--awb-spacing-left-small:1.92%;\"><div class=\"fusion-column-wrapper fusion-column-has-shadow fusion-flex-justify-content-flex-start fusion-content-layout-column\"><div class=\"fusion-video fusion-vimeo\" style=\"--awb-max-width:600px;--awb-max-height:360px;--awb-align-self:flex-start;--awb-width:100%;\"><div class=\"video-shortcode\"><lite-vimeo videoid=\"726776910\" class=\"landscape\" params=\"autoplay=1autoplay=0&amp;autopause=0\" title=\"Vimeo video player 2\" data-button-label=\"Play Video\"  width=\"600\" height=\"360\"><\/lite-vimeo><\/div><\/div><\/div><\/div><div class=\"fusion-layout-column fusion_builder_column_inner fusion-builder-nested-column-2 fusion_builder_column_inner_1_3 1_3 fusion-flex-column\" style=\"--awb-bg-size:cover;--awb-width-large:33.333333333333%;--awb-margin-top-large:0px;--awb-spacing-right-large:5.76%;--awb-margin-bottom-large:20px;--awb-spacing-left-large:5.76%;--awb-width-medium:100%;--awb-order-medium:0;--awb-spacing-right-medium:1.92%;--awb-spacing-left-medium:1.92%;--awb-width-small:100%;--awb-order-small:0;--awb-spacing-right-small:1.92%;--awb-spacing-left-small:1.92%;\"><div class=\"fusion-column-wrapper fusion-column-has-shadow fusion-flex-justify-content-flex-start fusion-content-layout-column\"><\/div><\/div><\/div><\/div><\/div><\/div><\/div><\/p>\n","protected":false},"excerpt":{"rendered":"<p><em>Ryno f\u00e5t\u00f6lj erbjuder en bekv\u00e4m sittupplevelse med en n\u00e5got l\u00e4gre sitth\u00f6jd, vilket ger en f\u00e5t\u00f6ljliknande k\u00e4nsla. Den robusta och ergonomiska designen, med ergonomiska armst\u00f6d, fokuserar p\u00e5 s\u00e4kerhet och komfort.<\/em><\/p>\n<ul>\n<li>Den slitstarka och robusta designen i ett stycke ger exceptionell styrka och levereras med livstidsgaranti.<\/li>\n<li>Vikt 16 kg &#8211; kan ytterligare viktas upp till 82 kg f\u00f6r \u00f6kad stabilitet och funktionalitet<\/li>\n<li>L\u00e4tt att reng\u00f6ra f\u00f6r enkelt underh\u00e5ll<\/li>\n<\/ul>\n<p>Ryno f\u00e5t\u00f6lj har en slitstark och h\u00e5llbar design i ett stycke, vilket ger mycket h\u00f6g styrka och stabilitet. De ergonomiskt utformade armst\u00f6den g\u00f6r det l\u00e4ttare att resa sig upp och s\u00e4tta sig, vilket ger extra komfort och funktionalitet.<\/p>\n<p>Stolen kan viktas upp till 82 kg f\u00f6r att \u00f6ka stabiliteten i milj\u00f6er med h\u00f6ga s\u00e4kerhetskrav. Dessutom \u00e4r den enkel att reng\u00f6ra, vilket g\u00f6r den till ett utm\u00e4rkt val f\u00f6r milj\u00f6er som kr\u00e4ver l\u00e5g underh\u00e5ll. Med sina runda former och ergonomiska design skapar Ryno klubbf\u00e5t\u00f6lj en omsorgsfull och s\u00e4ker milj\u00f6 f\u00f6r b\u00e5de brukare och personal.<\/p>\n<p>Ryno f\u00e5t\u00f6lj \u00e4r en del av en omfattande produktserie, vilket m\u00f6jligg\u00f6r en sammanh\u00e4ngande och skr\u00e4ddarsydd inredningsl\u00f6sning.<\/p>\n<p>F\u00e5t\u00f6ljen finns i ett brett urval av f\u00e4rger, design och tillval samt en separat <a href=\"https:\/\/healsafeinterior.com\/sv\/produkt\/sittkuddar\/\">sittdyna Ryno<\/a>.<\/p>\n<p>Med sina UV-best\u00e4ndiga och vattent\u00e5liga egenskaper \u00e4r stolen \u00e4ven l\u00e4mplig f\u00f6r utomhusbruk.<\/p>\n<p>Ett mer h\u00e5llbart val \u2013 RYNO Ocean Green inneh\u00e5ller 50\u202f% \u00e5tervunnet material fr\u00e5n fisken\u00e4t och minskar koldioxidutsl\u00e4ppen. Finns som tillval. Kontakta oss p\u00e5 <a href=\"mailto:info@healsafeinterior.com\">info@healsafeinterior.com<\/a> vid intresse.<\/p>\n<p>Perfekt f\u00f6r anv\u00e4ndning inom b\u00e5de psykiatri och kriminalv\u00e5rd.<\/p>\n<p>&nbsp;<\/p>\n","protected":false},"featured_media":11836,"template":"","meta":[],"product_brand":[],"product_cat":[599,625,623,601,624],"product_tag":[654],"class_list":{"0":"post-15744","1":"product","2":"type-product","3":"status-publish","4":"has-post-thumbnail","6":"product_cat-extra-hoga-sakerhetskrav","7":"product_cat-fatoljer","8":"product_cat-patientrum","9":"product_cat-ryno-mobler","10":"product_cat-sakerhetsmobler","11":"product_tag-ryno-sv","13":"first","14":"instock","15":"shipping-taxable","16":"purchasable","17":"product-type-variable"},"_links":{"self":[{"href":"https:\/\/healsafeinterior.com\/sv\/wp-json\/wp\/v2\/product\/15744","targetHints":{"allow":["GET"]}}],"collection":[{"href":"https:\/\/healsafeinterior.com\/sv\/wp-json\/wp\/v2\/product"}],"about":[{"href":"https:\/\/healsafeinterior.com\/sv\/wp-json\/wp\/v2\/types\/product"}],"wp:featuredmedia":[{"embeddable":true,"href":"https:\/\/healsafeinterior.com\/sv\/wp-json\/wp\/v2\/media\/11836"}],"wp:attachment":[{"href":"https:\/\/healsafeinterior.com\/sv\/wp-json\/wp\/v2\/media?parent=15744"}],"wp:term":[{"taxonomy":"product_brand","embeddable":true,"href":"https:\/\/healsafeinterior.com\/sv\/wp-json\/wp\/v2\/product_brand?post=15744"},{"taxonomy":"product_cat","embeddable":true,"href":"https:\/\/healsafeinterior.com\/sv\/wp-json\/wp\/v2\/product_cat?post=15744"},{"taxonomy":"product_tag","embeddable":true,"href":"https:\/\/healsafeinterior.com\/sv\/wp-json\/wp\/v2\/product_tag?post=15744"}],"curies":[{"name":"wp","href":"https:\/\/api.w.org\/{rel}","templated":true}]}}