{"id":15728,"date":"2018-11-07T12:22:43","date_gmt":"2018-11-07T11:22:43","guid":{"rendered":"https:\/\/healsafeinterior.com\/product\/cumulus-soffbord\/"},"modified":"2025-05-13T17:17:35","modified_gmt":"2025-05-13T15:17:35","slug":"cumulus-soffbord","status":"publish","type":"product","link":"https:\/\/healsafeinterior.com\/sv\/produkt\/cumulus-soffbord\/","title":{"rendered":"Cumulus soffbord"},"content":{"rendered":"<p><div class=\"fusion-fullwidth fullwidth-box fusion-builder-row-1 fusion-flex-container has-pattern-background has-mask-background hundred-percent-fullwidth non-hundred-percent-height-scrolling\" style=\"--awb-border-radius-top-left:0px;--awb-border-radius-top-right:0px;--awb-border-radius-bottom-right:0px;--awb-border-radius-bottom-left:0px;--awb-padding-top:4px;--awb-padding-right:6px;--awb-padding-bottom:0px;--awb-padding-left:6px;--awb-flex-wrap:wrap;\" ><div class=\"fusion-builder-row fusion-row fusion-flex-align-items-center fusion-flex-justify-content-center fusion-flex-content-wrap\" style=\"width:104% !important;max-width:104% !important;margin-left: calc(-4% \/ 2 );margin-right: calc(-4% \/ 2 );\"><div class=\"fusion-layout-column fusion_builder_column fusion-builder-column-0 fusion_builder_column_1_1 1_1 fusion-flex-column fusion-flex-align-self-center\" style=\"--awb-bg-size:cover;--awb-width-large:100%;--awb-margin-top-large:0px;--awb-spacing-right-large:1.92%;--awb-margin-bottom-large:3px;--awb-spacing-left-large:1.92%;--awb-width-medium:100%;--awb-order-medium:0;--awb-spacing-right-medium:1.92%;--awb-spacing-left-medium:1.92%;--awb-width-small:100%;--awb-order-small:0;--awb-spacing-right-small:1.92%;--awb-spacing-left-small:1.92%;\"><div class=\"fusion-column-wrapper fusion-column-has-shadow fusion-flex-justify-content-center fusion-content-layout-column\"><div class=\"fusion-title title fusion-title-1 fusion-sep-none fusion-title-text fusion-title-size-three\" style=\"--awb-font-size:32px;\"><h3 class=\"fusion-title-heading title-heading-left fusion-responsive-typography-calculated\" style=\"margin:0;font-size:1em;--fontSize:32;line-height:1.2;\">Produktdata<\/h3><\/div><\/div><\/div><\/div><\/div><div class=\"fusion-fullwidth fullwidth-box fusion-builder-row-2 fusion-flex-container has-pattern-background has-mask-background nonhundred-percent-fullwidth non-hundred-percent-height-scrolling\" style=\"--awb-border-radius-top-left:0px;--awb-border-radius-top-right:0px;--awb-border-radius-bottom-right:0px;--awb-border-radius-bottom-left:0px;--awb-padding-top:4px;--awb-padding-right:6px;--awb-padding-left:6px;--awb-flex-wrap:wrap;\" ><div class=\"fusion-builder-row fusion-row fusion-flex-align-items-flex-start fusion-flex-content-wrap\" style=\"max-width:1597.44px;margin-left: calc(-4% \/ 2 );margin-right: calc(-4% \/ 2 );\"><div class=\"fusion-layout-column fusion_builder_column fusion-builder-column-1 fusion_builder_column_1_2 1_2 fusion-flex-column\" style=\"--awb-bg-size:cover;--awb-width-large:50%;--awb-margin-top-large:0px;--awb-spacing-right-large:3.84%;--awb-margin-bottom-large:20px;--awb-spacing-left-large:3.84%;--awb-width-medium:100%;--awb-order-medium:0;--awb-spacing-right-medium:1.92%;--awb-spacing-left-medium:1.92%;--awb-width-small:100%;--awb-order-small:0;--awb-spacing-right-small:1.92%;--awb-spacing-left-small:1.92%;\"><div class=\"fusion-column-wrapper fusion-column-has-shadow fusion-flex-justify-content-flex-start fusion-content-layout-column\"><div class=\"fusion-text fusion-text-1\"><p><strong>Material<\/strong><br \/>\nYta av sp\u00e5nskiva t\u00e4ckt med h\u00f6gtryckslaminat, med PVC-skyddslister och mjukt rundade h\u00f6rn.<br \/>\nTung, solid st\u00e5lfot och platta f\u00f6r s\u00e4kerhet och stabilitet med epoxypulverlackerad yta.<br \/>\nBordsskivan \u00e4r f\u00e4st vid basen med s\u00e4kerhetsf\u00e4sten och extra s\u00e4kerhetstejp f\u00f6r \u00f6kad stabilitet.<\/p>\n<p><strong>Montering<\/strong><br \/>\nLevereras f\u00e4rdigmonterad och redo att anv\u00e4ndas.<\/p>\n<p><strong>Underh\u00e5ll<\/strong><br \/>\nL\u00e4tt att reng\u00f6ra med en mjuk, fuktig trasa. Du kan anv\u00e4nda ett icke-slipande kr\u00e4mreng\u00f6ringsmedel p\u00e5 bordsskivan. Undvik att anv\u00e4nda l\u00f6sningsmedel, blekmedel, slipmedel eller syntetiska reng\u00f6ringsmedel. Ytan \u00e4r v\u00e4rmet\u00e5lig, men inte v\u00e4rmeskyddad, s\u00e5 s\u00e4tt inte heta f\u00f6rem\u00e5l direkt fr\u00e5n ugnen p\u00e5 bordsskivan. Undvik att uts\u00e4tta kanterna f\u00f6r fukt.<\/p>\n<p><strong>Teknisk data<\/strong><br \/>\nH 420 mm W 700 mm D 700 mm.<br \/>\nVikt: 37,5 kg.<\/p>\n<\/div><\/div><\/div><div class=\"fusion-layout-column fusion_builder_column fusion-builder-column-2 fusion_builder_column_1_2 1_2 fusion-flex-column\" style=\"--awb-bg-size:cover;--awb-width-large:50%;--awb-margin-top-large:0px;--awb-spacing-right-large:3.84%;--awb-margin-bottom-large:20px;--awb-spacing-left-large:3.84%;--awb-width-medium:100%;--awb-order-medium:0;--awb-spacing-right-medium:1.92%;--awb-spacing-left-medium:1.92%;--awb-width-small:100%;--awb-order-small:0;--awb-spacing-right-small:1.92%;--awb-spacing-left-small:1.92%;\"><div class=\"fusion-column-wrapper fusion-column-has-shadow fusion-flex-justify-content-flex-start fusion-content-layout-column\"><div class=\"fusion-text fusion-text-2\"><p><strong>F\u00e4rger<\/strong><br \/>\nBasen levereras i antracit som standard. Bordsskivan finns i vitt som standardutf\u00f6rande, samt i antracitgr\u00e5 eller hickory som tillval.<\/p>\n<p><strong>H\u00e5llbarhet<\/strong><br \/>\nStyrka och stabilitet testad enligt BS EN 15372:2008 \u2013 Niv\u00e5 2.<\/p>\n<p><strong>Leverans<\/strong><br \/>\nLeveranstid 6-8 veckor. Observera att of\u00f6rutsedda h\u00e4ndelser kan p\u00e5verka leveransen. F\u00f6r mer information om aktuell leveranstid i samband med orderbekr\u00e4ftelse eller innan best\u00e4llning, v\u00e4nligen kontakta oss p\u00e5 info@healsafeinterior.com.<\/p>\n<p><strong>Garanti<\/strong><br \/>\n7 \u00e5rs garanti. Vi erbjuder en garanti som t\u00e4cker eventuella tillverkningsfel f\u00f6r ditt bord.<\/p>\n<p><strong>Tillverkning\/produktion<br \/>\n<\/strong>Europa.<\/p>\n<\/div><\/div><\/div><\/div><\/div><\/p>\n","protected":false},"excerpt":{"rendered":"<p><em>Soffbordet \u00e4r designat f\u00f6r att m\u00f6ta h\u00f6ga krav p\u00e5 h\u00e5llbarhet, s\u00e4kerhet och funktionalitet i milj\u00f6er med s\u00e4rskilda krav.<\/em><\/p>\n<ul>\n<li>H\u00f6gtryckslaminatyta med PVC-skyddslister f\u00f6r \u00f6kad h\u00e5llbarhet och slitstyrka<\/li>\n<li>Solid st\u00e5lbasplatta och h\u00e4rdad finish f\u00f6r extra styrka och l\u00e5ng livsl\u00e4ngd<\/li>\n<li>Sl\u00e4ta och rundade h\u00f6rn f\u00f6r \u00f6kad s\u00e4kerhet och tillg\u00e4nglighet<\/li>\n<\/ul>\n<p>Soffbordet har en h\u00f6gtryckslaminatyta som \u00e4r b\u00e5de v\u00e4rme- och slagresistent, vilket s\u00e4kerst\u00e4ller l\u00e5ngvarig h\u00e5llbarhet och en slitstark yta. Laminatskivan \u00e4r av solid kvalitet, vilket ger \u00f6verl\u00e4gsen styrka och vattenbest\u00e4ndighet. De PVC-skyddade kantlisterna skyddar bordet fr\u00e5n skador och slitage vid daglig anv\u00e4ndning. Den h\u00e4rdade satinlackfinishen ger ett stiligt och h\u00e5llbart skydd mot repor och andra skador.<\/p>\n<p>Basplattan \u00e4r tillverkad av solid st\u00e5l, vilket ger extra stabilitet och g\u00f6r soffbordet l\u00e4mpligt f\u00f6r milj\u00f6er med s\u00e4kerhetskrav. De sl\u00e4ta, rundade h\u00f6rnen bidrar till \u00f6kad s\u00e4kerhet och minskar risken f\u00f6r skador.<\/p>\n<p>Soffbordet finns i f\u00e4rgerna White, Anthracite och Hickory. Mittpelare och fot i antracit som standard.<br \/>\nMittpelare och fot i antracit som standard.<\/p>\n<p>F\u00f6r mer kr\u00e4vande milj\u00f6er finns \u00e4ven Cumulus Plus soffbord som erbjuder \u00e4nnu h\u00f6gre h\u00e5llbarhet och funktionalitet.\u00a0<a href=\"https:\/\/healsafeinterior.com\/sv\/produkt\/cumulus-plus-soffbord\/\">https:\/\/healsafeinterior.com\/sv\/produkt\/cumulus-plus-soffbord\/<\/a><\/p>\n<p>L\u00e4mpligt f\u00f6r milj\u00f6er som allrum och patientrum.<\/p>\n","protected":false},"featured_media":12176,"template":"","meta":[],"product_brand":[],"product_cat":[634,624],"product_tag":[],"class_list":{"0":"post-15728","1":"product","2":"type-product","3":"status-publish","4":"has-post-thumbnail","6":"product_cat-bord","7":"product_cat-sakerhetsmobler","9":"first","10":"instock","11":"shipping-taxable","12":"purchasable","13":"product-type-simple"},"_links":{"self":[{"href":"https:\/\/healsafeinterior.com\/sv\/wp-json\/wp\/v2\/product\/15728","targetHints":{"allow":["GET"]}}],"collection":[{"href":"https:\/\/healsafeinterior.com\/sv\/wp-json\/wp\/v2\/product"}],"about":[{"href":"https:\/\/healsafeinterior.com\/sv\/wp-json\/wp\/v2\/types\/product"}],"wp:featuredmedia":[{"embeddable":true,"href":"https:\/\/healsafeinterior.com\/sv\/wp-json\/wp\/v2\/media\/12176"}],"wp:attachment":[{"href":"https:\/\/healsafeinterior.com\/sv\/wp-json\/wp\/v2\/media?parent=15728"}],"wp:term":[{"taxonomy":"product_brand","embeddable":true,"href":"https:\/\/healsafeinterior.com\/sv\/wp-json\/wp\/v2\/product_brand?post=15728"},{"taxonomy":"product_cat","embeddable":true,"href":"https:\/\/healsafeinterior.com\/sv\/wp-json\/wp\/v2\/product_cat?post=15728"},{"taxonomy":"product_tag","embeddable":true,"href":"https:\/\/healsafeinterior.com\/sv\/wp-json\/wp\/v2\/product_tag?post=15728"}],"curies":[{"name":"wp","href":"https:\/\/api.w.org\/{rel}","templated":true}]}}