{"id":15725,"date":"2018-11-07T12:22:44","date_gmt":"2018-11-07T11:22:44","guid":{"rendered":"https:\/\/healsafeinterior.com\/product\/sovie-sang\/"},"modified":"2026-02-17T13:15:51","modified_gmt":"2026-02-17T12:15:51","slug":"sovie-sang","status":"publish","type":"product","link":"https:\/\/healsafeinterior.com\/sv\/produkt\/sovie-sang\/","title":{"rendered":"Sovie s\u00e4ng"},"content":{"rendered":"<div class=\"fusion-fullwidth fullwidth-box fusion-builder-row-1 fusion-flex-container has-pattern-background has-mask-background hundred-percent-fullwidth non-hundred-percent-height-scrolling\" style=\"--awb-border-radius-top-left:0px;--awb-border-radius-top-right:0px;--awb-border-radius-bottom-right:0px;--awb-border-radius-bottom-left:0px;--awb-padding-top:4px;--awb-padding-right:6px;--awb-padding-bottom:0px;--awb-padding-left:6px;--awb-margin-top:40px;--awb-margin-bottom:20px;--awb-flex-wrap:wrap;\" ><div class=\"fusion-builder-row fusion-row fusion-flex-align-items-center fusion-flex-justify-content-center fusion-flex-content-wrap\" style=\"width:104% !important;max-width:104% !important;margin-left: calc(-4% \/ 2 );margin-right: calc(-4% \/ 2 );\"><div class=\"fusion-layout-column fusion_builder_column fusion-builder-column-0 fusion_builder_column_1_1 1_1 fusion-flex-column fusion-flex-align-self-center\" style=\"--awb-bg-size:cover;--awb-width-large:100%;--awb-margin-top-large:0px;--awb-spacing-right-large:1.92%;--awb-margin-bottom-large:3px;--awb-spacing-left-large:1.92%;--awb-width-medium:100%;--awb-order-medium:0;--awb-spacing-right-medium:1.92%;--awb-spacing-left-medium:1.92%;--awb-width-small:100%;--awb-order-small:0;--awb-spacing-right-small:1.92%;--awb-spacing-left-small:1.92%;\"><div class=\"fusion-column-wrapper fusion-column-has-shadow fusion-flex-justify-content-center fusion-content-layout-column\"><div class=\"fusion-tabs fusion-tabs-1 classic nav-not-justified horizontal-tabs icon-position-left mobile-mode-carousel\" style=\"--awb-title-border-radius-top-left:2px;--awb-title-border-radius-top-right:2px;--awb-title-border-radius-bottom-right:2px;--awb-title-border-radius-bottom-left:2px;--awb-content-padding-top:40px;--awb-content-padding-right:30px;--awb-content-padding-bottom:40px;--awb-content-padding-left:30px;--awb-title-padding-right:40px;--awb-title-padding-left:40px;--awb-title-font-size:17px;--awb-alignment:start;--awb-inactive-color:var(--awb-color2);--awb-title-text-color:var(--awb-color5);--awb-title-active-text-color:var(--awb-color7);--awb-background-color:var(--awb-color1);--awb-border-color:rgba(167,172,162,0);--awb-active-border-color:var(--awb-custom_color_2);--awb-title-font-family:&quot;Sen&quot;;--awb-title-font-style:normal;--awb-title-font-weight:400;\"><div class=\"nav\"><ul class=\"nav-tabs\" role=\"tablist\"><li class=\"active\" role=\"presentation\"><a class=\"tab-link\" data-toggle=\"tab\" role=\"tab\" aria-controls=\"tab-73b16729977867f517a\" aria-selected=\"true\" id=\"fusion-tab-meromprodukten\" href=\"#tab-73b16729977867f517a\"><h3 class=\"fusion-tab-heading\">Mer om produkten<\/h3><\/a><\/li><li role=\"presentation\"><a class=\"tab-link\" data-toggle=\"tab\" role=\"tab\" aria-controls=\"tab-451bc7ae8a10022aa89\" aria-selected=\"false\" tabindex=\"-1\" id=\"fusion-tab-tillbeh\u00f6r\" href=\"#tab-451bc7ae8a10022aa89\"><h3 class=\"fusion-tab-heading\">Tillbeh\u00f6r<\/h3><\/a><\/li><\/ul><\/div><div class=\"tab-content\"><div class=\"tab-pane fade fusion-clearfix in active\" role=\"tabpanel\" tabindex=\"0\" aria-labelledby=\"fusion-tab-meromprodukten\" id=\"tab-73b16729977867f517a\">\n<p>Sovie-s\u00e4ngen \u00e4r belagd med Kydex &#8211; en t\u00e5lig plast som ofta anv\u00e4nds i flygplansinredningar.<br \/>\nKydex \u00e4r en extremt slitstark yta som t\u00e5l st\u00f6tar och \u00e4r resistent mot tuffa kemiska reng\u00f6ringsmedel.<br \/>\nInv\u00e4ndiga st\u00f6dribbor ger extra styrka och h\u00e5llbarhet.<br \/>\nSovies madrassplattform i ett stycke har inga skarvar eller sprickor genom vilka v\u00e4tska kan tr\u00e4nga in, vilket g\u00f6r att hygien- och infektionskontrollniv\u00e5erna bibeh\u00e5lls.<br \/>\nKydex-bel\u00e4ggningen har flamskyddande egenskaper: Uppn\u00e5r klass A (den h\u00f6gsta) f\u00f6r ASTM E-84* ytf\u00f6rbr\u00e4nningsegenskaper hos byggnadsmaterial.<br \/>\n\u00c4r sj\u00e4lvsl\u00e4ckande i fr\u00e5nvaro av en yttre l\u00e5ga.<br \/>\nKydex f\u00f6rblir op\u00e5verkat av n\u00e5gra av de tuffaste kemikalierna: 70% salpetersyra, 30% svavelsyra, 10% saltsyra, ammoniak och 3% v\u00e4te.<br \/>\nMontering: S\u00e4ngarna kan f\u00e4stas s\u00e4kert i golvet med hj\u00e4lp av fyllnadspaneler f\u00f6r att minimera risken f\u00f6r att de d\u00f6ljs n\u00e4r de placeras mot en v\u00e4gg.<\/p>\n<\/div><div class=\"tab-pane fade fusion-clearfix\" role=\"tabpanel\" tabindex=\"0\" aria-labelledby=\"fusion-tab-tillbeh\u00f6r\" id=\"tab-451bc7ae8a10022aa89\">Gl\u00f6m inte att l\u00e4gga till dessa tillbeh\u00f6r i din offertf\u00f6rfr\u00e5gan. <div class=\"woocommerce columns-5 \"><ul class=\"products clearfix products-5\">\n<li class=\"product type-product post-15433 status-publish first instock product_cat-sakerhetsmobler product_cat-sangbord product_tag-acumen-sv has-post-thumbnail shipping-taxable purchasable product-type-simple product-grid-view\">\n\t<div class=\"fusion-product-wrapper\">\n\n<div class=\"fusion-clean-product-image-wrapper \">\n\t<div  class=\"fusion-image-wrapper fusion-image-size-fixed\" aria-haspopup=\"true\">\n\t\t\t\t\t\t\t<a href=\"https:\/\/healsafeinterior.com\/sv\/produkt\/acumen-open-nattduksbord\/\" aria-label=\"Acumen Open nattduksbord\">\n\t\t\t\t\t\t\t<img decoding=\"async\" width=\"400\" height=\"400\" src=\"https:\/\/healsafeinterior.com\/wp-content\/uploads\/2020\/12\/Acumen-bedside-table-fake-roomset-Pineapple-1000x1000-1-400x400.webp\" class=\"attachment-woocommerce_thumbnail size-woocommerce_thumbnail wp-post-image\" alt=\"Acumen bedside table by the bed in a bedroom\" srcset=\"https:\/\/healsafeinterior.com\/wp-content\/uploads\/2020\/12\/Acumen-bedside-table-fake-roomset-Pineapple-1000x1000-1-66x66.webp 66w, https:\/\/healsafeinterior.com\/wp-content\/uploads\/2020\/12\/Acumen-bedside-table-fake-roomset-Pineapple-1000x1000-1-100x100.webp 100w, https:\/\/healsafeinterior.com\/wp-content\/uploads\/2020\/12\/Acumen-bedside-table-fake-roomset-Pineapple-1000x1000-1-150x150.webp 150w, https:\/\/healsafeinterior.com\/wp-content\/uploads\/2020\/12\/Acumen-bedside-table-fake-roomset-Pineapple-1000x1000-1-200x200.webp 200w, https:\/\/healsafeinterior.com\/wp-content\/uploads\/2020\/12\/Acumen-bedside-table-fake-roomset-Pineapple-1000x1000-1-300x300.webp 300w, https:\/\/healsafeinterior.com\/wp-content\/uploads\/2020\/12\/Acumen-bedside-table-fake-roomset-Pineapple-1000x1000-1-400x400.webp 400w, https:\/\/healsafeinterior.com\/wp-content\/uploads\/2020\/12\/Acumen-bedside-table-fake-roomset-Pineapple-1000x1000-1-600x600.webp 600w, https:\/\/healsafeinterior.com\/wp-content\/uploads\/2020\/12\/Acumen-bedside-table-fake-roomset-Pineapple-1000x1000-1-768x768.webp 768w, https:\/\/healsafeinterior.com\/wp-content\/uploads\/2020\/12\/Acumen-bedside-table-fake-roomset-Pineapple-1000x1000-1-800x800.webp 800w, https:\/\/healsafeinterior.com\/wp-content\/uploads\/2020\/12\/Acumen-bedside-table-fake-roomset-Pineapple-1000x1000-1.webp 1000w\" sizes=\"(max-width: 400px) 100vw, 400px\" title=\"\"><div class=\"cart-loading\"><i class=\"awb-icon-spinner\" aria-hidden=\"true\"><\/i><\/div>\t\t\t<\/a>\n\t\t\t\t\t\t\t<\/div>\n<\/div>\n<div class=\"fusion-product-content\">\n\t<div class=\"product-details\">\n\t\t<div class=\"product-details-container\">\n<h3 class=\"product-title\">\n\t<a href=\"https:\/\/healsafeinterior.com\/sv\/produkt\/acumen-open-nattduksbord\/\">\n\t\tAcumen Open nattduksbord\t<\/a>\n<\/h3>\n<div class=\"fusion-price-rating\">\n\n\t<span class=\"price\"><span class=\"woocommerce-Price-amount amount\"><bdi><span class=\"woocommerce-Price-currencySymbol\">&#107;&#114;<\/span>0.00<\/bdi><\/span><\/span>\n\t\t<\/div>\n\t<\/div>\n<\/div>\n\n\t<\/div> \n\n\n<\/div>\n<\/li>\n<li class=\"product type-product post-15701 status-publish instock product_cat-madrasser product_cat-sakerhetsmobler product_cat-sangar has-post-thumbnail shipping-taxable purchasable product-type-simple product-grid-view\">\n\t<div class=\"fusion-product-wrapper\">\n\n<div class=\"fusion-clean-product-image-wrapper \">\n\t<div  class=\"fusion-image-wrapper fusion-image-size-fixed\" aria-haspopup=\"true\">\n\t\t\t\t\t\t\t<a href=\"https:\/\/healsafeinterior.com\/sv\/produkt\/monsoon-madrass\/\" aria-label=\"Monsoon madrass\">\n\t\t\t\t\t\t\t<img decoding=\"async\" width=\"400\" height=\"400\" src=\"https:\/\/healsafeinterior.com\/wp-content\/uploads\/2019\/01\/Monsoon-perspective-detail-Pineapple-440x440-kopia-400x400.jpg\" class=\"attachment-woocommerce_thumbnail size-woocommerce_thumbnail wp-post-image\" alt=\"\" srcset=\"https:\/\/healsafeinterior.com\/wp-content\/uploads\/2019\/01\/Monsoon-perspective-detail-Pineapple-440x440-kopia-66x66.jpg 66w, https:\/\/healsafeinterior.com\/wp-content\/uploads\/2019\/01\/Monsoon-perspective-detail-Pineapple-440x440-kopia-150x150.jpg 150w, https:\/\/healsafeinterior.com\/wp-content\/uploads\/2019\/01\/Monsoon-perspective-detail-Pineapple-440x440-kopia-200x200.jpg 200w, https:\/\/healsafeinterior.com\/wp-content\/uploads\/2019\/01\/Monsoon-perspective-detail-Pineapple-440x440-kopia-300x300.jpg 300w, https:\/\/healsafeinterior.com\/wp-content\/uploads\/2019\/01\/Monsoon-perspective-detail-Pineapple-440x440-kopia-400x400.jpg 400w, https:\/\/healsafeinterior.com\/wp-content\/uploads\/2019\/01\/Monsoon-perspective-detail-Pineapple-440x440-kopia.jpg 440w\" sizes=\"(max-width: 400px) 100vw, 400px\" title=\"\"><div class=\"cart-loading\"><i class=\"awb-icon-spinner\" aria-hidden=\"true\"><\/i><\/div>\t\t\t<\/a>\n\t\t\t\t\t\t\t<\/div>\n<\/div>\n<div class=\"fusion-product-content\">\n\t<div class=\"product-details\">\n\t\t<div class=\"product-details-container\">\n<h3 class=\"product-title\">\n\t<a href=\"https:\/\/healsafeinterior.com\/sv\/produkt\/monsoon-madrass\/\">\n\t\tMonsoon madrass\t<\/a>\n<\/h3>\n<div class=\"fusion-price-rating\">\n\n\t\t<\/div>\n\t<\/div>\n<\/div>\n\n\t<\/div> \n\n\n<\/div>\n<\/li>\n<\/ul>\n<\/div><\/div><\/div><\/div><\/div><\/div><\/div><\/div>\n","protected":false},"excerpt":{"rendered":"<p>&#8211; Mycket robust, vattenresistent med flamskyddande ytmaterial<br \/>\n&#8211; Formgiven f\u00f6r minskad risk f\u00f6r ligaturer<br \/>\n&#8211; Tilltalande design i ett stycke med rundade h\u00f6rn<\/p>\n<p>En unikt s\u00e4ker och hygienisk s\u00e4ng f\u00f6r kr\u00e4vande milj\u00f6er.<br \/>\n2 modeller finns i vitt eller hickory. <em>Sovie Box<\/em> &#8211; Storlek: H 470 mm, B 1940 mm, D 970 mm.<br \/>\nVikt 120 kg. <em>Sovie Flare<\/em> &#8211; Storlek: H 480 mm, B 1990 mm, D 990 mm.<br \/>\nVikt 110 kg.<\/p>\n","protected":false},"featured_media":11920,"template":"","meta":[],"product_brand":[],"product_cat":[599,623,624,627],"product_tag":[1026,1025,1028],"class_list":{"0":"post-15725","1":"product","2":"type-product","3":"status-publish","4":"has-post-thumbnail","6":"product_cat-extra-hoga-sakerhetskrav","7":"product_cat-patientrum","8":"product_cat-sakerhetsmobler","9":"product_cat-sangar","10":"product_tag-anstalt","11":"product_tag-behandlingshem","12":"product_tag-lss","14":"first","15":"instock","16":"shipping-taxable","17":"purchasable","18":"product-type-variable"},"_links":{"self":[{"href":"https:\/\/healsafeinterior.com\/sv\/wp-json\/wp\/v2\/product\/15725","targetHints":{"allow":["GET"]}}],"collection":[{"href":"https:\/\/healsafeinterior.com\/sv\/wp-json\/wp\/v2\/product"}],"about":[{"href":"https:\/\/healsafeinterior.com\/sv\/wp-json\/wp\/v2\/types\/product"}],"wp:featuredmedia":[{"embeddable":true,"href":"https:\/\/healsafeinterior.com\/sv\/wp-json\/wp\/v2\/media\/11920"}],"wp:attachment":[{"href":"https:\/\/healsafeinterior.com\/sv\/wp-json\/wp\/v2\/media?parent=15725"}],"wp:term":[{"taxonomy":"product_brand","embeddable":true,"href":"https:\/\/healsafeinterior.com\/sv\/wp-json\/wp\/v2\/product_brand?post=15725"},{"taxonomy":"product_cat","embeddable":true,"href":"https:\/\/healsafeinterior.com\/sv\/wp-json\/wp\/v2\/product_cat?post=15725"},{"taxonomy":"product_tag","embeddable":true,"href":"https:\/\/healsafeinterior.com\/sv\/wp-json\/wp\/v2\/product_tag?post=15725"}],"curies":[{"name":"wp","href":"https:\/\/api.w.org\/{rel}","templated":true}]}}