{"id":15714,"date":"2018-11-07T12:23:34","date_gmt":"2018-11-07T11:23:34","guid":{"rendered":"https:\/\/healsafeinterior.com\/product\/snug-plus-modulara-sittmobler\/"},"modified":"2026-02-18T10:26:47","modified_gmt":"2026-02-18T09:26:47","slug":"snug-plus-modulsystem-sittmobler","status":"publish","type":"product","link":"https:\/\/healsafeinterior.com\/sv\/produkt\/snug-plus-modulsystem-sittmobler\/","title":{"rendered":"Snug Plus &#8211; modul\u00e4ra sittm\u00f6bler"},"content":{"rendered":"<p><div class=\"fusion-fullwidth fullwidth-box fusion-builder-row-1 fusion-flex-container has-pattern-background has-mask-background hundred-percent-fullwidth non-hundred-percent-height-scrolling\" style=\"--awb-border-radius-top-left:0px;--awb-border-radius-top-right:0px;--awb-border-radius-bottom-right:0px;--awb-border-radius-bottom-left:0px;--awb-padding-top:4px;--awb-padding-right:6px;--awb-padding-bottom:0px;--awb-padding-left:6px;--awb-flex-wrap:wrap;\" ><div class=\"fusion-builder-row fusion-row fusion-flex-align-items-center fusion-flex-justify-content-center fusion-flex-content-wrap\" style=\"width:104% !important;max-width:104% !important;margin-left: calc(-4% \/ 2 );margin-right: calc(-4% \/ 2 );\"><div class=\"fusion-layout-column fusion_builder_column fusion-builder-column-0 fusion_builder_column_1_1 1_1 fusion-flex-column fusion-flex-align-self-center\" style=\"--awb-bg-size:cover;--awb-width-large:100%;--awb-margin-top-large:0px;--awb-spacing-right-large:1.92%;--awb-margin-bottom-large:3px;--awb-spacing-left-large:1.92%;--awb-width-medium:100%;--awb-order-medium:0;--awb-spacing-right-medium:1.92%;--awb-spacing-left-medium:1.92%;--awb-width-small:100%;--awb-order-small:0;--awb-spacing-right-small:1.92%;--awb-spacing-left-small:1.92%;\"><div class=\"fusion-column-wrapper fusion-column-has-shadow fusion-flex-justify-content-center fusion-content-layout-column\"><div class=\"fusion-title title fusion-title-1 fusion-sep-none fusion-title-text fusion-title-size-three\" style=\"--awb-font-size:32px;\"><h3 class=\"fusion-title-heading title-heading-left fusion-responsive-typography-calculated\" style=\"margin:0;font-size:1em;--fontSize:32;line-height:1.2;\">Produktdata<\/h3><\/div><\/div><\/div><\/div><\/div><div class=\"fusion-fullwidth fullwidth-box fusion-builder-row-2 fusion-flex-container has-pattern-background has-mask-background nonhundred-percent-fullwidth non-hundred-percent-height-scrolling\" style=\"--awb-border-radius-top-left:0px;--awb-border-radius-top-right:0px;--awb-border-radius-bottom-right:0px;--awb-border-radius-bottom-left:0px;--awb-padding-top:4px;--awb-padding-right:6px;--awb-padding-left:6px;--awb-flex-wrap:wrap;\" ><div class=\"fusion-builder-row fusion-row fusion-flex-align-items-flex-start fusion-flex-content-wrap\" style=\"max-width:1597.44px;margin-left: calc(-4% \/ 2 );margin-right: calc(-4% \/ 2 );\"><div class=\"fusion-layout-column fusion_builder_column fusion-builder-column-1 fusion_builder_column_1_1 1_1 fusion-flex-column\" style=\"--awb-bg-size:cover;--awb-width-large:100%;--awb-margin-top-large:0px;--awb-spacing-right-large:1.92%;--awb-margin-bottom-large:20px;--awb-spacing-left-large:1.92%;--awb-width-medium:100%;--awb-order-medium:0;--awb-spacing-right-medium:1.92%;--awb-spacing-left-medium:1.92%;--awb-width-small:100%;--awb-order-small:0;--awb-spacing-right-small:1.92%;--awb-spacing-left-small:1.92%;\"><div class=\"fusion-column-wrapper fusion-column-has-shadow fusion-flex-justify-content-flex-start fusion-content-layout-column\"><div class=\"fusion-text fusion-text-1 awb-text-cols fusion-text-columns-2\" style=\"--awb-columns:2;--awb-column-spacing:2em;--awb-column-min-width:100px;\"><p><strong>Material<\/strong><br \/>\nStomme tillverkad av en kombination av sp\u00e5nskiva och plywood, ytterligare f\u00f6rst\u00e4rkt med plywood f\u00f6r robusthet. Alla stoppade delar \u00e4r fastsatta vid basen f\u00f6r att s\u00e4kerst\u00e4lla att de inte kan avl\u00e4gsnas. K\u00e4rnan best\u00e5r av brandh\u00e4mmande CMHR (f\u00f6rbr\u00e4nningsmodifierad h\u00f6gelastisk) skum, vilket \u00e4r s\u00e4kert f\u00f6r b\u00e5de anv\u00e4ndare och personal. Allt tyg \u00e4r brandh\u00e4mmande enligt CAL TB 116, 117 och NFPA 260 USA.<\/p>\n<p><strong>Montering<\/strong><br \/>\nLevereras monterad. F\u00e4sten f\u00f6r att sammanl\u00e4nka sittmoduler finns som tillval.<\/p>\n<p><strong>Underh\u00e5ll<\/strong><br \/>\nF\u00f6r att bevara f\u00e5t\u00f6ljens skick rekommenderar vi att den reng\u00f6rs med en fuktig trasa och vid behov anv\u00e4ndning av milda reng\u00f6ringsmedel. V\u00e5ra material \u00e4r utformade f\u00f6r att vara t\u00e5liga och enkla att underh\u00e5lla, vilket g\u00f6r dem idealiska f\u00f6r kr\u00e4vande milj\u00f6er. Vid behov anv\u00e4nd ytdesinfektion men var uppm\u00e4rksam p\u00e5 att detta kan f\u00f6rkorta livsl\u00e4ngden f\u00f6r textilen. F\u00f6r mer information se <a href=\"https:\/\/healsafeinterior.com\/sv\/resurscenter\/\">Sk\u00f6tselr\u00e5d f\u00f6r m\u00f6bler<\/a>.<\/p>\n<p><strong>Teknisk data:<\/strong><br \/>\nHSP463: H 890 mm, B 940 mm, D 1060 mm. Sitth\u00f6jd 400 mm. Vikt: 40 kg.<br \/>\nHSP464: H 890 mm, B 940 mm, D 1060 mm. Sitth\u00f6jd: 400 mm. Vikt: 53 kg.<br \/>\nHSP465: H 400 mm, B 900 mm, D 900 mm. Sitth\u00f6jd: 400 mm. Vikt: 26,5 kg.<\/p>\n<p><strong>Textilval\/F\u00e4rgval<\/strong><br \/>\nAston \u00e4r en robust konstl\u00e4dertextil (vinyl) med v\u00e4tsket\u00e5liga och avtorkbara egenskaper, idealisk f\u00f6r milj\u00f6er med h\u00f6ga hygien- och slitstyrkekrav. Highland har en v\u00e4vd struktur som kombinerar h\u00e5llbarhet med en varm, ombonad k\u00e4nsla. B\u00e5da passar utm\u00e4rkt i milj\u00f6er med s\u00e4rskilda krav och tillgodoser olika behov. B\u00e5da finns i ett stort urval av kul\u00f6rer. Se <a href=\"https:\/\/uk.pineapplecontracts.com\/fabric\/aston-range\/\" target=\"_blank\" rel=\"noopener\">Aston<\/a> &amp; <a href=\"https:\/\/uk.pineapplecontracts.com\/fabric\/highland-range\/\" target=\"_blank\" rel=\"noopener\">Highland<\/a>.<\/p>\n<p><strong>H\u00e5llbarhet<\/strong><br \/>\nStyrka och stabilitet testad enligt europeisk kvalitetsstandard (BS EN 16139:2013 niv\u00e5 2), med h\u00e5llbarhet verifierad f\u00f6r 200 000 anv\u00e4ndningscykler.<\/p>\n<p><em>Att kl\u00e4 om m\u00f6bler \u00e4r ett h\u00e5llbart och kostnadseffektivt s\u00e4tt att f\u00f6rl\u00e4nga livsl\u00e4ngden p\u00e5 m\u00f6blen. Kontakta oss f\u00f6r r\u00e5d.<\/em><\/p>\n<p><strong>Leverans<\/strong><br \/>\nLeveranstid 8\u201312 veckor. Observera att of\u00f6rutsedda h\u00e4ndelser kan p\u00e5verka leveransen. F\u00f6r mer information om aktuell leveranstid i samband med orderbekr\u00e4ftelse eller innan best\u00e4llning, v\u00e4nligen kontakta oss p\u00e5 <a href=\"mailto:info@healsafeinterior.com\">info@healsafeinterior.com<\/a>.<\/p>\n<p><strong>Garanti<\/strong><br \/>\n7 \u00e5rs garanti (g\u00e4ller ej kl\u00e4dsel).<br \/>\nVi erbjuder en garanti som t\u00e4cker eventuella tillverkningsfel f\u00f6r din f\u00e5t\u00f6lj.<\/p>\n<p>F\u00f6r garanti\u00e4renden g\u00e4llande kl\u00e4dsel g\u00e4ller s\u00e4rskilda villkor. Se v\u00e5ra <a href=\"https:\/\/healsafeinterior.com\/sv\/resurscenter\/\">sk\u00f6tselr\u00e5d<\/a>. Vid reklamation, v\u00e4nligen kontakta oss p\u00e5 <a href=\"mailto:info@healsafeinterior.com\">info@healsafeinterior.com<\/a>.<\/p>\n<p><strong>Tillverkning\/produktion<\/strong><br \/>\nEuropa.<\/p>\n<\/div><\/div><\/div><\/div><\/div><\/p>\n","protected":false},"excerpt":{"rendered":"<p><em>Snug Plus modulsystem har en slitstark konstruktion, l\u00e5g sitth\u00f6jd f\u00f6r \u00f6kad komfort och en modern, bekv\u00e4m design. Det kan enkelt anpassas efter gruppens behov \u2013 f\u00f6r social interaktion eller avskildhet.<\/em><\/p>\n<ul>\n<li>Flexibelt modulsystem som optimerar utrymmet och anpassas efter specifika behov.<\/li>\n<li>L\u00e5g sitth\u00f6jd ger l\u00e4ngre reaktionstid n\u00e4r man reser sig, vilket \u00f6kar s\u00e4kerheten.<\/li>\n<li>S\u00e4kerhetsfokuserad design som eliminerar risken f\u00f6r g\u00f6mslen.<\/li>\n<\/ul>\n<p>V\u00e5rt flexibla modulsystem g\u00f6r det m\u00f6jligt att skapa b\u00e5de individuella och sammansatta l\u00f6sningar och kan anpassas efter gruppens sociala behov \u2013 placera m\u00f6blerna f\u00f6r att fr\u00e4mja interaktion eller separera dem f\u00f6r lugn och avskildhet. Sittm\u00f6blerna har en robust konstruktion som st\u00e5r emot slitage och s\u00e4kerst\u00e4ller l\u00e5ngvarig h\u00e5llbarhet. Den l\u00e5ga h\u00f6jden f\u00f6rb\u00e4ttrar personalens siktlinjer och skapar en tryggare milj\u00f6.<\/p>\n<p>Den moderna och inbjudande designens mjuka former, g\u00f6r m\u00f6blerna b\u00e5de bekv\u00e4ma och funktionella f\u00f6r alla typer av milj\u00f6er. Gener\u00f6sa proportionerna och god komfort bidrar till en trivsam atmosf\u00e4r.<\/p>\n<p>M\u00f6blerna kan anpassas efter specifika inredningskoncept genom val av tyg och f\u00e4rg, d\u00e4r vi rekommenderar <a href=\"https:\/\/uk.pineapplecontracts.com\/fabric\/aston-range\/\">Aston<\/a> eller <a href=\"https:\/\/uk.pineapplecontracts.com\/fabric\/highland-range\/\">Highland<\/a> textilier f\u00f6r b\u00e4sta h\u00e5llbarhet och estetik.<\/p>\n<p>Ben i svart plast som standard.<\/p>\n<p>L\u00e4mplig f\u00f6r milj\u00f6er som allrum och gemensamhetsutrymmen.<\/p>\n<p>&nbsp;<\/p>\n","protected":false},"featured_media":12116,"template":"","meta":[],"product_brand":[],"product_cat":[625,624,633,622],"product_tag":[1024],"class_list":{"0":"post-15714","1":"product","2":"type-product","3":"status-publish","4":"has-post-thumbnail","6":"product_cat-fatoljer","7":"product_cat-sakerhetsmobler","8":"product_cat-soffor","9":"product_cat-vardagsrum","10":"product_tag-psykiatri","12":"first","13":"instock","14":"shipping-taxable","15":"purchasable","16":"product-type-variable"},"_links":{"self":[{"href":"https:\/\/healsafeinterior.com\/sv\/wp-json\/wp\/v2\/product\/15714","targetHints":{"allow":["GET"]}}],"collection":[{"href":"https:\/\/healsafeinterior.com\/sv\/wp-json\/wp\/v2\/product"}],"about":[{"href":"https:\/\/healsafeinterior.com\/sv\/wp-json\/wp\/v2\/types\/product"}],"wp:featuredmedia":[{"embeddable":true,"href":"https:\/\/healsafeinterior.com\/sv\/wp-json\/wp\/v2\/media\/12116"}],"wp:attachment":[{"href":"https:\/\/healsafeinterior.com\/sv\/wp-json\/wp\/v2\/media?parent=15714"}],"wp:term":[{"taxonomy":"product_brand","embeddable":true,"href":"https:\/\/healsafeinterior.com\/sv\/wp-json\/wp\/v2\/product_brand?post=15714"},{"taxonomy":"product_cat","embeddable":true,"href":"https:\/\/healsafeinterior.com\/sv\/wp-json\/wp\/v2\/product_cat?post=15714"},{"taxonomy":"product_tag","embeddable":true,"href":"https:\/\/healsafeinterior.com\/sv\/wp-json\/wp\/v2\/product_tag?post=15714"}],"curies":[{"name":"wp","href":"https:\/\/api.w.org\/{rel}","templated":true}]}}