{"id":15710,"date":"2018-11-07T12:25:36","date_gmt":"2018-11-07T11:25:36","guid":{"rendered":"https:\/\/healsafeinterior.com\/product\/reef-nedtrappningssoffa-3-sits\/"},"modified":"2025-09-03T08:57:42","modified_gmt":"2025-09-03T06:57:42","slug":"reef-plus-3-sits-soffa-nedtrapping","status":"publish","type":"product","link":"https:\/\/healsafeinterior.com\/sv\/produkt\/reef-plus-3-sits-soffa-nedtrapping\/","title":{"rendered":"Reef PLUS 3-sits soffa, nedtrapping"},"content":{"rendered":"","protected":false},"excerpt":{"rendered":"<ul>\n<li>Full plywoodf\u00f6rst\u00e4rkning f\u00f6r extra styrka och vikt<\/li>\n<li>Reducerad arm f\u00f6r att hj\u00e4lpa till vid nedtrappning<\/li>\n<li>Arml\u00f6s design minskar sannolikheten f\u00f6r skador<\/li>\n<\/ul>\n<p>Vi rekommenderar <strong><a href=\"https:\/\/uk.pineapplecontracts.com\/fabric\/aston-range\/\">Aston<\/a><\/strong> eller <strong><a href=\"https:\/\/uk.pineapplecontracts.com\/fabric\/highland-range\/\">Highland<\/a><\/strong> textilier. Stort urval av vattenavvisande kl\u00e4dsel. Storlek: H 900 mm, B 1885 mm, D 930 mm<\/p>\n","protected":false},"featured_media":12104,"template":"","meta":[],"product_brand":[],"product_cat":[624,633,622],"product_tag":[],"class_list":{"0":"post-15710","1":"product","2":"type-product","3":"status-publish","4":"has-post-thumbnail","6":"product_cat-sakerhetsmobler","7":"product_cat-soffor","8":"product_cat-vardagsrum","10":"first","11":"instock","12":"shipping-taxable","13":"purchasable","14":"product-type-simple"},"_links":{"self":[{"href":"https:\/\/healsafeinterior.com\/sv\/wp-json\/wp\/v2\/product\/15710","targetHints":{"allow":["GET"]}}],"collection":[{"href":"https:\/\/healsafeinterior.com\/sv\/wp-json\/wp\/v2\/product"}],"about":[{"href":"https:\/\/healsafeinterior.com\/sv\/wp-json\/wp\/v2\/types\/product"}],"wp:featuredmedia":[{"embeddable":true,"href":"https:\/\/healsafeinterior.com\/sv\/wp-json\/wp\/v2\/media\/12104"}],"wp:attachment":[{"href":"https:\/\/healsafeinterior.com\/sv\/wp-json\/wp\/v2\/media?parent=15710"}],"wp:term":[{"taxonomy":"product_brand","embeddable":true,"href":"https:\/\/healsafeinterior.com\/sv\/wp-json\/wp\/v2\/product_brand?post=15710"},{"taxonomy":"product_cat","embeddable":true,"href":"https:\/\/healsafeinterior.com\/sv\/wp-json\/wp\/v2\/product_cat?post=15710"},{"taxonomy":"product_tag","embeddable":true,"href":"https:\/\/healsafeinterior.com\/sv\/wp-json\/wp\/v2\/product_tag?post=15710"}],"curies":[{"name":"wp","href":"https:\/\/api.w.org\/{rel}","templated":true}]}}