{"id":15698,"date":"2019-01-24T13:59:21","date_gmt":"2019-01-24T12:59:21","guid":{"rendered":"https:\/\/healsafeinterior.com\/product\/polar-madrasser\/"},"modified":"2025-12-29T15:46:44","modified_gmt":"2025-12-29T14:46:44","slug":"polar-madrass","status":"publish","type":"product","link":"https:\/\/healsafeinterior.com\/sv\/produkt\/polar-madrass\/","title":{"rendered":"Polar madrass"},"content":{"rendered":"<div class=\"fusion-fullwidth fullwidth-box fusion-builder-row-1 fusion-flex-container has-pattern-background has-mask-background hundred-percent-fullwidth non-hundred-percent-height-scrolling\" style=\"--awb-border-radius-top-left:0px;--awb-border-radius-top-right:0px;--awb-border-radius-bottom-right:0px;--awb-border-radius-bottom-left:0px;--awb-padding-top:4px;--awb-padding-right:6px;--awb-padding-bottom:0px;--awb-padding-left:6px;--awb-margin-top:5px;--awb-margin-bottom:20px;--awb-flex-wrap:wrap;\" ><div class=\"fusion-builder-row fusion-row fusion-flex-align-items-center fusion-flex-justify-content-center fusion-flex-content-wrap\" style=\"width:104% !important;max-width:104% !important;margin-left: calc(-4% \/ 2 );margin-right: calc(-4% \/ 2 );\"><div class=\"fusion-layout-column fusion_builder_column fusion-builder-column-0 fusion_builder_column_1_1 1_1 fusion-flex-column fusion-flex-align-self-center\" style=\"--awb-bg-size:cover;--awb-width-large:100%;--awb-margin-top-large:0px;--awb-spacing-right-large:1.92%;--awb-margin-bottom-large:3px;--awb-spacing-left-large:1.92%;--awb-width-medium:100%;--awb-order-medium:0;--awb-spacing-right-medium:1.92%;--awb-spacing-left-medium:1.92%;--awb-width-small:100%;--awb-order-small:0;--awb-spacing-right-small:1.92%;--awb-spacing-left-small:1.92%;\"><div class=\"fusion-column-wrapper fusion-column-has-shadow fusion-flex-justify-content-center fusion-content-layout-column\"><div class=\"fusion-title title fusion-title-1 fusion-sep-none fusion-title-text fusion-title-size-two\"><h2 class=\"fusion-title-heading title-heading-left fusion-responsive-typography-calculated\" style=\"margin:0;--fontSize:30;line-height:1.5;\">Produktdata<\/h2><\/div><div class=\"fusion-text fusion-text-1 awb-text-cols fusion-text-columns-2\" style=\"--awb-columns:2;--awb-column-spacing:2em;--awb-column-min-width:100px;\"><p><b><span data-contrast=\"none\">Material<\/span><\/b><span data-ccp-props=\"\">\u00a0<\/span><\/p>\n<p><span data-contrast=\"none\">Polyuretan\/polyeten med\u00a0v\u00e4rmesvetsade s\u00f6mmar f\u00f6r v\u00e4tske- och\u00a0manipulationst\u00e5lighet.\u00a0<\/span><span data-contrast=\"none\">K\u00e4rna\u00a0i\u00a0brands\u00e4kert\u00a0CMHR-skum\u00a0(Combustion Modified High Resilience).<\/span><span data-ccp-props=\"\">\u00a0<\/span><\/p>\n<p><b><span data-contrast=\"none\">Underh\u00e5ll<\/span><\/b><span data-ccp-props=\"\"><br \/>\n<\/span><span data-contrast=\"none\">F\u00f6r reng\u00f6ring av ytliga fl\u00e4ckar anv\u00e4nds en eng\u00e5ngsduk och en varm l\u00f6sning av milt, neutralt reng\u00f6ringsmedel. Slipande reng\u00f6ringsmedel ska inte anv\u00e4ndas. Desinficera vid behov med en svag klorl\u00f6sning (0,1 %, motsvarande 1000 ppm). Undvik reng\u00f6ringsmedel med biologiska eller fenolbaserade \u00e4mnen. Alla reng\u00f6rings- och desinfektionsmedel ska noggrant sk\u00f6ljas bort, och \u00f6verdraget ska torkas helt innan f\u00f6rvaring eller \u00e5teranv\u00e4ndning. Madrassen b\u00f6r regelbundet v\u00e4ndas, b\u00e5de uppifr\u00e5n och ned samt sida till sida, f\u00f6r att skumk\u00e4rnan ska \u00e5terh\u00e4mta sig och livsl\u00e4ngden f\u00f6rl\u00e4ngas.<\/span><span data-ccp-props=\"\">\u00a0<\/span><\/p>\n<p><b><span data-contrast=\"none\">Teknisk data<\/span><\/b><span data-ccp-props=\"\"><br \/>\n<\/span><span data-contrast=\"none\">HSP870:\u00a0H\u00a0125\u00a0mm, L 1900 mm, B\u00a0900\u00a0mm.\u00a0Vikt: 8 kg.<\/span><span data-ccp-props=\"\">\u00a0<\/span><\/p>\n<p><b><span data-contrast=\"none\">F\u00e4rg<\/span><\/b><span data-ccp-props=\"\"><br \/>\n<\/span><span data-contrast=\"none\">Marinbl\u00e5<\/span><span data-ccp-props=\"\">\u00a0<\/span><\/p>\n<p><b><span data-contrast=\"none\">H\u00e5llbarhet<\/span><\/b><br \/>\n<span data-contrast=\"auto\">Brandskyddad\u00a0enligt BS 7177:2008 + A1:2011,\u00a0<\/span><span data-contrast=\"none\">crib<\/span><span data-contrast=\"none\">\u00a0<\/span><span data-contrast=\"auto\">5.<\/span><span data-ccp-props=\"\"><br \/>\n<\/span><span data-contrast=\"none\">K\u00e4llsorteras som\u00a0br\u00e4nnbart\u00a0avfall.\u00a0<\/span><span data-ccp-props=\"\">\u00a0<\/span><\/p>\n<p><b><span data-contrast=\"none\">Leverans<\/span><\/b><span data-ccp-props=\"\"><br \/>\n<\/span><span data-contrast=\"none\">Leveranstid\u00a06-8\u00a0veckor\u00a0<\/span><span data-ccp-props=\"\"><br \/>\n<\/span><span data-contrast=\"none\">Observera att of\u00f6rutsedda h\u00e4ndelser kan p\u00e5verka leveransen.\u00a0F\u00f6r mer information om aktuell leveranstid i samband med orderbekr\u00e4ftelse eller innan best\u00e4llning.<\/span><br \/>\n<span data-contrast=\"none\">V\u00e4nligen kontakta oss p\u00e5\u00a0<\/span><a href=\"mailto:info@healsafeinterior.com\"><span data-contrast=\"none\">info@healsafeinterior.com<\/span><\/a><span data-ccp-props=\"\">\u00a0<\/span><\/p>\n<p><b><span data-contrast=\"none\">Garanti<\/span><\/b><span data-ccp-props=\"\"><br \/>\n<\/span><span data-contrast=\"none\">2\u00a0\u00e5r. G\u00e4ller vid normal anv\u00e4ndning. Full garanti l\u00e4mnas f\u00f6r tillverkningsfel.<\/span><span data-ccp-props=\"\">\u00a0<\/span><\/p>\n<p><b><span data-contrast=\"none\">Tillverkning\/produktion<\/span><\/b><span data-ccp-props=\"\"><br \/>\n<\/span><span data-contrast=\"none\">Europa<\/span><span data-ccp-props=\"\">\u00a0<\/span><\/p>\n<\/div><\/div><\/div><\/div><\/div>\n","protected":false},"excerpt":{"rendered":"<p><em>Polar madrass erbjuder en balanserad kombination av komfort, hygien och s\u00e4kerhet. Madrassen \u00e4r utvecklad f\u00f6r v\u00e5rd- och omsorgsmilj\u00f6er d\u00e4r v\u00e4tsket\u00e4thet, brandskydd och enkel reng\u00f6ring \u00e4r viktiga krav i den dagliga driften.<\/em><span data-ccp-props=\"{&quot;201341983&quot;:0,&quot;335559740&quot;:259}\">\u00a0<\/span><\/p>\n<ul>\n<li aria-setsize=\"-1\" data-leveltext=\"\uf0b7\" data-font=\"Symbol\" data-listid=\"47\" data-list-defn-props=\"{&quot;335552541&quot;:1,&quot;335559685&quot;:720,&quot;335559991&quot;:360,&quot;469769226&quot;:&quot;Symbol&quot;,&quot;469769242&quot;:[8226],&quot;469777803&quot;:&quot;left&quot;,&quot;469777804&quot;:&quot;\uf0b7&quot;,&quot;469777815&quot;:&quot;hybridMultilevel&quot;}\" data-aria-posinset=\"1\" data-aria-level=\"1\"><span data-contrast=\"none\">Hygieniskt, avtorkningsbart \u00f6verdrag som h\u00e5ller ytan torr och fr\u00e4sch<\/span><span data-ccp-props=\"{&quot;201341983&quot;:0,&quot;335559740&quot;:259}\">\u00a0<\/span><\/li>\n<\/ul>\n<ul>\n<li aria-setsize=\"-1\" data-leveltext=\"\uf0b7\" data-font=\"Symbol\" data-listid=\"47\" data-list-defn-props=\"{&quot;335552541&quot;:1,&quot;335559685&quot;:720,&quot;335559991&quot;:360,&quot;469769226&quot;:&quot;Symbol&quot;,&quot;469769242&quot;:[8226],&quot;469777803&quot;:&quot;left&quot;,&quot;469777804&quot;:&quot;\uf0b7&quot;,&quot;469777815&quot;:&quot;hybridMultilevel&quot;}\" data-aria-posinset=\"2\" data-aria-level=\"1\"><span data-contrast=\"none\">V\u00e4rmesvetsade s\u00f6mmar som f\u00f6rhindrar v\u00e4tskeintr\u00e4ngning \u2013 idealisk vid inkontinens<\/span><span data-ccp-props=\"{&quot;201341983&quot;:0,&quot;335559740&quot;:259}\">\u00a0<\/span><\/li>\n<\/ul>\n<ul>\n<li aria-setsize=\"-1\" data-leveltext=\"\uf0b7\" data-font=\"Symbol\" data-listid=\"49\" data-list-defn-props=\"{&quot;335552541&quot;:1,&quot;335559685&quot;:720,&quot;335559991&quot;:360,&quot;469769226&quot;:&quot;Symbol&quot;,&quot;469769242&quot;:[8226],&quot;469777803&quot;:&quot;left&quot;,&quot;469777804&quot;:&quot;\uf0b7&quot;,&quot;469777815&quot;:&quot;hybridMultilevel&quot;}\" data-aria-posinset=\"1\" data-aria-level=\"1\"><span data-contrast=\"none\">CMHR-skumk\u00e4rna (Combustion\u00a0Modified\u00a0High\u00a0Resilience) f\u00f6r p\u00e5litligt st\u00f6d och l\u00e5ng h\u00e5llbarhet<\/span><span data-ccp-props=\"{&quot;201341983&quot;:0,&quot;335559740&quot;:259}\">\u00a0<\/span><\/li>\n<\/ul>\n<p><span data-contrast=\"none\">Polar madrassen \u00e4r s\u00e4rskilt framtagen och l\u00e4mplig f\u00f6r verksamheter med krav p\u00e5 god hygien och v\u00e4tsket\u00e4thet med s\u00e4kerhetskrav.<\/span><\/p>\n<p><span data-contrast=\"none\">Polar madrassen\u00a0har en f\u00f6ljsam k\u00e4rna av\u00a0CMHR-skum (Combustion\u00a0Modified\u00a0High\u00a0Resilience)\u00a0&#8211; ett elastiskt polyuretanskum med inbyggda flamskyddsegenskaper som ger \u00f6kad brands\u00e4kerhet och l\u00e5ngvarig formstabilitet &#8211;\u00a0som ger stabilt st\u00f6d och bibeh\u00e5ller formen \u00f6ver tid, samtidigt som materialet uppfyller h\u00f6ga krav p\u00e5 brands\u00e4kerhet.<\/span><span data-ccp-props=\"{&quot;201341983&quot;:0,&quot;335559740&quot;:259}\">\u00a0<\/span><\/p>\n<p><span data-contrast=\"auto\">Det vattent\u00e5liga, avtorkningsbara \u00f6verdraget \u00e4r l\u00e4tt att h\u00e5lla rent och bidrar till god hygien. V\u00e4rmesvetsade s\u00f6mmar hindrar effektivt v\u00e4tska fr\u00e5n att tr\u00e4nga in och skyddar madrassens k\u00e4rna, vilket g\u00f6r den s\u00e4rskilt l\u00e4mplig i milj\u00f6er d\u00e4r inkontinens f\u00f6rekommer.\u00a0<\/span><span data-ccp-props=\"{&quot;201341983&quot;:0,&quot;335559740&quot;:259}\">\u00a0<\/span><\/p>\n<p><span data-contrast=\"auto\">Polar \u00e4r ett robust och l\u00e4ttsk\u00f6tt val med v\u00e4l avv\u00e4gda egenskaper f\u00f6r trygg och hygienisk anv\u00e4ndning.<\/span><span data-ccp-props=\"{&quot;201341983&quot;:0,&quot;335559740&quot;:259}\">\u00a0<\/span><\/p>\n<p><span data-contrast=\"none\">L\u00e4mplig f\u00f6r\u00a0patientrum.<\/span><span data-ccp-props=\"{&quot;201341983&quot;:0,&quot;335559740&quot;:259}\">\u00a0<\/span><\/p>\n","protected":false},"featured_media":11652,"template":"","meta":[],"product_brand":[],"product_cat":[632,624,627],"product_tag":[],"class_list":{"0":"post-15698","1":"product","2":"type-product","3":"status-publish","4":"has-post-thumbnail","6":"product_cat-madrasser","7":"product_cat-sakerhetsmobler","8":"product_cat-sangar","10":"first","11":"instock","12":"shipping-taxable","13":"purchasable","14":"product-type-simple"},"_links":{"self":[{"href":"https:\/\/healsafeinterior.com\/sv\/wp-json\/wp\/v2\/product\/15698","targetHints":{"allow":["GET"]}}],"collection":[{"href":"https:\/\/healsafeinterior.com\/sv\/wp-json\/wp\/v2\/product"}],"about":[{"href":"https:\/\/healsafeinterior.com\/sv\/wp-json\/wp\/v2\/types\/product"}],"wp:featuredmedia":[{"embeddable":true,"href":"https:\/\/healsafeinterior.com\/sv\/wp-json\/wp\/v2\/media\/11652"}],"wp:attachment":[{"href":"https:\/\/healsafeinterior.com\/sv\/wp-json\/wp\/v2\/media?parent=15698"}],"wp:term":[{"taxonomy":"product_brand","embeddable":true,"href":"https:\/\/healsafeinterior.com\/sv\/wp-json\/wp\/v2\/product_brand?post=15698"},{"taxonomy":"product_cat","embeddable":true,"href":"https:\/\/healsafeinterior.com\/sv\/wp-json\/wp\/v2\/product_cat?post=15698"},{"taxonomy":"product_tag","embeddable":true,"href":"https:\/\/healsafeinterior.com\/sv\/wp-json\/wp\/v2\/product_tag?post=15698"}],"curies":[{"name":"wp","href":"https:\/\/api.w.org\/{rel}","templated":true}]}}