{"id":15696,"date":"2019-02-03T17:46:09","date_gmt":"2019-02-03T16:46:09","guid":{"rendered":"https:\/\/healsafeinterior.com\/product\/scorpio-hopfallbar-madrass\/"},"modified":"2025-12-30T10:26:15","modified_gmt":"2025-12-30T09:26:15","slug":"scorpio-hopfallbar-madrass","status":"publish","type":"product","link":"https:\/\/healsafeinterior.com\/sv\/produkt\/scorpio-hopfallbar-madrass\/","title":{"rendered":"Scorpio hopf\u00e4llbar madrass"},"content":{"rendered":"<p><div class=\"fusion-fullwidth fullwidth-box fusion-builder-row-1 fusion-flex-container has-pattern-background has-mask-background hundred-percent-fullwidth non-hundred-percent-height-scrolling\" style=\"--awb-border-radius-top-left:0px;--awb-border-radius-top-right:0px;--awb-border-radius-bottom-right:0px;--awb-border-radius-bottom-left:0px;--awb-padding-top:4px;--awb-padding-right:0px;--awb-padding-bottom:0px;--awb-padding-left:0px;--awb-margin-top:5px;--awb-margin-bottom:33px;--awb-flex-wrap:wrap;\" ><div class=\"fusion-builder-row fusion-row fusion-flex-align-items-center fusion-flex-justify-content-center fusion-flex-content-wrap\" style=\"width:104% !important;max-width:104% !important;margin-left: calc(-4% \/ 2 );margin-right: calc(-4% \/ 2 );\"><div class=\"fusion-layout-column fusion_builder_column fusion-builder-column-0 fusion_builder_column_1_1 1_1 fusion-flex-column fusion-flex-align-self-center\" style=\"--awb-padding-top:38px;--awb-padding-right:30px;--awb-padding-bottom:37px;--awb-padding-left:30px;--awb-overflow:hidden;--awb-bg-color:var(--awb-color1);--awb-bg-color-hover:var(--awb-color1);--awb-bg-size:cover;--awb-border-radius:12px 12px 12px 12px;--awb-width-large:100%;--awb-margin-top-large:0px;--awb-spacing-right-large:1.92%;--awb-margin-bottom-large:3px;--awb-spacing-left-large:1.92%;--awb-width-medium:100%;--awb-order-medium:0;--awb-spacing-right-medium:1.92%;--awb-spacing-left-medium:1.92%;--awb-width-small:100%;--awb-order-small:0;--awb-spacing-right-small:1.92%;--awb-spacing-left-small:1.92%;\" data-scroll-devices=\"small-visibility,medium-visibility,large-visibility\"><div class=\"fusion-column-wrapper fusion-column-has-shadow fusion-flex-justify-content-center fusion-content-layout-column\"><div class=\"fusion-text fusion-text-1 awb-text-cols fusion-text-columns-2\" style=\"--awb-columns:2;--awb-column-spacing:2em;--awb-column-min-width:100px;\"><p><b>Mer information om produkten<br \/>\n<\/b><span data-contrast=\"none\">Scorpio\u00a0hopf\u00e4llbar madrass kombinerar s\u00e4ker design med h\u00f6g funktionalitet.\u00a0Den patenterade hopf\u00e4llbara konstruktionen (tri-fold) g\u00f6r att madrassen inte kan st\u00e4llas upp mot v\u00e4ggar eller f\u00f6nster, vilket minskar risken f\u00f6r barrikader och underl\u00e4ttar observation.<\/span><span data-ccp-props=\"{\">\u00a0<\/span><\/p>\n<p><span data-contrast=\"none\">\u00d6verdraget i manipulationss\u00e4kert, polyuretanbelagt nylon \u00e4r utvecklat f\u00f6r att motst\u00e5 h\u00e5rt slitage och f\u00f6rs\u00f6k till \u00e5verkan, samtidigt som det \u00e4r l\u00e4tt att reng\u00f6ra. De v\u00e4rmesvetsade s\u00f6mmarna g\u00f6r madrassen helt vattent\u00e4t och skyddar mot\u00a0v\u00e4tskeintr\u00e4ngning, vilket \u00e4r s\u00e4rskilt v\u00e4rdefullt i milj\u00f6er med h\u00f6ga hygienkrav.<\/span><span data-ccp-props=\"{\">\u00a0<\/span><\/p>\n<p><span data-contrast=\"none\">Den brands\u00e4kra k\u00e4rnan i\u00a0CMHR-skum\u00a0&#8211;\u00a0ett elastiskt polyuretanskum med inbyggda flamskyddsegenskaper som ger \u00f6kad brands\u00e4kerhet och l\u00e5ngvarig formstabilitet\u00a0&#8211;\u00a0ger b\u00e5de stabilitet och komfort f\u00f6r anv\u00e4ndaren.\u00a0<\/span><span data-ccp-props=\"{\">\u00a0<\/span><\/p>\n<p><span data-contrast=\"none\">Scorpio\u00a0hopf\u00e4llbar madrass finns i brandh\u00e4mmande utf\u00f6rande enligt BS7177\u00a0Crib\u00a05.<\/span><span data-ccp-props=\"{\">\u00a0<\/span><\/p>\n<p><span data-contrast=\"none\">Den hopf\u00e4llbara madrassen \u00e4r en del av Scorpio-serien och kan kombineras med \u00f6vriga modeller i sortimentet, s\u00e5som standardmodellen och de varianter som \u00e4r anpassade till <a href=\"https:\/\/healsafeinterior.com\/sv\/produkt\/ryno-sang\/\">Ryno-s\u00e4ngar<\/a>.<\/span><\/p>\n<\/div><\/div><\/div><\/div><\/div><div class=\"fusion-fullwidth fullwidth-box fusion-builder-row-2 fusion-flex-container has-pattern-background has-mask-background hundred-percent-fullwidth non-hundred-percent-height-scrolling\" style=\"--awb-border-radius-top-left:0px;--awb-border-radius-top-right:0px;--awb-border-radius-bottom-right:0px;--awb-border-radius-bottom-left:0px;--awb-padding-top:4px;--awb-padding-right:6px;--awb-padding-bottom:0px;--awb-padding-left:6px;--awb-margin-top:5px;--awb-margin-bottom:20px;--awb-flex-wrap:wrap;\" ><div class=\"fusion-builder-row fusion-row fusion-flex-align-items-center fusion-flex-justify-content-center fusion-flex-content-wrap\" style=\"width:104% !important;max-width:104% !important;margin-left: calc(-4% \/ 2 );margin-right: calc(-4% \/ 2 );\"><div class=\"fusion-layout-column fusion_builder_column fusion-builder-column-1 fusion_builder_column_1_1 1_1 fusion-flex-column fusion-flex-align-self-center\" style=\"--awb-bg-size:cover;--awb-width-large:100%;--awb-margin-top-large:0px;--awb-spacing-right-large:1.92%;--awb-margin-bottom-large:3px;--awb-spacing-left-large:1.92%;--awb-width-medium:100%;--awb-order-medium:0;--awb-spacing-right-medium:1.92%;--awb-spacing-left-medium:1.92%;--awb-width-small:100%;--awb-order-small:0;--awb-spacing-right-small:1.92%;--awb-spacing-left-small:1.92%;\"><div class=\"fusion-column-wrapper fusion-column-has-shadow fusion-flex-justify-content-center fusion-content-layout-column\"><div class=\"fusion-title title fusion-title-1 fusion-sep-none fusion-title-text fusion-title-size-two\"><h2 class=\"fusion-title-heading title-heading-left fusion-responsive-typography-calculated\" style=\"margin:0;--fontSize:30;line-height:1.5;\">Produktdata<\/h2><\/div><div class=\"fusion-text fusion-text-2 awb-text-cols fusion-text-columns-2\" style=\"--awb-columns:2;--awb-column-spacing:2em;--awb-column-min-width:100px;\"><p><b><span data-contrast=\"none\">Material<\/span><\/b><span data-ccp-props=\"{\"><br \/>\n<\/span><span data-contrast=\"none\">PVC (polyvinylklorid) med\u00a0dubbelsydda och v\u00e4rmesvetsade s\u00f6mmar f\u00f6r v\u00e4tske- och manipulationst\u00e5lighet. K\u00e4rna i brands\u00e4kert\u00a0CMHR-skum (Combustion\u00a0Modified\u00a0High\u00a0Resilience).<\/span><span data-ccp-props=\"{\">\u00a0<\/span><\/p>\n<p><b><span data-contrast=\"none\">Underh\u00e5ll<\/span><\/b><span data-ccp-props=\"{\"><br \/>\n<\/span><span data-contrast=\"none\">Torkas av med eng\u00e5ngsduk och milt, neutralt reng\u00f6ringsmedel. Desinficera vid behov med\u00a0en svag klorl\u00f6sning,\u00a00,1%, motsvarande 1000 ppm.\u00a0Undvik slipande, biologiska eller fenolbaserade medel. Sk\u00f6lj och torka f\u00f6re \u00e5teranv\u00e4ndning. V\u00e4nd madrassen regelbundet f\u00f6r att bevara form och livsl\u00e4ngd.<\/span><span data-ccp-props=\"{\">\u00a0<\/span><\/p>\n<p><b><span data-contrast=\"none\">Teknisk data<\/span><\/b><span data-ccp-props=\"{\"><br \/>\n<\/span><span data-contrast=\"none\">HSP858:\u00a0H\u00a076\u00a0mm,\u00a0L\u00a01900\u00a0mm, B 900 mm.\u00a0Vikt: 7 kg.<\/span><\/p>\n<p><b><span data-contrast=\"none\">F\u00e4rg<\/span><\/b><span data-ccp-props=\"{\"><br \/>\n<\/span><span data-contrast=\"none\">Bl\u00e5<\/span><span data-ccp-props=\"{\">\u00a0<\/span><\/p>\n<p><b><span data-contrast=\"none\">H\u00e5llbarhet<\/span><\/b><br \/>\n<span data-contrast=\"none\">Brandskydd enligt BS7177\u00a0Crib\u00a05.\u00a0Rivstyrka\u00a0testad enligt BS 3424:1982 \u2013 minst 50 N (varp\/v\u00e4ft).<\/span><span data-ccp-props=\"{\"><br \/>\n<\/span><span data-contrast=\"none\">Sorteras som br\u00e4nnbart.\u00a0<\/span><span data-ccp-props=\"{\">\u00a0<\/span><\/p>\n<p><b><span data-contrast=\"none\">Leverans<\/span><\/b><span data-ccp-props=\"{\"><br \/>\n<\/span><span data-contrast=\"none\">Leveranstid\u00a06-8\u00a0veckor\u00a0<\/span><span data-ccp-props=\"{\"><br \/>\n<\/span><span data-contrast=\"none\">Observera att of\u00f6rutsedda h\u00e4ndelser kan p\u00e5verka leveransen.\u00a0F\u00f6r mer information om aktuell leveranstid i samband med orderbekr\u00e4ftelse eller innan best\u00e4llning, v\u00e4nligen kontakta oss p\u00e5\u00a0<\/span><a href=\"mailto:info@healsafeinterior.com\"><span data-contrast=\"none\">info@healsafeinterior.com<\/span><\/a><span data-ccp-props=\"{\">\u00a0<\/span><\/p>\n<p><b><span data-contrast=\"none\">Garanti<\/span><\/b><span data-ccp-props=\"{\"><br \/>\n<\/span><span data-contrast=\"none\">2\u00a0\u00e5r. G\u00e4ller vid normal anv\u00e4ndning. Full garanti l\u00e4mnas f\u00f6r tillverkningsfel.<\/span><span data-ccp-props=\"{\">\u00a0<\/span><\/p>\n<p><b><span data-contrast=\"none\">Tillverkning\/produktion<\/span><\/b><span data-ccp-props=\"{\"><br \/>\n<\/span><span data-contrast=\"none\">Europa<\/span><span data-ccp-props=\"{\">\u00a0<\/span><\/p>\n<\/div><\/div><\/div><\/div><\/div><\/p>\n","protected":false},"excerpt":{"rendered":"<p><span data-contrast=\"none\">Scorpio\u00a0hopf\u00e4llbar madrass \u00e4r en s\u00e4ker och funktionell l\u00f6sning framtagen f\u00f6r milj\u00f6er med s\u00e4rskilt h\u00f6ga krav p\u00e5 observation, trygghet och hygien. Konstruktionen \u00e4r utformad f\u00f6r att minska risken f\u00f6r\u00a0barrikadering\u00a0och m\u00f6jligg\u00f6ra s\u00e4ker \u00f6verblick i rummet.<\/span><span data-ccp-props=\"{&quot;201341983&quot;:0,&quot;335559740&quot;:259}\">\u00a0<\/span><\/p>\n<ul>\n<li aria-setsize=\"-1\" data-leveltext=\"\uf0b7\" data-font=\"Symbol\" data-listid=\"42\" data-list-defn-props=\"{&quot;335552541&quot;:1,&quot;335559685&quot;:720,&quot;335559991&quot;:360,&quot;469769226&quot;:&quot;Symbol&quot;,&quot;469769242&quot;:[8226],&quot;469777803&quot;:&quot;left&quot;,&quot;469777804&quot;:&quot;\uf0b7&quot;,&quot;469777815&quot;:&quot;multilevel&quot;}\" data-aria-posinset=\"1\" data-aria-level=\"1\"><span data-contrast=\"none\">Manipulationss\u00e4kert, brandh\u00e4mmande \u00f6verdrag i polyuretanbelagd nylon f\u00f6r maximal slitstyrka och enkel reng\u00f6ring<\/span><span data-ccp-props=\"{&quot;201341983&quot;:0,&quot;335559740&quot;:259}\">\u00a0<\/span><\/li>\n<li aria-setsize=\"-1\" data-leveltext=\"\uf0b7\" data-font=\"Symbol\" data-listid=\"42\" data-list-defn-props=\"{&quot;335552541&quot;:1,&quot;335559685&quot;:720,&quot;335559991&quot;:360,&quot;469769226&quot;:&quot;Symbol&quot;,&quot;469769242&quot;:[8226],&quot;469777803&quot;:&quot;left&quot;,&quot;469777804&quot;:&quot;\uf0b7&quot;,&quot;469777815&quot;:&quot;multilevel&quot;}\" data-aria-posinset=\"1\" data-aria-level=\"1\"><span data-contrast=\"none\">V\u00e4rmesvetsade, vattent\u00e4ta s\u00f6mmar som f\u00f6rhindrar v\u00e4tskeintr\u00e4ngning och underl\u00e4ttar desinfektion<\/span><span data-ccp-props=\"{&quot;201341983&quot;:0,&quot;335559740&quot;:259}\">\u00a0<\/span><\/li>\n<li aria-setsize=\"-1\" data-leveltext=\"\uf0b7\" data-font=\"Symbol\" data-listid=\"42\" data-list-defn-props=\"{&quot;335552541&quot;:1,&quot;335559685&quot;:720,&quot;335559991&quot;:360,&quot;469769226&quot;:&quot;Symbol&quot;,&quot;469769242&quot;:[8226],&quot;469777803&quot;:&quot;left&quot;,&quot;469777804&quot;:&quot;\uf0b7&quot;,&quot;469777815&quot;:&quot;multilevel&quot;}\" data-aria-posinset=\"1\" data-aria-level=\"1\"><span data-contrast=\"none\">Hopf\u00e4llbar konstruktion som f\u00f6rhindrar att madrassen kan st\u00e4llas p\u00e5 h\u00f6gkant och blockera insyn eller anv\u00e4ndas som barrikad<\/span><span data-ccp-props=\"{&quot;201341983&quot;:0,&quot;335559740&quot;:259}\">\u00a0<\/span><\/li>\n<\/ul>\n<p><span data-contrast=\"none\">Den\u00a0hopf\u00e4llbara\u00a0madrassen\u00a0\u00e4r s\u00e4rskilt framtagen f\u00f6r psykiatrisk v\u00e5rd, r\u00e4ttspsykiatri, kriminalv\u00e5rd, ungdomsv\u00e5rd och andra verksamheter d\u00e4r kontinuerlig \u00f6versikt, trygghet och hygien \u00e4r grundl\u00e4ggande krav.<\/span><\/p>\n<p><span class=\"TextRun SCXW217344176 BCX0\" lang=\"SV-SE\" xml:lang=\"SV-SE\" data-contrast=\"none\"><span class=\"NormalTextRun SCXW217344176 BCX0\">L\u00e4mplig f\u00f6r avskiljningsrum<\/span><span class=\"NormalTextRun SCXW217344176 BCX0\">\u00a0och<\/span><span class=\"NormalTextRun SCXW217344176 BCX0\">\u00a0patientrum<\/span><span class=\"NormalTextRun SCXW217344176 BCX0\">.<\/span><\/span><span class=\"EOP SCXW217344176 BCX0\" data-ccp-props=\"{&quot;201341983&quot;:0,&quot;335559740&quot;:259}\">\u00a0<\/span><\/p>\n","protected":false},"featured_media":12332,"template":"","meta":[],"product_brand":[],"product_cat":[599,632,624,627],"product_tag":[],"class_list":{"0":"post-15696","1":"product","2":"type-product","3":"status-publish","4":"has-post-thumbnail","6":"product_cat-extra-hoga-sakerhetskrav","7":"product_cat-madrasser","8":"product_cat-sakerhetsmobler","9":"product_cat-sangar","11":"first","12":"instock","13":"shipping-taxable","14":"purchasable","15":"product-type-simple"},"_links":{"self":[{"href":"https:\/\/healsafeinterior.com\/sv\/wp-json\/wp\/v2\/product\/15696","targetHints":{"allow":["GET"]}}],"collection":[{"href":"https:\/\/healsafeinterior.com\/sv\/wp-json\/wp\/v2\/product"}],"about":[{"href":"https:\/\/healsafeinterior.com\/sv\/wp-json\/wp\/v2\/types\/product"}],"wp:featuredmedia":[{"embeddable":true,"href":"https:\/\/healsafeinterior.com\/sv\/wp-json\/wp\/v2\/media\/12332"}],"wp:attachment":[{"href":"https:\/\/healsafeinterior.com\/sv\/wp-json\/wp\/v2\/media?parent=15696"}],"wp:term":[{"taxonomy":"product_brand","embeddable":true,"href":"https:\/\/healsafeinterior.com\/sv\/wp-json\/wp\/v2\/product_brand?post=15696"},{"taxonomy":"product_cat","embeddable":true,"href":"https:\/\/healsafeinterior.com\/sv\/wp-json\/wp\/v2\/product_cat?post=15696"},{"taxonomy":"product_tag","embeddable":true,"href":"https:\/\/healsafeinterior.com\/sv\/wp-json\/wp\/v2\/product_tag?post=15696"}],"curies":[{"name":"wp","href":"https:\/\/api.w.org\/{rel}","templated":true}]}}