{"id":15664,"date":"2020-10-29T14:37:56","date_gmt":"2020-10-29T13:37:56","guid":{"rendered":"https:\/\/healsafeinterior.com\/product\/ryno-sang\/"},"modified":"2026-02-17T13:16:00","modified_gmt":"2026-02-17T12:16:00","slug":"ryno-sang","status":"publish","type":"product","link":"https:\/\/healsafeinterior.com\/sv\/produkt\/ryno-sang\/","title":{"rendered":"Ryno s\u00e4ng"},"content":{"rendered":"<p><div class=\"fusion-fullwidth fullwidth-box fusion-builder-row-1 fusion-flex-container has-pattern-background has-mask-background hundred-percent-fullwidth non-hundred-percent-height-scrolling\" style=\"--awb-border-radius-top-left:0px;--awb-border-radius-top-right:0px;--awb-border-radius-bottom-right:0px;--awb-border-radius-bottom-left:0px;--awb-padding-top:4px;--awb-padding-right:0px;--awb-padding-bottom:0px;--awb-padding-left:0px;--awb-margin-top:5px;--awb-margin-bottom:33px;--awb-flex-wrap:wrap;\" ><div class=\"fusion-builder-row fusion-row fusion-flex-align-items-center fusion-flex-justify-content-center fusion-flex-content-wrap\" style=\"width:104% !important;max-width:104% !important;margin-left: calc(-4% \/ 2 );margin-right: calc(-4% \/ 2 );\"><div class=\"fusion-layout-column fusion_builder_column fusion-builder-column-0 fusion_builder_column_1_1 1_1 fusion-flex-column fusion-flex-align-self-center\" style=\"--awb-padding-top:38px;--awb-padding-right:30px;--awb-padding-bottom:37px;--awb-padding-left:30px;--awb-overflow:hidden;--awb-bg-color:var(--awb-color1);--awb-bg-color-hover:var(--awb-color1);--awb-bg-size:cover;--awb-border-radius:12px 12px 12px 12px;--awb-width-large:100%;--awb-margin-top-large:0px;--awb-spacing-right-large:1.92%;--awb-margin-bottom-large:3px;--awb-spacing-left-large:1.92%;--awb-width-medium:100%;--awb-order-medium:0;--awb-spacing-right-medium:1.92%;--awb-spacing-left-medium:1.92%;--awb-width-small:100%;--awb-order-small:0;--awb-spacing-right-small:1.92%;--awb-spacing-left-small:1.92%;\" data-scroll-devices=\"small-visibility,medium-visibility,large-visibility\"><div class=\"fusion-column-wrapper fusion-column-has-shadow fusion-flex-justify-content-center fusion-content-layout-column\"><div class=\"fusion-text fusion-text-1 awb-text-cols fusion-text-columns-2\" style=\"--awb-columns:2;--awb-column-spacing:2em;--awb-column-min-width:100px;\"><p><b>Mer information om produkten<br \/>\n<\/b><span data-contrast=\"none\">Tack vare sin h\u00f6ga vikt st\u00e5r s\u00e4ngen stadigt och \u00e4r sv\u00e5r att flytta eller v\u00e4lta, vilket ytterligare minskar risken f\u00f6r v\u00e5ldsamt beteende eller skador i utsatta milj\u00f6er.<\/span><span data-ccp-props=\"{\">\u00a0<\/span><\/p>\n<p><span data-contrast=\"none\">Polyetenmaterialet \u00e4r extremt t\u00e5ligt, helt vattenresistent och enkelt att reng\u00f6ra. Eftersom\u00a0materialet\u00a0inte absorberar v\u00e4tska kan ytan snabbt torkas av och m\u00f6beln tas i bruk omedelbart igen \u2013 en viktig egenskap i v\u00e5rdmilj\u00f6er d\u00e4r hygien och tillg\u00e4nglighet \u00e4r avg\u00f6rande. Den texturerade, brandh\u00e4mmande ytan bidrar samtidigt till ett f\u00f6rst\u00e4rkt brandskydd.<\/span><span data-ccp-props=\"{\">\u00a0<\/span><\/p>\n<p><span data-contrast=\"none\">F\u00f6r att ytterligare h\u00f6ja s\u00e4kerhetsniv\u00e5n kan s\u00e4ngen f\u00e4stas i golv med manipulationss\u00e4kra beslag. Som tillval finns \u00e4ven\u00a0Ryno\u00a0s\u00e4ng\u00a0v\u00e4ggkil, v\u00e4nster alt. h\u00f6ger, ett komplement som monteras n\u00e4r\u00a0s\u00e4ngen placeras mot v\u00e4gg. Dessa\u00a0v\u00e4ggkilar\u00a0\u00e4r utvecklade f\u00f6r att f\u00f6rhindra g\u00f6mst\u00e4llen och d\u00e4rmed minska risken f\u00f6r att f\u00f6rem\u00e5l d\u00f6ljs, vilket \u00f6kar tryggheten f\u00f6r b\u00e5de personal och brukare.<\/span><span data-ccp-props=\"{\">\u00a0<\/span><\/p>\n<p><span data-contrast=\"none\">S\u00e4ngen finns i flera f\u00e4rger, med en lagerf\u00f6rd kul\u00f6r\u00a0(moonwalk\u00a0gray)\u00a0f\u00f6r kortare ledtider.\u00a0RYNO\u00a0s\u00e4ng\u00a0levereras med livstidsgaranti mot produktionsfel.\u00a0<\/span><span data-ccp-props=\"{\">\u00a0<\/span><\/p>\n<p><span data-contrast=\"none\">S\u00e4ngen\u00a0ing\u00e5r i\u00a0RYNO-sortimentet \u2013 en\u00a0serie m\u00f6bler\u00a0utvecklade f\u00f6r de mest kr\u00e4vande milj\u00f6erna, b\u00e5de f\u00f6r sovrum och allrum. Serien f\u00f6renar l\u00e5ngsiktig tillf\u00f6rlitlighet, robusthet och s\u00e4kerhet i varje detalj.<\/span><\/p>\n<\/div><\/div><\/div><\/div><\/div><div class=\"fusion-fullwidth fullwidth-box fusion-builder-row-2 fusion-flex-container has-pattern-background has-mask-background hundred-percent-fullwidth non-hundred-percent-height-scrolling\" style=\"--awb-border-radius-top-left:0px;--awb-border-radius-top-right:0px;--awb-border-radius-bottom-right:0px;--awb-border-radius-bottom-left:0px;--awb-padding-top:4px;--awb-padding-right:6px;--awb-padding-bottom:0px;--awb-padding-left:6px;--awb-margin-top:5px;--awb-margin-bottom:20px;--awb-flex-wrap:wrap;\" ><div class=\"fusion-builder-row fusion-row fusion-flex-align-items-center fusion-flex-justify-content-center fusion-flex-content-wrap\" style=\"width:104% !important;max-width:104% !important;margin-left: calc(-4% \/ 2 );margin-right: calc(-4% \/ 2 );\"><div class=\"fusion-layout-column fusion_builder_column fusion-builder-column-1 fusion_builder_column_1_1 1_1 fusion-flex-column fusion-flex-align-self-center\" style=\"--awb-bg-size:cover;--awb-width-large:100%;--awb-margin-top-large:0px;--awb-spacing-right-large:1.92%;--awb-margin-bottom-large:3px;--awb-spacing-left-large:1.92%;--awb-width-medium:100%;--awb-order-medium:0;--awb-spacing-right-medium:1.92%;--awb-spacing-left-medium:1.92%;--awb-width-small:100%;--awb-order-small:0;--awb-spacing-right-small:1.92%;--awb-spacing-left-small:1.92%;\"><div class=\"fusion-column-wrapper fusion-column-has-shadow fusion-flex-justify-content-center fusion-content-layout-column\"><div class=\"fusion-title title fusion-title-1 fusion-sep-none fusion-title-text fusion-title-size-two\"><h2 class=\"fusion-title-heading title-heading-left fusion-responsive-typography-calculated\" style=\"margin:0;--fontSize:30;line-height:1.5;\">Produktdata<\/h2><\/div><div class=\"fusion-text fusion-text-2 awb-text-cols fusion-text-columns-2\" style=\"--awb-columns:2;--awb-column-spacing:2em;--awb-column-min-width:100px;\"><p><b><span data-contrast=\"none\">Material<\/span><\/b><span data-ccp-props=\"{\"><br \/>\n<\/span><span data-contrast=\"none\">Polyeten<\/span><span data-ccp-props=\"{\">\u00a0<\/span><\/p>\n<p><b><span data-contrast=\"none\">Montering<\/span><\/b><span data-ccp-props=\"{\"><br \/>\n<\/span><span data-contrast=\"none\">Levereras monterad.<\/span><span data-ccp-props=\"{\">\u00a0<\/span><\/p>\n<p><b><span data-contrast=\"none\">Underh\u00e5ll<\/span><\/b><span data-ccp-props=\"{\"><br \/>\n<\/span><span data-contrast=\"none\">Reng\u00f6r m\u00f6blerna enkelt genom att torka av med en mjuk trasa och milda reng\u00f6ringsmedel. Undvik slipande material, l\u00f6sningsmedel, \u00e5ng- eller h\u00f6gtryckstv\u00e4tt, samt placering n\u00e4ra v\u00e4rmek\u00e4llor.\u00a0<\/span><span data-ccp-props=\"{\"><br \/>\n<\/span><span data-contrast=\"none\">F\u00f6r mer information se Sk\u00f6tselr\u00e5d f\u00f6r m\u00f6bler (l\u00e4nk).<\/span><span data-ccp-props=\"{\">\u00a0<\/span><\/p>\n<p><b><span data-contrast=\"none\">Teknisk data<\/span><\/b><span data-ccp-props=\"{\"><br \/>\n<\/span><span data-contrast=\"none\">HSP131: H\u00a0480\u00a0mm, B\u00a01010\u00a0mm, D\u00a02100\u00a0mm.\u00a0Vikt: 110 kg.<\/span><span data-ccp-props=\"{\">\u00a0<\/span><\/p>\n<p><b><span data-contrast=\"none\">F\u00e4rger<\/span><\/b><span data-ccp-props=\"{\"><br \/>\n<\/span><span data-contrast=\"none\">Basf\u00e4rger: Moonwalk Gray<br \/>\nTillvalsf\u00e4rger\/\u00d6vriga f\u00e4rger: Cool Green, Icon Purple, Epic Blue, Granite, <\/span><br \/>\n<span data-contrast=\"none\">Lime Green, Vegas\u00a0Yellow,\u00a0Thunder\u00a0Gray, Dusty\u00a0Blue, Dusty Pink,\u00a0Teal, Violet Purple,\u00a0Warm\u00a0Terracotta, Sand<\/span><span data-ccp-props=\"{\">\u00a0<\/span><\/p>\n<p><b><span data-contrast=\"none\">H\u00e5llbarhet<\/span><\/b><br \/>\n<span data-contrast=\"none\">RYNO\u00a0s\u00e4ng har en l\u00e5ng livsl\u00e4ngd och \u00e4r helt \u00e5tervinningsbar, eftersom polyeten kan sm\u00e4ltas ner f\u00f6r att skapa nya produkter.<\/span><span data-ccp-props=\"{\"><br \/>\n<\/span><span data-contrast=\"none\">S\u00e4ngen \u00e4r testad och uppfyller standarden EN 1725:1998, motsvarande en anv\u00e4ndarvikt p\u00e5 upp till cirka 230 kg.\u00a0<\/span><span data-ccp-props=\"{\"><br \/>\n<\/span><span data-contrast=\"none\">Den \u00e4r \u00e4ven certifierad enligt FIRA International Standard 059:2014 f\u00f6r kontrakts\u00e4ngar.\u00a0<\/span><span data-ccp-props=\"{\"><br \/>\n<\/span><span data-contrast=\"none\">Uppfyller brands\u00e4kerhetsstandarderna UL94 HB och British Standard 5852: 2006 ant\u00e4ndningsk\u00e4lla 5 (Crib5).<\/span><span data-ccp-props=\"{\"><br \/>\n<\/span><span data-contrast=\"none\">UV-best\u00e4ndighet testad till UV21+, vilket inneb\u00e4r att den t\u00e5l 21 000 soltimmar.<\/span><span data-ccp-props=\"{\">\u00a0<\/span><\/p>\n<p><b><span data-contrast=\"none\">Leverans<\/span><\/b><span data-ccp-props=\"{\"><br \/>\n<\/span><span data-contrast=\"none\">Leveranstid\u00a06-8\u00a0veckor.\u00a0<\/span><span data-ccp-props=\"{\"><br \/>\n<\/span><span data-contrast=\"none\">Observera att of\u00f6rutsedda h\u00e4ndelser kan p\u00e5verka leveransen. F\u00f6r mer information om aktuell leveranstid i samband med orderbekr\u00e4ftelse eller innan best\u00e4llning, v\u00e4nligen kontakta oss p\u00e5 info@healsafeinterior.com.<\/span><span data-ccp-props=\"{\">\u00a0<\/span><\/p>\n<p><b><span data-contrast=\"none\">Garanti<\/span><\/b><span data-ccp-props=\"{\"><br \/>\n<\/span><span data-contrast=\"none\">Livstidsgaranti<\/span><span data-ccp-props=\"{\">\u00a0<\/span><\/p>\n<p><b><span data-contrast=\"none\">Tillverkning\/produktion<\/span><\/b><span data-ccp-props=\"{\"><br \/>\n<\/span><span data-contrast=\"none\">Europa<\/span><span data-ccp-props=\"{\">\u00a0<\/span><\/p>\n<\/div><\/div><\/div><\/div><\/div><\/p>\n","protected":false},"excerpt":{"rendered":"<p><em>En robust s\u00e4ng i rotationsgjuten polyeten, tillverkad i ett stycke med mjukt rundade former f\u00f6r h\u00f6gsta styrka, h\u00e5llbarhet och hygien. Utformad f\u00f6r att ge trygghet, komfort och uppfylla de allra h\u00f6gsta s\u00e4kerhetskraven.\u00a0<\/em><\/p>\n<ul>\n<li aria-setsize=\"-1\" data-leveltext=\"\uf0b7\" data-font=\"Symbol\" data-listid=\"31\" data-list-defn-props=\"{&quot;335552541&quot;:1,&quot;335559685&quot;:720,&quot;335559991&quot;:360,&quot;469769226&quot;:&quot;Symbol&quot;,&quot;469769242&quot;:[8226],&quot;469777803&quot;:&quot;left&quot;,&quot;469777804&quot;:&quot;\uf0b7&quot;,&quot;469777815&quot;:&quot;multilevel&quot;}\" data-aria-posinset=\"1\" data-aria-level=\"1\"><span data-contrast=\"none\">Konstruktion i ett stycke som ger \u00f6verl\u00e4gsen styrka och eliminerar dolda utrymmen<\/span><span data-ccp-props=\"{&quot;201341983&quot;:0,&quot;335559740&quot;:259}\">\u00a0<\/span><\/li>\n<li aria-setsize=\"-1\" data-leveltext=\"\uf0b7\" data-font=\"Symbol\" data-listid=\"31\" data-list-defn-props=\"{&quot;335552541&quot;:1,&quot;335559685&quot;:720,&quot;335559991&quot;:360,&quot;469769226&quot;:&quot;Symbol&quot;,&quot;469769242&quot;:[8226],&quot;469777803&quot;:&quot;left&quot;,&quot;469777804&quot;:&quot;\uf0b7&quot;,&quot;469777815&quot;:&quot;multilevel&quot;}\" data-aria-posinset=\"1\" data-aria-level=\"1\"><span data-contrast=\"none\">Design som eliminerar f\u00e4stpunkter f\u00f6r sn\u00f6ren, remmar eller andra f\u00f6rem\u00e5l och d\u00e4rmed minskar risken f\u00f6r sj\u00e4lvskadehandlingar<\/span><span data-ccp-props=\"{&quot;201341983&quot;:0,&quot;335559740&quot;:259}\">\u00a0<\/span><\/li>\n<li aria-setsize=\"-1\" data-leveltext=\"\uf0b7\" data-font=\"Symbol\" data-listid=\"31\" data-list-defn-props=\"{&quot;335552541&quot;:1,&quot;335559685&quot;:720,&quot;335559991&quot;:360,&quot;469769226&quot;:&quot;Symbol&quot;,&quot;469769242&quot;:[8226],&quot;469777803&quot;:&quot;left&quot;,&quot;469777804&quot;:&quot;\uf0b7&quot;,&quot;469777815&quot;:&quot;multilevel&quot;}\" data-aria-posinset=\"1\" data-aria-level=\"1\"><span data-contrast=\"none\">Vattenresistent och UV-stabiliserad polyeten som \u00e4r 100 % \u00e5tervinningsbar<\/span><span data-ccp-props=\"{&quot;201341983&quot;:0,&quot;335559740&quot;:259}\">\u00a0<\/span><\/li>\n<\/ul>\n<p><span data-contrast=\"none\">RYNO-s\u00e4ngen \u00e4r s\u00e4rskilt l\u00e4mpad f\u00f6r milj\u00f6er d\u00e4r s\u00e4kerhet och slitstyrka \u00e4r absolut avg\u00f6rande, s\u00e5som psykiatrisk v\u00e5rd, r\u00e4ttspsykiatri, kriminalv\u00e5rd, ungdomsv\u00e5rd och andra v\u00e5rdmilj\u00f6er med h\u00f6ga s\u00e4kerhetskrav.<\/span><\/p>\n<p><span data-contrast=\"none\">L\u00e4mplig f\u00f6r patientrum.<\/span><\/p>\n","protected":false},"featured_media":14872,"template":"","meta":[],"product_brand":[],"product_cat":[599,623,601,624,627],"product_tag":[1025,1028],"class_list":{"0":"post-15664","1":"product","2":"type-product","3":"status-publish","4":"has-post-thumbnail","6":"product_cat-extra-hoga-sakerhetskrav","7":"product_cat-patientrum","8":"product_cat-ryno-mobler","9":"product_cat-sakerhetsmobler","10":"product_cat-sangar","11":"product_tag-behandlingshem","12":"product_tag-lss","14":"first","15":"instock","16":"shipping-taxable","17":"purchasable","18":"product-type-variable"},"_links":{"self":[{"href":"https:\/\/healsafeinterior.com\/sv\/wp-json\/wp\/v2\/product\/15664","targetHints":{"allow":["GET"]}}],"collection":[{"href":"https:\/\/healsafeinterior.com\/sv\/wp-json\/wp\/v2\/product"}],"about":[{"href":"https:\/\/healsafeinterior.com\/sv\/wp-json\/wp\/v2\/types\/product"}],"wp:featuredmedia":[{"embeddable":true,"href":"https:\/\/healsafeinterior.com\/sv\/wp-json\/wp\/v2\/media\/14872"}],"wp:attachment":[{"href":"https:\/\/healsafeinterior.com\/sv\/wp-json\/wp\/v2\/media?parent=15664"}],"wp:term":[{"taxonomy":"product_brand","embeddable":true,"href":"https:\/\/healsafeinterior.com\/sv\/wp-json\/wp\/v2\/product_brand?post=15664"},{"taxonomy":"product_cat","embeddable":true,"href":"https:\/\/healsafeinterior.com\/sv\/wp-json\/wp\/v2\/product_cat?post=15664"},{"taxonomy":"product_tag","embeddable":true,"href":"https:\/\/healsafeinterior.com\/sv\/wp-json\/wp\/v2\/product_tag?post=15664"}],"curies":[{"name":"wp","href":"https:\/\/api.w.org\/{rel}","templated":true}]}}