{"id":15573,"date":"2020-10-30T12:10:15","date_gmt":"2020-10-30T11:10:15","guid":{"rendered":"https:\/\/healsafeinterior.com\/product\/rock-stol\/"},"modified":"2025-08-06T11:19:17","modified_gmt":"2025-08-06T09:19:17","slug":"rock-stol","status":"publish","type":"product","link":"https:\/\/healsafeinterior.com\/sv\/produkt\/rock-stol\/","title":{"rendered":"Rock stol"},"content":{"rendered":"<p><div class=\"fusion-fullwidth fullwidth-box fusion-builder-row-1 fusion-flex-container has-pattern-background has-mask-background hundred-percent-fullwidth non-hundred-percent-height-scrolling\" style=\"--awb-border-radius-top-left:0px;--awb-border-radius-top-right:0px;--awb-border-radius-bottom-right:0px;--awb-border-radius-bottom-left:0px;--awb-padding-top:4px;--awb-padding-right:6px;--awb-padding-bottom:0px;--awb-padding-left:6px;--awb-margin-top:40px;--awb-margin-bottom:20px;--awb-flex-wrap:wrap;\" ><div class=\"fusion-builder-row fusion-row fusion-flex-align-items-center fusion-flex-justify-content-center fusion-flex-content-wrap\" style=\"width:104% !important;max-width:104% !important;margin-left: calc(-4% \/ 2 );margin-right: calc(-4% \/ 2 );\"><div class=\"fusion-layout-column fusion_builder_column fusion-builder-column-0 fusion_builder_column_1_1 1_1 fusion-flex-column fusion-flex-align-self-center\" style=\"--awb-bg-size:cover;--awb-width-large:100%;--awb-margin-top-large:0px;--awb-spacing-right-large:1.92%;--awb-margin-bottom-large:3px;--awb-spacing-left-large:1.92%;--awb-width-medium:100%;--awb-order-medium:0;--awb-spacing-right-medium:1.92%;--awb-spacing-left-medium:1.92%;--awb-width-small:100%;--awb-order-small:0;--awb-spacing-right-small:1.92%;--awb-spacing-left-small:1.92%;\"><div class=\"fusion-column-wrapper fusion-column-has-shadow fusion-flex-justify-content-center fusion-content-layout-column\"><div class=\"fusion-tabs fusion-tabs-1 classic nav-not-justified horizontal-tabs icon-position-left mobile-mode-carousel\" style=\"--awb-title-border-radius-top-left:2px;--awb-title-border-radius-top-right:2px;--awb-title-border-radius-bottom-right:2px;--awb-title-border-radius-bottom-left:2px;--awb-content-padding-top:40px;--awb-content-padding-right:30px;--awb-content-padding-bottom:40px;--awb-content-padding-left:30px;--awb-title-padding-right:40px;--awb-title-padding-left:40px;--awb-title-font-size:17px;--awb-alignment:start;--awb-inactive-color:var(--awb-color2);--awb-title-text-color:var(--awb-color5);--awb-title-active-text-color:var(--awb-color7);--awb-background-color:var(--awb-color1);--awb-border-color:rgba(167,172,162,0);--awb-active-border-color:var(--awb-custom_color_2);--awb-title-font-family:&quot;Sen&quot;;--awb-title-font-style:normal;--awb-title-font-weight:400;\"><div class=\"nav\"><ul class=\"nav-tabs\" role=\"tablist\"><li class=\"active\" role=\"presentation\"><a class=\"tab-link\" data-toggle=\"tab\" role=\"tab\" aria-controls=\"tab-cd51423506e8634c4bd\" aria-selected=\"true\" id=\"fusion-tab-produktvideo\" href=\"#tab-cd51423506e8634c4bd\"><h3 class=\"fusion-tab-heading\">Produktvideo<\/h3><\/a><\/li><\/ul><\/div><div class=\"tab-content\"><div class=\"tab-pane fade fusion-clearfix in active\" role=\"tabpanel\" tabindex=\"0\" aria-labelledby=\"fusion-tab-produktvideo\" id=\"tab-cd51423506e8634c4bd\">\n<div class=\"fusion-video fusion-vimeo fusion-alignleft\" style=\"--awb-max-width:600px;--awb-max-height:360px;--awb-width:100%;\"><div class=\"video-shortcode\"><lite-vimeo videoid=\"726744695\" class=\"landscape\" params=\"autoplay=1autoplay=0&amp;autopause=0\" title=\"Vimeo video player 1\" data-button-label=\"Play Video\"  width=\"600\" height=\"360\"><\/lite-vimeo><\/div><\/div>\n<\/div><\/div><\/div><\/div><\/div><\/div><\/div><div class=\"fusion-fullwidth fullwidth-box fusion-builder-row-2 fusion-flex-container has-pattern-background has-mask-background hundred-percent-fullwidth non-hundred-percent-height-scrolling\" style=\"--awb-border-radius-top-left:0px;--awb-border-radius-top-right:0px;--awb-border-radius-bottom-right:0px;--awb-border-radius-bottom-left:0px;--awb-padding-top:4px;--awb-padding-right:6px;--awb-padding-bottom:0px;--awb-padding-left:6px;--awb-flex-wrap:wrap;\" ><div class=\"fusion-builder-row fusion-row fusion-flex-align-items-center fusion-flex-justify-content-center fusion-flex-content-wrap\" style=\"width:104% !important;max-width:104% !important;margin-left: calc(-4% \/ 2 );margin-right: calc(-4% \/ 2 );\"><div class=\"fusion-layout-column fusion_builder_column fusion-builder-column-1 fusion_builder_column_1_1 1_1 fusion-flex-column fusion-flex-align-self-center\" style=\"--awb-bg-size:cover;--awb-width-large:100%;--awb-margin-top-large:0px;--awb-spacing-right-large:1.92%;--awb-margin-bottom-large:3px;--awb-spacing-left-large:1.92%;--awb-width-medium:100%;--awb-order-medium:0;--awb-spacing-right-medium:1.92%;--awb-spacing-left-medium:1.92%;--awb-width-small:100%;--awb-order-small:0;--awb-spacing-right-small:1.92%;--awb-spacing-left-small:1.92%;\"><div class=\"fusion-column-wrapper fusion-column-has-shadow fusion-flex-justify-content-center fusion-content-layout-column\"><div class=\"fusion-title title fusion-title-1 fusion-sep-none fusion-title-text fusion-title-size-three\" style=\"--awb-font-size:32px;\"><h3 class=\"fusion-title-heading title-heading-left fusion-responsive-typography-calculated\" style=\"margin:0;font-size:1em;--fontSize:32;line-height:1.2;\">Produktdata<\/h3><\/div><\/div><\/div><\/div><\/div><div class=\"fusion-fullwidth fullwidth-box fusion-builder-row-3 fusion-flex-container has-pattern-background has-mask-background nonhundred-percent-fullwidth non-hundred-percent-height-scrolling\" style=\"--awb-border-radius-top-left:0px;--awb-border-radius-top-right:0px;--awb-border-radius-bottom-right:0px;--awb-border-radius-bottom-left:0px;--awb-padding-top:4px;--awb-padding-right:6px;--awb-padding-left:6px;--awb-flex-wrap:wrap;\" ><div class=\"fusion-builder-row fusion-row fusion-flex-align-items-flex-start fusion-flex-content-wrap\" style=\"max-width:1597.44px;margin-left: calc(-4% \/ 2 );margin-right: calc(-4% \/ 2 );\"><div class=\"fusion-layout-column fusion_builder_column fusion-builder-column-2 fusion_builder_column_1_1 1_1 fusion-flex-column\" style=\"--awb-bg-size:cover;--awb-width-large:100%;--awb-margin-top-large:0px;--awb-spacing-right-large:1.92%;--awb-margin-bottom-large:20px;--awb-spacing-left-large:1.92%;--awb-width-medium:100%;--awb-order-medium:0;--awb-spacing-right-medium:1.92%;--awb-spacing-left-medium:1.92%;--awb-width-small:100%;--awb-order-small:0;--awb-spacing-right-small:1.92%;--awb-spacing-left-small:1.92%;\"><div class=\"fusion-column-wrapper fusion-column-has-shadow fusion-flex-justify-content-flex-start fusion-content-layout-column\"><div class=\"fusion-text fusion-text-1 awb-text-cols fusion-text-columns-2\" style=\"--awb-columns:2;--awb-column-spacing:2em;--awb-column-min-width:100px;\"><p><strong>Material<\/strong><br \/>\nStomme av massiv bj\u00f6rk och sits i plywood med laminat.<\/p>\n<p><strong>Montering<\/strong><br \/>\nIngen montering kr\u00e4vs.<\/p>\n<p><strong>Underh\u00e5ll<br \/>\n<\/strong>L\u00e4tt att h\u00e5lla ren med en mjuk, fuktig trasa. Icke-slipande kr\u00e4mreng\u00f6ringsmedel kan anv\u00e4ndas. Anv\u00e4nd inte l\u00f6sningsmedel, blekmedel, slipmedel eller syntetiska reng\u00f6ringsmedel. Undvik att uts\u00e4tta produkten f\u00f6r v\u00e4ta \u2013 om detta sker, torka den noggrant.<\/p>\n<p><strong>Teknisk data<br \/>\n<\/strong>HSP258: H 810 mm, B 520 mm, D 520 mm. Sitth\u00f6jd: 460 mm. Vikt: 7,5 kg.<br \/>\nS\u00e4ljs i par.<\/p>\n<p><strong>F\u00e4rger<br \/>\n<\/strong>Massiv lackad bj\u00f6rk med vit plywoodsits<\/p>\n<p><strong>H\u00e5llbarhet<br \/>\n<\/strong>Styrka och stabilitet har testats enligt BS EN 16139:2013 niv\u00e5 2, vilket inneb\u00e4r att produkten \u00e4r godk\u00e4nd f\u00f6r kr\u00e4vande offentlig milj\u00f6. Testet \u00f6verskred den godk\u00e4nda gr\u00e4nsen p\u00e5 200\u202f000 cykler med ytterligare 300\u202f000 cykler, vilket visar p\u00e5 exceptionell h\u00e5llbarhet. Sits och rygg har \u00e4ven testats enligt EN 1728:2012 punkt 6.4 med en belastning p\u00e5 317\u202fkg (50 stone).<br \/>\nK\u00e4llsorteras som tr\u00e4.<\/p>\n<p><strong>Levererans<br \/>\n<\/strong>8-12 veckor. Observera att of\u00f6rutsedda h\u00e4ndelser kan p\u00e5verka leveranstiden. F\u00f6r mer information om aktuell leveranstid vid orderbekr\u00e4ftelse eller innan best\u00e4llning, v\u00e4nligen kontakta oss p\u00e5 info@healsafeinterior.com.<\/p>\n<p><strong>Garanti<br \/>\n<\/strong>5 \u00e5r. Vi erbjuder en garanti som t\u00e4cker eventuella tillverkningsfel f\u00f6r din stol.<\/p>\n<p><strong>Tillverkning\/produktion<\/strong><br \/>\nEuropa.<\/p>\n<\/div><\/div><\/div><\/div><\/div><\/p>\n","protected":false},"excerpt":{"rendered":"<p>Rock stol \u00e4r en robust och genomt\u00e4nkt stol i tr\u00e4, utvecklad f\u00f6r milj\u00f6er d\u00e4r slitstyrka, s\u00e4kerhet och funktion \u00e4r avg\u00f6rande.<\/p>\n<ul>\n<li>Kryssf\u00f6rst\u00e4rkta medar ger extra stabilitet och g\u00f6r stolen l\u00e4tt att hantera.<\/li>\n<li>Sits och rygg i ett stycke med slitstark laminatyta som \u00e4r enkel att reng\u00f6ra.<\/li>\n<li>Stommen i massiv bj\u00f6rk ger l\u00e5ng h\u00e5llbarhet i kr\u00e4vande milj\u00f6er.<\/li>\n<\/ul>\n<p>Stolen \u00e4r s\u00e4rskilt l\u00e4mplig f\u00f6r psykiatri, LSS-verksamhet, ungdomsv\u00e5rd, kriminalv\u00e5rd och andra milj\u00f6er d\u00e4r h\u00f6ga krav st\u00e4lls p\u00e5 s\u00e4kerhet, trygghet och slitstyrka. Med sitt tydliga formspr\u00e5k och t\u00e5liga material skapar Rock stol en trygg och s\u00e4ker atmosf\u00e4r utan att k\u00e4nnas institutionell.<\/p>\n<p>En viktig s\u00e4kerhetsf\u00f6rdel \u00e4r valet av medar i st\u00e4llet f\u00f6r traditionella stolsben. Medarna bildar en sammanh\u00e4ngande, vridstyv bas som minskar risken f\u00f6r skador p\u00e5 b\u00e5de stol och omgivning. Den l\u00e5ga tyngdpunkten g\u00f6r dessutom stolen sv\u00e5rare att kasta eller anv\u00e4nda som tillhygge \u00e4n en vanlig tr\u00e4stol med 4 ben.<\/p>\n<p>Underredet \u00e4r i lackad massiv bj\u00f6rk, medan sits och rygg \u00e4r i formpressad plywood med t\u00e5lig vit laminatyta \u2013 en kombination som ger l\u00e5ng h\u00e5llbarhet i intensivt anv\u00e4nda offentliga milj\u00f6er.<\/p>\n<p>Det \u00e4r v\u00e4rt att notera att naturmaterial som tr\u00e4 ofta upplevs som lugnande och v\u00e4lkomnande \u2013 en kvalitet som i v\u00e5rdmilj\u00f6er kan bidra till \u00f6kad trygghet och \u00e5terh\u00e4mtning.<\/p>\n<p>Rock stolen kan med f\u00f6rdel kombineras med Rock soffbord [l\u00e4nk, Rock matbord [l\u00e4nk] och kompletteras med sittdyna Rock [l\u00e4nk] f\u00f6r \u00f6kad komfort och enhetlig inredning.<\/p>\n<p>Observera att Rock stol endast s\u00e4ljs 2-pack.<\/p>\n<p>L\u00e4mplig f\u00f6r placering i allrum, patientrum och gemensamhetsytor som t.ex. matsal.<\/p>\n","protected":false},"featured_media":11588,"template":"","meta":[],"product_brand":[],"product_cat":[624,629],"product_tag":[],"class_list":{"0":"post-15573","1":"product","2":"type-product","3":"status-publish","4":"has-post-thumbnail","6":"product_cat-sakerhetsmobler","7":"product_cat-stolar","9":"first","10":"instock","11":"shipping-taxable","12":"purchasable","13":"product-type-simple"},"_links":{"self":[{"href":"https:\/\/healsafeinterior.com\/sv\/wp-json\/wp\/v2\/product\/15573","targetHints":{"allow":["GET"]}}],"collection":[{"href":"https:\/\/healsafeinterior.com\/sv\/wp-json\/wp\/v2\/product"}],"about":[{"href":"https:\/\/healsafeinterior.com\/sv\/wp-json\/wp\/v2\/types\/product"}],"wp:featuredmedia":[{"embeddable":true,"href":"https:\/\/healsafeinterior.com\/sv\/wp-json\/wp\/v2\/media\/11588"}],"wp:attachment":[{"href":"https:\/\/healsafeinterior.com\/sv\/wp-json\/wp\/v2\/media?parent=15573"}],"wp:term":[{"taxonomy":"product_brand","embeddable":true,"href":"https:\/\/healsafeinterior.com\/sv\/wp-json\/wp\/v2\/product_brand?post=15573"},{"taxonomy":"product_cat","embeddable":true,"href":"https:\/\/healsafeinterior.com\/sv\/wp-json\/wp\/v2\/product_cat?post=15573"},{"taxonomy":"product_tag","embeddable":true,"href":"https:\/\/healsafeinterior.com\/sv\/wp-json\/wp\/v2\/product_tag?post=15573"}],"curies":[{"name":"wp","href":"https:\/\/api.w.org\/{rel}","templated":true}]}}