{"id":15570,"date":"2020-10-30T12:18:22","date_gmt":"2020-10-30T11:18:22","guid":{"rendered":"https:\/\/healsafeinterior.com\/product\/rock-soffbord\/"},"modified":"2025-08-06T13:04:08","modified_gmt":"2025-08-06T11:04:08","slug":"rock-soffbord","status":"publish","type":"product","link":"https:\/\/healsafeinterior.com\/sv\/produkt\/rock-soffbord\/","title":{"rendered":"Rock soffbord"},"content":{"rendered":"<p><div class=\"fusion-fullwidth fullwidth-box fusion-builder-row-1 fusion-flex-container has-pattern-background has-mask-background hundred-percent-fullwidth non-hundred-percent-height-scrolling\" style=\"--awb-border-radius-top-left:0px;--awb-border-radius-top-right:0px;--awb-border-radius-bottom-right:0px;--awb-border-radius-bottom-left:0px;--awb-padding-top:4px;--awb-padding-right:6px;--awb-padding-bottom:0px;--awb-padding-left:6px;--awb-flex-wrap:wrap;\" ><div class=\"fusion-builder-row fusion-row fusion-flex-align-items-center fusion-flex-justify-content-center fusion-flex-content-wrap\" style=\"width:104% !important;max-width:104% !important;margin-left: calc(-4% \/ 2 );margin-right: calc(-4% \/ 2 );\"><div class=\"fusion-layout-column fusion_builder_column fusion-builder-column-0 fusion_builder_column_1_1 1_1 fusion-flex-column fusion-flex-align-self-center\" style=\"--awb-bg-size:cover;--awb-width-large:100%;--awb-margin-top-large:0px;--awb-spacing-right-large:1.92%;--awb-margin-bottom-large:3px;--awb-spacing-left-large:1.92%;--awb-width-medium:100%;--awb-order-medium:0;--awb-spacing-right-medium:1.92%;--awb-spacing-left-medium:1.92%;--awb-width-small:100%;--awb-order-small:0;--awb-spacing-right-small:1.92%;--awb-spacing-left-small:1.92%;\"><div class=\"fusion-column-wrapper fusion-column-has-shadow fusion-flex-justify-content-center fusion-content-layout-column\"><div class=\"fusion-title title fusion-title-1 fusion-sep-none fusion-title-text fusion-title-size-three\" style=\"--awb-font-size:32px;\"><h3 class=\"fusion-title-heading title-heading-left fusion-responsive-typography-calculated\" style=\"margin:0;font-size:1em;--fontSize:32;line-height:1.2;\">Product data<\/h3><\/div><\/div><\/div><\/div><\/div><div class=\"fusion-fullwidth fullwidth-box fusion-builder-row-2 fusion-flex-container has-pattern-background has-mask-background nonhundred-percent-fullwidth non-hundred-percent-height-scrolling\" style=\"--awb-border-radius-top-left:0px;--awb-border-radius-top-right:0px;--awb-border-radius-bottom-right:0px;--awb-border-radius-bottom-left:0px;--awb-padding-top:4px;--awb-padding-right:6px;--awb-padding-left:6px;--awb-flex-wrap:wrap;\" ><div class=\"fusion-builder-row fusion-row fusion-flex-align-items-flex-start fusion-flex-content-wrap\" style=\"max-width:1597.44px;margin-left: calc(-4% \/ 2 );margin-right: calc(-4% \/ 2 );\"><div class=\"fusion-layout-column fusion_builder_column fusion-builder-column-1 fusion_builder_column_1_1 1_1 fusion-flex-column\" style=\"--awb-bg-size:cover;--awb-width-large:100%;--awb-margin-top-large:0px;--awb-spacing-right-large:1.92%;--awb-margin-bottom-large:20px;--awb-spacing-left-large:1.92%;--awb-width-medium:100%;--awb-order-medium:0;--awb-spacing-right-medium:1.92%;--awb-spacing-left-medium:1.92%;--awb-width-small:100%;--awb-order-small:0;--awb-spacing-right-small:1.92%;--awb-spacing-left-small:1.92%;\"><div class=\"fusion-column-wrapper fusion-column-has-shadow fusion-flex-justify-content-flex-start fusion-content-layout-column\"><div class=\"fusion-text fusion-text-1 awb-text-cols fusion-text-columns-2\" style=\"--awb-columns:2;--awb-column-spacing:2em;--awb-column-min-width:100px;\"><p><strong>Material<\/strong><br \/>\nStomme av massiv bj\u00f6rk och bordskiva i laminat.<\/p>\n<p><strong>Montering<\/strong><br \/>\nIngen montering kr\u00e4vs.<\/p>\n<p><strong>Underh\u00e5ll<br \/>\n<\/strong>L\u00e4tt att h\u00e5lla ren med en mjuk, fuktig trasa. Icke-slipande kr\u00e4mreng\u00f6ringsmedel kan anv\u00e4ndas. Anv\u00e4nd inte l\u00f6sningsmedel, blekmedel, slipmedel eller syntetiska reng\u00f6ringsmedel. Undvik att uts\u00e4tta produkten f\u00f6r v\u00e4ta \u2013 om detta sker, torka den noggrant.<\/p>\n<p><strong>Teknisk data<br \/>\n<\/strong>HSP259: H 420 mm, 900 \u00d8. Vikt: 12 kg.<br \/>\nHSP260: H 420 mm, 900&#215;900. Vikt: 14 kg.<\/p>\n<p><strong>F\u00e4rger<br \/>\n<\/strong>Massiv mattlackad bj\u00f6rk med vit laminatskiva<\/p>\n<p><strong>H\u00e5llbarhet<br \/>\n<\/strong>Styrka och stabilitet har testats enligt BS EN 16139:2013 niv\u00e5 2, vilket inneb\u00e4r att produkten \u00e4r godk\u00e4nd f\u00f6r kr\u00e4vande offentlig milj\u00f6. Testet \u00f6verskred den godk\u00e4nda gr\u00e4nsen p\u00e5 200\u202f000 cykler med ytterligare 300\u202f000 cykler, vilket visar p\u00e5 exceptionell h\u00e5llbarhet.<br \/>\nK\u00e4llsorteras som tr\u00e4.<\/p>\n<p><strong>Leverans<br \/>\n<\/strong>8-12 veckor.<br \/>\nObservera att of\u00f6rutsedda h\u00e4ndelser kan p\u00e5verka leveranstiden. F\u00f6r mer information om aktuell leveranstid vid orderbekr\u00e4ftelse eller innan best\u00e4llning, v\u00e4nligen kontakta oss p\u00e5 info@healsafeinterior.com<\/p>\n<p><strong>Garanti<br \/>\n<\/strong>7 \u00e5r. Vi erbjuder en garanti som t\u00e4cker eventuella tillverkningsfel f\u00f6r ditt matbord.<\/p>\n<p><strong>Tillverkning\/produktion<br \/>\n<\/strong>Europa.<\/p>\n<\/div><\/div><\/div><\/div><\/div><\/p>\n","protected":false},"excerpt":{"rendered":"<p>Rock soffbord \u00e4r ett robust och genomt\u00e4nkt litet bord i massiv bj\u00f6rk, utvecklat f\u00f6r milj\u00f6er d\u00e4r slitstyrka, s\u00e4kerhet och l\u00e5ng h\u00e5llbarhet \u00e4r avg\u00f6rande. Den stabila konstruktionen kombinerar noggrant utvalt naturmaterial med funktionella detaljer som t\u00e5l h\u00e5rt slitage \u00f6ver tid.<\/p>\n<ul>\n<li>Stark stomme i massiv bj\u00f6rk<\/li>\n<li>Vit laminatskiva som \u00e4r v\u00e4rme- och slagt\u00e5lig.<\/li>\n<li>Sl\u00e4t, fasad kant som skyddar bordsskivan och minskar risken f\u00f6r skador vid fall eller om bordet v\u00e4lter.<\/li>\n<\/ul>\n<p>Rock soffbord \u00e4r s\u00e4rskilt l\u00e4mpligt f\u00f6r psykiatri, LSS-verksamhet, ungdomsv\u00e5rd och andra milj\u00f6er d\u00e4r s\u00e4rskilda krav st\u00e4lls p\u00e5 s\u00e4kerhet, trygghet och slitstyrka.<\/p>\n<p>Robust ram i lackad massiv bj\u00f6rk som ger h\u00f6g h\u00e5llbarhet och s\u00e4kerhet \u00e4ven vid intensiv anv\u00e4ndning, med kryss-stagade medar som s\u00e4kerst\u00e4ller stabilitet och smidig hantering.<\/p>\n<p>Bordsskivan klarar vardagsv\u00e4rme fr\u00e5n tallrikar och koppar, men varma k\u00e4rl b\u00f6r st\u00e4llas p\u00e5 underl\u00e4gg.<\/p>\n<p>Med sitt harmoniska formspr\u00e5k skapar bordet en trygg och v\u00e4lkomnande atmosf\u00e4r utan att k\u00e4nnas institutionellt.<\/p>\n<p>Det \u00e4r v\u00e4rt att notera att naturmaterial som tr\u00e4 ofta upplevs som lugnande och v\u00e4lkomnande \u2013 en kvalitet som i v\u00e5rdmilj\u00f6er kan bidra till \u00f6kad trygghet och \u00e5terh\u00e4mtning.<\/p>\n<p>Rock soffbord finns i 2 varianter &#8211; ett runt och ett kvadratiskt.<\/p>\n<p>Rock soffbord kan med f\u00f6rdel kombineras med Rock stol [l\u00e4nk] och Rock matbord [l\u00e4nk].<\/p>\n<p>Passar i allrum, patientrum och andra gemensamma ytor.<\/p>\n","protected":false},"featured_media":11608,"template":"","meta":[],"product_brand":[],"product_cat":[634,624],"product_tag":[],"class_list":{"0":"post-15570","1":"product","2":"type-product","3":"status-publish","4":"has-post-thumbnail","6":"product_cat-bord","7":"product_cat-sakerhetsmobler","9":"first","10":"instock","11":"shipping-taxable","12":"purchasable","13":"product-type-variable"},"_links":{"self":[{"href":"https:\/\/healsafeinterior.com\/sv\/wp-json\/wp\/v2\/product\/15570","targetHints":{"allow":["GET"]}}],"collection":[{"href":"https:\/\/healsafeinterior.com\/sv\/wp-json\/wp\/v2\/product"}],"about":[{"href":"https:\/\/healsafeinterior.com\/sv\/wp-json\/wp\/v2\/types\/product"}],"wp:featuredmedia":[{"embeddable":true,"href":"https:\/\/healsafeinterior.com\/sv\/wp-json\/wp\/v2\/media\/11608"}],"wp:attachment":[{"href":"https:\/\/healsafeinterior.com\/sv\/wp-json\/wp\/v2\/media?parent=15570"}],"wp:term":[{"taxonomy":"product_brand","embeddable":true,"href":"https:\/\/healsafeinterior.com\/sv\/wp-json\/wp\/v2\/product_brand?post=15570"},{"taxonomy":"product_cat","embeddable":true,"href":"https:\/\/healsafeinterior.com\/sv\/wp-json\/wp\/v2\/product_cat?post=15570"},{"taxonomy":"product_tag","embeddable":true,"href":"https:\/\/healsafeinterior.com\/sv\/wp-json\/wp\/v2\/product_tag?post=15570"}],"curies":[{"name":"wp","href":"https:\/\/api.w.org\/{rel}","templated":true}]}}