{"id":15569,"date":"2020-10-30T12:26:47","date_gmt":"2020-10-30T11:26:47","guid":{"rendered":"https:\/\/healsafeinterior.com\/product\/cumulus-plus-matbord-for-barn\/"},"modified":"2025-05-13T17:30:06","modified_gmt":"2025-05-13T15:30:06","slug":"cumulus-plus-lagt-matbord","status":"publish","type":"product","link":"https:\/\/healsafeinterior.com\/sv\/produkt\/cumulus-plus-lagt-matbord\/","title":{"rendered":"Cumulus PLUS l\u00e5gt matbord"},"content":{"rendered":"<p><div class=\"fusion-fullwidth fullwidth-box fusion-builder-row-1 fusion-flex-container has-pattern-background has-mask-background hundred-percent-fullwidth non-hundred-percent-height-scrolling\" style=\"--awb-border-radius-top-left:0px;--awb-border-radius-top-right:0px;--awb-border-radius-bottom-right:0px;--awb-border-radius-bottom-left:0px;--awb-padding-top:4px;--awb-padding-right:6px;--awb-padding-bottom:0px;--awb-padding-left:6px;--awb-flex-wrap:wrap;\" ><div class=\"fusion-builder-row fusion-row fusion-flex-align-items-center fusion-flex-justify-content-center fusion-flex-content-wrap\" style=\"width:104% !important;max-width:104% !important;margin-left: calc(-4% \/ 2 );margin-right: calc(-4% \/ 2 );\"><div class=\"fusion-layout-column fusion_builder_column fusion-builder-column-0 fusion_builder_column_1_1 1_1 fusion-flex-column fusion-flex-align-self-center\" style=\"--awb-bg-size:cover;--awb-width-large:100%;--awb-margin-top-large:0px;--awb-spacing-right-large:1.92%;--awb-margin-bottom-large:3px;--awb-spacing-left-large:1.92%;--awb-width-medium:100%;--awb-order-medium:0;--awb-spacing-right-medium:1.92%;--awb-spacing-left-medium:1.92%;--awb-width-small:100%;--awb-order-small:0;--awb-spacing-right-small:1.92%;--awb-spacing-left-small:1.92%;\"><div class=\"fusion-column-wrapper fusion-column-has-shadow fusion-flex-justify-content-center fusion-content-layout-column\"><div class=\"fusion-title title fusion-title-1 fusion-sep-none fusion-title-text fusion-title-size-three\" style=\"--awb-font-size:32px;\"><h3 class=\"fusion-title-heading title-heading-left fusion-responsive-typography-calculated\" style=\"margin:0;font-size:1em;--fontSize:32;line-height:1.2;\">Produktdata<\/h3><\/div><\/div><\/div><\/div><\/div><div class=\"fusion-fullwidth fullwidth-box fusion-builder-row-2 fusion-flex-container has-pattern-background has-mask-background nonhundred-percent-fullwidth non-hundred-percent-height-scrolling\" style=\"--awb-border-radius-top-left:0px;--awb-border-radius-top-right:0px;--awb-border-radius-bottom-right:0px;--awb-border-radius-bottom-left:0px;--awb-padding-top:4px;--awb-padding-right:6px;--awb-padding-left:6px;--awb-flex-wrap:wrap;\" ><div class=\"fusion-builder-row fusion-row fusion-flex-align-items-flex-start fusion-flex-content-wrap\" style=\"max-width:1597.44px;margin-left: calc(-4% \/ 2 );margin-right: calc(-4% \/ 2 );\"><div class=\"fusion-layout-column fusion_builder_column fusion-builder-column-1 fusion_builder_column_1_2 1_2 fusion-flex-column\" style=\"--awb-bg-size:cover;--awb-width-large:50%;--awb-margin-top-large:0px;--awb-spacing-right-large:3.84%;--awb-margin-bottom-large:20px;--awb-spacing-left-large:3.84%;--awb-width-medium:100%;--awb-order-medium:0;--awb-spacing-right-medium:1.92%;--awb-spacing-left-medium:1.92%;--awb-width-small:100%;--awb-order-small:0;--awb-spacing-right-small:1.92%;--awb-spacing-left-small:1.92%;\"><div class=\"fusion-column-wrapper fusion-column-has-shadow fusion-flex-justify-content-flex-start fusion-content-layout-column\"><div class=\"fusion-text fusion-text-1\"><p><strong>Material<\/strong><br \/>\nYta av sp\u00e5nskiva t\u00e4ckt med h\u00f6gtryckslaminat, med PVC-skyddslister och mjukt rundade h\u00f6rn.<br \/>\nTung, solid st\u00e5lfot och platta f\u00f6r s\u00e4kerhet och stabilitet med epoxypulverlackerad yta.<br \/>\nBordsskivan \u00e4r f\u00e4st vid basen med s\u00e4kerhetsf\u00e4sten och extra s\u00e4kerhetstejp f\u00f6r \u00f6kad stabilitet.<\/p>\n<p><strong>Montering<\/strong><br \/>\nMontering av bordsskiva och bas kr\u00e4vs \u2013 v\u00e4nligen f\u00f6lj produktens instruktioner.<\/p>\n<p><strong>Underh\u00e5ll<\/strong><br \/>\nL\u00e4tt att reng\u00f6ra med en mjuk, fuktig trasa. Du kan anv\u00e4nda ett icke-slipande kr\u00e4mreng\u00f6ringsmedel p\u00e5 bordsskivan. Undvik att anv\u00e4nda l\u00f6sningsmedel, blekmedel, slipmedel eller syntetiska reng\u00f6ringsmedel. Ytan \u00e4r v\u00e4rmet\u00e5lig, men inte v\u00e4rmeskyddad, s\u00e5 s\u00e4tt inte heta f\u00f6rem\u00e5l direkt fr\u00e5n ugnen p\u00e5 bordsskivan. Undvik att uts\u00e4tta kanterna f\u00f6r fukt.<\/p>\n<p><strong>Teknisk data<\/strong><br \/>\nHSP213: H 640 mm W 700 mm D 700 mm. Vikt: 58,5 kg (2 sittplatser)<br \/>\nHSP215: H 640 mm W 900 mm D 900 mm. Vikt: 63 kg (4 sittplatser)<br \/>\nHSP216: H 640 mm W 1200 mm D 1200 mm. Vikt: 81,5 kg (4 sittplatser)<br \/>\nHSP217: H 640 mm W 1500 mm D 900 mm. Vikt: 109 kg (6 sittplatser)<br \/>\nHSP218: H 640 mm W 1800 mm D 900 mm. Vikt: 113 kg (8 sittplatser)<\/p>\n<\/div><\/div><\/div><div class=\"fusion-layout-column fusion_builder_column fusion-builder-column-2 fusion_builder_column_1_2 1_2 fusion-flex-column\" style=\"--awb-bg-size:cover;--awb-width-large:50%;--awb-margin-top-large:0px;--awb-spacing-right-large:3.84%;--awb-margin-bottom-large:20px;--awb-spacing-left-large:3.84%;--awb-width-medium:100%;--awb-order-medium:0;--awb-spacing-right-medium:1.92%;--awb-spacing-left-medium:1.92%;--awb-width-small:100%;--awb-order-small:0;--awb-spacing-right-small:1.92%;--awb-spacing-left-small:1.92%;\"><div class=\"fusion-column-wrapper fusion-column-has-shadow fusion-flex-justify-content-flex-start fusion-content-layout-column\"><div class=\"fusion-text fusion-text-2\"><p><strong>F\u00e4rger<\/strong><br \/>\nBasen levereras i antracit som standard. Bordsskivan finns i vitt som standardutf\u00f6rande, samt i antracitgr\u00e5 eller hickory som tillval.<\/p>\n<p><strong>H\u00e5llbarhe<\/strong>t<br \/>\nStyrka och stabilitet testad enligt BS EN 15372:2008 \u2013 Niv\u00e5 2.<\/p>\n<p><strong>Leverans<\/strong><br \/>\nLeveranstid 6-8 veckor. Observera att of\u00f6rutsedda h\u00e4ndelser kan p\u00e5verka leveransen. F\u00f6r mer information om aktuell leveranstid i samband med orderbekr\u00e4ftelse eller innan best\u00e4llning, v\u00e4nligen kontakta oss p\u00e5 <a href=\"mailto:info@healsafeinterior.com\">info@healsafeinterior.com<\/a>.<\/p>\n<p><strong>Garanti<\/strong><br \/>\n7 \u00e5rs garanti. Vi erbjuder en garanti som t\u00e4cker eventuella tillverkningsfel f\u00f6r ditt bord.<\/p>\n<p><strong>Tillverkning\/produktion<\/strong><br \/>\nEuropa.<\/p>\n<\/div><\/div><\/div><\/div><\/div><\/p>\n","protected":false},"excerpt":{"rendered":"<p><em>Det h\u00e4r bordet kombinerar h\u00e5llbarhet, s\u00e4kerhet och funktionalitet f\u00f6r milj\u00f6er med s\u00e4rskilda behov och krav. Perfekt i b\u00e5de barnv\u00e4nliga och rullstolsanpassade milj\u00f6er.<\/em><\/p>\n<ul>\n<li>H\u00e5llbar v\u00e4rme- och slagmotst\u00e5ndskraftig laminatskiva med \u00f6verl\u00e4gsen styrka och vattenbest\u00e4ndighet.<\/li>\n<li>Kraftig bottenplatta i massivt st\u00e5l och mittpelare f\u00f6r \u00f6kad s\u00e4kerhet, stabilitet och f\u00f6r att motverka missbruk.<\/li>\n<li>L\u00e4gre bordsh\u00f6jd (640 mm) s\u00e4rskilt anpassat f\u00f6r barn, samt l\u00e4mpligt f\u00f6r rullstolsanv\u00e4ndare.<\/li>\n<\/ul>\n<p>Bordet \u00e4r konstruerat f\u00f6r l\u00e5ngvarig anv\u00e4ndning, med en slitstark laminattopp som \u00e4r b\u00e5de v\u00e4rme- och slagresistent \u2013 perfekt f\u00f6r milj\u00f6er med s\u00e4kerhetskrav. Den robusta ytan ger \u00f6verl\u00e4gsen vattenbest\u00e4ndighet och \u00e4r l\u00e4tt att reng\u00f6ra, \u00e4ven vid dagligt slitage.<\/p>\n<p>Den massiva st\u00e5lbasplattan och mittpelaren ger stabilitet och s\u00e4kerhet samtidigt som de motverkar missbruk. Sl\u00e4ta, rundade h\u00f6rn minskar risken f\u00f6r skador och g\u00f6r bordet tryggt f\u00f6r b\u00e5de barn och rullstolsanv\u00e4ndare.<\/p>\n<p>Med sin l\u00e4gre h\u00f6jd (640 mm) \u00e4r bordet perfekt f\u00f6r barnv\u00e4nliga milj\u00f6er, d\u00e4r b\u00e5de s\u00e4kerhet och stabilitet \u00e4r avg\u00f6rande. Den rullstolsanpassade designen g\u00f6r det \u00e4ven l\u00e4mpligt f\u00f6r personer med s\u00e4rskilda behov. Bordet fungerar dessutom utm\u00e4rkt b\u00e5de som matbord och soffbord, vilket g\u00f6r det m\u00e5ngsidigt i olika milj\u00f6er.<\/p>\n<p>Borden finns med tre moderna ytskikt: vit, antracitgr\u00e5 och hickory \u2013 vilket g\u00f6r det m\u00f6jligt att anpassa efter olika behov och inredningsstilar i omsorgsfulla milj\u00f6er. Antracitgr\u00e5 och hickory \u00e4r tillval och ing\u00e5r inte som standard. Mittpelare och fot i antracit som standard.<\/p>\n<p>Soffbordet har en st\u00e5lfot med 300 mm diameter f\u00f6r extra styrka och h\u00e5llbarhet.<\/p>\n<p>L\u00e4mpligt f\u00f6r milj\u00f6er som allrum och patientrum.<\/p>\n","protected":false},"featured_media":11616,"template":"","meta":[],"product_brand":[],"product_cat":[634,623,624],"product_tag":[],"class_list":{"0":"post-15569","1":"product","2":"type-product","3":"status-publish","4":"has-post-thumbnail","6":"product_cat-bord","7":"product_cat-patientrum","8":"product_cat-sakerhetsmobler","10":"first","11":"instock","12":"shipping-taxable","13":"purchasable","14":"product-type-variable"},"_links":{"self":[{"href":"https:\/\/healsafeinterior.com\/sv\/wp-json\/wp\/v2\/product\/15569","targetHints":{"allow":["GET"]}}],"collection":[{"href":"https:\/\/healsafeinterior.com\/sv\/wp-json\/wp\/v2\/product"}],"about":[{"href":"https:\/\/healsafeinterior.com\/sv\/wp-json\/wp\/v2\/types\/product"}],"wp:featuredmedia":[{"embeddable":true,"href":"https:\/\/healsafeinterior.com\/sv\/wp-json\/wp\/v2\/media\/11616"}],"wp:attachment":[{"href":"https:\/\/healsafeinterior.com\/sv\/wp-json\/wp\/v2\/media?parent=15569"}],"wp:term":[{"taxonomy":"product_brand","embeddable":true,"href":"https:\/\/healsafeinterior.com\/sv\/wp-json\/wp\/v2\/product_brand?post=15569"},{"taxonomy":"product_cat","embeddable":true,"href":"https:\/\/healsafeinterior.com\/sv\/wp-json\/wp\/v2\/product_cat?post=15569"},{"taxonomy":"product_tag","embeddable":true,"href":"https:\/\/healsafeinterior.com\/sv\/wp-json\/wp\/v2\/product_tag?post=15569"}],"curies":[{"name":"wp","href":"https:\/\/api.w.org\/{rel}","templated":true}]}}