{"id":15545,"date":"2020-10-30T14:27:10","date_gmt":"2020-10-30T13:27:10","guid":{"rendered":"https:\/\/healsafeinterior.com\/product\/rock-matbord\/"},"modified":"2025-06-10T11:37:25","modified_gmt":"2025-06-10T09:37:25","slug":"rock-matbord","status":"publish","type":"product","link":"https:\/\/healsafeinterior.com\/sv\/produkt\/rock-matbord\/","title":{"rendered":"Rock matbord"},"content":{"rendered":"<div class=\"fusion-fullwidth fullwidth-box fusion-builder-row-1 fusion-flex-container has-pattern-background has-mask-background nonhundred-percent-fullwidth non-hundred-percent-height-scrolling\" style=\"--awb-border-radius-top-left:0px;--awb-border-radius-top-right:0px;--awb-border-radius-bottom-right:0px;--awb-border-radius-bottom-left:0px;--awb-padding-top:4px;--awb-padding-right:6px;--awb-padding-left:6px;--awb-flex-wrap:wrap;\" ><div class=\"fusion-builder-row fusion-row fusion-flex-align-items-flex-start fusion-flex-content-wrap\" style=\"max-width:1597.44px;margin-left: calc(-4% \/ 2 );margin-right: calc(-4% \/ 2 );\"><div class=\"fusion-layout-column fusion_builder_column fusion-builder-column-0 fusion_builder_column_1_2 1_2 fusion-flex-column\" style=\"--awb-bg-size:cover;--awb-width-large:50%;--awb-margin-top-large:0px;--awb-spacing-right-large:3.84%;--awb-margin-bottom-large:20px;--awb-spacing-left-large:3.84%;--awb-width-medium:100%;--awb-order-medium:0;--awb-spacing-right-medium:1.92%;--awb-spacing-left-medium:1.92%;--awb-width-small:100%;--awb-order-small:0;--awb-spacing-right-small:1.92%;--awb-spacing-left-small:1.92%;\"><div class=\"fusion-column-wrapper fusion-column-has-shadow fusion-flex-justify-content-flex-start fusion-content-layout-column\"><div class=\"fusion-title title fusion-title-1 fusion-sep-none fusion-title-text fusion-title-size-three\" style=\"--awb-font-size:22px;\"><h3 class=\"fusion-title-heading title-heading-left fusion-responsive-typography-calculated\" style=\"margin:0;font-size:1em;--fontSize:22;line-height:1.5;\">Mer information om produkten<\/h3><\/div><div class=\"fusion-text fusion-text-1\"><p><strong>Material<\/strong><br \/>\nUnderrede i lackad massiv bj\u00f6rk med bordsskiva i plywood.<\/p>\n<p><strong>Montering<\/strong><br \/>\nLevereras monterad och klar att anv\u00e4nda.<\/p>\n<p><strong>Underh\u00e5ll<\/strong><br \/>\nL\u00e4tt att h\u00e5lla ren med en mjuk fuktig trasa. Vid behov anv\u00e4nd ett icke-slipande reng\u00f6ringsmedel.<br \/>\nAnv\u00e4nd inte l\u00f6sningsmedel, blekmedel, slipmedel eller syntetiska reng\u00f6ringsmedel.<br \/>\nUndvik att produkten blir bl\u00f6t. Om detta \u00e4nd\u00e5 sker, torka av noggrant.<br \/>\nBordsskivorna \u00e4r v\u00e4rmet\u00e5liga men inte v\u00e4rmes\u00e4kra, s\u00e5 undvik att l\u00e4gga f\u00f6rem\u00e5l direkt fr\u00e5n ugnen i direkt kontakt med bordsskivan<\/p>\n<p><strong>Tekniska<\/strong> <strong>data<br \/>\n<\/strong>Storlek H\u00f6jd: 740 mm<\/p>\n<p><strong>F\u00e4rg<br \/>\n<\/strong>Underrede: Bj\u00f6rk<br \/>\nBordsskiva: Egger Platinum White.<\/p>\n<p><strong>Garanti<br \/>\n<\/strong>5 \u00e5r<\/p>\n<p>F\u00f6r fr\u00e5gor, offert eller best\u00e4llning v\u00e4nligen kontakta:<strong>info@healsafeinterior.com <\/strong><\/p>\n<\/div><\/div><\/div><div class=\"fusion-layout-column fusion_builder_column fusion-builder-column-1 fusion_builder_column_1_2 1_2 fusion-flex-column\" style=\"--awb-bg-size:cover;--awb-width-large:50%;--awb-margin-top-large:0px;--awb-spacing-right-large:3.84%;--awb-margin-bottom-large:20px;--awb-spacing-left-large:3.84%;--awb-width-medium:100%;--awb-order-medium:0;--awb-spacing-right-medium:1.92%;--awb-spacing-left-medium:1.92%;--awb-width-small:100%;--awb-order-small:0;--awb-spacing-right-small:1.92%;--awb-spacing-left-small:1.92%;\"><div class=\"fusion-column-wrapper fusion-column-has-shadow fusion-flex-justify-content-flex-start fusion-content-layout-column\"><\/div><\/div><\/div><\/div>\n","protected":false},"excerpt":{"rendered":"<ul>\n<li>Omsorgsfull och mjuk form bidrar till trygghet och trivsel<\/li>\n<li>Stark och h\u00e5llbart underrede i massiv bj\u00f6rk<\/li>\n<li>Bordskiva med laminat som \u00e4r v\u00e4rme- och slagt\u00e5lig<\/li>\n<\/ul>\n<p>Passar till Rock stol.<\/p>\n","protected":false},"featured_media":11672,"template":"","meta":[],"product_brand":[],"product_cat":[634,624],"product_tag":[],"class_list":{"0":"post-15545","1":"product","2":"type-product","3":"status-publish","4":"has-post-thumbnail","6":"product_cat-bord","7":"product_cat-sakerhetsmobler","9":"first","10":"instock","11":"shipping-taxable","12":"purchasable","13":"product-type-variable"},"_links":{"self":[{"href":"https:\/\/healsafeinterior.com\/sv\/wp-json\/wp\/v2\/product\/15545","targetHints":{"allow":["GET"]}}],"collection":[{"href":"https:\/\/healsafeinterior.com\/sv\/wp-json\/wp\/v2\/product"}],"about":[{"href":"https:\/\/healsafeinterior.com\/sv\/wp-json\/wp\/v2\/types\/product"}],"wp:featuredmedia":[{"embeddable":true,"href":"https:\/\/healsafeinterior.com\/sv\/wp-json\/wp\/v2\/media\/11672"}],"wp:attachment":[{"href":"https:\/\/healsafeinterior.com\/sv\/wp-json\/wp\/v2\/media?parent=15545"}],"wp:term":[{"taxonomy":"product_brand","embeddable":true,"href":"https:\/\/healsafeinterior.com\/sv\/wp-json\/wp\/v2\/product_brand?post=15545"},{"taxonomy":"product_cat","embeddable":true,"href":"https:\/\/healsafeinterior.com\/sv\/wp-json\/wp\/v2\/product_cat?post=15545"},{"taxonomy":"product_tag","embeddable":true,"href":"https:\/\/healsafeinterior.com\/sv\/wp-json\/wp\/v2\/product_tag?post=15545"}],"curies":[{"name":"wp","href":"https:\/\/api.w.org\/{rel}","templated":true}]}}