{"id":15533,"date":"2020-11-10T17:27:18","date_gmt":"2020-11-10T16:27:18","guid":{"rendered":"https:\/\/healsafeinterior.com\/product\/zen-gungstol\/"},"modified":"2026-02-17T13:15:16","modified_gmt":"2026-02-17T12:15:16","slug":"zen-gungstol","status":"publish","type":"product","link":"https:\/\/healsafeinterior.com\/sv\/produkt\/zen-gungstol\/","title":{"rendered":"Zen gungstol"},"content":{"rendered":"<div class=\"fusion-fullwidth fullwidth-box fusion-builder-row-1 fusion-flex-container has-pattern-background has-mask-background hundred-percent-fullwidth non-hundred-percent-height-scrolling\" style=\"--awb-border-radius-top-left:0px;--awb-border-radius-top-right:0px;--awb-border-radius-bottom-right:0px;--awb-border-radius-bottom-left:0px;--awb-padding-top:4px;--awb-padding-right:6px;--awb-padding-bottom:0px;--awb-padding-left:6px;--awb-margin-top:40px;--awb-margin-bottom:20px;--awb-flex-wrap:wrap;\" ><div class=\"fusion-builder-row fusion-row fusion-flex-align-items-center fusion-flex-justify-content-center fusion-flex-content-wrap\" style=\"width:104% !important;max-width:104% !important;margin-left: calc(-4% \/ 2 );margin-right: calc(-4% \/ 2 );\"><div class=\"fusion-layout-column fusion_builder_column fusion-builder-column-0 fusion_builder_column_1_1 1_1 fusion-flex-column fusion-flex-align-self-center\" style=\"--awb-bg-size:cover;--awb-width-large:100%;--awb-margin-top-large:0px;--awb-spacing-right-large:1.92%;--awb-margin-bottom-large:3px;--awb-spacing-left-large:1.92%;--awb-width-medium:100%;--awb-order-medium:0;--awb-spacing-right-medium:1.92%;--awb-spacing-left-medium:1.92%;--awb-width-small:100%;--awb-order-small:0;--awb-spacing-right-small:1.92%;--awb-spacing-left-small:1.92%;\"><div class=\"fusion-column-wrapper fusion-column-has-shadow fusion-flex-justify-content-center fusion-content-layout-column\"><div class=\"fusion-tabs fusion-tabs-1 classic nav-not-justified horizontal-tabs icon-position-left mobile-mode-carousel\" style=\"--awb-title-border-radius-top-left:2px;--awb-title-border-radius-top-right:2px;--awb-title-border-radius-bottom-right:2px;--awb-title-border-radius-bottom-left:2px;--awb-content-padding-top:40px;--awb-content-padding-right:30px;--awb-content-padding-bottom:40px;--awb-content-padding-left:30px;--awb-title-padding-right:40px;--awb-title-padding-left:40px;--awb-title-font-size:17px;--awb-alignment:start;--awb-inactive-color:var(--awb-color2);--awb-title-text-color:var(--awb-color5);--awb-title-active-text-color:var(--awb-color7);--awb-background-color:var(--awb-color1);--awb-border-color:rgba(167,172,162,0);--awb-active-border-color:var(--awb-custom_color_2);--awb-title-font-family:&quot;Sen&quot;;--awb-title-font-style:normal;--awb-title-font-weight:400;\"><div class=\"nav\"><ul class=\"nav-tabs\" role=\"tablist\"><li class=\"active\" role=\"presentation\"><a class=\"tab-link\" data-toggle=\"tab\" role=\"tab\" aria-controls=\"tab-723e6a1ed3459f6b2d9\" aria-selected=\"true\" id=\"fusion-tab-meromprodukten\" href=\"#tab-723e6a1ed3459f6b2d9\"><h3 class=\"fusion-tab-heading\">Mer om produkten<\/h3><\/a><\/li><\/ul><\/div><div class=\"tab-content\"><div class=\"tab-pane fade fusion-clearfix in active\" role=\"tabpanel\" tabindex=\"0\" aria-labelledby=\"fusion-tab-meromprodukten\" id=\"tab-723e6a1ed3459f6b2d9\">\n<ul>\n<li>Plywoodf\u00f6rst\u00e4rkning f\u00f6r \u00f6kad h\u00e5llbarhet, inklusive en helt sluten bas f\u00f6r att f\u00f6rhindra d\u00f6ljande<\/li>\n<li>S\u00e4kerhetsskruvar och o\u00e5tkomliga h\u00e4ftklamrar f\u00f6r att f\u00f6rhindra manipulering<\/li>\n<li>Fasta armar ger stabilitet och komfort<\/li>\n<li>H\u00e5llfasthet och stabilitet testad enligt BS EN 16139:2013 (Testniv\u00e5 2 &#8211; allm\u00e4n anv\u00e4ndning)<\/li>\n<li>Alla tyger \u00e4r brandh\u00e4mmande enligt BS 7176:2007 k\u00e4lla 5<\/li>\n<\/ul>\n<\/div><\/div><\/div><\/div><\/div><\/div><\/div>\n","protected":false},"excerpt":{"rendered":"<ul>\n<li>Den flytande gungande r\u00f6relsen ger fokus och lugn<\/li>\n<li>Mjukt tillbakalutad form f\u00f6rhindrar tryckpunkter och ger komfort<\/li>\n<li>J\u00e4mnt f\u00f6rdelad extravikt f\u00f6r att f\u00f6rhindra v\u00e4ltning<\/li>\n<\/ul>\n<p>Vikt: 59 kg. Vi rekommenderar <strong><a href=\"https:\/\/uk.pineapplecontracts.com\/fabric\/aston-range\/\">Aston<\/a><\/strong> eller <strong><a href=\"https:\/\/uk.pineapplecontracts.com\/fabric\/highland-range\/\">Highland<\/a><\/strong> textilier.<\/p>\n","protected":false},"featured_media":12008,"template":"","meta":[],"product_brand":[],"product_cat":[625,624],"product_tag":[1025,1028],"class_list":{"0":"post-15533","1":"product","2":"type-product","3":"status-publish","4":"has-post-thumbnail","6":"product_cat-fatoljer","7":"product_cat-sakerhetsmobler","8":"product_tag-behandlingshem","9":"product_tag-lss","11":"first","12":"instock","13":"shipping-taxable","14":"purchasable","15":"product-type-simple"},"_links":{"self":[{"href":"https:\/\/healsafeinterior.com\/sv\/wp-json\/wp\/v2\/product\/15533","targetHints":{"allow":["GET"]}}],"collection":[{"href":"https:\/\/healsafeinterior.com\/sv\/wp-json\/wp\/v2\/product"}],"about":[{"href":"https:\/\/healsafeinterior.com\/sv\/wp-json\/wp\/v2\/types\/product"}],"wp:featuredmedia":[{"embeddable":true,"href":"https:\/\/healsafeinterior.com\/sv\/wp-json\/wp\/v2\/media\/12008"}],"wp:attachment":[{"href":"https:\/\/healsafeinterior.com\/sv\/wp-json\/wp\/v2\/media?parent=15533"}],"wp:term":[{"taxonomy":"product_brand","embeddable":true,"href":"https:\/\/healsafeinterior.com\/sv\/wp-json\/wp\/v2\/product_brand?post=15533"},{"taxonomy":"product_cat","embeddable":true,"href":"https:\/\/healsafeinterior.com\/sv\/wp-json\/wp\/v2\/product_cat?post=15533"},{"taxonomy":"product_tag","embeddable":true,"href":"https:\/\/healsafeinterior.com\/sv\/wp-json\/wp\/v2\/product_tag?post=15533"}],"curies":[{"name":"wp","href":"https:\/\/api.w.org\/{rel}","templated":true}]}}