{"id":15524,"date":"2020-11-12T13:48:26","date_gmt":"2020-11-12T12:48:26","guid":{"rendered":"https:\/\/healsafeinterior.com\/product\/orr-forstarkt-stol-soffor\/"},"modified":"2026-01-07T10:05:28","modified_gmt":"2026-01-07T09:05:28","slug":"orr-plus-fatoljer-och-soffor","status":"publish","type":"product","link":"https:\/\/healsafeinterior.com\/sv\/produkt\/orr-plus-fatoljer-och-soffor\/","title":{"rendered":"Orr PLUS f\u00e5t\u00f6ljer &#038; soffor"},"content":{"rendered":"<p><div class=\"fusion-fullwidth fullwidth-box fusion-builder-row-1 fusion-flex-container has-pattern-background has-mask-background hundred-percent-fullwidth non-hundred-percent-height-scrolling\" style=\"--awb-border-radius-top-left:0px;--awb-border-radius-top-right:0px;--awb-border-radius-bottom-right:0px;--awb-border-radius-bottom-left:0px;--awb-padding-top:4px;--awb-padding-right:0px;--awb-padding-bottom:0px;--awb-padding-left:0px;--awb-margin-top:5px;--awb-margin-bottom:33px;--awb-flex-wrap:wrap;\" ><div class=\"fusion-builder-row fusion-row fusion-flex-align-items-center fusion-flex-justify-content-center fusion-flex-content-wrap\" style=\"width:104% !important;max-width:104% !important;margin-left: calc(-4% \/ 2 );margin-right: calc(-4% \/ 2 );\"><div class=\"fusion-layout-column fusion_builder_column fusion-builder-column-0 fusion_builder_column_1_1 1_1 fusion-flex-column fusion-flex-align-self-center\" style=\"--awb-padding-top:38px;--awb-padding-right:30px;--awb-padding-bottom:37px;--awb-padding-left:30px;--awb-overflow:hidden;--awb-bg-color:var(--awb-color1);--awb-bg-color-hover:var(--awb-color1);--awb-bg-size:cover;--awb-border-radius:12px 12px 12px 12px;--awb-width-large:100%;--awb-margin-top-large:0px;--awb-spacing-right-large:1.92%;--awb-margin-bottom-large:3px;--awb-spacing-left-large:1.92%;--awb-width-medium:100%;--awb-order-medium:0;--awb-spacing-right-medium:1.92%;--awb-spacing-left-medium:1.92%;--awb-width-small:100%;--awb-order-small:0;--awb-spacing-right-small:1.92%;--awb-spacing-left-small:1.92%;\" data-scroll-devices=\"small-visibility,medium-visibility,large-visibility\"><div class=\"fusion-column-wrapper fusion-column-has-shadow fusion-flex-justify-content-center fusion-content-layout-column\"><div class=\"fusion-text fusion-text-1 awb-text-cols fusion-text-columns-2\" style=\"--awb-columns:2;--awb-column-spacing:2em;--awb-column-min-width:100px;\"><p><b>Mer information om produkten<\/b><\/p>\n<p><span data-contrast=\"none\">Stommen \u00e4r tillverkad av en kombination av sp\u00e5nskiva och plywood, f\u00f6rst\u00e4rkt med extra paneler i sits, rygg och undersida f\u00f6r att t\u00e5la daglig belastning och kr\u00e4vande anv\u00e4ndning. Ben i massivt boktr\u00e4 ger ytterligare stabilitet. Den slutna underdelen g\u00f6r m\u00f6blerna s\u00e4kra och enkla att h\u00e5lla rena.\u00a0<\/span><span data-ccp-props=\"\">\u00a0<\/span><\/p>\n<p><span data-contrast=\"none\">Orr\u00a0PLUS\u00a0f\u00e5t\u00f6lj och soffor\u00a0har ett tidl\u00f6st och neutralt formspr\u00e5k som p\u00e5minner om en klassisk standardsoffa. Denna \u00e5terh\u00e5llsamma design g\u00f6r att m\u00f6blerna sm\u00e4lter v\u00e4l in i de flesta milj\u00f6er.\u00a0<\/span><span data-ccp-props=\"\">\u00a0<\/span><\/p>\n<p><span data-contrast=\"none\">Alla sitt- och ryggdynor \u00e4r avtagbara, vilket g\u00f6r reng\u00f6ring smidig och underl\u00e4ttar i milj\u00f6er med h\u00f6ga krav p\u00e5 hygien. Dynorna \u00e4r tillverkade i brands\u00e4kert\u00a0CMHR-skum som f\u00f6renar komfort och s\u00e4kerhet f\u00f6r b\u00e5de anv\u00e4ndare och personal.\u00a0<\/span><span data-ccp-props=\"\">\u00a0<\/span><\/p>\n<p><span data-contrast=\"none\">Konstruktionen \u00e4r fri fr\u00e5n kantlister, knappar och h\u00e4ftklamrar, vilket minimerar risken f\u00f6r sj\u00e4lvskada, och s\u00e4kerhetsskruvar samt o\u00e5tkomliga klamrar anv\u00e4nds f\u00f6r att f\u00f6rebygga felaktig anv\u00e4ndning.<\/span><span data-ccp-props=\"\">\u00a0<\/span><\/p>\n<p><span data-contrast=\"none\">Det \u00f6ppna mellanrummet mot golvet g\u00f6r det snabbt och smidigt att h\u00e5lla rent runt m\u00f6blerna.\u00a0<\/span><span data-ccp-props=\"\">\u00a0<\/span><\/p>\n<p><span data-contrast=\"none\">Orr\u00a0PLUS \u00e4r testad f\u00f6r h\u00f6g belastning och sitsen klarar en statisk vikt p\u00e5 upp till 500 kg. Tack vare den extra vikten st\u00e5r m\u00f6blerna stadigt och \u00e4r sv\u00e5ra att flytta eller v\u00e4lta, vilket ger \u00f6kad s\u00e4kerhet i utsatta milj\u00f6er.\u00a0<\/span><\/p>\n<p><span data-contrast=\"none\">Ett alternativ att \u00f6verv\u00e4ga \u00e4r den\u00a0bariatriska\u00a0f\u00e5t\u00f6lj som finns i\u00a0Orr\u00a0PLUS-sortimentet. Denna modell \u00e4r bredare och extra f\u00f6rst\u00e4rkt f\u00f6r att klara h\u00f6gre belastning. Med en\u00a0sittyta\u00a0p\u00e5 900 mm i st\u00e4llet f\u00f6r 710 mm ger den mer utrymme och \u00f6kad komfort d\u00e4r en st\u00f6rre sittbredd beh\u00f6vs.<\/span><span data-ccp-props=\"\">\u00a0<\/span><\/p>\n<p><span data-contrast=\"none\">Serien kan anpassas efter olika inredningskoncept genom ett brett urval av tyger och f\u00e4rger, d\u00e4r <a href=\"https:\/\/uk.pineapplecontracts.com\/fabric\/aston-range\/\" target=\"_blank\" rel=\"noopener\">Aston<\/a>\u2013 eller <a href=\"https:\/\/uk.pineapplecontracts.com\/fabric\/highland-range\/\" target=\"_blank\" rel=\"noopener\">Highlandtextilier<\/a> s\u00e4rskilt rekommenderas f\u00f6r optimal h\u00e5llbarhet och estetik.\u00a0<\/span><\/p>\n<\/div><\/div><\/div><\/div><\/div><div class=\"fusion-fullwidth fullwidth-box fusion-builder-row-2 fusion-flex-container has-pattern-background has-mask-background hundred-percent-fullwidth non-hundred-percent-height-scrolling\" style=\"--awb-border-radius-top-left:0px;--awb-border-radius-top-right:0px;--awb-border-radius-bottom-right:0px;--awb-border-radius-bottom-left:0px;--awb-padding-top:4px;--awb-padding-right:6px;--awb-padding-bottom:0px;--awb-padding-left:6px;--awb-margin-top:5px;--awb-margin-bottom:20px;--awb-flex-wrap:wrap;\" ><div class=\"fusion-builder-row fusion-row fusion-flex-align-items-center fusion-flex-justify-content-center fusion-flex-content-wrap\" style=\"width:104% !important;max-width:104% !important;margin-left: calc(-4% \/ 2 );margin-right: calc(-4% \/ 2 );\"><div class=\"fusion-layout-column fusion_builder_column fusion-builder-column-1 fusion_builder_column_1_1 1_1 fusion-flex-column fusion-flex-align-self-center\" style=\"--awb-bg-size:cover;--awb-width-large:100%;--awb-margin-top-large:0px;--awb-spacing-right-large:1.92%;--awb-margin-bottom-large:3px;--awb-spacing-left-large:1.92%;--awb-width-medium:100%;--awb-order-medium:0;--awb-spacing-right-medium:1.92%;--awb-spacing-left-medium:1.92%;--awb-width-small:100%;--awb-order-small:0;--awb-spacing-right-small:1.92%;--awb-spacing-left-small:1.92%;\"><div class=\"fusion-column-wrapper fusion-column-has-shadow fusion-flex-justify-content-center fusion-content-layout-column\"><div class=\"fusion-title title fusion-title-1 fusion-sep-none fusion-title-text fusion-title-size-two\"><h2 class=\"fusion-title-heading title-heading-left fusion-responsive-typography-calculated\" style=\"margin:0;--fontSize:30;line-height:1.5;\">Produktdata<\/h2><\/div><div class=\"fusion-text fusion-text-2 awb-text-cols fusion-text-columns-2\" style=\"--awb-columns:2;--awb-column-spacing:2em;--awb-column-min-width:100px;\"><p><b><span data-contrast=\"none\">Material<\/span><\/b><span data-ccp-props=\"\"><br \/>\n<\/span><span data-contrast=\"none\">Stomme i f\u00f6rst\u00e4rkt plywood med ben i massivt tr\u00e4. Fast sittdyna i brands\u00e4kert\u00a0CMHR-skum\u00a0(f\u00f6rbr\u00e4nningsmodifierad h\u00f6gelastiskt skum)\u00a0och helt sluten underdel. Konstruktion fri fr\u00e5n kantlister, knappar och utsatta detaljer.<\/span><span data-ccp-props=\"\">\u00a0<\/span><\/p>\n<p><b><span data-contrast=\"none\">Montering<\/span><\/b><span data-ccp-props=\"\"><br \/>\n<\/span><span data-contrast=\"none\">Levereras monterad.<\/span><span data-ccp-props=\"\">\u00a0<\/span><\/p>\n<p><b><span data-contrast=\"none\">Underh\u00e5ll<\/span><\/b><span data-ccp-props=\"\"><br \/>\n<\/span><span data-contrast=\"none\">F\u00f6r att bevara\u00a0soffans\u00a0skick rekommenderar vi att den reng\u00f6rs med en fuktig trasa och vid behov anv\u00e4ndning av milda reng\u00f6ringsmedel. V\u00e5ra material \u00e4r utformade f\u00f6r att vara t\u00e5liga och enkla att underh\u00e5lla, vilket g\u00f6r dem idealiska f\u00f6r kr\u00e4vande milj\u00f6er. Vid behov anv\u00e4nd\u00a0ytdesinfektion,\u00a0var uppm\u00e4rksam p\u00e5 att detta kan f\u00f6rkorta livsl\u00e4ngden f\u00f6r textilen.\u00a0<\/span><span data-ccp-props=\"\"><br \/>\n<\/span><span data-contrast=\"none\">F\u00f6r mer information se Sk\u00f6tselr\u00e5d f\u00f6r m\u00f6bler (l\u00e4nk).<\/span><span data-ccp-props=\"\">\u00a0<\/span><\/p>\n<p><b><span data-contrast=\"none\">Teknisk data<\/span><\/b><span data-ccp-props=\"\"><br \/>\n<\/span><span data-contrast=\"none\">HSP426: H\u00a0850\u00a0mm, B\u00a0710\u00a0mm, D\u00a0870\u00a0mm.\u00a0Sitth\u00f6jd:\u00a0440\u00a0mm.\u00a0<\/span><span data-ccp-props=\"\"><br \/>\n<\/span><span data-contrast=\"none\">HSP427: H\u00a0850\u00a0mm, B\u00a01240\u00a0mm, D\u00a0870\u00a0mm.\u00a0Sitth\u00f6jd:\u00a0440\u00a0mm.\u00a0<\/span><span data-ccp-props=\"\"><br \/>\n<\/span><span data-contrast=\"none\">HSP428: H 850 mm, B 1770 mm, D 870 mm. Sitth\u00f6jd: 440 mm.\u00a0<\/span><span data-ccp-props=\"\"><br \/>\n<\/span><span data-contrast=\"none\">HSP429: H 850 mm, B 900 mm, D 870 mm.\u00a0Sitth\u00f6jd: 440 mm.<\/span><\/p>\n<p><b><span data-contrast=\"none\">Textilval\/F\u00e4rgval<\/span><\/b><span data-ccp-props=\"\"><br \/>\n<\/span><span data-contrast=\"none\">Aston \u00e4r en robust konstl\u00e4dertextil (vinyl) med v\u00e4tsket\u00e5liga och avtorkbara egenskaper, idealisk f\u00f6r milj\u00f6er med h\u00f6ga hygien- och slitstyrkekrav.\u00a0<\/span><br \/>\n<span data-contrast=\"none\">Highland har en v\u00e4vd struktur som kombinerar h\u00e5llbarhet med en varm, ombonad k\u00e4nsla. B\u00e5da passar utm\u00e4rkt i milj\u00f6er med s\u00e4rskilda krav och tillgodoser olika behov. B\u00e5da finns i ett stort urval av kul\u00f6rer. Aston (l\u00e4nk) & Highland. <\/span><span data-ccp-props=\"\">\u00a0<\/span><\/p>\n<p><b><span data-contrast=\"none\">H\u00e5llbarhet<\/span><\/b><br \/>\n<span data-contrast=\"none\">Brandskyddsklassad enligt BS 7176:2007,\u00a0k\u00e4lla 5. M\u00f6beln \u00e4r styrke- och stabilitetstestad enligt BS EN 15373:2007, testniv\u00e5 3 f\u00f6r h\u00e5rd anv\u00e4ndning, samt enligt BS 4875: Del 1:2007, testniv\u00e5 5 och BS EN 1022:2005.\u00a0<\/span><span data-ccp-props=\"\"><br \/>\n<\/span><span data-contrast=\"none\">Sits och rygg har statiskt belastningstestats enligt EN 1728:2012, punkt 6.4, och sitsen \u00e4r dessutom testad f\u00f6r att klara en statisk viktbelastning p\u00e5 upp till 500 kg enligt EN 16139:2013.<\/span><span data-ccp-props=\"\"><br \/>\n<\/span><span data-contrast=\"none\">Textilierna \u00e4r brandh\u00e4mmande enligt CAL TB 116, 117 och\u00a0NFPA\u00a0260 USA<\/span><span data-ccp-props=\"\"><br \/>\n<\/span><i><span data-contrast=\"none\">Att kl\u00e4 om m\u00f6bler \u00e4r ett h\u00e5llbart och kostnadseffektivt s\u00e4tt att f\u00f6rl\u00e4nga livsl\u00e4ngden p\u00e5 m\u00f6beln. Kontakta oss f\u00f6r r\u00e5d.<\/span><\/i><\/p>\n<p><b><span data-contrast=\"none\">Leverans<\/span><\/b><span data-ccp-props=\"\"><br \/>\n<\/span><span data-contrast=\"none\">Leveranstid 8\u201312 veckor.\u00a0<\/span><span data-ccp-props=\"\"><br \/>\n<\/span><span data-contrast=\"none\">Observera att of\u00f6rutsedda h\u00e4ndelser kan p\u00e5verka leveransen. F\u00f6r mer information om aktuell leveranstid i samband med orderbekr\u00e4ftelse eller innan best\u00e4llning, v\u00e4nligen kontakta oss p\u00e5 info@healsafeinterior.com.<\/span><span data-ccp-props=\"\">\u00a0<\/span><\/p>\n<p><b><span data-contrast=\"none\">Garanti<\/span><\/b><span data-ccp-props=\"\"><br \/>\n<\/span><span data-contrast=\"none\">7 \u00e5rs\u00a0garanti som t\u00e4cker eventuella tillverkningsfel\u00a0(g\u00e4ller ej kl\u00e4dsel).\u00a0<\/span><span data-ccp-props=\"\"><br \/>\n<\/span><span data-contrast=\"none\">F\u00f6r garanti\u00e4renden g\u00e4llande kl\u00e4dsel g\u00e4ller s\u00e4rskilda villkor. Se v\u00e5ra sk\u00f6tselr\u00e5d. [L\u00e4nk] Vid\u00a0reklamation, v\u00e4nligen kontakta oss p\u00e5 info@healsafeinterior.com.<\/span><span data-ccp-props=\"\">\u00a0<\/span><span data-ccp-props=\"\">\u00a0<\/span><\/p>\n<p><b><span data-contrast=\"none\">Tillverkning\/produktion<\/span><\/b><span data-ccp-props=\"\"><br \/>\n<\/span><span data-contrast=\"none\">Europa<\/span><span data-ccp-props=\"\">\u00a0<\/span><\/p>\n<\/div><\/div><\/div><\/div><\/div><\/p>\n","protected":false},"excerpt":{"rendered":"<p><i><span data-contrast=\"none\">Orr\u00a0PLUS f\u00e5t\u00f6lj och soffor erbjuder en f\u00f6rst\u00e4rkt konstruktion kombinerad med h\u00f6g komfort och praktisk anv\u00e4ndbarhet. Med smala armst\u00f6d som\u00a0ger\u00a0mer sittutrymme\u00a0\u00e4r serien v\u00e4l anpassad f\u00f6r b\u00e5de sm\u00e5 och stora utrymmen. Den neutrala designen g\u00f6r m\u00f6blerna enkla att integrera i olika milj\u00f6er, samtidigt som s\u00e4kerhet och l\u00e5ngvarig h\u00e5llbarhet alltid st\u00e5r i fokus.<\/span><\/i><span data-ccp-props=\"{&quot;201341983&quot;:0,&quot;335559740&quot;:259}\">\u00a0<\/span><\/p>\n<ul>\n<li><span data-contrast=\"none\"> Plywoodf\u00f6rst\u00e4rkning f\u00f6r extra styrka och stabilitet<\/span><\/li>\n<li><span data-contrast=\"none\">Helt sluten underdel f\u00f6rhindrar m\u00f6jlighet till g\u00f6mslen<\/span><\/li>\n<li><span data-contrast=\"none\">Smalt armst\u00f6d maximerar antalet sittplatser<\/span><span data-ccp-props=\"{&quot;201341983&quot;:0,&quot;335559740&quot;:259}\">\u00a0<\/span><\/li>\n<\/ul>\n<p><span data-contrast=\"none\">Orr\u00a0PLUS-sortimentet \u00e4r s\u00e4rskilt anpassat\u00a0<\/span><span data-contrast=\"auto\">f\u00f6r alla milj\u00f6er med s\u00e4rskilda s\u00e4kerhetskrav s\u00e5 som\u00a0t.ex.\u00a0psykiatrisk v\u00e5rd, ungdomsv\u00e5rd, behandlingshem och kriminalv\u00e5rd.<\/span><span data-ccp-props=\"{&quot;201341983&quot;:0,&quot;335559740&quot;:259}\">\u00a0<\/span><\/p>\n<p><span class=\"TextRun SCXW89893383 BCX0\" lang=\"SV-SE\" xml:lang=\"SV-SE\" data-contrast=\"none\"><span class=\"NormalTextRun SCXW89893383 BCX0\">L\u00e4mplig f\u00f6r milj\u00f6er som patientrum, allrum, personalytor och gemensamhetsutrymmen.<\/span><\/span><span class=\"EOP SCXW89893383 BCX0\" data-ccp-props=\"{&quot;201341983&quot;:0,&quot;335559740&quot;:259}\">\u00a0<\/span><\/p>\n","protected":false},"featured_media":12168,"template":"","meta":[],"product_brand":[],"product_cat":[625,624,633],"product_tag":[],"class_list":{"0":"post-15524","1":"product","2":"type-product","3":"status-publish","4":"has-post-thumbnail","6":"product_cat-fatoljer","7":"product_cat-sakerhetsmobler","8":"product_cat-soffor","10":"first","11":"instock","12":"shipping-taxable","13":"purchasable","14":"product-type-variable"},"_links":{"self":[{"href":"https:\/\/healsafeinterior.com\/sv\/wp-json\/wp\/v2\/product\/15524","targetHints":{"allow":["GET"]}}],"collection":[{"href":"https:\/\/healsafeinterior.com\/sv\/wp-json\/wp\/v2\/product"}],"about":[{"href":"https:\/\/healsafeinterior.com\/sv\/wp-json\/wp\/v2\/types\/product"}],"wp:featuredmedia":[{"embeddable":true,"href":"https:\/\/healsafeinterior.com\/sv\/wp-json\/wp\/v2\/media\/12168"}],"wp:attachment":[{"href":"https:\/\/healsafeinterior.com\/sv\/wp-json\/wp\/v2\/media?parent=15524"}],"wp:term":[{"taxonomy":"product_brand","embeddable":true,"href":"https:\/\/healsafeinterior.com\/sv\/wp-json\/wp\/v2\/product_brand?post=15524"},{"taxonomy":"product_cat","embeddable":true,"href":"https:\/\/healsafeinterior.com\/sv\/wp-json\/wp\/v2\/product_cat?post=15524"},{"taxonomy":"product_tag","embeddable":true,"href":"https:\/\/healsafeinterior.com\/sv\/wp-json\/wp\/v2\/product_tag?post=15524"}],"curies":[{"name":"wp","href":"https:\/\/api.w.org\/{rel}","templated":true}]}}