{"id":15523,"date":"2020-11-12T14:58:53","date_gmt":"2020-11-12T13:58:53","guid":{"rendered":"https:\/\/healsafeinterior.com\/product\/cumulus-plus-soffbord\/"},"modified":"2026-01-08T11:14:49","modified_gmt":"2026-01-08T10:14:49","slug":"cumulus-plus-soffbord","status":"publish","type":"product","link":"https:\/\/healsafeinterior.com\/sv\/produkt\/cumulus-plus-soffbord\/","title":{"rendered":"Cumulus PLUS soffbord"},"content":{"rendered":"<p><div class=\"fusion-fullwidth fullwidth-box fusion-builder-row-1 fusion-flex-container has-pattern-background has-mask-background hundred-percent-fullwidth non-hundred-percent-height-scrolling\" style=\"--awb-border-radius-top-left:0px;--awb-border-radius-top-right:0px;--awb-border-radius-bottom-right:0px;--awb-border-radius-bottom-left:0px;--awb-padding-top:4px;--awb-padding-right:6px;--awb-padding-bottom:0px;--awb-padding-left:6px;--awb-flex-wrap:wrap;\" ><div class=\"fusion-builder-row fusion-row fusion-flex-align-items-center fusion-flex-justify-content-center fusion-flex-content-wrap\" style=\"width:104% !important;max-width:104% !important;margin-left: calc(-4% \/ 2 );margin-right: calc(-4% \/ 2 );\"><div class=\"fusion-layout-column fusion_builder_column fusion-builder-column-0 fusion_builder_column_1_1 1_1 fusion-flex-column fusion-flex-align-self-center\" style=\"--awb-bg-size:cover;--awb-width-large:100%;--awb-margin-top-large:0px;--awb-spacing-right-large:1.92%;--awb-margin-bottom-large:3px;--awb-spacing-left-large:1.92%;--awb-width-medium:100%;--awb-order-medium:0;--awb-spacing-right-medium:1.92%;--awb-spacing-left-medium:1.92%;--awb-width-small:100%;--awb-order-small:0;--awb-spacing-right-small:1.92%;--awb-spacing-left-small:1.92%;\"><div class=\"fusion-column-wrapper fusion-column-has-shadow fusion-flex-justify-content-center fusion-content-layout-column\"><div class=\"fusion-title title fusion-title-1 fusion-sep-none fusion-title-text fusion-title-size-three\" style=\"--awb-font-size:32px;\"><h3 class=\"fusion-title-heading title-heading-left fusion-responsive-typography-calculated\" style=\"margin:0;font-size:1em;--fontSize:32;line-height:1.2;\">Produktdata<\/h3><\/div><\/div><\/div><\/div><\/div><div class=\"fusion-fullwidth fullwidth-box fusion-builder-row-2 fusion-flex-container has-pattern-background has-mask-background nonhundred-percent-fullwidth non-hundred-percent-height-scrolling\" style=\"--awb-border-radius-top-left:0px;--awb-border-radius-top-right:0px;--awb-border-radius-bottom-right:0px;--awb-border-radius-bottom-left:0px;--awb-padding-top:4px;--awb-padding-right:6px;--awb-padding-left:6px;--awb-flex-wrap:wrap;\" ><div class=\"fusion-builder-row fusion-row fusion-flex-align-items-flex-start fusion-flex-content-wrap\" style=\"max-width:1597.44px;margin-left: calc(-4% \/ 2 );margin-right: calc(-4% \/ 2 );\"><div class=\"fusion-layout-column fusion_builder_column fusion-builder-column-1 fusion_builder_column_1_2 1_2 fusion-flex-column\" style=\"--awb-bg-size:cover;--awb-width-large:50%;--awb-margin-top-large:0px;--awb-spacing-right-large:3.84%;--awb-margin-bottom-large:20px;--awb-spacing-left-large:3.84%;--awb-width-medium:100%;--awb-order-medium:0;--awb-spacing-right-medium:1.92%;--awb-spacing-left-medium:1.92%;--awb-width-small:100%;--awb-order-small:0;--awb-spacing-right-small:1.92%;--awb-spacing-left-small:1.92%;\"><div class=\"fusion-column-wrapper fusion-column-has-shadow fusion-flex-justify-content-flex-start fusion-content-layout-column\"><div class=\"fusion-text fusion-text-1\"><p><strong>Material<\/strong><br \/>\nYta av sp\u00e5nskiva t\u00e4ckt med h\u00f6gtryckslaminat, med PVC-skyddslister och mjukt rundade h\u00f6rn.<br \/>\nTung, solid st\u00e5lfot och platta f\u00f6r s\u00e4kerhet och stabilitet med epoxypulverlackerad yta.<br \/>\nBordsskivan \u00e4r f\u00e4st vid basen med s\u00e4kerhetsf\u00e4sten och extra s\u00e4kerhetstejp f\u00f6r \u00f6kad stabilitet.<\/p>\n<p><strong>Montering<\/strong><br \/>\nLevereras f\u00e4rdigmonterad och redo att anv\u00e4ndas.<\/p>\n<p><strong>Underh\u00e5ll<\/strong><br \/>\nL\u00e4tt att reng\u00f6ra med en mjuk, fuktig trasa. Du kan anv\u00e4nda ett icke-slipande kr\u00e4mreng\u00f6ringsmedel p\u00e5 bordsskivan. Undvik att anv\u00e4nda l\u00f6sningsmedel, blekmedel, slipmedel eller syntetiska reng\u00f6ringsmedel. Ytan \u00e4r v\u00e4rmet\u00e5lig, men inte v\u00e4rmeskyddad, s\u00e5 s\u00e4tt inte heta f\u00f6rem\u00e5l direkt fr\u00e5n ugnen p\u00e5 bordsskivan. Undvik att uts\u00e4tta kanterna f\u00f6r fukt.<\/p>\n<p><strong>Teknisk data<\/strong><br \/>\nH 420 mm W 700 mm D 700 mm. Vikt: 60 kg.<\/p>\n<\/div><\/div><\/div><div class=\"fusion-layout-column fusion_builder_column fusion-builder-column-2 fusion_builder_column_1_2 1_2 fusion-flex-column\" style=\"--awb-bg-size:cover;--awb-width-large:50%;--awb-margin-top-large:0px;--awb-spacing-right-large:3.84%;--awb-margin-bottom-large:20px;--awb-spacing-left-large:3.84%;--awb-width-medium:100%;--awb-order-medium:0;--awb-spacing-right-medium:1.92%;--awb-spacing-left-medium:1.92%;--awb-width-small:100%;--awb-order-small:0;--awb-spacing-right-small:1.92%;--awb-spacing-left-small:1.92%;\"><div class=\"fusion-column-wrapper fusion-column-has-shadow fusion-flex-justify-content-flex-start fusion-content-layout-column\"><div class=\"fusion-text fusion-text-2\"><p><strong>F\u00e4rger<\/strong><br \/>\nBasen levereras i antracit som standard. Bordsskivan finns i vitt som standardutf\u00f6rande, samt i antracitgr\u00e5 eller hickory som tillval.<\/p>\n<p><strong>H\u00e5llbarhet<\/strong><br \/>\nStyrka och stabilitet testad enligt BS EN 15372:2008 \u2013 Niv\u00e5 2.<\/p>\n<p><strong>Leverans<\/strong><br \/>\nLeveranstid 6-8 veckor. Observera att of\u00f6rutsedda h\u00e4ndelser kan p\u00e5verka leveransen. F\u00f6r mer information om aktuell leveranstid i samband med orderbekr\u00e4ftelse eller innan best\u00e4llning, v\u00e4nligen kontakta oss p\u00e5 <a href=\"mailto:info@healsafeinterior.com\">info@healsafeinterior.com<\/a>.<\/p>\n<p><strong>Garanti<\/strong><br \/>\n7 \u00e5rs garanti. Vi erbjuder en garanti som t\u00e4cker eventuella tillverkningsfel f\u00f6r ditt bord.<\/p>\n<p><strong>Tillverkning\/produktion<\/strong><br \/>\nEuropa.<\/p>\n<\/div><\/div><\/div><\/div><\/div><\/p>\n","protected":false},"excerpt":{"rendered":"<p><em>Ett t\u00e5ligt och s\u00e4kert soffbord designat f\u00f6r omsorgsfulla milj\u00f6er med h\u00f6ga s\u00e4kerhetskrav. Robust konstruktion, h\u00e5llbara material och anpassningsbara alternativ s\u00e4kerst\u00e4ller b\u00e5de trygghet och funktionalitet.<\/em><\/p>\n<ul>\n<li>Slitstark, v\u00e4rme- och slagt\u00e5lig laminatskiva som ger l\u00e5ngvarig h\u00e5llbarhet.<\/li>\n<li>\u00d6verl\u00e4gsen styrka och vattenbest\u00e4ndighet f\u00f6r en p\u00e5litlig och t\u00e5lig yta.<\/li>\n<li>Kraftig st\u00e5lfot med 300 mm diameter och massivt st\u00e5l i bottenplattan f\u00f6r extra stabilitet och s\u00e4kerhet.<\/li>\n<\/ul>\n<p>Det h\u00e4r soffbordet \u00e4r s\u00e4rskilt designat f\u00f6r milj\u00f6er med s\u00e4rskilda krav p\u00e5 s\u00e4kerhet, h\u00e5llbarhet och funktionalitet. Bordet har en laminattopp som \u00e4r v\u00e4rme- och slagresistent, vilket ger \u00f6verl\u00e4gsen styrka och vattenbest\u00e4ndighet. Laminatskivan \u00e4r av solid kvalitet, vilket ger \u00f6verl\u00e4gsen styrka och vattenbest\u00e4ndighet. Bottenplattan i massivt st\u00e5l och en 300 mm diameter mittpelare i st\u00e5l ger h\u00f6g stabilitet, minskar risken f\u00f6r missbruk.<\/p>\n<p>Detta g\u00f6r bordet till ett optimalt val f\u00f6r verksamheter d\u00e4r s\u00e4kerhet och slitstyrka \u00e4r avg\u00f6rande.<\/p>\n<p>Bordet finns med tre moderna ytskikt: vit, antracitgr\u00e5 och hickory \u2013 vilket g\u00f6r det m\u00f6jligt att anpassa efter olika behov och inredningsstilar i omsorgsfulla milj\u00f6er. Antracitgr\u00e5 och hickory \u00e4r tillval och ing\u00e5r inte som standard. Mittpelare och fot i antracit som standard.<\/p>\n<p>L\u00e4mplig f\u00f6r milj\u00f6er som allrum och patientrum.<\/p>\n","protected":false},"featured_media":12188,"template":"","meta":[],"product_brand":[],"product_cat":[634,623,624],"product_tag":[1024],"class_list":{"0":"post-15523","1":"product","2":"type-product","3":"status-publish","4":"has-post-thumbnail","6":"product_cat-bord","7":"product_cat-patientrum","8":"product_cat-sakerhetsmobler","9":"product_tag-psykiatri","11":"first","12":"instock","13":"shipping-taxable","14":"purchasable","15":"product-type-simple"},"_links":{"self":[{"href":"https:\/\/healsafeinterior.com\/sv\/wp-json\/wp\/v2\/product\/15523","targetHints":{"allow":["GET"]}}],"collection":[{"href":"https:\/\/healsafeinterior.com\/sv\/wp-json\/wp\/v2\/product"}],"about":[{"href":"https:\/\/healsafeinterior.com\/sv\/wp-json\/wp\/v2\/types\/product"}],"wp:featuredmedia":[{"embeddable":true,"href":"https:\/\/healsafeinterior.com\/sv\/wp-json\/wp\/v2\/media\/12188"}],"wp:attachment":[{"href":"https:\/\/healsafeinterior.com\/sv\/wp-json\/wp\/v2\/media?parent=15523"}],"wp:term":[{"taxonomy":"product_brand","embeddable":true,"href":"https:\/\/healsafeinterior.com\/sv\/wp-json\/wp\/v2\/product_brand?post=15523"},{"taxonomy":"product_cat","embeddable":true,"href":"https:\/\/healsafeinterior.com\/sv\/wp-json\/wp\/v2\/product_cat?post=15523"},{"taxonomy":"product_tag","embeddable":true,"href":"https:\/\/healsafeinterior.com\/sv\/wp-json\/wp\/v2\/product_tag?post=15523"}],"curies":[{"name":"wp","href":"https:\/\/api.w.org\/{rel}","templated":true}]}}