{"id":15517,"date":"2020-11-12T15:48:20","date_gmt":"2020-11-12T14:48:20","guid":{"rendered":"https:\/\/healsafeinterior.com\/product\/cumulus-plus-matbord\/"},"modified":"2025-11-19T12:00:55","modified_gmt":"2025-11-19T11:00:55","slug":"cumulus-plus-matbord","status":"publish","type":"product","link":"https:\/\/healsafeinterior.com\/sv\/produkt\/cumulus-plus-matbord\/","title":{"rendered":"Cumulus PLUS matbord"},"content":{"rendered":"<p><div class=\"fusion-fullwidth fullwidth-box fusion-builder-row-1 fusion-flex-container has-pattern-background has-mask-background hundred-percent-fullwidth non-hundred-percent-height-scrolling\" style=\"--awb-border-radius-top-left:0px;--awb-border-radius-top-right:0px;--awb-border-radius-bottom-right:0px;--awb-border-radius-bottom-left:0px;--awb-padding-top:4px;--awb-padding-right:6px;--awb-padding-bottom:0px;--awb-padding-left:6px;--awb-flex-wrap:wrap;\" ><div class=\"fusion-builder-row fusion-row fusion-flex-align-items-center fusion-flex-justify-content-center fusion-flex-content-wrap\" style=\"width:104% !important;max-width:104% !important;margin-left: calc(-4% \/ 2 );margin-right: calc(-4% \/ 2 );\"><div class=\"fusion-layout-column fusion_builder_column fusion-builder-column-0 fusion_builder_column_1_1 1_1 fusion-flex-column fusion-flex-align-self-center\" style=\"--awb-bg-size:cover;--awb-width-large:100%;--awb-margin-top-large:0px;--awb-spacing-right-large:1.92%;--awb-margin-bottom-large:3px;--awb-spacing-left-large:1.92%;--awb-width-medium:100%;--awb-order-medium:0;--awb-spacing-right-medium:1.92%;--awb-spacing-left-medium:1.92%;--awb-width-small:100%;--awb-order-small:0;--awb-spacing-right-small:1.92%;--awb-spacing-left-small:1.92%;\"><div class=\"fusion-column-wrapper fusion-column-has-shadow fusion-flex-justify-content-center fusion-content-layout-column\"><div class=\"fusion-title title fusion-title-1 fusion-sep-none fusion-title-text fusion-title-size-three\" style=\"--awb-font-size:32px;\"><h3 class=\"fusion-title-heading title-heading-left fusion-responsive-typography-calculated\" style=\"margin:0;font-size:1em;--fontSize:32;line-height:1.2;\">Produktdata<\/h3><\/div><\/div><\/div><\/div><\/div><div class=\"fusion-fullwidth fullwidth-box fusion-builder-row-2 fusion-flex-container has-pattern-background has-mask-background nonhundred-percent-fullwidth non-hundred-percent-height-scrolling\" style=\"--awb-border-radius-top-left:0px;--awb-border-radius-top-right:0px;--awb-border-radius-bottom-right:0px;--awb-border-radius-bottom-left:0px;--awb-padding-top:4px;--awb-padding-right:6px;--awb-padding-left:6px;--awb-flex-wrap:wrap;\" ><div class=\"fusion-builder-row fusion-row fusion-flex-align-items-flex-start fusion-flex-content-wrap\" style=\"max-width:1597.44px;margin-left: calc(-4% \/ 2 );margin-right: calc(-4% \/ 2 );\"><div class=\"fusion-layout-column fusion_builder_column fusion-builder-column-1 fusion_builder_column_1_2 1_2 fusion-flex-column\" style=\"--awb-bg-size:cover;--awb-width-large:50%;--awb-margin-top-large:0px;--awb-spacing-right-large:3.84%;--awb-margin-bottom-large:20px;--awb-spacing-left-large:3.84%;--awb-width-medium:100%;--awb-order-medium:0;--awb-spacing-right-medium:1.92%;--awb-spacing-left-medium:1.92%;--awb-width-small:100%;--awb-order-small:0;--awb-spacing-right-small:1.92%;--awb-spacing-left-small:1.92%;\"><div class=\"fusion-column-wrapper fusion-column-has-shadow fusion-flex-justify-content-flex-start fusion-content-layout-column\"><div class=\"fusion-text fusion-text-1\"><p><strong>Material<\/strong><br \/>\nYta av sp\u00e5nskiva t\u00e4ckt med h\u00f6gtryckslaminat, med PVC-kantlist och mjukt rundade h\u00f6rn.<br \/>\nTung, solid st\u00e5lfot och platta f\u00f6r s\u00e4kerhet och stabilitet med epoxypulverlack i matta f\u00e4rger.<br \/>\nBordsskivan \u00e4r f\u00e4st vid basen med s\u00e4kerhetsf\u00e4sten och extra s\u00e4kerhetstejp f\u00f6r \u00f6kad stabilitet.<\/p>\n<p><strong>Montering<\/strong><br \/>\nMontering av bordsskiva och bas kr\u00e4vs \u2013 v\u00e4nligen f\u00f6lj produktens instruktioner.<\/p>\n<p><strong>Underh\u00e5ll<\/strong><br \/>\nL\u00e4tt att reng\u00f6ra med en mjuk, fuktig trasa. Du kan anv\u00e4nda ett icke-slipande kr\u00e4mreng\u00f6ringsmedel p\u00e5 bordsskivan. Undvik att anv\u00e4nda l\u00f6sningsmedel, blekmedel, slipmedel eller syntetiska reng\u00f6ringsmedel. Ytan \u00e4r v\u00e4rmet\u00e5lig, men inte v\u00e4rmeskyddad, s\u00e5 s\u00e4tt inte heta f\u00f6rem\u00e5l direkt fr\u00e5n ugnen p\u00e5 bordsskivan. Undvik att uts\u00e4tta kanterna f\u00f6r fukt.<\/p>\n<p><strong>Teknisk data<\/strong><br \/>\nHSP208: H 740 mm W 700 mm D 700 mm. Vikt: 66 kg (2 sittplatser)<br \/>\nHSP209: H 740 mm W 900 mm D 900 mm. Vikt: 71 kg (4 sittplatser)<br \/>\nHSP210: H 740 mm W 1200 mm D 1200 mm. Vikt: 92 kg (4 sittplatser)<br \/>\nHSP211: H 740 mm W 1500 mm D 900 mm. Vikt: 123 kg (6 sittplatser)<br \/>\nHSP212: H 740 mm W 1800 mm D 900 mm. Vikt: 127 kg (8 sittplatser)<\/p>\n<\/div><\/div><\/div><div class=\"fusion-layout-column fusion_builder_column fusion-builder-column-2 fusion_builder_column_1_2 1_2 fusion-flex-column\" style=\"--awb-bg-size:cover;--awb-width-large:50%;--awb-margin-top-large:0px;--awb-spacing-right-large:3.84%;--awb-margin-bottom-large:20px;--awb-spacing-left-large:3.84%;--awb-width-medium:100%;--awb-order-medium:0;--awb-spacing-right-medium:1.92%;--awb-spacing-left-medium:1.92%;--awb-width-small:100%;--awb-order-small:0;--awb-spacing-right-small:1.92%;--awb-spacing-left-small:1.92%;\"><div class=\"fusion-column-wrapper fusion-column-has-shadow fusion-flex-justify-content-flex-start fusion-content-layout-column\"><div class=\"fusion-text fusion-text-2\"><p><strong>F\u00e4rger<\/strong><br \/>\nBasen levereras i antracit som standard. Bordsskivan finns i vitt som standardutf\u00f6rande, samt i antracitgr\u00e5 eller hickory som tillval.<\/p>\n<p><strong>H\u00e5llbarhet<\/strong><br \/>\nStyrka och stabilitet testad enligt BS EN 15372:2008 \u2013 Niv\u00e5 2.<\/p>\n<p><strong>Leverans<\/strong><br \/>\nLeveranstid 6-8 veckor. Observera att of\u00f6rutsedda h\u00e4ndelser kan p\u00e5verka leveransen. F\u00f6r mer information om aktuell leveranstid i samband med orderbekr\u00e4ftelse eller innan best\u00e4llning, v\u00e4nligen kontakta oss p\u00e5 <a href=\"mailto:info@healsafeinterior.com\">info@healsafeinterior.com<\/a>.<\/p>\n<p><strong>Garanti<\/strong><br \/>\n7 \u00e5rs garanti. Vi erbjuder en garanti som t\u00e4cker eventuella tillverkningsfel f\u00f6r ditt bord.<\/p>\n<p><strong>Tillverkning\/produktion<\/strong><br \/>\nEuropa.<\/p>\n<\/div><\/div><\/div><\/div><\/div><\/p>\n","protected":false},"excerpt":{"rendered":"<p><em>Ett t\u00e5ligt och s\u00e4kert matbord designat f\u00f6r omsorgsfulla milj\u00f6er med h\u00f6ga s\u00e4kerhetskrav. Robust konstruktion, h\u00e5llbara material och anpassningsbara alternativ s\u00e4kerst\u00e4ller b\u00e5de trygghet och funktionalitet.<\/em><\/p>\n<ul>\n<li>V\u00e4rme- och slagresistent laminattopp med h\u00f6g h\u00e5llfasthet och vattenbest\u00e4ndighet.<\/li>\n<li>St\u00e5lbotten och mittpelare f\u00f6r stabilitet och missbruksf\u00f6rebyggande design.<\/li>\n<li>Flera storlekar, h\u00f6jder och tillg\u00e4nglihetsanpassat alternativ<\/li>\n<\/ul>\n<p>Det h\u00e4r bordet \u00e4r s\u00e4rskilt designat f\u00f6r milj\u00f6er med s\u00e4rskilda krav p\u00e5 s\u00e4kerhet, h\u00e5llbarhet och funktionalitet. Bordet har en laminattopp som \u00e4r v\u00e4rme- och slagresistent, vilket ger \u00f6verl\u00e4gsen styrka och vattenbest\u00e4ndighet.<\/p>\n<p>Den massiva st\u00e5lbasen och den 300 mm breda st\u00e5lpelaren ger h\u00f6g stabilitet, minskar risken f\u00f6r missbruk och g\u00f6r bordet anpassat f\u00f6r rullstolsanv\u00e4ndare.<\/p>\n<p>Designen \u00e4r flexibel, med flera storlekar och h\u00f6jdalternativ, inklusive l\u00e4gre modeller (640 mm) som passar f\u00f6r barn. (Se varianter samt \u00f6vrigt Cumulus Plus-sortiment). Detta g\u00f6r bordet till ett optimalt val f\u00f6r verksamheter d\u00e4r s\u00e4kerhet och slitstyrka \u00e4r avg\u00f6rande.<\/p>\n<p>Borden finns med tre moderna ytskikt: vit, antracitgr\u00e5 och hickory \u2013 vilket g\u00f6r det m\u00f6jligt att anpassa efter olika behov och inredningsstilar i omsorgsfulla milj\u00f6er. Antracitgr\u00e5 och hickory \u00e4r tillval och ing\u00e5r inte som standard. Mittpelare och fot i antracit som standard.<\/p>\n<p>L\u00e4mplig f\u00f6r milj\u00f6er som matsal och allrum.<\/p>\n","protected":false},"featured_media":19048,"template":"","meta":[],"product_brand":[],"product_cat":[634,624],"product_tag":[],"class_list":{"0":"post-15517","1":"product","2":"type-product","3":"status-publish","4":"has-post-thumbnail","6":"product_cat-bord","7":"product_cat-sakerhetsmobler","9":"first","10":"instock","11":"shipping-taxable","12":"purchasable","13":"product-type-variable"},"_links":{"self":[{"href":"https:\/\/healsafeinterior.com\/sv\/wp-json\/wp\/v2\/product\/15517","targetHints":{"allow":["GET"]}}],"collection":[{"href":"https:\/\/healsafeinterior.com\/sv\/wp-json\/wp\/v2\/product"}],"about":[{"href":"https:\/\/healsafeinterior.com\/sv\/wp-json\/wp\/v2\/types\/product"}],"wp:featuredmedia":[{"embeddable":true,"href":"https:\/\/healsafeinterior.com\/sv\/wp-json\/wp\/v2\/media\/19048"}],"wp:attachment":[{"href":"https:\/\/healsafeinterior.com\/sv\/wp-json\/wp\/v2\/media?parent=15517"}],"wp:term":[{"taxonomy":"product_brand","embeddable":true,"href":"https:\/\/healsafeinterior.com\/sv\/wp-json\/wp\/v2\/product_brand?post=15517"},{"taxonomy":"product_cat","embeddable":true,"href":"https:\/\/healsafeinterior.com\/sv\/wp-json\/wp\/v2\/product_cat?post=15517"},{"taxonomy":"product_tag","embeddable":true,"href":"https:\/\/healsafeinterior.com\/sv\/wp-json\/wp\/v2\/product_tag?post=15517"}],"curies":[{"name":"wp","href":"https:\/\/api.w.org\/{rel}","templated":true}]}}