{"id":15516,"date":"2020-12-02T10:28:34","date_gmt":"2020-12-02T09:28:34","guid":{"rendered":"https:\/\/healsafeinterior.com\/product\/digital-sakerhetsklocka\/"},"modified":"2025-12-30T15:04:16","modified_gmt":"2025-12-30T14:04:16","slug":"digital-sakerhetsklocka","status":"publish","type":"product","link":"https:\/\/healsafeinterior.com\/sv\/produkt\/digital-sakerhetsklocka\/","title":{"rendered":"Digital s\u00e4kerhetsklocka"},"content":{"rendered":"<div class=\"fusion-fullwidth fullwidth-box fusion-builder-row-1 fusion-flex-container has-pattern-background has-mask-background nonhundred-percent-fullwidth non-hundred-percent-height-scrolling\" style=\"--awb-border-radius-top-left:0px;--awb-border-radius-top-right:0px;--awb-border-radius-bottom-right:0px;--awb-border-radius-bottom-left:0px;--awb-flex-wrap:wrap;\" ><div class=\"fusion-builder-row fusion-row fusion-flex-align-items-flex-start fusion-flex-content-wrap\" style=\"max-width:1597.44px;margin-left: calc(-4% \/ 2 );margin-right: calc(-4% \/ 2 );\"><div class=\"fusion-layout-column fusion_builder_column fusion-builder-column-0 fusion_builder_column_1_2 1_2 fusion-flex-column\" style=\"--awb-bg-size:cover;--awb-width-large:50%;--awb-margin-top-large:0px;--awb-spacing-right-large:3.84%;--awb-margin-bottom-large:20px;--awb-spacing-left-large:3.84%;--awb-width-medium:100%;--awb-order-medium:0;--awb-spacing-right-medium:1.92%;--awb-spacing-left-medium:1.92%;--awb-width-small:100%;--awb-order-small:0;--awb-spacing-right-small:1.92%;--awb-spacing-left-small:1.92%;\"><div class=\"fusion-column-wrapper fusion-column-has-shadow fusion-flex-justify-content-flex-start fusion-content-layout-column\"><div class=\"fusion-title title fusion-title-1 fusion-sep-none fusion-title-text fusion-title-size-two\" style=\"--awb-font-size:32px;\"><h2 class=\"fusion-title-heading title-heading-left fusion-responsive-typography-calculated\" style=\"margin:0;font-size:1em;--fontSize:32;line-height:1.5;\">Produktdata<\/h2><\/div><div class=\"fusion-text fusion-text-1\"><p><strong>Sortiment<\/strong><br \/>\nHSI450 \u2013 Digital s\u00e4ker klocka, vit<br \/>\nHSI450 \u2013 Digital s\u00e4ker klocka med ram, vit<\/p>\n<p><strong>Material<\/strong><br \/>\nSt\u00e5lram med pulverlackering<br \/>\nGlas av polykarbonat<\/p>\n<p><strong>Sk\u00f6tselr\u00e5d<\/strong><br \/>\nReng\u00f6r med fuktig trasa. Milda reng\u00f6ringsmedel kan anv\u00e4ndas.<\/p>\n<p><strong>Garanti<\/strong><br \/>\n1 \u00e5rs garanti mot tillverkningsfel.<\/p>\n<p><strong>H\u00e5llbarhet<\/strong><br \/>\nRam \u00e5tervinns som metall. Glas \u00e5tervinns som plast. Klocka \u00e5tervinns som elektronik.<\/p>\n<p><strong>Monteringsinstruktion<br \/>\n<\/strong><a href=\"https:\/\/healsafeinterior.com\/wp-content\/uploads\/2025\/12\/Mounting-instructions-HSI450.pdf\">Ladda ner<\/a><\/p>\n<\/div><\/div><\/div><div class=\"fusion-layout-column fusion_builder_column fusion-builder-column-1 fusion_builder_column_1_2 1_2 fusion-flex-column\" style=\"--awb-bg-size:cover;--awb-width-large:50%;--awb-margin-top-large:0px;--awb-spacing-right-large:3.84%;--awb-margin-bottom-large:20px;--awb-spacing-left-large:3.84%;--awb-width-medium:100%;--awb-order-medium:0;--awb-spacing-right-medium:1.92%;--awb-spacing-left-medium:1.92%;--awb-width-small:100%;--awb-order-small:0;--awb-spacing-right-small:1.92%;--awb-spacing-left-small:1.92%;\"><div class=\"fusion-column-wrapper fusion-column-has-shadow fusion-flex-justify-content-flex-start fusion-content-layout-column\"><div class=\"fusion-image-element \" style=\"--awb-caption-title-font-family:var(--h2_typography-font-family);--awb-caption-title-font-weight:var(--h2_typography-font-weight);--awb-caption-title-font-style:var(--h2_typography-font-style);--awb-caption-title-size:var(--h2_typography-font-size);--awb-caption-title-transform:var(--h2_typography-text-transform);--awb-caption-title-line-height:var(--h2_typography-line-height);--awb-caption-title-letter-spacing:var(--h2_typography-letter-spacing);\"><span class=\" fusion-imageframe imageframe-none imageframe-1 hover-type-none\"><img decoding=\"async\" width=\"1200\" height=\"675\" title=\"safe-digital-clock-spec\" src=\"https:\/\/healsafeinterior.com\/wp-content\/uploads\/2021\/09\/safe-digital-clock-spec.webp\" class=\"img-responsive wp-image-19078\" srcset=\"https:\/\/healsafeinterior.com\/wp-content\/uploads\/2021\/09\/safe-digital-clock-spec-200x113.webp 200w, https:\/\/healsafeinterior.com\/wp-content\/uploads\/2021\/09\/safe-digital-clock-spec-400x225.webp 400w, https:\/\/healsafeinterior.com\/wp-content\/uploads\/2021\/09\/safe-digital-clock-spec-600x338.webp 600w, https:\/\/healsafeinterior.com\/wp-content\/uploads\/2021\/09\/safe-digital-clock-spec-800x450.webp 800w, https:\/\/healsafeinterior.com\/wp-content\/uploads\/2021\/09\/safe-digital-clock-spec.webp 1200w\" sizes=\"(max-width: 1024px) 100vw, (max-width: 640px) 100vw, 800px\" alt=\"\"><\/span><\/div><\/div><\/div><\/div><\/div>\n","protected":false},"excerpt":{"rendered":"<p>&#8211; Design utan f\u00e4stpunkter f\u00f6r snara<br \/>\n&#8211; Robust st\u00e5lh\u00f6lje med slagt\u00e5ligt glas<br \/>\n&#8211; Enkel att st\u00e4lla in tid och byta batteri<\/p>\n<p>Design med avtagbar frontplatta s\u00e4krad med manipulationsskyddade skruvar, vilket m\u00f6jligg\u00f6r justering och batteribyte utan att demontera st\u00e5lh\u00f6ljet.<\/p>\n<p>24-timmars klocka med dag, datum, m\u00e5nad, \u00e5r, temperatur och luftfuktighet. Batteridriven. Modern design pulverlackerad i vitt. Andra f\u00e4rger finns tillg\u00e4ngliga p\u00e5 beg\u00e4ran.<\/p>\n","protected":false},"featured_media":19096,"template":"","meta":[],"product_brand":[],"product_cat":[610,611],"product_tag":[],"class_list":{"0":"post-15516","1":"product","2":"type-product","3":"status-publish","4":"has-post-thumbnail","6":"product_cat-inredningsprodukter","7":"product_cat-klockor","9":"first","10":"instock","11":"shipping-taxable","12":"purchasable","13":"product-type-simple"},"_links":{"self":[{"href":"https:\/\/healsafeinterior.com\/sv\/wp-json\/wp\/v2\/product\/15516","targetHints":{"allow":["GET"]}}],"collection":[{"href":"https:\/\/healsafeinterior.com\/sv\/wp-json\/wp\/v2\/product"}],"about":[{"href":"https:\/\/healsafeinterior.com\/sv\/wp-json\/wp\/v2\/types\/product"}],"wp:featuredmedia":[{"embeddable":true,"href":"https:\/\/healsafeinterior.com\/sv\/wp-json\/wp\/v2\/media\/19096"}],"wp:attachment":[{"href":"https:\/\/healsafeinterior.com\/sv\/wp-json\/wp\/v2\/media?parent=15516"}],"wp:term":[{"taxonomy":"product_brand","embeddable":true,"href":"https:\/\/healsafeinterior.com\/sv\/wp-json\/wp\/v2\/product_brand?post=15516"},{"taxonomy":"product_cat","embeddable":true,"href":"https:\/\/healsafeinterior.com\/sv\/wp-json\/wp\/v2\/product_cat?post=15516"},{"taxonomy":"product_tag","embeddable":true,"href":"https:\/\/healsafeinterior.com\/sv\/wp-json\/wp\/v2\/product_tag?post=15516"}],"curies":[{"name":"wp","href":"https:\/\/api.w.org\/{rel}","templated":true}]}}