{"id":15515,"date":"2020-12-02T10:35:31","date_gmt":"2020-12-02T09:35:31","guid":{"rendered":"https:\/\/healsafeinterior.com\/product\/analogt-sakerhetsur\/"},"modified":"2024-09-11T14:53:43","modified_gmt":"2024-09-11T12:53:43","slug":"analogt-sakerhetsur","status":"publish","type":"product","link":"https:\/\/healsafeinterior.com\/sv\/produkt\/analogt-sakerhetsur\/","title":{"rendered":"Analogt s\u00e4kerhetsur"},"content":{"rendered":"<div class=\"fusion-fullwidth fullwidth-box fusion-builder-row-1 fusion-flex-container has-pattern-background has-mask-background hundred-percent-fullwidth non-hundred-percent-height-scrolling\" style=\"--awb-border-radius-top-left:0px;--awb-border-radius-top-right:0px;--awb-border-radius-bottom-right:0px;--awb-border-radius-bottom-left:0px;--awb-padding-top:4px;--awb-padding-right:6px;--awb-padding-bottom:0px;--awb-padding-left:6px;--awb-margin-top:5px;--awb-margin-bottom:20px;--awb-flex-wrap:wrap;\" ><div class=\"fusion-builder-row fusion-row fusion-flex-align-items-center fusion-flex-justify-content-center fusion-flex-content-wrap\" style=\"width:104% !important;max-width:104% !important;margin-left: calc(-4% \/ 2 );margin-right: calc(-4% \/ 2 );\"><div class=\"fusion-layout-column fusion_builder_column fusion-builder-column-0 fusion_builder_column_1_1 1_1 fusion-flex-column fusion-flex-align-self-center\" style=\"--awb-bg-size:cover;--awb-width-large:100%;--awb-margin-top-large:0px;--awb-spacing-right-large:1.92%;--awb-margin-bottom-large:3px;--awb-spacing-left-large:1.92%;--awb-width-medium:100%;--awb-order-medium:0;--awb-spacing-right-medium:1.92%;--awb-spacing-left-medium:1.92%;--awb-width-small:100%;--awb-order-small:0;--awb-spacing-right-small:1.92%;--awb-spacing-left-small:1.92%;\"><div class=\"fusion-column-wrapper fusion-column-has-shadow fusion-flex-justify-content-center fusion-content-layout-column\"><div class=\"fusion-tabs fusion-tabs-1 classic nav-not-justified horizontal-tabs icon-position-left mobile-mode-carousel\" style=\"--awb-title-border-radius-top-left:2px;--awb-title-border-radius-top-right:2px;--awb-title-border-radius-bottom-right:2px;--awb-title-border-radius-bottom-left:2px;--awb-content-padding-top:40px;--awb-content-padding-right:30px;--awb-content-padding-bottom:40px;--awb-content-padding-left:30px;--awb-title-padding-right:40px;--awb-title-padding-left:40px;--awb-title-font-size:17px;--awb-alignment:start;--awb-inactive-color:var(--awb-color2);--awb-title-text-color:var(--awb-color5);--awb-title-active-text-color:var(--awb-color7);--awb-background-color:var(--awb-color1);--awb-border-color:rgba(167,172,162,0);--awb-active-border-color:var(--awb-custom_color_2);--awb-title-font-family:&quot;Sen&quot;;--awb-title-font-style:normal;--awb-title-font-weight:400;\"><div class=\"nav\"><ul class=\"nav-tabs\" role=\"tablist\"><li class=\"active\" role=\"presentation\"><a class=\"tab-link\" data-toggle=\"tab\" role=\"tab\" aria-controls=\"tab-b7d31d941d1967fcc99\" aria-selected=\"true\" id=\"fusion-tab-meromprodukten\" href=\"#tab-b7d31d941d1967fcc99\"><h3 class=\"fusion-tab-heading\">Mer om produkten<\/h3><\/a><\/li><\/ul><\/div><div class=\"tab-content\"><div class=\"tab-pane fade fusion-clearfix in active\" role=\"tabpanel\" tabindex=\"0\" aria-labelledby=\"fusion-tab-meromprodukten\" id=\"tab-b7d31d941d1967fcc99\">\n<p>Inramad design g\u00f6r det m\u00f6jligt att komma \u00e5t klockan f\u00f6r justering eller batteribyte utan att ta bort st\u00e5lh\u00f6ljet.<br \/>\nRobust, vandals\u00e4kert st\u00e5lh\u00f6lje med avtagbar tallrik som sitter fast med skruvar.<br \/>\nBatteriets livsl\u00e4ngd \u00e4r cirka 3 \u00e5r.<\/p>\n<\/div><\/div><\/div><\/div><\/div><\/div><\/div>\n","protected":false},"excerpt":{"rendered":"<p>&#8211; Suicidpreventiv design<br \/>\n&#8211; Robust och slagt\u00e5ligt h\u00f6lje<\/p>\n","protected":false},"featured_media":12348,"template":"","meta":[],"product_brand":[],"product_cat":[610,611],"product_tag":[],"class_list":{"0":"post-15515","1":"product","2":"type-product","3":"status-publish","4":"has-post-thumbnail","6":"product_cat-inredningsprodukter","7":"product_cat-klockor","9":"first","10":"instock","11":"shipping-taxable","12":"purchasable","13":"product-type-simple"},"_links":{"self":[{"href":"https:\/\/healsafeinterior.com\/sv\/wp-json\/wp\/v2\/product\/15515","targetHints":{"allow":["GET"]}}],"collection":[{"href":"https:\/\/healsafeinterior.com\/sv\/wp-json\/wp\/v2\/product"}],"about":[{"href":"https:\/\/healsafeinterior.com\/sv\/wp-json\/wp\/v2\/types\/product"}],"wp:featuredmedia":[{"embeddable":true,"href":"https:\/\/healsafeinterior.com\/sv\/wp-json\/wp\/v2\/media\/12348"}],"wp:attachment":[{"href":"https:\/\/healsafeinterior.com\/sv\/wp-json\/wp\/v2\/media?parent=15515"}],"wp:term":[{"taxonomy":"product_brand","embeddable":true,"href":"https:\/\/healsafeinterior.com\/sv\/wp-json\/wp\/v2\/product_brand?post=15515"},{"taxonomy":"product_cat","embeddable":true,"href":"https:\/\/healsafeinterior.com\/sv\/wp-json\/wp\/v2\/product_cat?post=15515"},{"taxonomy":"product_tag","embeddable":true,"href":"https:\/\/healsafeinterior.com\/sv\/wp-json\/wp\/v2\/product_tag?post=15515"}],"curies":[{"name":"wp","href":"https:\/\/api.w.org\/{rel}","templated":true}]}}