{"id":15508,"date":"2020-12-02T11:07:40","date_gmt":"2020-12-02T10:07:40","guid":{"rendered":"https:\/\/healsafeinterior.com\/product\/draghandtag\/"},"modified":"2025-12-30T08:52:11","modified_gmt":"2025-12-30T07:52:11","slug":"draghandtag","status":"publish","type":"product","link":"https:\/\/healsafeinterior.com\/sv\/produkt\/draghandtag\/","title":{"rendered":"Draghandtag"},"content":{"rendered":"<p><div class=\"fusion-fullwidth fullwidth-box fusion-builder-row-1 fusion-flex-container has-pattern-background has-mask-background hundred-percent-fullwidth non-hundred-percent-height-scrolling\" style=\"--awb-border-radius-top-left:0px;--awb-border-radius-top-right:0px;--awb-border-radius-bottom-right:0px;--awb-border-radius-bottom-left:0px;--awb-padding-top:4px;--awb-padding-right:6px;--awb-padding-bottom:0px;--awb-padding-left:6px;--awb-flex-wrap:wrap;\" ><div class=\"fusion-builder-row fusion-row fusion-flex-align-items-center fusion-flex-justify-content-center fusion-flex-content-wrap\" style=\"width:104% !important;max-width:104% !important;margin-left: calc(-4% \/ 2 );margin-right: calc(-4% \/ 2 );\"><div class=\"fusion-layout-column fusion_builder_column fusion-builder-column-0 fusion_builder_column_1_1 1_1 fusion-flex-column fusion-flex-align-self-center\" style=\"--awb-bg-size:cover;--awb-width-large:100%;--awb-margin-top-large:0px;--awb-spacing-right-large:1.92%;--awb-margin-bottom-large:3px;--awb-spacing-left-large:1.92%;--awb-width-medium:100%;--awb-order-medium:0;--awb-spacing-right-medium:1.92%;--awb-spacing-left-medium:1.92%;--awb-width-small:100%;--awb-order-small:0;--awb-spacing-right-small:1.92%;--awb-spacing-left-small:1.92%;\"><div class=\"fusion-column-wrapper fusion-column-has-shadow fusion-flex-justify-content-center fusion-content-layout-column\"><div class=\"fusion-title title fusion-title-1 fusion-sep-none fusion-title-text fusion-title-size-three\" style=\"--awb-font-size:32px;\"><h3 class=\"fusion-title-heading title-heading-left fusion-responsive-typography-calculated\" style=\"margin:0;font-size:1em;--fontSize:32;line-height:1.2;\">Produktdata<\/h3><\/div><\/div><\/div><\/div><\/div><div class=\"fusion-fullwidth fullwidth-box fusion-builder-row-2 fusion-flex-container has-pattern-background has-mask-background nonhundred-percent-fullwidth non-hundred-percent-height-scrolling\" style=\"--awb-border-radius-top-left:0px;--awb-border-radius-top-right:0px;--awb-border-radius-bottom-right:0px;--awb-border-radius-bottom-left:0px;--awb-padding-top:4px;--awb-padding-right:6px;--awb-padding-left:6px;--awb-flex-wrap:wrap;\" ><div class=\"fusion-builder-row fusion-row fusion-flex-align-items-flex-start fusion-flex-content-wrap\" style=\"max-width:1597.44px;margin-left: calc(-4% \/ 2 );margin-right: calc(-4% \/ 2 );\"><div class=\"fusion-layout-column fusion_builder_column fusion-builder-column-1 fusion_builder_column_1_1 1_1 fusion-flex-column\" style=\"--awb-bg-size:cover;--awb-width-large:100%;--awb-margin-top-large:0px;--awb-spacing-right-large:1.92%;--awb-margin-bottom-large:20px;--awb-spacing-left-large:1.92%;--awb-width-medium:100%;--awb-order-medium:0;--awb-spacing-right-medium:1.92%;--awb-spacing-left-medium:1.92%;--awb-width-small:100%;--awb-order-small:0;--awb-spacing-right-small:1.92%;--awb-spacing-left-small:1.92%;\"><div class=\"fusion-column-wrapper fusion-column-has-shadow fusion-flex-justify-content-flex-start fusion-content-layout-column\"><div class=\"fusion-text fusion-text-1 awb-text-cols fusion-text-columns-2\" style=\"--awb-columns:2;--awb-column-spacing:2em;--awb-column-min-width:100px;\"><p><b><span data-contrast=\"auto\">Material<\/span><\/b><span data-ccp-props=\"\"><br \/>\n<\/span><span data-contrast=\"auto\">Rostfritt st\u00e5l alt. pulverlackerad rostfritt st\u00e5l.<\/span><span data-ccp-props=\"\">\u00a0<\/span><\/p>\n<p><b><span data-contrast=\"auto\">Montering<\/span><\/b><span data-ccp-props=\"\"><br \/>\n<\/span><span data-contrast=\"auto\">Monteras med 6 st manipulationss\u00e4kra skruvar som levereras tillsammans med produkten.<\/span><br \/>\n<span data-contrast=\"auto\">F\u00f6r s\u00e4ker montering m\u00e5ste skruv och plugg anpassas efter v\u00e4ggens material. Om medf\u00f6ljande inf\u00e4stning inte passar ska en likv\u00e4rdig eller b\u00e4ttre l\u00f6sning anv\u00e4ndas som \u00e4r avsedd f\u00f6r just den specifika v\u00e4ggen.<\/span><span data-ccp-props=\"\">\u00a0<\/span><\/p>\n<p><b><span data-contrast=\"auto\">Underh\u00e5ll<\/span><\/b><span data-ccp-props=\"\"><br \/>\n<\/span><span data-contrast=\"auto\">Reng\u00f6r produkten regelbundet med en mjuk, torr trasa, eller vid behov med en fuktig, varm trasa f\u00f6r att avl\u00e4gsna fett eller smuts. Anv\u00e4nd aldrig slipande pads, starka reng\u00f6ringsmedel eller kemikalier.<\/span><span data-ccp-props=\"\">\u00a0<\/span><\/p>\n<p><b><span data-contrast=\"auto\">Teknisk data<\/span><\/b><span data-ccp-props=\"\"><br \/>\n<\/span><span data-contrast=\"auto\">HSA106: L 450 mm, D 32 mm.<\/span><span data-ccp-props=\"\"><br \/>\n<\/span><span data-contrast=\"auto\">HSA107: L 600 mm, D 32 mm.<\/span><span data-ccp-props=\"\">\u00a0<\/span><\/p>\n<p><b><span data-contrast=\"auto\">F\u00e4rger<\/span><\/b><span data-ccp-props=\"\"><br \/>\n<\/span><span data-contrast=\"auto\">Rostfritt, vit och bl\u00e5.\u00a0<\/span><span data-ccp-props=\"\"><br \/>\n<\/span><span data-contrast=\"auto\">Kan f\u00e5s i valfri RAL-f\u00e4rg vid f\u00f6rfr\u00e5gan.<\/span><\/p>\n<p><b><span data-contrast=\"auto\">H\u00e5llbarhet<\/span><\/b><br \/>\n<span data-contrast=\"auto\">Tillverkat av mycket t\u00e5ligt material med l\u00e5ng h\u00e5llbarhet.\u00a0<\/span><span data-ccp-props=\"\"><br \/>\n<\/span><span data-contrast=\"auto\">K\u00e4llsorteras som metall.<\/span><span data-ccp-props=\"\">\u00a0<\/span><\/p>\n<p><b><span data-contrast=\"auto\">Leverans<\/span><\/b><span data-ccp-props=\"\"><br \/>\n<\/span><span data-contrast=\"auto\">Leveranstid 6-8 veckor\u00a0<\/span><span data-ccp-props=\"\"><br \/>\n<\/span><span data-contrast=\"auto\">Observera att of\u00f6rutsedda h\u00e4ndelser kan p\u00e5verka leveransen. F\u00f6r mer information om aktuell leveranstid i samband med orderbekr\u00e4ftelse eller innan best\u00e4llning, v\u00e4nligen kontakta oss p\u00e5 <\/span><a href=\"mailto:info@healsafeinterior.com\"><span data-contrast=\"none\">info@healsafeinterior.com<\/span><\/a><span data-contrast=\"auto\">.<\/span><span data-ccp-props=\"\"><br \/>\n<\/span><br \/>\n<b><span data-contrast=\"auto\">Garanti<\/span><\/b><span data-ccp-props=\"\"><br \/>\n<\/span><span data-contrast=\"auto\">2 \u00e5r. G\u00e4ller vid normal anv\u00e4ndning. Full garanti l\u00e4mnas f\u00f6r tillverkningsfel.<\/span><span data-ccp-props=\"\">\u00a0<\/span><\/p>\n<p><b><span data-contrast=\"auto\">Tillverkning\/produktion<\/span><\/b><span data-ccp-props=\"\"><br \/>\n<\/span><span data-contrast=\"auto\">Storbritannien<\/span><span data-ccp-props=\"\">\u00a0<\/span><\/p>\n<\/div><\/div><\/div><\/div><\/div><\/p>\n","protected":false},"excerpt":{"rendered":"<p>Ett robust draghandtag utformat f\u00f6r s\u00e4ker och bekv\u00e4m anv\u00e4ndning i milj\u00f6er med s\u00e4rskilda s\u00e4kerhetskrav samt krav p\u00e5 hygien och slitstyrka. Den slimmade formen och de mjukt avrundade kanterna bidrar till ett tryggt grepp utan risk f\u00f6r f\u00e4stpunkter.<\/p>\n<ul>\n<li>Konstruktion i rostfritt st\u00e5l f\u00f6r h\u00f6g korrosionsbest\u00e4ndighet och l\u00e5ng livsl\u00e4ngd<\/li>\n<li>Design utan utskjutande detaljer som eliminerar f\u00e4stpunkter f\u00f6r sn\u00f6ren eller f\u00f6rem\u00e5l och d\u00e4rmed \u00f6kar s\u00e4kerheten<\/li>\n<li>Monteras horisontellt eller vertikalt f\u00f6r att anpassas efter anv\u00e4ndarens behov<\/li>\n<\/ul>\n<p>Draghandtaget \u00e4r s\u00e4rskilt l\u00e4mpat f\u00f6r psykiatrisk v\u00e5rd, r\u00e4ttspsykiatri, kriminalv\u00e5rd, ungdomsv\u00e5rd och andra v\u00e5rdmilj\u00f6er d\u00e4r s\u00e4kerhet, stabilitet och tillf\u00f6rlitligt st\u00f6d \u00e4r avg\u00f6rande.<\/p>\n<p>Det ergonomiska greppet p\u00e5 32 mm ger en naturlig och stabil handposition, vilket underl\u00e4ttar greppet \u00e4ven f\u00f6r anv\u00e4ndare med nedsatt handstyrka. Den slitstarka konstruktionen \u00e4r enkel att reng\u00f6ra och bidrar till god hygien i v\u00e5rdmilj\u00f6er.<\/p>\n<p>Modellen finns i tv\u00e5 l\u00e4ngder \u2013 450 och 600 mm \u2013 och levereras i satinborstad rostfritt st\u00e5l eller pulverlackerat i bl\u00e5tt eller vitt.<\/p>\n<p>F\u00f6r att s\u00e4kerst\u00e4lla en trygg och skyddad installation i milj\u00f6er med h\u00f6g belastning monteras handtaget alltid med manipulationss\u00e4kra skruvar, vilka levereras tillsammans med produkten.<\/p>\n<p>L\u00e4mplig f\u00f6r alla typer av utrymmen d\u00e4r det finns behov av ett s\u00e4kert drag- eller d\u00f6rrhandtag.<\/p>\n","protected":false},"featured_media":19125,"template":"","meta":[],"product_brand":[],"product_cat":[604,605],"product_tag":[],"class_list":{"0":"post-15508","1":"product","2":"type-product","3":"status-publish","4":"has-post-thumbnail","6":"product_cat-beslag","7":"product_cat-dorrhandtag","9":"first","10":"instock","11":"shipping-taxable","12":"purchasable","13":"product-type-variable"},"_links":{"self":[{"href":"https:\/\/healsafeinterior.com\/sv\/wp-json\/wp\/v2\/product\/15508","targetHints":{"allow":["GET"]}}],"collection":[{"href":"https:\/\/healsafeinterior.com\/sv\/wp-json\/wp\/v2\/product"}],"about":[{"href":"https:\/\/healsafeinterior.com\/sv\/wp-json\/wp\/v2\/types\/product"}],"wp:featuredmedia":[{"embeddable":true,"href":"https:\/\/healsafeinterior.com\/sv\/wp-json\/wp\/v2\/media\/19125"}],"wp:attachment":[{"href":"https:\/\/healsafeinterior.com\/sv\/wp-json\/wp\/v2\/media?parent=15508"}],"wp:term":[{"taxonomy":"product_brand","embeddable":true,"href":"https:\/\/healsafeinterior.com\/sv\/wp-json\/wp\/v2\/product_brand?post=15508"},{"taxonomy":"product_cat","embeddable":true,"href":"https:\/\/healsafeinterior.com\/sv\/wp-json\/wp\/v2\/product_cat?post=15508"},{"taxonomy":"product_tag","embeddable":true,"href":"https:\/\/healsafeinterior.com\/sv\/wp-json\/wp\/v2\/product_tag?post=15508"}],"curies":[{"name":"wp","href":"https:\/\/api.w.org\/{rel}","templated":true}]}}