{"id":15503,"date":"2020-12-02T11:22:13","date_gmt":"2020-12-02T10:22:13","guid":{"rendered":"https:\/\/healsafeinterior.com\/product\/stodhandtag\/"},"modified":"2025-10-02T13:31:09","modified_gmt":"2025-10-02T11:31:09","slug":"stodhandtag","status":"publish","type":"product","link":"https:\/\/healsafeinterior.com\/sv\/produkt\/stodhandtag\/","title":{"rendered":"St\u00f6dhandtag"},"content":{"rendered":"","protected":false},"excerpt":{"rendered":"<p>R\u00e4nnformat st\u00f6dhandtag.<\/p>\n<ul>\n<li>Minimerad risk f\u00f6r f\u00e4ste av snara<\/li>\n<li>Ergonomisk design, b\u00e4ttre grepp<\/li>\n<li>V\u00e4ggmonterad<\/li>\n<\/ul>\n<p>Tillverkad av pulverlackerat rostfritt st\u00e5l.<br \/>\nF\u00e4rger: Vit och bl\u00e5.<br \/>\nFinns i h\u00f6ger- eller v\u00e4nsterutf\u00f6rande.<\/p>\n","protected":false},"featured_media":12392,"template":"","meta":[],"product_brand":[],"product_cat":[604,606],"product_tag":[],"class_list":{"0":"post-15503","1":"product","2":"type-product","3":"status-publish","4":"has-post-thumbnail","6":"product_cat-beslag","7":"product_cat-greppskena","9":"first","10":"instock","11":"shipping-taxable","12":"purchasable","13":"product-type-variable"},"_links":{"self":[{"href":"https:\/\/healsafeinterior.com\/sv\/wp-json\/wp\/v2\/product\/15503","targetHints":{"allow":["GET"]}}],"collection":[{"href":"https:\/\/healsafeinterior.com\/sv\/wp-json\/wp\/v2\/product"}],"about":[{"href":"https:\/\/healsafeinterior.com\/sv\/wp-json\/wp\/v2\/types\/product"}],"wp:featuredmedia":[{"embeddable":true,"href":"https:\/\/healsafeinterior.com\/sv\/wp-json\/wp\/v2\/media\/12392"}],"wp:attachment":[{"href":"https:\/\/healsafeinterior.com\/sv\/wp-json\/wp\/v2\/media?parent=15503"}],"wp:term":[{"taxonomy":"product_brand","embeddable":true,"href":"https:\/\/healsafeinterior.com\/sv\/wp-json\/wp\/v2\/product_brand?post=15503"},{"taxonomy":"product_cat","embeddable":true,"href":"https:\/\/healsafeinterior.com\/sv\/wp-json\/wp\/v2\/product_cat?post=15503"},{"taxonomy":"product_tag","embeddable":true,"href":"https:\/\/healsafeinterior.com\/sv\/wp-json\/wp\/v2\/product_tag?post=15503"}],"curies":[{"name":"wp","href":"https:\/\/api.w.org\/{rel}","templated":true}]}}