{"id":15474,"date":"2020-12-08T15:14:04","date_gmt":"2020-12-08T14:14:04","guid":{"rendered":"https:\/\/healsafeinterior.com\/product\/cafeglas\/"},"modified":"2025-01-23T17:03:31","modified_gmt":"2025-01-23T16:03:31","slug":"cafeglas","status":"publish","type":"product","link":"https:\/\/healsafeinterior.com\/sv\/produkt\/cafeglas\/","title":{"rendered":"Caf\u00e9glas"},"content":{"rendered":"<p><div class=\"fusion-fullwidth fullwidth-box fusion-builder-row-1 fusion-flex-container has-pattern-background has-mask-background hundred-percent-fullwidth non-hundred-percent-height-scrolling\" style=\"--awb-border-radius-top-left:0px;--awb-border-radius-top-right:0px;--awb-border-radius-bottom-right:0px;--awb-border-radius-bottom-left:0px;--awb-padding-top:4px;--awb-padding-right:6px;--awb-padding-bottom:0px;--awb-padding-left:6px;--awb-flex-wrap:wrap;\" ><div class=\"fusion-builder-row fusion-row fusion-flex-align-items-center fusion-flex-justify-content-center fusion-flex-content-wrap\" style=\"width:104% !important;max-width:104% !important;margin-left: calc(-4% \/ 2 );margin-right: calc(-4% \/ 2 );\"><div class=\"fusion-layout-column fusion_builder_column fusion-builder-column-0 fusion_builder_column_1_1 1_1 fusion-flex-column fusion-flex-align-self-center\" style=\"--awb-bg-size:cover;--awb-width-large:100%;--awb-margin-top-large:0px;--awb-spacing-right-large:1.92%;--awb-margin-bottom-large:3px;--awb-spacing-left-large:1.92%;--awb-width-medium:100%;--awb-order-medium:0;--awb-spacing-right-medium:1.92%;--awb-spacing-left-medium:1.92%;--awb-width-small:100%;--awb-order-small:0;--awb-spacing-right-small:1.92%;--awb-spacing-left-small:1.92%;\"><div class=\"fusion-column-wrapper fusion-column-has-shadow fusion-flex-justify-content-center fusion-content-layout-column\"><div class=\"fusion-title title fusion-title-1 fusion-sep-none fusion-title-text fusion-title-size-three\" style=\"--awb-font-size:32px;\"><h3 class=\"fusion-title-heading title-heading-left fusion-responsive-typography-calculated\" style=\"margin:0;font-size:1em;--fontSize:32;line-height:1.2;\">Produktdata<\/h3><\/div><\/div><\/div><\/div><\/div><div class=\"fusion-fullwidth fullwidth-box fusion-builder-row-2 fusion-flex-container has-pattern-background has-mask-background nonhundred-percent-fullwidth non-hundred-percent-height-scrolling\" style=\"--awb-border-radius-top-left:0px;--awb-border-radius-top-right:0px;--awb-border-radius-bottom-right:0px;--awb-border-radius-bottom-left:0px;--awb-padding-top:4px;--awb-padding-right:6px;--awb-padding-left:6px;--awb-flex-wrap:wrap;\" ><div class=\"fusion-builder-row fusion-row fusion-flex-align-items-flex-start fusion-flex-content-wrap\" style=\"max-width:1597.44px;margin-left: calc(-4% \/ 2 );margin-right: calc(-4% \/ 2 );\"><div class=\"fusion-layout-column fusion_builder_column fusion-builder-column-1 fusion_builder_column_1_2 1_2 fusion-flex-column\" style=\"--awb-bg-size:cover;--awb-width-large:50%;--awb-margin-top-large:0px;--awb-spacing-right-large:3.84%;--awb-margin-bottom-large:20px;--awb-spacing-left-large:3.84%;--awb-width-medium:100%;--awb-order-medium:1;--awb-spacing-right-medium:1.92%;--awb-spacing-left-medium:1.92%;--awb-width-small:100%;--awb-order-small:1;--awb-spacing-right-small:1.92%;--awb-spacing-left-small:1.92%;\"><div class=\"fusion-column-wrapper fusion-column-has-shadow fusion-flex-justify-content-flex-start fusion-content-layout-column\"><div class=\"fusion-title title fusion-title-2 fusion-sep-none fusion-title-text fusion-title-size-three\" style=\"--awb-font-size:22px;\"><h3 class=\"fusion-title-heading title-heading-left fusion-responsive-typography-calculated\" style=\"margin:0;font-size:1em;--fontSize:22;line-height:1.5;\">Sortiment<\/h3><\/div>\n<div class=\"table-1\">\n<table width=\"100%\">\n<thead>\n<tr>\n<th align=\"left\">Produkt<\/th>\n<th align=\"left\">f\u00e4rg<\/th>\n<th align=\"left\">Antal<\/th>\n<th align=\"left\">Storlek<\/th>\n<\/tr>\n<\/thead>\n<tbody>\n<tr>\n<td align=\"left\">HS 615 Glas, 28 cl<\/td>\n<td align=\"left\">transparent<\/td>\n<td align=\"left\">25 st.<\/td>\n<td align=\"left\">diam 73 mm<\/td>\n<\/tr>\n<tr>\n<td align=\"left\">HS 616 Glas, 25 cl<\/td>\n<td align=\"left\">transparent<\/td>\n<td align=\"left\">25 st<\/td>\n<td align=\"left\">diam 83 mm<\/td>\n<\/tr>\n<tr>\n<td align=\"left\">HS 614 Glas, 40 cl<\/td>\n<td align=\"left\">transparent<\/td>\n<td align=\"left\">25 st.<\/td>\n<td align=\"left\">diam 85 mm<\/td>\n<\/tr>\n<tr>\n<td align=\"left\">HS 617 Vattenkanna, 1,4 l<\/td>\n<td align=\"left\">transparent<\/td>\n<td align=\"left\">25 st<\/td>\n<td align=\"left\">diam 135 mm<\/td>\n<\/tr>\n<\/tbody>\n<\/table>\n<\/div>\n<\/div><\/div><div class=\"fusion-layout-column fusion_builder_column fusion-builder-column-2 fusion_builder_column_1_2 1_2 fusion-flex-column\" style=\"--awb-bg-size:cover;--awb-width-large:50%;--awb-margin-top-large:0px;--awb-spacing-right-large:3.84%;--awb-margin-bottom-large:20px;--awb-spacing-left-large:3.84%;--awb-width-medium:100%;--awb-order-medium:0;--awb-spacing-right-medium:1.92%;--awb-spacing-left-medium:1.92%;--awb-width-small:100%;--awb-order-small:0;--awb-spacing-right-small:1.92%;--awb-spacing-left-small:1.92%;\"><div class=\"fusion-column-wrapper fusion-column-has-shadow fusion-flex-justify-content-flex-start fusion-content-layout-column\"><div class=\"fusion-title title fusion-title-3 fusion-sep-none fusion-title-text fusion-title-size-three\" style=\"--awb-font-size:22px;\"><h3 class=\"fusion-title-heading title-heading-left fusion-responsive-typography-calculated\" style=\"margin:0;font-size:1em;--fontSize:22;line-height:1.5;\">Mer information om produkten<\/h3><\/div><div class=\"fusion-text fusion-text-1\"><p><strong>Tekniska data<\/strong><br \/>\nDesignad och tillverkad i Sverige.<\/p>\n<p><strong>Material<\/strong><br \/>\nHS 616, HS 614, HS 617 &#8211; Polykarbonat HS 615 &#8211; <span data-olk-copy-source=\"MessageBody\">Lexan<\/span><\/p>\n<p><strong>Underh\u00e5ll<\/strong><br \/>\nProdukterna t\u00e5l maskindisk och h\u00e5ller l\u00e4ngre.<br \/>\nT\u00e4nk p\u00e5 att plastglas i j\u00e4mf\u00f6relse med vanligt glas f\u00e5r en mattare yta med tiden.<\/p>\n<p><strong>Leverans och garanti<\/strong><br \/>\nBest\u00e4llningar skickas inom 1-2 veckor.<br \/>\n1 \u00e5rs garanti mot tillverkningsfel.<br \/>\n(Produkten \u00e4r att betrakta som &#8221;\u00e5teranv\u00e4ndbar&#8221;* med en begr\u00e4nsad livsl\u00e4ngd genom sin design och val av riskreducerande material, d\u00e4rf\u00f6r g\u00e4ller ingen garanti).<\/p>\n<p><strong>H\u00e5llbarhet<\/strong><br \/>\n\u00c5tervinning som plast.<\/p>\n<p><strong>Anm\u00e4rkning<\/strong><br \/>\nPlast \u00e4r mycket k\u00e4nsligt f\u00f6r: \u00e5ldrande, UV-str\u00e5lning, fukt, temperatur, drastiska f\u00f6r\u00e4ndringar av temperatur och\/eller luftfuktighet.<br \/>\n&#8221;\u00c5teranv\u00e4ndbara&#8221; plastprodukter ska ha en l\u00e4ngre livsl\u00e4ngd \u00e4n vanliga eng\u00e5ngsprodukter.<br \/>\nDiskmaskin och mikrov\u00e5gsugn accepteras, liksom milda reng\u00f6ringsmedel.<br \/>\nVi kan dock inte garantera maximala diskmaskinscykler, mikrov\u00e5gseffekt, frys- eller ugnsinst\u00e4llningar, eftersom alla maskiner fungerar olika.<br \/>\nPlaster deformeras och \u00e5terf\u00e5r sin form i olika utstr\u00e4ckning.<br \/>\nStarka reng\u00f6ringsmedel, pl\u00f6tsliga temperatur- och\/eller fuktf\u00f6r\u00e4ndringar, v\u00e5ld eller slarvig hantering p\u00e5verkar produktens livsl\u00e4ngd.<br \/>\nStarka pigment och olja, t.ex. fr\u00e5n mat, kan l\u00e4mna fl\u00e4ckar.<br \/>\n\u00c5teranv\u00e4ndbara&#8221; plastprodukter f\u00f6rlorar sin styrka\/egenskaper med tiden och ska kontinuerligt \u00f6vervakas f\u00f6r att inte skapa risk, t.ex. genom att bli spr\u00f6da, p\u00e5 grund av ovan angivna omst\u00e4ndigheter och hantering.<\/p>\n<div class=\"fusion-fullwidth fullwidth-box fusion-builder-row-3 fusion-flex-container has-pattern-background has-mask-background nonhundred-percent-fullwidth non-hundred-percent-height-scrolling\">\n<div class=\"fusion-builder-row fusion-row fusion-flex-align-items-flex-start fusion-flex-content-wrap\">\n<div class=\"fusion-layout-column fusion_builder_column fusion-builder-column-3 fusion_builder_column_1_1 1_1 fusion-flex-column\">\n<div class=\"fusion-column-wrapper fusion-column-has-shadow fusion-flex-justify-content-flex-start fusion-content-layout-column\">\n<div class=\"fusion-content-tb fusion-content-tb-1\">\n<div class=\"fusion-fullwidth fullwidth-box fusion-builder-row-3-1 fusion-flex-container has-pattern-background has-mask-background hundred-percent-fullwidth non-hundred-percent-height-scrolling\">\n<div class=\"fusion-builder-row fusion-row fusion-flex-align-items-center fusion-flex-justify-content-center fusion-flex-content-wrap\">\n<div class=\"fusion-layout-column fusion_builder_column fusion-builder-column-4 fusion_builder_column_1_1 1_1 fusion-flex-column fusion-flex-align-self-center\">\n<div class=\"fusion-column-wrapper fusion-column-has-shadow fusion-flex-justify-content-center fusion-content-layout-column\">\n<div class=\"fusion-title title fusion-title-2 fusion-sep-none fusion-title-text fusion-title-size-three\"><\/div>\n<\/div>\n<\/div>\n<\/div>\n<\/div>\n<\/div>\n<\/div>\n<\/div>\n<\/div>\n<\/div>\n<\/div><\/div><\/div><\/div><\/div><div class=\"fusion-fullwidth fullwidth-box fusion-builder-row-3 fusion-flex-container has-pattern-background has-mask-background hundred-percent-fullwidth non-hundred-percent-height-scrolling\" style=\"--awb-border-radius-top-left:0px;--awb-border-radius-top-right:0px;--awb-border-radius-bottom-right:0px;--awb-border-radius-bottom-left:0px;--awb-padding-top:7px;--awb-padding-right:8px;--awb-padding-left:8px;--awb-flex-wrap:wrap;\" ><div class=\"fusion-builder-row fusion-row fusion-flex-align-items-stretch fusion-flex-content-wrap\" style=\"width:104% !important;max-width:104% !important;margin-left: calc(-4% \/ 2 );margin-right: calc(-4% \/ 2 );\"><div class=\"fusion-layout-column fusion_builder_column fusion-builder-column-3 fusion_builder_column_1_4 1_4 fusion-flex-column fusion-flex-align-self-stretch fusion-column-inner-bg-wrapper\" style=\"--awb-padding-top:20px;--awb-padding-right:20px;--awb-padding-bottom:20px;--awb-padding-left:20px;--awb-inner-bg-color:var(--awb-color1);--awb-inner-bg-color-hover:var(--awb-color1);--awb-inner-bg-size:cover;--awb-width-large:25%;--awb-margin-top-large:0px;--awb-spacing-right-large:3.84%;--awb-margin-bottom-large:20px;--awb-spacing-left-large:3.84%;--awb-width-medium:100%;--awb-order-medium:0;--awb-spacing-right-medium:1.92%;--awb-spacing-left-medium:1.92%;--awb-width-small:100%;--awb-order-small:0;--awb-spacing-right-small:1.92%;--awb-spacing-left-small:1.92%;\" data-scroll-devices=\"small-visibility,medium-visibility,large-visibility\"><span class=\"fusion-column-inner-bg hover-type-none\"><a class=\"fusion-column-anchor\" href=\"https:\/\/healsafeinterior.com\/sv\/produkt\/cafeglas\/\"><span class=\"fusion-column-inner-bg-image\"><\/span><\/a><\/span><div class=\"fusion-column-wrapper fusion-column-has-shadow fusion-flex-justify-content-center fusion-content-layout-column\"><div class=\"fusion-image-element \" style=\"--awb-caption-title-font-family:var(--h2_typography-font-family);--awb-caption-title-font-weight:var(--h2_typography-font-weight);--awb-caption-title-font-style:var(--h2_typography-font-style);--awb-caption-title-size:var(--h2_typography-font-size);--awb-caption-title-transform:var(--h2_typography-text-transform);--awb-caption-title-line-height:var(--h2_typography-line-height);--awb-caption-title-letter-spacing:var(--h2_typography-letter-spacing);\"><span class=\" fusion-imageframe imageframe-none imageframe-1 hover-type-none\"><img decoding=\"async\" width=\"1000\" height=\"1000\" title=\"Glass 25 cl_white_1000x1000_2\" src=\"https:\/\/healsafeinterior.com\/wp-content\/uploads\/2020\/12\/Glass-25-cl_white_1000x1000_2.webp\" class=\"img-responsive wp-image-14496\" srcset=\"https:\/\/healsafeinterior.com\/wp-content\/uploads\/2020\/12\/Glass-25-cl_white_1000x1000_2-200x200.webp 200w, https:\/\/healsafeinterior.com\/wp-content\/uploads\/2020\/12\/Glass-25-cl_white_1000x1000_2-400x400.webp 400w, https:\/\/healsafeinterior.com\/wp-content\/uploads\/2020\/12\/Glass-25-cl_white_1000x1000_2-600x600.webp 600w, https:\/\/healsafeinterior.com\/wp-content\/uploads\/2020\/12\/Glass-25-cl_white_1000x1000_2-800x800.webp 800w, https:\/\/healsafeinterior.com\/wp-content\/uploads\/2020\/12\/Glass-25-cl_white_1000x1000_2.webp 1000w\" sizes=\"(max-width: 1024px) 100vw, (max-width: 640px) 100vw, 400px\" alt=\"\"><\/span><\/div><div class=\"fusion-text fusion-text-2\" style=\"--awb-margin-top:20px;\"><p>HS 616<\/p>\n<\/div><\/div><\/div><div class=\"fusion-layout-column fusion_builder_column fusion-builder-column-4 fusion_builder_column_1_4 1_4 fusion-flex-column fusion-flex-align-self-stretch fusion-column-inner-bg-wrapper\" style=\"--awb-padding-top:20px;--awb-padding-right:20px;--awb-padding-bottom:20px;--awb-padding-left:20px;--awb-inner-bg-color:var(--awb-color1);--awb-inner-bg-color-hover:var(--awb-color1);--awb-inner-bg-size:cover;--awb-width-large:25%;--awb-margin-top-large:0px;--awb-spacing-right-large:3.84%;--awb-margin-bottom-large:20px;--awb-spacing-left-large:3.84%;--awb-width-medium:100%;--awb-order-medium:0;--awb-spacing-right-medium:1.92%;--awb-spacing-left-medium:1.92%;--awb-width-small:100%;--awb-order-small:0;--awb-spacing-right-small:1.92%;--awb-spacing-left-small:1.92%;\" data-scroll-devices=\"small-visibility,medium-visibility,large-visibility\"><span class=\"fusion-column-inner-bg hover-type-none\"><a class=\"fusion-column-anchor\" href=\"https:\/\/healsafeinterior.com\/sv\/produkt\/cafeglas\/\"><span class=\"fusion-column-inner-bg-image\"><\/span><\/a><\/span><div class=\"fusion-column-wrapper fusion-column-has-shadow fusion-flex-justify-content-center fusion-content-layout-column\"><div class=\"fusion-image-element \" style=\"--awb-caption-title-font-family:var(--h2_typography-font-family);--awb-caption-title-font-weight:var(--h2_typography-font-weight);--awb-caption-title-font-style:var(--h2_typography-font-style);--awb-caption-title-size:var(--h2_typography-font-size);--awb-caption-title-transform:var(--h2_typography-text-transform);--awb-caption-title-line-height:var(--h2_typography-line-height);--awb-caption-title-letter-spacing:var(--h2_typography-letter-spacing);\"><span class=\" fusion-imageframe imageframe-none imageframe-2 hover-type-none\"><img decoding=\"async\" width=\"440\" height=\"440\" title=\"Glass 40 cl background 440&#215;440\" src=\"https:\/\/healsafeinterior.com\/wp-content\/uploads\/2020\/12\/Glass-40-cl-background-440x440-1.jpg\" class=\"img-responsive wp-image-12828\" srcset=\"https:\/\/healsafeinterior.com\/wp-content\/uploads\/2020\/12\/Glass-40-cl-background-440x440-1-200x200.jpg 200w, https:\/\/healsafeinterior.com\/wp-content\/uploads\/2020\/12\/Glass-40-cl-background-440x440-1-400x400.jpg 400w, https:\/\/healsafeinterior.com\/wp-content\/uploads\/2020\/12\/Glass-40-cl-background-440x440-1.jpg 440w\" sizes=\"(max-width: 1024px) 100vw, (max-width: 640px) 100vw, 400px\" alt=\"\"><\/span><\/div><div class=\"fusion-text fusion-text-3\" style=\"--awb-margin-top:20px;\"><p>HS 614<\/p>\n<\/div><\/div><\/div><div class=\"fusion-layout-column fusion_builder_column fusion-builder-column-5 fusion_builder_column_1_4 1_4 fusion-flex-column fusion-flex-align-self-stretch fusion-column-inner-bg-wrapper\" style=\"--awb-padding-top:20px;--awb-padding-right:20px;--awb-padding-bottom:20px;--awb-padding-left:20px;--awb-inner-bg-color:var(--awb-color1);--awb-inner-bg-color-hover:var(--awb-color1);--awb-inner-bg-size:cover;--awb-width-large:25%;--awb-margin-top-large:0px;--awb-spacing-right-large:3.84%;--awb-margin-bottom-large:20px;--awb-spacing-left-large:3.84%;--awb-width-medium:100%;--awb-order-medium:0;--awb-spacing-right-medium:1.92%;--awb-spacing-left-medium:1.92%;--awb-width-small:100%;--awb-order-small:0;--awb-spacing-right-small:1.92%;--awb-spacing-left-small:1.92%;\" data-scroll-devices=\"small-visibility,medium-visibility,large-visibility\"><span class=\"fusion-column-inner-bg hover-type-none\"><a class=\"fusion-column-anchor\" href=\"https:\/\/healsafeinterior.com\/sv\/produkt\/glas-28-cl-25st\/\"><span class=\"fusion-column-inner-bg-image\"><\/span><\/a><\/span><div class=\"fusion-column-wrapper fusion-column-has-shadow fusion-flex-justify-content-center fusion-content-layout-column\"><div class=\"fusion-image-element \" style=\"--awb-caption-title-font-family:var(--h2_typography-font-family);--awb-caption-title-font-weight:var(--h2_typography-font-weight);--awb-caption-title-font-style:var(--h2_typography-font-style);--awb-caption-title-size:var(--h2_typography-font-size);--awb-caption-title-transform:var(--h2_typography-text-transform);--awb-caption-title-line-height:var(--h2_typography-line-height);--awb-caption-title-letter-spacing:var(--h2_typography-letter-spacing);\"><span class=\" fusion-imageframe imageframe-none imageframe-3 hover-type-none\"><img decoding=\"async\" width=\"440\" height=\"440\" title=\"Glass-28-cl\" src=\"https:\/\/healsafeinterior.com\/wp-content\/uploads\/2020\/11\/Glass-28-cl-440x440-1.jpg\" class=\"img-responsive wp-image-12032\" srcset=\"https:\/\/healsafeinterior.com\/wp-content\/uploads\/2020\/11\/Glass-28-cl-440x440-1-200x200.jpg 200w, https:\/\/healsafeinterior.com\/wp-content\/uploads\/2020\/11\/Glass-28-cl-440x440-1-400x400.jpg 400w, https:\/\/healsafeinterior.com\/wp-content\/uploads\/2020\/11\/Glass-28-cl-440x440-1.jpg 440w\" sizes=\"(max-width: 1024px) 100vw, (max-width: 640px) 100vw, 400px\" alt=\"\"><\/span><\/div><div class=\"fusion-text fusion-text-4\" style=\"--awb-margin-top:20px;\"><p>HS 615<\/p>\n<\/div><\/div><\/div><div class=\"fusion-layout-column fusion_builder_column fusion-builder-column-6 fusion_builder_column_1_4 1_4 fusion-flex-column fusion-flex-align-self-stretch fusion-column-inner-bg-wrapper\" style=\"--awb-padding-top:20px;--awb-padding-right:20px;--awb-padding-bottom:20px;--awb-padding-left:20px;--awb-inner-bg-color:var(--awb-color1);--awb-inner-bg-color-hover:var(--awb-color1);--awb-inner-bg-size:cover;--awb-width-large:25%;--awb-margin-top-large:0px;--awb-spacing-right-large:3.84%;--awb-margin-bottom-large:20px;--awb-spacing-left-large:3.84%;--awb-width-medium:100%;--awb-order-medium:0;--awb-spacing-right-medium:1.92%;--awb-spacing-left-medium:1.92%;--awb-width-small:100%;--awb-order-small:0;--awb-spacing-right-small:1.92%;--awb-spacing-left-small:1.92%;\" data-scroll-devices=\"small-visibility,medium-visibility,large-visibility\"><span class=\"fusion-column-inner-bg hover-type-none\"><a class=\"fusion-column-anchor\" href=\"https:\/\/healsafeinterior.com\/sv\/produkt\/tillbringare-14-liter\/\"><span class=\"fusion-column-inner-bg-image\"><\/span><\/a><\/span><div class=\"fusion-column-wrapper fusion-column-has-shadow fusion-flex-justify-content-center fusion-content-layout-column\"><div class=\"fusion-image-element \" style=\"--awb-caption-title-font-family:var(--h2_typography-font-family);--awb-caption-title-font-weight:var(--h2_typography-font-weight);--awb-caption-title-font-style:var(--h2_typography-font-style);--awb-caption-title-size:var(--h2_typography-font-size);--awb-caption-title-transform:var(--h2_typography-text-transform);--awb-caption-title-line-height:var(--h2_typography-line-height);--awb-caption-title-letter-spacing:var(--h2_typography-letter-spacing);\"><span class=\" fusion-imageframe imageframe-none imageframe-4 hover-type-none\"><img decoding=\"async\" width=\"440\" height=\"440\" title=\"Water-pitcher-transparent-440&#215;400-\" src=\"https:\/\/healsafeinterior.com\/wp-content\/uploads\/2024\/11\/Water-pitcher-transparent-440x400-.webp\" class=\"img-responsive wp-image-16703\" srcset=\"https:\/\/healsafeinterior.com\/wp-content\/uploads\/2024\/11\/Water-pitcher-transparent-440x400--200x200.webp 200w, https:\/\/healsafeinterior.com\/wp-content\/uploads\/2024\/11\/Water-pitcher-transparent-440x400--400x400.webp 400w, https:\/\/healsafeinterior.com\/wp-content\/uploads\/2024\/11\/Water-pitcher-transparent-440x400-.webp 440w\" sizes=\"(max-width: 1024px) 100vw, (max-width: 640px) 100vw, 400px\" alt=\"\"><\/span><\/div><div class=\"fusion-text fusion-text-5\" style=\"--awb-margin-top:20px;\"><p>HS 617<\/p>\n<\/div><\/div><\/div><\/div><\/div><\/p>\n","protected":false},"excerpt":{"rendered":"<p>&#8211; <span data-olk-copy-source=\"MessageBody\">Slitstarkt glas, mycket sv\u00e5rt att krossa<\/span><br \/>\n&#8211; &#8221;Normaliserad&#8221; dukning i utmanande milj\u00f6er<br \/>\n&#8211; T\u00e5l maskindisk<\/p>\n<p class=\"p1\">H\u00e5llbara glas med enkel igenk\u00e4nnbar form som bidrar till en trivsam milj\u00f6 och m\u00e5ltid.<br \/>\nGlasen t\u00e5l maskindisk, mikrov\u00e5gsanv\u00e4ndning och h\u00e5ller \u00f6ver l\u00e4ngre tid. (T\u00e4nk p\u00e5 att i j\u00e4mf\u00f6relse med vanliga glas blir plastglas repiga med tiden.)<\/p>\n<p class=\"p1\">Finns i 2 storlekar: 25 cl och 40 cl<\/p>\n<p class=\"p1\">S\u00e4ljs i f\u00f6rpackningar om 25 st.<\/p>\n","protected":false},"featured_media":14492,"template":"","meta":[],"product_brand":[],"product_cat":[639,603,641],"product_tag":[],"class_list":{"0":"post-15474","1":"product","2":"type-product","3":"status-publish","4":"has-post-thumbnail","6":"product_cat-husgerad-sv","7":"product_cat-husgerad","8":"product_cat-muggar-och-glas","10":"first","11":"instock","12":"shipping-taxable","13":"purchasable","14":"product-type-variable"},"_links":{"self":[{"href":"https:\/\/healsafeinterior.com\/sv\/wp-json\/wp\/v2\/product\/15474","targetHints":{"allow":["GET"]}}],"collection":[{"href":"https:\/\/healsafeinterior.com\/sv\/wp-json\/wp\/v2\/product"}],"about":[{"href":"https:\/\/healsafeinterior.com\/sv\/wp-json\/wp\/v2\/types\/product"}],"wp:featuredmedia":[{"embeddable":true,"href":"https:\/\/healsafeinterior.com\/sv\/wp-json\/wp\/v2\/media\/14492"}],"wp:attachment":[{"href":"https:\/\/healsafeinterior.com\/sv\/wp-json\/wp\/v2\/media?parent=15474"}],"wp:term":[{"taxonomy":"product_brand","embeddable":true,"href":"https:\/\/healsafeinterior.com\/sv\/wp-json\/wp\/v2\/product_brand?post=15474"},{"taxonomy":"product_cat","embeddable":true,"href":"https:\/\/healsafeinterior.com\/sv\/wp-json\/wp\/v2\/product_cat?post=15474"},{"taxonomy":"product_tag","embeddable":true,"href":"https:\/\/healsafeinterior.com\/sv\/wp-json\/wp\/v2\/product_tag?post=15474"}],"curies":[{"name":"wp","href":"https:\/\/api.w.org\/{rel}","templated":true}]}}