{"id":15472,"date":"2020-12-08T16:31:55","date_gmt":"2020-12-08T15:31:55","guid":{"rendered":"https:\/\/healsafeinterior.com\/product\/boden-sittsack\/"},"modified":"2024-09-24T11:56:03","modified_gmt":"2024-09-24T09:56:03","slug":"boden-sittsack","status":"publish","type":"product","link":"https:\/\/healsafeinterior.com\/sv\/produkt\/boden-sittsack\/","title":{"rendered":"Boden sitts\u00e4ck"},"content":{"rendered":"","protected":false},"excerpt":{"rendered":"<p>&#8211; Kraftiga sydda s\u00f6mmar (inga \u00e5tkomliga dragkedjor) f\u00f6r att f\u00f6rhindra<br \/>\nmanipulering<br \/>\n&#8211; Tyger och skumfyllning har brandskydd till BS 7176:2007 k\u00e4lla 5<br \/>\n&#8211; L\u00e4tt &#8211; minskad risk f\u00f6r skada<\/p>\n<p>Formgiven f\u00f6r utmanande milj\u00f6.<br \/>\n<br \/>Mycket H\u00e5llbart tyg &#8211; 500 000 Martindale. Inre s\u00f6mmar ger ett extra skydd.<br \/>Storlek: H 800 mm, B 900 mm, D 900 mm   <\/p>\n","protected":false},"featured_media":12636,"template":"","meta":[],"product_brand":[],"product_cat":[599,624,626],"product_tag":[],"class_list":{"0":"post-15472","1":"product","2":"type-product","3":"status-publish","4":"has-post-thumbnail","6":"product_cat-extra-hoga-sakerhetskrav","7":"product_cat-sakerhetsmobler","8":"product_cat-sittsackar-mjuka-sittmobler","10":"first","11":"instock","12":"shipping-taxable","13":"purchasable","14":"product-type-simple"},"_links":{"self":[{"href":"https:\/\/healsafeinterior.com\/sv\/wp-json\/wp\/v2\/product\/15472","targetHints":{"allow":["GET"]}}],"collection":[{"href":"https:\/\/healsafeinterior.com\/sv\/wp-json\/wp\/v2\/product"}],"about":[{"href":"https:\/\/healsafeinterior.com\/sv\/wp-json\/wp\/v2\/types\/product"}],"wp:featuredmedia":[{"embeddable":true,"href":"https:\/\/healsafeinterior.com\/sv\/wp-json\/wp\/v2\/media\/12636"}],"wp:attachment":[{"href":"https:\/\/healsafeinterior.com\/sv\/wp-json\/wp\/v2\/media?parent=15472"}],"wp:term":[{"taxonomy":"product_brand","embeddable":true,"href":"https:\/\/healsafeinterior.com\/sv\/wp-json\/wp\/v2\/product_brand?post=15472"},{"taxonomy":"product_cat","embeddable":true,"href":"https:\/\/healsafeinterior.com\/sv\/wp-json\/wp\/v2\/product_cat?post=15472"},{"taxonomy":"product_tag","embeddable":true,"href":"https:\/\/healsafeinterior.com\/sv\/wp-json\/wp\/v2\/product_tag?post=15472"}],"curies":[{"name":"wp","href":"https:\/\/api.w.org\/{rel}","templated":true}]}}