{"id":15462,"date":"2020-12-09T11:54:29","date_gmt":"2020-12-09T10:54:29","guid":{"rendered":"https:\/\/healsafeinterior.com\/product\/sittkuddar\/"},"modified":"2020-12-09T11:54:29","modified_gmt":"2020-12-09T10:54:29","slug":"sittkuddar","status":"publish","type":"product","link":"https:\/\/healsafeinterior.com\/sv\/produkt\/sittkuddar\/","title":{"rendered":"Sittkuddar"},"content":{"rendered":"","protected":false},"excerpt":{"rendered":"<ul>\n<li>Finns med svetsade eller sydda s\u00f6mmar<\/li>\n<li>Dacor-tyg och -fyllning \u00e4r brandh\u00e4mmande<\/li>\n<li>L\u00e4ttvikt &#8211; ingen risk f\u00f6r skador<\/li>\n<\/ul>\n<p>  Sittdynorna \u00e4r l\u00e4tta att reng\u00f6ra.<br \/>\nSittdyna Ryno &#8211; Storlek: H 30, B 430 mm, D 360 mm <em>(passar till <a href=\"https:\/\/healsafeinterior.com\/product\/ryno-dining-chair\/\">matstolen Ryno<\/a> eller <a href=\"https:\/\/healsafeinterior.com\/product\/ryno-lounge-chair\/\">f\u00e5t\u00f6ljen Ryno<\/a>).<\/em><br \/>\nSittdyna Round &#8211; Storlek: H 30 mm <em>,<\/em> Diam 350 mm <em>(passar <a href=\"https:\/\/healsafeinterior.com\/product\/rock-chair\/\">Rock-stol<\/a> <a href=\"https:\/\/healsafeinterior.com\/product\/ryno-stool\/\">, Ryno-pall<\/a> m.fl.).<\/em><br \/>\nSittdyna Rock &#8211; Storlek: H 30 mm <em>(passar <a href=\"https:\/\/healsafeinterior.com\/product\/rock-chair\/\">Rock-stolen<\/a>)<\/em>   <\/p>\n<p>&nbsp;<\/p>\n","protected":false},"featured_media":12672,"template":"","meta":[],"product_brand":[],"product_cat":[599,602,624,626,629],"product_tag":[],"class_list":{"0":"post-15462","1":"product","2":"type-product","3":"status-publish","4":"has-post-thumbnail","6":"product_cat-extra-hoga-sakerhetskrav","7":"product_cat-mjuka-sittmobler","8":"product_cat-sakerhetsmobler","9":"product_cat-sittsackar-mjuka-sittmobler","10":"product_cat-stolar","12":"first","13":"instock","14":"shipping-taxable","15":"purchasable","16":"product-type-variable"},"_links":{"self":[{"href":"https:\/\/healsafeinterior.com\/sv\/wp-json\/wp\/v2\/product\/15462","targetHints":{"allow":["GET"]}}],"collection":[{"href":"https:\/\/healsafeinterior.com\/sv\/wp-json\/wp\/v2\/product"}],"about":[{"href":"https:\/\/healsafeinterior.com\/sv\/wp-json\/wp\/v2\/types\/product"}],"wp:featuredmedia":[{"embeddable":true,"href":"https:\/\/healsafeinterior.com\/sv\/wp-json\/wp\/v2\/media\/12672"}],"wp:attachment":[{"href":"https:\/\/healsafeinterior.com\/sv\/wp-json\/wp\/v2\/media?parent=15462"}],"wp:term":[{"taxonomy":"product_brand","embeddable":true,"href":"https:\/\/healsafeinterior.com\/sv\/wp-json\/wp\/v2\/product_brand?post=15462"},{"taxonomy":"product_cat","embeddable":true,"href":"https:\/\/healsafeinterior.com\/sv\/wp-json\/wp\/v2\/product_cat?post=15462"},{"taxonomy":"product_tag","embeddable":true,"href":"https:\/\/healsafeinterior.com\/sv\/wp-json\/wp\/v2\/product_tag?post=15462"}],"curies":[{"name":"wp","href":"https:\/\/api.w.org\/{rel}","templated":true}]}}