{"id":15449,"date":"2020-12-10T17:07:50","date_gmt":"2020-12-10T16:07:50","guid":{"rendered":"https:\/\/healsafeinterior.com\/product\/ljudabsorbent\/"},"modified":"2025-06-17T11:27:58","modified_gmt":"2025-06-17T09:27:58","slug":"ljudabsorbent","status":"publish","type":"product","link":"https:\/\/healsafeinterior.com\/sv\/produkt\/ljudabsorbent\/","title":{"rendered":"Ljudabsorbent"},"content":{"rendered":"<div class=\"fusion-fullwidth fullwidth-box fusion-builder-row-1 fusion-flex-container has-pattern-background has-mask-background hundred-percent-fullwidth non-hundred-percent-height-scrolling\" style=\"--awb-border-radius-top-left:0px;--awb-border-radius-top-right:0px;--awb-border-radius-bottom-right:0px;--awb-border-radius-bottom-left:0px;--awb-padding-top:4px;--awb-padding-right:6px;--awb-padding-bottom:0px;--awb-padding-left:6px;--awb-margin-top:5px;--awb-margin-bottom:20px;--awb-flex-wrap:wrap;\" ><div class=\"fusion-builder-row fusion-row fusion-flex-align-items-center fusion-flex-justify-content-center fusion-flex-content-wrap\" style=\"width:104% !important;max-width:104% !important;margin-left: calc(-4% \/ 2 );margin-right: calc(-4% \/ 2 );\"><div class=\"fusion-layout-column fusion_builder_column fusion-builder-column-0 fusion_builder_column_1_1 1_1 fusion-flex-column fusion-flex-align-self-center\" style=\"--awb-bg-size:cover;--awb-width-large:100%;--awb-margin-top-large:0px;--awb-spacing-right-large:1.92%;--awb-margin-bottom-large:3px;--awb-spacing-left-large:1.92%;--awb-width-medium:100%;--awb-order-medium:0;--awb-spacing-right-medium:1.92%;--awb-spacing-left-medium:1.92%;--awb-width-small:100%;--awb-order-small:0;--awb-spacing-right-small:1.92%;--awb-spacing-left-small:1.92%;\"><div class=\"fusion-column-wrapper fusion-column-has-shadow fusion-flex-justify-content-center fusion-content-layout-column\"><div class=\"fusion-tabs fusion-tabs-1 classic nav-not-justified horizontal-tabs icon-position-left mobile-mode-carousel\" style=\"--awb-title-border-radius-top-left:2px;--awb-title-border-radius-top-right:2px;--awb-title-border-radius-bottom-right:2px;--awb-title-border-radius-bottom-left:2px;--awb-content-padding-top:40px;--awb-content-padding-right:30px;--awb-content-padding-bottom:40px;--awb-content-padding-left:30px;--awb-title-padding-right:40px;--awb-title-padding-left:40px;--awb-title-font-size:17px;--awb-alignment:start;--awb-inactive-color:var(--awb-color2);--awb-title-text-color:var(--awb-color5);--awb-title-active-text-color:var(--awb-color7);--awb-background-color:var(--awb-color1);--awb-border-color:rgba(167,172,162,0);--awb-active-border-color:var(--awb-custom_color_2);--awb-title-font-family:&quot;Sen&quot;;--awb-title-font-style:normal;--awb-title-font-weight:400;\"><div class=\"nav\"><ul class=\"nav-tabs\" role=\"tablist\"><li class=\"active\" role=\"presentation\"><a class=\"tab-link\" data-toggle=\"tab\" role=\"tab\" aria-controls=\"tab-c90e157c06910bdb0f4\" aria-selected=\"true\" id=\"fusion-tab-meromprodukten\" href=\"#tab-c90e157c06910bdb0f4\"><h3 class=\"fusion-tab-heading\">Mer om produkten<\/h3><\/a><\/li><\/ul><\/div><div class=\"tab-content\"><div class=\"tab-pane fade fusion-clearfix in active\" role=\"tabpanel\" tabindex=\"0\" aria-labelledby=\"fusion-tab-meromprodukten\" id=\"tab-c90e157c06910bdb0f4\">\n<p>Storlek: H 1280 mm, W 680 mm. Andra storlekar g\u00e5r att best\u00e4lla.<\/p>\n<p>Produkten \u00e4r konstruerad f\u00f6r att t\u00e5la fysiskt v\u00e5ld. Konstruktionen f\u00f6rhindrar att den kan avl\u00e4gsnas fr\u00e5n v\u00e4ggen.<\/p>\n<p>Den unika nanoperforeringen (0,5 mm) f\u00f6rhindrar fasts\u00e4ttning av en ligatur och g\u00f6r ytan motst\u00e5ndskraftig mot v\u00e4tskor och damm. Dessa \u00e4r viktiga aspekter i milj\u00f6er med s\u00e4kerhet och hygien i fokus.<\/p>\n<p>Ljudabsorptionsklass B (ax 0,85). Brandskyddsklassifikation A2-s1,d0 och K110\/K210.<\/p>\n<p>Ljudabsorbenten kan monteras p\u00e5 v\u00e4ggen (storlek enligt ovan) eller i taket (kundanpassad storlek).<\/p>\n<p>Tillverkad i Sverige.<\/p>\n<\/div><\/div><\/div><\/div><\/div><\/div><\/div>\n","protected":false},"excerpt":{"rendered":"<p>&#8211; V\u00e4ggmonterad med unik h\u00e5llbar mikroperforerad yta som medger god hygien<br \/>\n&#8211; Ram i massiv bj\u00f6rk med fasade kanter f\u00f6r att minska risken f\u00f6r att f\u00e4sta en snara<br \/>\n&#8211; Ljudabsorbenten kan f\u00e5s med tryck, foto eller annat m\u00f6nster p\u00e5 fronten<\/p>\n<p>Att minska ljudniv\u00e5n i en v\u00e5rdmilj\u00f6 har en stressreducerande effekt, vilket i sin tur har en positiv effekt p\u00e5 s\u00f6mnkvaliteten och kan minska aggression samt bidra till \u00e5terh\u00e4mtning. En ljudabsorbent kan adderas n\u00e4r extra h\u00f6ga krav st\u00e4lls p\u00e5 den akustiska milj\u00f6n och de ljudabsorberande egenskaperna fr\u00e5n rummets textilier inte r\u00e4cker till.<\/p>\n<p>Healsafe Interi\u00f6r har d\u00e4rf\u00f6r utvecklat en unik, robust, h\u00e5llbar och s\u00e4ker ljudabsorbent som \u00e4r om\u00f6jlig att riva ner eller ha s\u00f6nder. Den unika konstruktionen best\u00e5r av en f\u00f6rst\u00e4rkt brandklassad fibergipsskiva med h\u00e5rt laminat samt brandklassad ljudabsorberande stenull. Nanoh\u00e5len, 0,5 mm, \u00e4r s\u00e5 pass sm\u00e5 att damm och droppar inte tr\u00e4nger in i materialet. Se produkten &#8221;V\u00e4ggkonst&#8221; f\u00f6r val av <a href=\"https:\/\/healsafeinterior.com\/product\/wall-art\/\">naturfoton<\/a>.<\/p>\n","protected":false},"featured_media":14308,"template":"","meta":[],"product_brand":[],"product_cat":[599,610,617],"product_tag":[],"class_list":{"0":"post-15449","1":"product","2":"type-product","3":"status-publish","4":"has-post-thumbnail","6":"product_cat-extra-hoga-sakerhetskrav","7":"product_cat-inredningsprodukter","8":"product_cat-ljudabsorbenter","10":"first","11":"instock","12":"shipping-taxable","13":"purchasable","14":"product-type-variable"},"_links":{"self":[{"href":"https:\/\/healsafeinterior.com\/sv\/wp-json\/wp\/v2\/product\/15449","targetHints":{"allow":["GET"]}}],"collection":[{"href":"https:\/\/healsafeinterior.com\/sv\/wp-json\/wp\/v2\/product"}],"about":[{"href":"https:\/\/healsafeinterior.com\/sv\/wp-json\/wp\/v2\/types\/product"}],"wp:featuredmedia":[{"embeddable":true,"href":"https:\/\/healsafeinterior.com\/sv\/wp-json\/wp\/v2\/media\/14308"}],"wp:attachment":[{"href":"https:\/\/healsafeinterior.com\/sv\/wp-json\/wp\/v2\/media?parent=15449"}],"wp:term":[{"taxonomy":"product_brand","embeddable":true,"href":"https:\/\/healsafeinterior.com\/sv\/wp-json\/wp\/v2\/product_brand?post=15449"},{"taxonomy":"product_cat","embeddable":true,"href":"https:\/\/healsafeinterior.com\/sv\/wp-json\/wp\/v2\/product_cat?post=15449"},{"taxonomy":"product_tag","embeddable":true,"href":"https:\/\/healsafeinterior.com\/sv\/wp-json\/wp\/v2\/product_tag?post=15449"}],"curies":[{"name":"wp","href":"https:\/\/api.w.org\/{rel}","templated":true}]}}