{"id":15427,"date":"2018-11-07T12:22:43","date_gmt":"2018-11-07T11:22:43","guid":{"rendered":"https:\/\/healsafeinterior.com\/product\/ryno-matbord\/"},"modified":"2024-08-28T12:01:35","modified_gmt":"2024-08-28T10:01:35","slug":"ryno-matbord","status":"publish","type":"product","link":"https:\/\/healsafeinterior.com\/sv\/produkt\/ryno-matbord\/","title":{"rendered":"Ryno matbord"},"content":{"rendered":"<div class=\"fusion-fullwidth fullwidth-box fusion-builder-row-1 fusion-flex-container has-pattern-background has-mask-background hundred-percent-fullwidth non-hundred-percent-height-scrolling\" style=\"--awb-border-radius-top-left:0px;--awb-border-radius-top-right:0px;--awb-border-radius-bottom-right:0px;--awb-border-radius-bottom-left:0px;--awb-padding-top:4px;--awb-padding-right:6px;--awb-padding-bottom:0px;--awb-padding-left:6px;--awb-margin-top:5px;--awb-margin-bottom:20px;--awb-flex-wrap:wrap;\" ><div class=\"fusion-builder-row fusion-row fusion-flex-align-items-center fusion-flex-justify-content-center fusion-flex-content-wrap\" style=\"width:104% !important;max-width:104% !important;margin-left: calc(-4% \/ 2 );margin-right: calc(-4% \/ 2 );\"><div class=\"fusion-layout-column fusion_builder_column fusion-builder-column-0 fusion_builder_column_1_1 1_1 fusion-flex-column fusion-flex-align-self-center\" style=\"--awb-bg-size:cover;--awb-width-large:100%;--awb-margin-top-large:0px;--awb-spacing-right-large:1.92%;--awb-margin-bottom-large:3px;--awb-spacing-left-large:1.92%;--awb-width-medium:100%;--awb-order-medium:0;--awb-spacing-right-medium:1.92%;--awb-spacing-left-medium:1.92%;--awb-width-small:100%;--awb-order-small:0;--awb-spacing-right-small:1.92%;--awb-spacing-left-small:1.92%;\"><div class=\"fusion-column-wrapper fusion-column-has-shadow fusion-flex-justify-content-center fusion-content-layout-column\"><div class=\"fusion-tabs fusion-tabs-1 classic nav-not-justified horizontal-tabs icon-position-left mobile-mode-carousel\" style=\"--awb-title-border-radius-top-left:2px;--awb-title-border-radius-top-right:2px;--awb-title-border-radius-bottom-right:2px;--awb-title-border-radius-bottom-left:2px;--awb-content-padding-top:40px;--awb-content-padding-right:30px;--awb-content-padding-bottom:40px;--awb-content-padding-left:30px;--awb-title-padding-right:40px;--awb-title-padding-left:40px;--awb-title-font-size:17px;--awb-alignment:start;--awb-inactive-color:var(--awb-color2);--awb-title-text-color:var(--awb-color5);--awb-title-active-text-color:var(--awb-color7);--awb-background-color:var(--awb-color1);--awb-border-color:rgba(167,172,162,0);--awb-active-border-color:var(--awb-custom_color_2);--awb-title-font-family:&quot;Sen&quot;;--awb-title-font-style:normal;--awb-title-font-weight:400;\"><div class=\"nav\"><ul class=\"nav-tabs\" role=\"tablist\"><li class=\"active\" role=\"presentation\"><a class=\"tab-link\" data-toggle=\"tab\" role=\"tab\" aria-controls=\"tab-a2fc2dc0fc39d99377c\" aria-selected=\"true\" id=\"fusion-tab-meromprodukten\" href=\"#tab-a2fc2dc0fc39d99377c\"><h3 class=\"fusion-tab-heading\">Mer om produkten<\/h3><\/a><\/li><li role=\"presentation\"><a class=\"tab-link\" data-toggle=\"tab\" role=\"tab\" aria-controls=\"tab-36057bdf0c1a2b12a31\" aria-selected=\"false\" tabindex=\"-1\" id=\"fusion-tab-rynosproduktsortiment\" href=\"#tab-36057bdf0c1a2b12a31\"><h3 class=\"fusion-tab-heading\">Rynos produktsortiment<\/h3><\/a><\/li><\/ul><\/div><div class=\"tab-content\"><div class=\"tab-pane fade fusion-clearfix in active\" role=\"tabpanel\" tabindex=\"0\" aria-labelledby=\"fusion-tab-meromprodukten\" id=\"tab-a2fc2dc0fc39d99377c\">\n<p>Tillverkad i slitstark polyeten.<br \/>\nGolvfixeringsl\u00f6sning \u00e4r tillval.<br \/>\nMaterial som kan torkas av skyddar hela produkten.<br \/>\nH\u00e5llfasthet och stabilitet testad f\u00f6r kr\u00e4vande kontraktsanv\u00e4ndning (BS EN 15372:2008 niv\u00e5 3 6.4) i 300 000 cykler.<br \/>\nBrandskyddande.    <\/p>\n<\/div><div class=\"tab-pane fade fusion-clearfix\" role=\"tabpanel\" tabindex=\"0\" aria-labelledby=\"fusion-tab-rynosproduktsortiment\" id=\"tab-36057bdf0c1a2b12a31\">\n\n<\/div><\/div><\/div><\/div><\/div><\/div><\/div>\n","protected":false},"excerpt":{"rendered":"<ul>\n<li>Slitstark design ger utm\u00e4rkt styrka<\/li>\n<li>Vikt 140 kg, som standard f\u00f6r att f\u00f6rhindra felaktig anv\u00e4ndning (andra viktalternativ tillg\u00e4ngliga)<\/li>\n<li>Val av 4 f\u00e4rger f\u00f6r bordsskivan (gr\u00e5 PU-kant p\u00e5 alla alternativ)<\/li>\n<\/ul>\n<p>  Ryno Dining Table ing\u00e5r i v\u00e5r m\u00f6belserie Ryno, som med unik design och kvalitet bidrar till att skapa en normal och trygg milj\u00f6 inom b\u00e5de psykiatrin och kriminalv\u00e5rden.<br \/>\nDet korsformade underredet f\u00f6rhindrar konflikter och att smuggelgods passerar.<br \/>\nStorlek: H 750 mm, B 1320 mm, D1320 mm.  <\/p>\n","protected":false},"featured_media":2520,"template":"","meta":[],"product_brand":[],"product_cat":[634,599,623,601,624],"product_tag":[654],"class_list":{"0":"post-15427","1":"product","2":"type-product","3":"status-publish","4":"has-post-thumbnail","6":"product_cat-bord","7":"product_cat-extra-hoga-sakerhetskrav","8":"product_cat-patientrum","9":"product_cat-ryno-mobler","10":"product_cat-sakerhetsmobler","11":"product_tag-ryno-sv","13":"first","14":"instock","15":"shipping-taxable","16":"purchasable","17":"product-type-variable"},"_links":{"self":[{"href":"https:\/\/healsafeinterior.com\/sv\/wp-json\/wp\/v2\/product\/15427","targetHints":{"allow":["GET"]}}],"collection":[{"href":"https:\/\/healsafeinterior.com\/sv\/wp-json\/wp\/v2\/product"}],"about":[{"href":"https:\/\/healsafeinterior.com\/sv\/wp-json\/wp\/v2\/types\/product"}],"wp:featuredmedia":[{"embeddable":true,"href":"https:\/\/healsafeinterior.com\/sv\/wp-json\/wp\/v2\/media\/2520"}],"wp:attachment":[{"href":"https:\/\/healsafeinterior.com\/sv\/wp-json\/wp\/v2\/media?parent=15427"}],"wp:term":[{"taxonomy":"product_brand","embeddable":true,"href":"https:\/\/healsafeinterior.com\/sv\/wp-json\/wp\/v2\/product_brand?post=15427"},{"taxonomy":"product_cat","embeddable":true,"href":"https:\/\/healsafeinterior.com\/sv\/wp-json\/wp\/v2\/product_cat?post=15427"},{"taxonomy":"product_tag","embeddable":true,"href":"https:\/\/healsafeinterior.com\/sv\/wp-json\/wp\/v2\/product_tag?post=15427"}],"curies":[{"name":"wp","href":"https:\/\/api.w.org\/{rel}","templated":true}]}}