{"id":15417,"date":"2018-11-07T12:21:29","date_gmt":"2018-11-07T11:21:29","guid":{"rendered":"https:\/\/healsafeinterior.com\/product\/krok-standard\/"},"modified":"2025-12-18T11:46:30","modified_gmt":"2025-12-18T10:46:30","slug":"krok-standard","status":"publish","type":"product","link":"https:\/\/healsafeinterior.com\/sv\/produkt\/krok-standard\/","title":{"rendered":"Krok Standard"},"content":{"rendered":"<p><div class=\"fusion-fullwidth fullwidth-box fusion-builder-row-1 fusion-flex-container has-pattern-background has-mask-background hundred-percent-fullwidth non-hundred-percent-height-scrolling\" style=\"--awb-border-radius-top-left:0px;--awb-border-radius-top-right:0px;--awb-border-radius-bottom-right:0px;--awb-border-radius-bottom-left:0px;--awb-padding-top:4px;--awb-padding-right:6px;--awb-padding-bottom:0px;--awb-padding-left:6px;--awb-margin-top:40px;--awb-margin-bottom:20px;--awb-flex-wrap:wrap;\" ><div class=\"fusion-builder-row fusion-row fusion-flex-align-items-center fusion-flex-justify-content-center fusion-flex-content-wrap\" style=\"width:104% !important;max-width:104% !important;margin-left: calc(-4% \/ 2 );margin-right: calc(-4% \/ 2 );\"><div class=\"fusion-layout-column fusion_builder_column fusion-builder-column-0 fusion_builder_column_1_1 1_1 fusion-flex-column fusion-flex-align-self-center\" style=\"--awb-bg-size:cover;--awb-width-large:100%;--awb-margin-top-large:0px;--awb-spacing-right-large:1.92%;--awb-margin-bottom-large:3px;--awb-spacing-left-large:1.92%;--awb-width-medium:100%;--awb-order-medium:0;--awb-spacing-right-medium:1.92%;--awb-spacing-left-medium:1.92%;--awb-width-small:100%;--awb-order-small:0;--awb-spacing-right-small:1.92%;--awb-spacing-left-small:1.92%;\"><div class=\"fusion-column-wrapper fusion-column-has-shadow fusion-flex-justify-content-center fusion-content-layout-column\"><div class=\"fusion-tabs fusion-tabs-1 classic nav-not-justified horizontal-tabs icon-position-left mobile-mode-carousel\" style=\"--awb-title-border-radius-top-left:2px;--awb-title-border-radius-top-right:2px;--awb-title-border-radius-bottom-right:2px;--awb-title-border-radius-bottom-left:2px;--awb-content-padding-top:40px;--awb-content-padding-right:30px;--awb-content-padding-bottom:40px;--awb-content-padding-left:30px;--awb-title-padding-right:40px;--awb-title-padding-left:40px;--awb-title-font-size:17px;--awb-alignment:start;--awb-inactive-color:var(--awb-color2);--awb-title-text-color:var(--awb-color5);--awb-title-active-text-color:var(--awb-color7);--awb-background-color:var(--awb-color1);--awb-border-color:rgba(167,172,162,0);--awb-active-border-color:var(--awb-custom_color_2);--awb-title-font-family:&quot;Sen&quot;;--awb-title-font-style:normal;--awb-title-font-weight:400;\"><div class=\"nav\"><ul class=\"nav-tabs\" role=\"tablist\"><li class=\"active\" role=\"presentation\"><a class=\"tab-link\" data-toggle=\"tab\" role=\"tab\" aria-controls=\"tab-b09f15a1cf77f794d1d\" aria-selected=\"true\" id=\"fusion-tab-produktvideo\" href=\"#tab-b09f15a1cf77f794d1d\"><h3 class=\"fusion-tab-heading\">Produktvideo<\/h3><\/a><\/li><li role=\"presentation\"><a class=\"tab-link\" data-toggle=\"tab\" role=\"tab\" aria-controls=\"tab-6bfe3f213445c331ae2\" aria-selected=\"false\" tabindex=\"-1\" id=\"fusion-tab-utformaetts\u00e4kertbadrum\" href=\"#tab-6bfe3f213445c331ae2\"><h3 class=\"fusion-tab-heading\">Utforma ett s\u00e4kert badrum<\/h3><\/a><\/li><\/ul><\/div><div class=\"tab-content\"><div class=\"tab-pane fade fusion-clearfix in active\" role=\"tabpanel\" tabindex=\"0\" aria-labelledby=\"fusion-tab-produktvideo\" id=\"tab-b09f15a1cf77f794d1d\">\n<div class=\"fusion-builder-row fusion-builder-row-inner fusion-row fusion-flex-align-items-center fusion-flex-justify-content-center fusion-flex-content-wrap\" style=\"width:104% !important;max-width:104% !important;margin-left: calc(-4% \/ 2 );margin-right: calc(-4% \/ 2 );\"><div class=\"fusion-layout-column fusion_builder_column_inner fusion-builder-nested-column-0 fusion_builder_column_inner_1_3 1_3 fusion-flex-column\" style=\"--awb-bg-size:cover;--awb-width-large:33.333333333333%;--awb-margin-top-large:0px;--awb-spacing-right-large:5.76%;--awb-margin-bottom-large:20px;--awb-spacing-left-large:5.76%;--awb-width-medium:100%;--awb-order-medium:0;--awb-spacing-right-medium:1.92%;--awb-spacing-left-medium:1.92%;--awb-width-small:100%;--awb-order-small:0;--awb-spacing-right-small:1.92%;--awb-spacing-left-small:1.92%;\"><div class=\"fusion-column-wrapper fusion-column-has-shadow fusion-flex-justify-content-flex-start fusion-content-layout-column\"><div class=\"fusion-video fusion-vimeo fusion-alignleft\" style=\"--awb-max-width:600px;--awb-max-height:360px;--awb-width:100%;\"><div class=\"video-shortcode\"><lite-vimeo videoid=\"601734480\" class=\"landscape\" params=\"autoplay=1autoplay=0&amp;autopause=0\" title=\"Vimeo video player 1\" data-button-label=\"Play Video\"  width=\"600\" height=\"360\"><\/lite-vimeo><\/div><\/div><\/div><\/div>\n<div class=\"fusion-layout-column fusion_builder_column_inner fusion-builder-nested-column-1 fusion_builder_column_inner_1_3 1_3 fusion-flex-column\" style=\"--awb-bg-size:cover;--awb-width-large:33.333333333333%;--awb-margin-top-large:0px;--awb-spacing-right-large:5.76%;--awb-margin-bottom-large:20px;--awb-spacing-left-large:5.76%;--awb-width-medium:100%;--awb-order-medium:0;--awb-spacing-right-medium:1.92%;--awb-spacing-left-medium:1.92%;--awb-width-small:100%;--awb-order-small:0;--awb-spacing-right-small:1.92%;--awb-spacing-left-small:1.92%;\"><div class=\"fusion-column-wrapper fusion-column-has-shadow fusion-flex-justify-content-flex-start fusion-content-layout-column\"><\/div><\/div>\n<div class=\"fusion-layout-column fusion_builder_column_inner fusion-builder-nested-column-2 fusion_builder_column_inner_1_3 1_3 fusion-flex-column\" style=\"--awb-bg-size:cover;--awb-width-large:33.333333333333%;--awb-margin-top-large:0px;--awb-spacing-right-large:5.76%;--awb-margin-bottom-large:20px;--awb-spacing-left-large:5.76%;--awb-width-medium:100%;--awb-order-medium:0;--awb-spacing-right-medium:1.92%;--awb-spacing-left-medium:1.92%;--awb-width-small:100%;--awb-order-small:0;--awb-spacing-right-small:1.92%;--awb-spacing-left-small:1.92%;\"><div class=\"fusion-column-wrapper fusion-column-has-shadow fusion-flex-justify-content-flex-start fusion-content-layout-column\"><\/div><\/div>\n<\/div>\n<\/div><div class=\"tab-pane fade fusion-clearfix\" role=\"tabpanel\" tabindex=\"0\" aria-labelledby=\"fusion-tab-utformaetts\u00e4kertbadrum\" id=\"tab-6bfe3f213445c331ae2\"><div class=\"fusion-builder-row fusion-builder-row-inner fusion-row fusion-flex-align-items-center fusion-flex-justify-content-center fusion-flex-content-wrap\" style=\"width:104% !important;max-width:104% !important;margin-left: calc(-4% \/ 2 );margin-right: calc(-4% \/ 2 );\"><div class=\"fusion-layout-column fusion_builder_column_inner fusion-builder-nested-column-3 fusion_builder_column_inner_1_3 1_3 fusion-flex-column\" style=\"--awb-bg-size:cover;--awb-width-large:33.333333333333%;--awb-margin-top-large:0px;--awb-spacing-right-large:5.76%;--awb-margin-bottom-large:20px;--awb-spacing-left-large:5.76%;--awb-width-medium:100%;--awb-order-medium:0;--awb-spacing-right-medium:1.92%;--awb-spacing-left-medium:1.92%;--awb-width-small:100%;--awb-order-small:0;--awb-spacing-right-small:1.92%;--awb-spacing-left-small:1.92%;\"><div class=\"fusion-column-wrapper fusion-column-has-shadow fusion-flex-justify-content-flex-start fusion-content-layout-column\"><div class=\"fusion-video fusion-vimeo fusion-alignleft\" style=\"--awb-max-width:600px;--awb-max-height:360px;--awb-width:100%;\"><div class=\"video-shortcode\"><lite-vimeo videoid=\"667713680\" class=\"landscape\" params=\"autoplay=1autoplay=0&amp;autopause=0\" title=\"Vimeo video player 2\" data-button-label=\"Play Video\"  width=\"600\" height=\"360\"><\/lite-vimeo><\/div><\/div><\/div><\/div>\n<div class=\"fusion-layout-column fusion_builder_column_inner fusion-builder-nested-column-4 fusion_builder_column_inner_1_3 1_3 fusion-flex-column\" style=\"--awb-bg-size:cover;--awb-width-large:33.333333333333%;--awb-margin-top-large:0px;--awb-spacing-right-large:5.76%;--awb-margin-bottom-large:20px;--awb-spacing-left-large:5.76%;--awb-width-medium:100%;--awb-order-medium:0;--awb-spacing-right-medium:1.92%;--awb-spacing-left-medium:1.92%;--awb-width-small:100%;--awb-order-small:0;--awb-spacing-right-small:1.92%;--awb-spacing-left-small:1.92%;\"><div class=\"fusion-column-wrapper fusion-column-has-shadow fusion-flex-justify-content-flex-start fusion-content-layout-column\"><\/div><\/div>\n<div class=\"fusion-layout-column fusion_builder_column_inner fusion-builder-nested-column-5 fusion_builder_column_inner_1_3 1_3 fusion-flex-column\" style=\"--awb-bg-size:cover;--awb-width-large:33.333333333333%;--awb-margin-top-large:0px;--awb-spacing-right-large:5.76%;--awb-margin-bottom-large:20px;--awb-spacing-left-large:5.76%;--awb-width-medium:100%;--awb-order-medium:0;--awb-spacing-right-medium:1.92%;--awb-spacing-left-medium:1.92%;--awb-width-small:100%;--awb-order-small:0;--awb-spacing-right-small:1.92%;--awb-spacing-left-small:1.92%;\"><div class=\"fusion-column-wrapper fusion-column-has-shadow fusion-flex-justify-content-flex-start fusion-content-layout-column\"><\/div><\/div>\n<\/div><\/div><\/div><\/div><\/div><\/div><\/div><\/div><div class=\"fusion-fullwidth fullwidth-box fusion-builder-row-2 fusion-flex-container has-pattern-background has-mask-background hundred-percent-fullwidth non-hundred-percent-height-scrolling\" style=\"--awb-border-radius-top-left:0px;--awb-border-radius-top-right:0px;--awb-border-radius-bottom-right:0px;--awb-border-radius-bottom-left:0px;--awb-padding-top:4px;--awb-padding-right:6px;--awb-padding-bottom:0px;--awb-padding-left:6px;--awb-flex-wrap:wrap;\" ><div class=\"fusion-builder-row fusion-row fusion-flex-align-items-center fusion-flex-justify-content-center fusion-flex-content-wrap\" style=\"width:104% !important;max-width:104% !important;margin-left: calc(-4% \/ 2 );margin-right: calc(-4% \/ 2 );\"><div class=\"fusion-layout-column fusion_builder_column fusion-builder-column-1 fusion_builder_column_1_1 1_1 fusion-flex-column fusion-flex-align-self-center\" style=\"--awb-bg-size:cover;--awb-width-large:100%;--awb-margin-top-large:0px;--awb-spacing-right-large:1.92%;--awb-margin-bottom-large:3px;--awb-spacing-left-large:1.92%;--awb-width-medium:100%;--awb-order-medium:0;--awb-spacing-right-medium:1.92%;--awb-spacing-left-medium:1.92%;--awb-width-small:100%;--awb-order-small:0;--awb-spacing-right-small:1.92%;--awb-spacing-left-small:1.92%;\"><div class=\"fusion-column-wrapper fusion-column-has-shadow fusion-flex-justify-content-center fusion-content-layout-column\"><div class=\"fusion-title title fusion-title-1 fusion-sep-none fusion-title-text fusion-title-size-three\" style=\"--awb-font-size:32px;\"><h3 class=\"fusion-title-heading title-heading-left fusion-responsive-typography-calculated\" style=\"margin:0;font-size:1em;--fontSize:32;line-height:1.2;\">Produktdata<\/h3><\/div><\/div><\/div><\/div><\/div><div class=\"fusion-fullwidth fullwidth-box fusion-builder-row-3 fusion-flex-container has-pattern-background has-mask-background hundred-percent-fullwidth non-hundred-percent-height-scrolling\" style=\"--awb-border-radius-top-left:0px;--awb-border-radius-top-right:0px;--awb-border-radius-bottom-right:0px;--awb-border-radius-bottom-left:0px;--awb-padding-top:4px;--awb-padding-right:0px;--awb-padding-bottom:0px;--awb-padding-left:0px;--awb-margin-top:5px;--awb-margin-bottom:33px;--awb-flex-wrap:wrap;\" ><div class=\"fusion-builder-row fusion-row fusion-flex-align-items-center fusion-flex-justify-content-center fusion-flex-content-wrap\" style=\"width:104% !important;max-width:104% !important;margin-left: calc(-4% \/ 2 );margin-right: calc(-4% \/ 2 );\"><div class=\"fusion-layout-column fusion_builder_column fusion-builder-column-2 fusion_builder_column_1_1 1_1 fusion-flex-column fusion-flex-align-self-center\" style=\"--awb-padding-top:38px;--awb-padding-right:30px;--awb-padding-bottom:37px;--awb-padding-left:30px;--awb-overflow:hidden;--awb-bg-color:var(--awb-color1);--awb-bg-color-hover:var(--awb-color1);--awb-bg-size:cover;--awb-border-radius:12px 12px 12px 12px;--awb-width-large:100%;--awb-margin-top-large:0px;--awb-spacing-right-large:1.92%;--awb-margin-bottom-large:3px;--awb-spacing-left-large:1.92%;--awb-width-medium:100%;--awb-order-medium:0;--awb-spacing-right-medium:1.92%;--awb-spacing-left-medium:1.92%;--awb-width-small:100%;--awb-order-small:0;--awb-spacing-right-small:1.92%;--awb-spacing-left-small:1.92%;\" data-scroll-devices=\"small-visibility,medium-visibility,large-visibility\"><div class=\"fusion-column-wrapper fusion-column-has-shadow fusion-flex-justify-content-center fusion-content-layout-column\"><div class=\"fusion-text fusion-text-1 awb-text-cols fusion-text-columns-2\" style=\"--awb-columns:2;--awb-column-spacing:2em;--awb-column-min-width:100px;\"><p><b><span data-contrast=\"none\">Material<\/span><\/b><span data-ccp-props=\"{\"><br \/>\n<\/span><span data-contrast=\"none\">Polyoximetylen\u00a0(POM)<\/span><span data-ccp-props=\"{\">\u00a0<\/span><\/p>\n<p><b><span data-contrast=\"none\">Montering<\/span><\/b><br \/>\n<span data-contrast=\"none\">Kroken\u00a0ska monteras mot en helt plan yta f\u00f6r att uppn\u00e5 en t\u00e4t och stabil anslutning mellan krok och v\u00e4gg. Detta minimerar utrymmet bakom kroken och f\u00f6rsv\u00e5rar d\u00e4rmed m\u00f6jligheten att f\u00e4sta sn\u00f6ren, remmar eller liknande objekt som kan anv\u00e4ndas i sj\u00e4lvskadande syfte.\u00a0Kroken skall\u00a0monteras med s\u00e4kerhetsskruv.<\/span><span data-ccp-props=\"{\">\u00a0<\/span><\/p>\n<p><span data-contrast=\"none\">Montering skall ske i enlighet <a href=\"https:\/\/healsafeinterior.com\/sv\/resurscenter\/\">monteringsanvisningar<\/a>.<\/span><span data-ccp-props=\"{\">\u00a0<\/span><\/p>\n<p><b><span data-contrast=\"none\">Underh\u00e5ll<\/span><\/b><span data-ccp-props=\"{\"><br \/>\n<\/span><span data-contrast=\"none\">Kroken\u00a0kan reng\u00f6ras med en ren och mjuk duk med milt flytande reng\u00f6ringsmedel. Vid behov kan kroken\u00a0desinficeras med alkoholbaserade desinfektionsmedel. Anv\u00e4nd ej kemikalier med slipmedel eller svampar med str\u00e4va ytor.\u00a0<\/span><span data-ccp-props=\"{\">\u00a0<\/span><\/p>\n<p><b><span data-contrast=\"none\">Teknisk data<\/span><\/b><span data-ccp-props=\"{\"><br \/>\n<\/span><span data-contrast=\"none\">M\u00e5tt: H\u00a065\u00a0mm, B\u00a020\u00a0mm, D\u00a035\u00a0mm.\u00a0<\/span><span data-ccp-props=\"{\">\u00a0<\/span><\/p>\n<p><b><span data-contrast=\"none\">F\u00e4rger<\/span><\/b><span data-ccp-props=\"{\"><br \/>\n<\/span><span data-contrast=\"none\">Vit, svart\u00a0och\u00a0gr\u00e5.\u00a0Kan\u00a0\u00e4ven\u00a0f\u00e5s i andra kul\u00f6rer vid f\u00f6rfr\u00e5gan.<\/span><span data-ccp-props=\"{\">\u00a0<\/span><\/p>\n<p><b><span data-contrast=\"none\">H\u00e5llbarhet<\/span><\/b><span data-ccp-props=\"{\"><br \/>\n<\/span><span data-contrast=\"none\">Krok Standard har genomg\u00e5tt omfattande tester f\u00f6r att s\u00e4kerst\u00e4lla b\u00e5de funktion och h\u00e5llbarhet. Vid vertikala belastningstester med olika typer av sn\u00f6ren \u2013 1 mm plastlina, skosn\u00f6re 8 \u00d7 1 mm och rep av bomullslakan \u2013 sl\u00e4pper kroken mellan 8,5 och 9,8 kg.<\/span><br \/>\n<span data-contrast=\"none\">Produkttesterna har utf\u00f6rts av\u00a0RISE\/SP, d\u00e4r kroken visat sig klara \u00f6ver 1000 utl\u00f6sningar utan att f\u00f6rlora form, funktion eller s\u00e4kerhet.\u00a0<\/span><span data-ccp-props=\"{\"><br \/>\n<\/span><span data-contrast=\"none\">Krokens utformning och material \u00e4r valda f\u00f6r att f\u00f6rl\u00e4nga produktens livsl\u00e4ngd.\u00a0<\/span><span data-ccp-props=\"{\"><br \/>\n<\/span><span data-contrast=\"none\">K\u00e4llsorteras\u00a0som h\u00e5rdplast.<\/span><span data-ccp-props=\"{\">\u00a0<\/span><\/p>\n<p><b><span data-contrast=\"none\">Leverans<\/span><\/b><span data-ccp-props=\"{\"><br \/>\n<\/span><span data-contrast=\"none\">1 vecka.\u00a0<\/span><span data-ccp-props=\"{\"><br \/>\n<\/span><span data-contrast=\"none\">Observera att of\u00f6rutsedda h\u00e4ndelser kan p\u00e5verka leveransen. F\u00f6r mer information om aktuell leveranstid i samband med orderbekr\u00e4ftelse eller innan best\u00e4llning, v\u00e4nligen kontakta oss p\u00e5\u00a0<\/span><a href=\"mailto:info@healsafeinterior.com\"><span data-contrast=\"none\">info@healsafeinterior.com<\/span><\/a><span data-contrast=\"none\">.<\/span><span data-ccp-props=\"{\">\u00a0<\/span><\/p>\n<p><b><span data-contrast=\"none\">Garanti<\/span><\/b><span data-ccp-props=\"{\"><br \/>\n<\/span><span data-contrast=\"none\">5 \u00e5r. G\u00e4ller vid normal anv\u00e4ndning. Full garanti l\u00e4mnas f\u00f6r tillverkningsfel.<\/span><span data-ccp-props=\"{\"><br \/>\n<\/span><span data-contrast=\"none\">Vid reklamation, v\u00e4nligen kontakta oss p\u00e5\u00a0<\/span><a href=\"mailto:info@healsafeinterior.com\"><span data-contrast=\"none\">info@healsafeinterior.com<\/span><\/a><span data-contrast=\"none\">.<\/span><span data-ccp-props=\"{\">\u00a0<\/span><span data-ccp-props=\"{\">\u00a0<\/span><\/p>\n<p><b><span data-contrast=\"none\">Tillverkning\/produktion<\/span><\/b><span data-ccp-props=\"{\"><br \/>\n<\/span><span data-contrast=\"none\">Sverige.\u00a0<\/span><span data-ccp-props=\"{\">\u00a0<\/span><\/p>\n<\/div><\/div><\/div><\/div><\/div><\/p>\n","protected":false},"excerpt":{"rendered":"<p><em>Krok Standard har en ren och icke-institutionell design som kombinerar funktion och s\u00e4kerhet. Den \u00e4r utvecklad f\u00f6r att ge en s\u00e4ker, h\u00e5llbar och p\u00e5litlig upph\u00e4ngningsl\u00f6sning.<\/em><\/p>\n<ul>\n<li>Sl\u00e4pper vid en vertikal ned\u00e5tg\u00e5ende belastning \u00f6ver 10 kg.<\/li>\n<li>Enkel att installera och sitter t\u00e4tt mot v\u00e4ggen.<\/li>\n<li>T\u00e5lig konstruktion med h\u00f6g styrka och h\u00e5llbarhet.<\/li>\n<\/ul>\n<p>Krok Standard \u00e4r l\u00e4mplig f\u00f6r milj\u00f6er med krav p\u00e5 s\u00e4kerhet och h\u00e5llbarhet, exempelvis inom v\u00e5rd, boenden eller andra offentliga milj\u00f6er d\u00e4r en flexibel och slagt\u00e5lig krok beh\u00f6vs.<\/p>\n<p>Krok Standard blev startpunkten f\u00f6r Healsafe Interi\u00f6rs verksamhet \u00e5r 2010. Kroken utvecklades som en s\u00e4ker och estetisk krok med ett icke-institutionellt uttryck, tillverkad i Sverige och levererad till r\u00e4ttspsykiatriska sjukhus i Skandinavien tv\u00e5 \u00e5r senare.<\/p>\n<p>Kroken b\u00e4r vikten av flera plagg eller handdukar utan att p\u00e5verkas. N\u00e4r belastningen \u00f6verstiger cirka 10 kg b\u00f6jer den sig s\u00e5 att sn\u00f6ren, remmar eller liknande glider av, varefter kroken \u00e5terg\u00e5r till sin ursprungliga form och funktion.<\/p>\n<p>Tillverkad i polyoximetylen (POM) \u2013 ett material med h\u00f6g styrka, slagt\u00e5lighet och goda fj\u00e4dringsegenskaper. Krok Standard monteras p\u00e5 en plan v\u00e4ggyta f\u00f6r att f\u00e5 en t\u00e4t passform mot v\u00e4ggen, vilket f\u00f6rhindrar m\u00f6jligheten att f\u00e4sta sn\u00f6ren eller liknande mellan v\u00e4gg och krok. F\u00f6lj <a href=\"https:\/\/healsafeinterior.com\/sv\/resurscenter\/\">monteringsanvisningarna<\/a> noga vid montering.<\/p>\n<p>Krokens sl\u00e4ta yta underl\u00e4ttar reng\u00f6ring och bidrar till god hygien.<\/p>\n<p>Kroken finns i 3 f\u00e4rgalternativ \u2013 vit, svart och gr\u00e5 \u2013 f\u00f6r att kunna anpassas till olika rum och uttryck. Krok Standard finns \u00e4ven att f\u00e5 monterad p\u00e5 en <a href=\"https:\/\/healsafeinterior.com\/sv\/produkt\/kroklist-badrum-med-krok\/\">kroklist<\/a>.<\/p>\n<p>Notera att Krok Standard inte \u00e4r framtagen som en suicidpreventiv krok \u2013 f\u00f6r s\u00e5dana behov rekommenderas<a href=\"https:\/\/healsafeinterior.com\/sv\/produkt\/krok-max5-suicidpreventiv\/\"> Krok Max5<\/a> eller <a href=\"https:\/\/healsafeinterior.com\/sv\/produkt\/krok-max10-suicidpreventiv\/\">Krok Max10<\/a>.<\/p>\n<p>Design: Healsafe Interi\u00f6r<\/p>\n<p>L\u00e4mplig f\u00f6r placering i badrum, patientrum eller gemensamhetsytor.<\/p>\n","protected":false},"featured_media":11120,"template":"","meta":[],"product_brand":[],"product_cat":[593,638,594,623,636],"product_tag":[651],"class_list":{"0":"post-15417","1":"product","2":"type-product","3":"status-publish","4":"has-post-thumbnail","6":"product_cat-badrumsprodukter","7":"product_cat-krokar","8":"product_cat-krokar-badrumsprodukter","9":"product_cat-patientrum","10":"product_cat-sakerhetskrokar-kroklister","11":"product_tag-krok","12":"pa_hook-colour-options-bla","13":"pa_hook-colour-options-gra","14":"pa_hook-colour-options-rod","15":"pa_hook-colour-options-svart","16":"pa_hook-colour-options-vit-sv","18":"first","19":"instock","20":"shipping-taxable","21":"purchasable","22":"product-type-variable"},"_links":{"self":[{"href":"https:\/\/healsafeinterior.com\/sv\/wp-json\/wp\/v2\/product\/15417","targetHints":{"allow":["GET"]}}],"collection":[{"href":"https:\/\/healsafeinterior.com\/sv\/wp-json\/wp\/v2\/product"}],"about":[{"href":"https:\/\/healsafeinterior.com\/sv\/wp-json\/wp\/v2\/types\/product"}],"wp:featuredmedia":[{"embeddable":true,"href":"https:\/\/healsafeinterior.com\/sv\/wp-json\/wp\/v2\/media\/11120"}],"wp:attachment":[{"href":"https:\/\/healsafeinterior.com\/sv\/wp-json\/wp\/v2\/media?parent=15417"}],"wp:term":[{"taxonomy":"product_brand","embeddable":true,"href":"https:\/\/healsafeinterior.com\/sv\/wp-json\/wp\/v2\/product_brand?post=15417"},{"taxonomy":"product_cat","embeddable":true,"href":"https:\/\/healsafeinterior.com\/sv\/wp-json\/wp\/v2\/product_cat?post=15417"},{"taxonomy":"product_tag","embeddable":true,"href":"https:\/\/healsafeinterior.com\/sv\/wp-json\/wp\/v2\/product_tag?post=15417"}],"curies":[{"name":"wp","href":"https:\/\/api.w.org\/{rel}","templated":true}]}}