{"id":15398,"date":"2022-04-08T10:34:11","date_gmt":"2022-04-08T08:34:11","guid":{"rendered":"https:\/\/healsafeinterior.com\/product\/sakerhetsbestick-gra\/"},"modified":"2025-03-12T13:31:05","modified_gmt":"2025-03-12T12:31:05","slug":"basic-sakerhetsbestick","status":"publish","type":"product","link":"https:\/\/healsafeinterior.com\/sv\/produkt\/basic-sakerhetsbestick\/","title":{"rendered":"Basic s\u00e4kerhetsbestick"},"content":{"rendered":"<p><div class=\"fusion-fullwidth fullwidth-box fusion-builder-row-1 fusion-flex-container has-pattern-background has-mask-background hundred-percent-fullwidth non-hundred-percent-height-scrolling\" style=\"--awb-border-radius-top-left:0px;--awb-border-radius-top-right:0px;--awb-border-radius-bottom-right:0px;--awb-border-radius-bottom-left:0px;--awb-padding-top:4px;--awb-padding-right:6px;--awb-padding-bottom:0px;--awb-padding-left:6px;--awb-flex-wrap:wrap;\" ><div class=\"fusion-builder-row fusion-row fusion-flex-align-items-center fusion-flex-justify-content-center fusion-flex-content-wrap\" style=\"width:104% !important;max-width:104% !important;margin-left: calc(-4% \/ 2 );margin-right: calc(-4% \/ 2 );\"><div class=\"fusion-layout-column fusion_builder_column fusion-builder-column-0 fusion_builder_column_1_1 1_1 fusion-flex-column fusion-flex-align-self-center\" style=\"--awb-bg-size:cover;--awb-width-large:100%;--awb-margin-top-large:0px;--awb-spacing-right-large:1.92%;--awb-margin-bottom-large:3px;--awb-spacing-left-large:1.92%;--awb-width-medium:100%;--awb-order-medium:0;--awb-spacing-right-medium:1.92%;--awb-spacing-left-medium:1.92%;--awb-width-small:100%;--awb-order-small:0;--awb-spacing-right-small:1.92%;--awb-spacing-left-small:1.92%;\"><div class=\"fusion-column-wrapper fusion-column-has-shadow fusion-flex-justify-content-center fusion-content-layout-column\"><div class=\"fusion-title title fusion-title-1 fusion-sep-none fusion-title-text fusion-title-size-three\" style=\"--awb-font-size:32px;\"><h3 class=\"fusion-title-heading title-heading-left fusion-responsive-typography-calculated\" style=\"margin:0;font-size:1em;--fontSize:32;line-height:1.2;\">Produktdata<\/h3><\/div><\/div><\/div><\/div><\/div><div class=\"fusion-fullwidth fullwidth-box fusion-builder-row-2 fusion-flex-container has-pattern-background has-mask-background nonhundred-percent-fullwidth non-hundred-percent-height-scrolling\" style=\"--awb-border-radius-top-left:0px;--awb-border-radius-top-right:0px;--awb-border-radius-bottom-right:0px;--awb-border-radius-bottom-left:0px;--awb-padding-top:4px;--awb-padding-right:6px;--awb-padding-left:6px;--awb-flex-wrap:wrap;\" ><div class=\"fusion-builder-row fusion-row fusion-flex-align-items-flex-start fusion-flex-content-wrap\" style=\"max-width:1597.44px;margin-left: calc(-4% \/ 2 );margin-right: calc(-4% \/ 2 );\"><div class=\"fusion-layout-column fusion_builder_column fusion-builder-column-1 fusion_builder_column_1_2 1_2 fusion-flex-column\" style=\"--awb-bg-size:cover;--awb-width-large:50%;--awb-margin-top-large:0px;--awb-spacing-right-large:3.84%;--awb-margin-bottom-large:20px;--awb-spacing-left-large:3.84%;--awb-width-medium:100%;--awb-order-medium:1;--awb-spacing-right-medium:1.92%;--awb-spacing-left-medium:1.92%;--awb-width-small:100%;--awb-order-small:1;--awb-spacing-right-small:1.92%;--awb-spacing-left-small:1.92%;\"><div class=\"fusion-column-wrapper fusion-column-has-shadow fusion-flex-justify-content-flex-start fusion-content-layout-column\"><div class=\"fusion-title title fusion-title-2 fusion-sep-none fusion-title-text fusion-title-size-three\" style=\"--awb-font-size:22px;\"><h3 class=\"fusion-title-heading title-heading-left fusion-responsive-typography-calculated\" style=\"margin:0;font-size:1em;--fontSize:22;line-height:1.5;\">Sortiment<\/h3><\/div>\n<div class=\"table-1\">\n<table width=\"100%\">\n<thead>\n<tr>\n<th align=\"left\">Produkt<\/th>\n<th align=\"left\">f\u00e4rg<\/th>\n<th align=\"left\">Pcs<\/th>\n<th align=\"left\">Storlek<\/th>\n<\/tr>\n<\/thead>\n<tbody>\n<tr>\n<td align=\"left\">HS 634 Gaffel<\/td>\n<td align=\"left\">gr\u00e5<\/td>\n<td align=\"left\">25 st<\/td>\n<td align=\"left\">L 198 mm<\/td>\n<\/tr>\n<tr>\n<td align=\"left\">HS 635 Kniv<\/td>\n<td align=\"left\">gr\u00e5<\/td>\n<td align=\"left\">25 st<\/td>\n<td align=\"left\">L 211 mm<\/td>\n<\/tr>\n<tr>\n<td align=\"left\">HS 636 Sked<\/td>\n<td align=\"left\">gr\u00e5<\/td>\n<td align=\"left\">25 st.<\/td>\n<td align=\"left\">L 198 mm<\/td>\n<\/tr>\n<tr>\n<td align=\"left\">HS 637 Tesked<\/td>\n<td align=\"left\">gr\u00e5<\/td>\n<td align=\"left\">25 st.<\/td>\n<td align=\"left\">L 134 mm<\/td>\n<\/tr>\n<\/tbody>\n<\/table>\n<\/div>\n<\/div><\/div><div class=\"fusion-layout-column fusion_builder_column fusion-builder-column-2 fusion_builder_column_1_2 1_2 fusion-flex-column\" style=\"--awb-bg-size:cover;--awb-width-large:50%;--awb-margin-top-large:0px;--awb-spacing-right-large:3.84%;--awb-margin-bottom-large:20px;--awb-spacing-left-large:3.84%;--awb-width-medium:100%;--awb-order-medium:0;--awb-spacing-right-medium:1.92%;--awb-spacing-left-medium:1.92%;--awb-width-small:100%;--awb-order-small:0;--awb-spacing-right-small:1.92%;--awb-spacing-left-small:1.92%;\"><div class=\"fusion-column-wrapper fusion-column-has-shadow fusion-flex-justify-content-flex-start fusion-content-layout-column\"><div class=\"fusion-title title fusion-title-3 fusion-sep-none fusion-title-text fusion-title-size-three\" style=\"--awb-font-size:22px;\"><h3 class=\"fusion-title-heading title-heading-left fusion-responsive-typography-calculated\" style=\"margin:0;font-size:1em;--fontSize:22;line-height:1.5;\">Mer information om produkten<\/h3><\/div><div class=\"fusion-text fusion-text-1\"><p><strong>Tekniska data<br \/>\n<\/strong>Designad och tillverkad i Sverige.<\/p>\n<p><strong>Material<\/strong><br \/>\nEn kombination av HDPE- och LDPE-plast.<\/p>\n<p><strong>Underh\u00e5ll<\/strong><br \/>\nT\u00e5l b\u00e5de mikrov\u00e5gsugn och diskmaskin.<\/p>\n<p><strong>Leverans och garanti<\/strong><br \/>\nBest\u00e4llningar skickas inom 1-2 veckor.<br \/>\n1 \u00e5rs garanti mot fabrikationsfel.<br \/>\n(Produkten ska ses som &#8221;\u00e5teranv\u00e4ndbar&#8221;* med en begr\u00e4nsad livsl\u00e4ngd genom sin design och val av riskreducerande material, d\u00e4rf\u00f6r g\u00e4ller ingen garanti).<\/p>\n<p><strong>H\u00e5llbarhet<\/strong><br \/>\n\u00c5tervinning som plast.<br \/>\nKan \u00e5tervinnas av tillverkaren.<\/p>\n<\/div><\/div><\/div><\/div><\/div><div class=\"fusion-fullwidth fullwidth-box fusion-builder-row-3 fusion-flex-container has-pattern-background has-mask-background hundred-percent-fullwidth non-hundred-percent-height-scrolling\" style=\"--awb-border-radius-top-left:0px;--awb-border-radius-top-right:0px;--awb-border-radius-bottom-right:0px;--awb-border-radius-bottom-left:0px;--awb-padding-top:7px;--awb-padding-right:8px;--awb-padding-left:8px;--awb-flex-wrap:wrap;\" ><div class=\"fusion-builder-row fusion-row fusion-flex-align-items-stretch fusion-flex-content-wrap\" style=\"width:104% !important;max-width:104% !important;margin-left: calc(-4% \/ 2 );margin-right: calc(-4% \/ 2 );\"><div class=\"fusion-layout-column fusion_builder_column fusion-builder-column-3 fusion_builder_column_1_3 1_3 fusion-flex-column fusion-flex-align-self-stretch\" style=\"--awb-padding-top:20px;--awb-padding-right:20px;--awb-padding-bottom:20px;--awb-padding-left:20px;--awb-bg-color:var(--awb-color1);--awb-bg-color-hover:var(--awb-color1);--awb-bg-size:cover;--awb-width-large:33.333333333333%;--awb-margin-top-large:0px;--awb-spacing-right-large:2.88%;--awb-margin-bottom-large:20px;--awb-spacing-left-large:2.88%;--awb-width-medium:100%;--awb-order-medium:0;--awb-spacing-right-medium:1.92%;--awb-spacing-left-medium:1.92%;--awb-width-small:100%;--awb-order-small:0;--awb-spacing-right-small:1.92%;--awb-spacing-left-small:1.92%;\" data-scroll-devices=\"small-visibility,medium-visibility,large-visibility\"><div class=\"fusion-column-wrapper fusion-column-has-shadow fusion-flex-justify-content-center fusion-content-layout-column\"><div class=\"fusion-image-element \" style=\"--awb-caption-title-font-family:var(--h2_typography-font-family);--awb-caption-title-font-weight:var(--h2_typography-font-weight);--awb-caption-title-font-style:var(--h2_typography-font-style);--awb-caption-title-size:var(--h2_typography-font-size);--awb-caption-title-transform:var(--h2_typography-text-transform);--awb-caption-title-line-height:var(--h2_typography-line-height);--awb-caption-title-letter-spacing:var(--h2_typography-letter-spacing);\"><span class=\" fusion-imageframe imageframe-none imageframe-1 hover-type-none\"><img decoding=\"async\" width=\"440\" height=\"440\" title=\"HS 635_634_636_637 &#8211; Cutlery grey 440&#215;440\" src=\"https:\/\/healsafeinterior.com\/wp-content\/uploads\/2022\/04\/HS-635_634_636_637-Cutlery-grey-440x440-1.jpg\" class=\"img-responsive wp-image-13552\" srcset=\"https:\/\/healsafeinterior.com\/wp-content\/uploads\/2022\/04\/HS-635_634_636_637-Cutlery-grey-440x440-1-200x200.jpg 200w, https:\/\/healsafeinterior.com\/wp-content\/uploads\/2022\/04\/HS-635_634_636_637-Cutlery-grey-440x440-1-400x400.jpg 400w, https:\/\/healsafeinterior.com\/wp-content\/uploads\/2022\/04\/HS-635_634_636_637-Cutlery-grey-440x440-1.jpg 440w\" sizes=\"(max-width: 1024px) 100vw, (max-width: 640px) 100vw, 440px\" alt=\"\"><\/span><\/div><div class=\"fusion-text fusion-text-2\" style=\"--awb-margin-top:20px;\"><p>Fr\u00e5n v\u00e4nster till h\u00f6ger: HS 635, HS 634, HS 636, HS 637<\/p>\n<\/div><\/div><\/div><div class=\"fusion-layout-column fusion_builder_column fusion-builder-column-4 fusion_builder_column_1_3 1_3 fusion-flex-column fusion-flex-align-self-stretch\" style=\"--awb-padding-top:20px;--awb-padding-right:20px;--awb-padding-bottom:20px;--awb-padding-left:20px;--awb-bg-color:var(--awb-color1);--awb-bg-color-hover:var(--awb-color1);--awb-bg-size:cover;--awb-width-large:33.333333333333%;--awb-margin-top-large:0px;--awb-spacing-right-large:2.88%;--awb-margin-bottom-large:20px;--awb-spacing-left-large:2.88%;--awb-width-medium:100%;--awb-order-medium:0;--awb-spacing-right-medium:1.92%;--awb-spacing-left-medium:1.92%;--awb-width-small:100%;--awb-order-small:0;--awb-spacing-right-small:1.92%;--awb-spacing-left-small:1.92%;\" data-scroll-devices=\"small-visibility,medium-visibility,large-visibility\"><div class=\"fusion-column-wrapper fusion-column-has-shadow fusion-flex-justify-content-center fusion-content-layout-column\"><div class=\"fusion-image-element \" style=\"--awb-caption-title-font-family:var(--h2_typography-font-family);--awb-caption-title-font-weight:var(--h2_typography-font-weight);--awb-caption-title-font-style:var(--h2_typography-font-style);--awb-caption-title-size:var(--h2_typography-font-size);--awb-caption-title-transform:var(--h2_typography-text-transform);--awb-caption-title-line-height:var(--h2_typography-line-height);--awb-caption-title-letter-spacing:var(--h2_typography-letter-spacing);\"><span class=\" fusion-imageframe imageframe-none imageframe-2 hover-type-none\"><img decoding=\"async\" width=\"440\" height=\"440\" title=\"HS 635_634_636_637 &#8211; Cutlery grey on plate 440&#215;440 kopiera\" src=\"https:\/\/healsafeinterior.com\/wp-content\/uploads\/2022\/04\/HS-635_634_636_637-Cutlery-grey-on-plate-440x440-kopiera-1.jpg\" class=\"img-responsive wp-image-13572\" srcset=\"https:\/\/healsafeinterior.com\/wp-content\/uploads\/2022\/04\/HS-635_634_636_637-Cutlery-grey-on-plate-440x440-kopiera-1-200x200.jpg 200w, https:\/\/healsafeinterior.com\/wp-content\/uploads\/2022\/04\/HS-635_634_636_637-Cutlery-grey-on-plate-440x440-kopiera-1-400x400.jpg 400w, https:\/\/healsafeinterior.com\/wp-content\/uploads\/2022\/04\/HS-635_634_636_637-Cutlery-grey-on-plate-440x440-kopiera-1.jpg 440w\" sizes=\"(max-width: 1024px) 100vw, (max-width: 640px) 100vw, 440px\" alt=\"\"><\/span><\/div><div class=\"fusion-text fusion-text-3\" style=\"--awb-margin-top:20px;\"><p>Basic s\u00e4kerhetsbestick<\/p>\n<\/div><\/div><\/div><\/div><\/div><\/p>\n","protected":false},"excerpt":{"rendered":"<ul>\n<li>S\u00e4kerhetsbestick som ett alternativ till metallbestick.<\/li>\n<li>Bestick i h\u00e5llbar och \u00e5tervinningsbar plast som \u00e4r mycket sv\u00e5ra att bryta s\u00f6nder.<\/li>\n<li>Klarar b\u00e5de mikrov\u00e5gsugn och diskmaskin<\/li>\n<\/ul>\n<p>Bestick utformade f\u00f6r att minska sj\u00e4lvskadebeteende och \u00f6verfall. De gr\u00e5 gafflarna, skedarna och knivarna \u00e4r tillverkade i specialplast med det specifika syftet att minska skador eller sj\u00e4lvskadebeteende. Dessa bestick g\u00f6r det m\u00f6jligt att sk\u00e4ra, men \u00e4r \u00e4nd\u00e5 ett s\u00e4kert alternativ j\u00e4mf\u00f6rt med metallbestick. <a href=\"https:\/\/healsafeinterior.com\/sv\/produkt\/safedine\/\">Safedine<\/a> \u00e4r det s\u00e4kraste alternativet n\u00e4r det g\u00e4ller att f\u00f6rebygga sj\u00e4lvmord, men kan vara f\u00f6r mjuka f\u00f6r att sk\u00e4ra k\u00f6tt etc.<\/p>\n<p>S\u00e4ljs i f\u00f6rpackningar om 25 st.<\/p>\n","protected":false},"featured_media":13572,"template":"","meta":[],"product_brand":[],"product_cat":[640,599,603,639],"product_tag":[652],"class_list":{"0":"post-15398","1":"product","2":"type-product","3":"status-publish","4":"has-post-thumbnail","6":"product_cat-bestick","7":"product_cat-extra-hoga-sakerhetskrav","8":"product_cat-husgerad","9":"product_cat-husgerad-sv","10":"product_tag-produktnyheter","12":"first","13":"instock","14":"shipping-taxable","15":"purchasable","16":"product-type-variable"},"_links":{"self":[{"href":"https:\/\/healsafeinterior.com\/sv\/wp-json\/wp\/v2\/product\/15398","targetHints":{"allow":["GET"]}}],"collection":[{"href":"https:\/\/healsafeinterior.com\/sv\/wp-json\/wp\/v2\/product"}],"about":[{"href":"https:\/\/healsafeinterior.com\/sv\/wp-json\/wp\/v2\/types\/product"}],"wp:featuredmedia":[{"embeddable":true,"href":"https:\/\/healsafeinterior.com\/sv\/wp-json\/wp\/v2\/media\/13572"}],"wp:attachment":[{"href":"https:\/\/healsafeinterior.com\/sv\/wp-json\/wp\/v2\/media?parent=15398"}],"wp:term":[{"taxonomy":"product_brand","embeddable":true,"href":"https:\/\/healsafeinterior.com\/sv\/wp-json\/wp\/v2\/product_brand?post=15398"},{"taxonomy":"product_cat","embeddable":true,"href":"https:\/\/healsafeinterior.com\/sv\/wp-json\/wp\/v2\/product_cat?post=15398"},{"taxonomy":"product_tag","embeddable":true,"href":"https:\/\/healsafeinterior.com\/sv\/wp-json\/wp\/v2\/product_tag?post=15398"}],"curies":[{"name":"wp","href":"https:\/\/api.w.org\/{rel}","templated":true}]}}