{"id":15397,"date":"2022-05-03T17:49:34","date_gmt":"2022-05-03T15:49:34","guid":{"rendered":"https:\/\/healsafeinterior.com\/product\/sittkub-500\/"},"modified":"2022-05-03T17:49:34","modified_gmt":"2022-05-03T15:49:34","slug":"sittkub-500","status":"publish","type":"product","link":"https:\/\/healsafeinterior.com\/sv\/produkt\/sittkub-500\/","title":{"rendered":"Sittkub 500"},"content":{"rendered":"","protected":false},"excerpt":{"rendered":"<ul>\n<li>L\u00e4tt och stabil &#8211; kan anv\u00e4ndas som pall eller sidobord<\/li>\n<li>V\u00e4tskeavvisande material<\/li>\n<li>Rept\u00e5lig och flams\u00e4ker<\/li>\n<\/ul>\n<p> Stabil och bekv\u00e4m sittkub\/sidobord i mycket slitstark, hygienisk kl\u00e4dsel fr\u00e5n Dacor. Dold dragkedja som \u00e4r mycket sv\u00e5r att \u00f6ppna och d\u00e4rmed g\u00f6r det om\u00f6jligt att d\u00f6lja n\u00e5got. L\u00e4mplig f\u00f6r extra utmanande milj\u00f6er och f\u00f6r lekrum. L\u00e4tt men med stabil k\u00e4rna. Standardf\u00e4rger: Svart och bl\u00e5. Kan best\u00e4llas i andra f\u00e4rger. H: 500 mm, B: 500 mm, D: 500 mm. Vikt: 5,5 kg        &nbsp;<\/p>\n","protected":false},"featured_media":17553,"template":"","meta":[],"product_brand":[],"product_cat":[599,624,626],"product_tag":[],"class_list":{"0":"post-15397","1":"product","2":"type-product","3":"status-publish","4":"has-post-thumbnail","6":"product_cat-extra-hoga-sakerhetskrav","7":"product_cat-sakerhetsmobler","8":"product_cat-sittsackar-mjuka-sittmobler","10":"first","11":"instock","12":"shipping-taxable","13":"purchasable","14":"product-type-simple"},"_links":{"self":[{"href":"https:\/\/healsafeinterior.com\/sv\/wp-json\/wp\/v2\/product\/15397","targetHints":{"allow":["GET"]}}],"collection":[{"href":"https:\/\/healsafeinterior.com\/sv\/wp-json\/wp\/v2\/product"}],"about":[{"href":"https:\/\/healsafeinterior.com\/sv\/wp-json\/wp\/v2\/types\/product"}],"wp:featuredmedia":[{"embeddable":true,"href":"https:\/\/healsafeinterior.com\/sv\/wp-json\/wp\/v2\/media\/17553"}],"wp:attachment":[{"href":"https:\/\/healsafeinterior.com\/sv\/wp-json\/wp\/v2\/media?parent=15397"}],"wp:term":[{"taxonomy":"product_brand","embeddable":true,"href":"https:\/\/healsafeinterior.com\/sv\/wp-json\/wp\/v2\/product_brand?post=15397"},{"taxonomy":"product_cat","embeddable":true,"href":"https:\/\/healsafeinterior.com\/sv\/wp-json\/wp\/v2\/product_cat?post=15397"},{"taxonomy":"product_tag","embeddable":true,"href":"https:\/\/healsafeinterior.com\/sv\/wp-json\/wp\/v2\/product_tag?post=15397"}],"curies":[{"name":"wp","href":"https:\/\/api.w.org\/{rel}","templated":true}]}}