{"id":15369,"date":"2023-05-11T10:12:14","date_gmt":"2023-05-11T08:12:14","guid":{"rendered":"https:\/\/healsafeinterior.com\/product\/acumen-oppet-byra\/"},"modified":"2025-03-26T10:07:24","modified_gmt":"2025-03-26T09:07:24","slug":"acumen-open-byra","status":"publish","type":"product","link":"https:\/\/healsafeinterior.com\/sv\/produkt\/acumen-open-byra\/","title":{"rendered":"Acumen OPEN byr\u00e5"},"content":{"rendered":"<div class=\"fusion-fullwidth fullwidth-box fusion-builder-row-1 fusion-flex-container has-pattern-background has-mask-background hundred-percent-fullwidth non-hundred-percent-height-scrolling\" style=\"--awb-border-radius-top-left:0px;--awb-border-radius-top-right:0px;--awb-border-radius-bottom-right:0px;--awb-border-radius-bottom-left:0px;--awb-padding-top:4px;--awb-padding-right:6px;--awb-padding-bottom:0px;--awb-padding-left:6px;--awb-margin-top:40px;--awb-margin-bottom:20px;--awb-flex-wrap:wrap;\" ><div class=\"fusion-builder-row fusion-row fusion-flex-align-items-center fusion-flex-justify-content-center fusion-flex-content-wrap\" style=\"width:104% !important;max-width:104% !important;margin-left: calc(-4% \/ 2 );margin-right: calc(-4% \/ 2 );\"><div class=\"fusion-layout-column fusion_builder_column fusion-builder-column-0 fusion_builder_column_1_1 1_1 fusion-flex-column fusion-flex-align-self-center\" style=\"--awb-bg-size:cover;--awb-width-large:100%;--awb-margin-top-large:0px;--awb-spacing-right-large:1.92%;--awb-margin-bottom-large:3px;--awb-spacing-left-large:1.92%;--awb-width-medium:100%;--awb-order-medium:0;--awb-spacing-right-medium:1.92%;--awb-spacing-left-medium:1.92%;--awb-width-small:100%;--awb-order-small:0;--awb-spacing-right-small:1.92%;--awb-spacing-left-small:1.92%;\"><div class=\"fusion-column-wrapper fusion-column-has-shadow fusion-flex-justify-content-center fusion-content-layout-column\"><div class=\"fusion-tabs fusion-tabs-1 classic nav-not-justified horizontal-tabs icon-position-left mobile-mode-carousel\" style=\"--awb-title-border-radius-top-left:2px;--awb-title-border-radius-top-right:2px;--awb-title-border-radius-bottom-right:2px;--awb-title-border-radius-bottom-left:2px;--awb-content-padding-top:40px;--awb-content-padding-right:30px;--awb-content-padding-bottom:40px;--awb-content-padding-left:30px;--awb-title-padding-right:40px;--awb-title-padding-left:40px;--awb-title-font-size:17px;--awb-alignment:start;--awb-inactive-color:var(--awb-color2);--awb-title-text-color:var(--awb-color5);--awb-title-active-text-color:var(--awb-color7);--awb-background-color:var(--awb-color1);--awb-border-color:rgba(167,172,162,0);--awb-active-border-color:var(--awb-custom_color_2);--awb-title-font-family:&quot;Sen&quot;;--awb-title-font-style:normal;--awb-title-font-weight:400;\"><div class=\"nav\"><ul class=\"nav-tabs\" role=\"tablist\"><li class=\"active\" role=\"presentation\"><a class=\"tab-link\" data-toggle=\"tab\" role=\"tab\" aria-controls=\"tab-cbde1449317c18a7d86\" aria-selected=\"true\" id=\"fusion-tab-acumenproduktsortiment\" href=\"#tab-cbde1449317c18a7d86\"><h3 class=\"fusion-tab-heading\">Acumen produktsortiment<\/h3><\/a><\/li><\/ul><\/div><div class=\"tab-content\"><div class=\"tab-pane fade fusion-clearfix in active\" role=\"tabpanel\" tabindex=\"0\" aria-labelledby=\"fusion-tab-acumenproduktsortiment\" id=\"tab-cbde1449317c18a7d86\">\n<div class=\"fusion-woo-product-grid fusion-product-archive fusion-woo-product-grid-1 has-column-spacing\" style=\"--awb-column-spacing-margin:calc((8px)\/ -2);--awb-column-spacing-padding:calc((8px)\/ 2);\"><ul class=\"products products-6\"><li class=\"product type-product post-15357 status-publish first instock product_cat-garderober product_cat-sakerhetsmobler product_tag-acumen-sv has-post-thumbnail shipping-taxable purchasable product-type-simple product-grid-view\">\n\t<div class=\"fusion-product-wrapper\">\n\n<div class=\"fusion-clean-product-image-wrapper \">\n\t<div  class=\"fusion-image-wrapper fusion-image-size-fixed\" aria-haspopup=\"true\">\n\t\t\t\t\t\t\t<a href=\"https:\/\/healsafeinterior.com\/sv\/produkt\/acumen-open-garderob-delad-hyllor-skena\/\" aria-label=\"Acumen OPEN garderob, delad, hyllor\/skena\">\n\t\t\t\t\t\t\t<img decoding=\"async\" width=\"400\" height=\"400\" src=\"https:\/\/healsafeinterior.com\/wp-content\/uploads\/2021\/04\/Acumen-wardrobe_no-top-1000x1000_Pineapple-400x400.webp\" class=\"attachment-woocommerce_thumbnail size-woocommerce_thumbnail wp-post-image\" alt=\"\" srcset=\"https:\/\/healsafeinterior.com\/wp-content\/uploads\/2021\/04\/Acumen-wardrobe_no-top-1000x1000_Pineapple-66x66.webp 66w, https:\/\/healsafeinterior.com\/wp-content\/uploads\/2021\/04\/Acumen-wardrobe_no-top-1000x1000_Pineapple-100x100.webp 100w, https:\/\/healsafeinterior.com\/wp-content\/uploads\/2021\/04\/Acumen-wardrobe_no-top-1000x1000_Pineapple-150x150.webp 150w, https:\/\/healsafeinterior.com\/wp-content\/uploads\/2021\/04\/Acumen-wardrobe_no-top-1000x1000_Pineapple-200x200.webp 200w, https:\/\/healsafeinterior.com\/wp-content\/uploads\/2021\/04\/Acumen-wardrobe_no-top-1000x1000_Pineapple-300x300.webp 300w, https:\/\/healsafeinterior.com\/wp-content\/uploads\/2021\/04\/Acumen-wardrobe_no-top-1000x1000_Pineapple-400x400.webp 400w, https:\/\/healsafeinterior.com\/wp-content\/uploads\/2021\/04\/Acumen-wardrobe_no-top-1000x1000_Pineapple-600x600.webp 600w, https:\/\/healsafeinterior.com\/wp-content\/uploads\/2021\/04\/Acumen-wardrobe_no-top-1000x1000_Pineapple-768x768.webp 768w, https:\/\/healsafeinterior.com\/wp-content\/uploads\/2021\/04\/Acumen-wardrobe_no-top-1000x1000_Pineapple-800x800.webp 800w, https:\/\/healsafeinterior.com\/wp-content\/uploads\/2021\/04\/Acumen-wardrobe_no-top-1000x1000_Pineapple.webp 1000w\" sizes=\"(max-width: 400px) 100vw, 400px\" title=\"\"><div class=\"cart-loading\"><i class=\"awb-icon-spinner\" aria-hidden=\"true\"><\/i><\/div>\t\t\t<\/a>\n\t\t\t\t\t\t\t<\/div>\n<\/div>\n<div class=\"fusion-product-content\">\n\t<div class=\"product-details\">\n\t\t<div class=\"product-details-container\">\n<h3 class=\"product-title\">\n\t<a href=\"https:\/\/healsafeinterior.com\/sv\/produkt\/acumen-open-garderob-delad-hyllor-skena\/\">\n\t\tAcumen OPEN garderob, delad, hyllor\/skena\t<\/a>\n<\/h3>\n<div class=\"fusion-price-rating\">\n\n\t\t<\/div>\n\t<\/div>\n<\/div>\n\n\t<\/div> \n\n\n<\/div>\n<\/li>\n<li class=\"product type-product post-15414 status-publish instock product_cat-garderober product_cat-sakerhetsmobler product_tag-acumen-sv has-post-thumbnail featured shipping-taxable purchasable product-type-variable product-grid-view\">\n\t<div class=\"fusion-product-wrapper\">\n\n<div class=\"fusion-clean-product-image-wrapper \">\n\t<div  class=\"fusion-image-wrapper fusion-image-size-fixed\" aria-haspopup=\"true\">\n\t\t\t\t\t\t\t<a href=\"https:\/\/healsafeinterior.com\/sv\/produkt\/acumen-garderob\/\" aria-label=\"Acumen &#8211; garderob\">\n\t\t\t\t\t\t\t<img decoding=\"async\" width=\"400\" height=\"400\" src=\"https:\/\/healsafeinterior.com\/wp-content\/uploads\/2021\/04\/Acumen-grey_wardrobe_1000x1000_pineapple-400x400.webp\" class=\"attachment-woocommerce_thumbnail size-woocommerce_thumbnail wp-post-image\" alt=\"\" srcset=\"https:\/\/healsafeinterior.com\/wp-content\/uploads\/2021\/04\/Acumen-grey_wardrobe_1000x1000_pineapple-66x66.webp 66w, https:\/\/healsafeinterior.com\/wp-content\/uploads\/2021\/04\/Acumen-grey_wardrobe_1000x1000_pineapple-100x100.webp 100w, https:\/\/healsafeinterior.com\/wp-content\/uploads\/2021\/04\/Acumen-grey_wardrobe_1000x1000_pineapple-150x150.webp 150w, https:\/\/healsafeinterior.com\/wp-content\/uploads\/2021\/04\/Acumen-grey_wardrobe_1000x1000_pineapple-200x200.webp 200w, https:\/\/healsafeinterior.com\/wp-content\/uploads\/2021\/04\/Acumen-grey_wardrobe_1000x1000_pineapple-300x300.webp 300w, https:\/\/healsafeinterior.com\/wp-content\/uploads\/2021\/04\/Acumen-grey_wardrobe_1000x1000_pineapple-400x400.webp 400w, https:\/\/healsafeinterior.com\/wp-content\/uploads\/2021\/04\/Acumen-grey_wardrobe_1000x1000_pineapple-600x600.webp 600w, https:\/\/healsafeinterior.com\/wp-content\/uploads\/2021\/04\/Acumen-grey_wardrobe_1000x1000_pineapple-768x768.webp 768w, https:\/\/healsafeinterior.com\/wp-content\/uploads\/2021\/04\/Acumen-grey_wardrobe_1000x1000_pineapple-800x800.webp 800w, https:\/\/healsafeinterior.com\/wp-content\/uploads\/2021\/04\/Acumen-grey_wardrobe_1000x1000_pineapple.webp 1000w\" sizes=\"(max-width: 400px) 100vw, 400px\" title=\"\"><div class=\"cart-loading\"><i class=\"awb-icon-spinner\" aria-hidden=\"true\"><\/i><\/div>\t\t\t<\/a>\n\t\t\t\t\t\t\t<\/div>\n<\/div>\n<div class=\"fusion-product-content\">\n\t<div class=\"product-details\">\n\t\t<div class=\"product-details-container\">\n<h3 class=\"product-title\">\n\t<a href=\"https:\/\/healsafeinterior.com\/sv\/produkt\/acumen-garderob\/\">\n\t\tAcumen &#8211; garderob\t<\/a>\n<\/h3>\n<div class=\"fusion-price-rating\">\n\n\t\t<\/div>\n\t<\/div>\n<\/div>\n\n\t<\/div> \n\n\n<\/div>\n<\/li>\n<li class=\"product type-product post-15469 status-publish instock product_cat-sakerhetsmobler product_cat-sangar product_tag-acumen-sv has-post-thumbnail shipping-taxable purchasable product-type-variable product-grid-view\">\n\t<div class=\"fusion-product-wrapper\">\n\n<div class=\"fusion-clean-product-image-wrapper \">\n\t<div  class=\"fusion-image-wrapper fusion-image-size-fixed\" aria-haspopup=\"true\">\n\t\t\t\t\t\t\t<a href=\"https:\/\/healsafeinterior.com\/sv\/produkt\/acumen-sang\/\" aria-label=\"Acumen s\u00e4ng\">\n\t\t\t\t\t\t\t<img decoding=\"async\" width=\"400\" height=\"400\" src=\"https:\/\/healsafeinterior.com\/wp-content\/uploads\/2020\/12\/Acumen-bed-hickory-roomset-Pineapple-440x440-1-400x400.jpg\" class=\"attachment-woocommerce_thumbnail size-woocommerce_thumbnail wp-post-image\" alt=\"Bedroom with Acumen bed, wardrobe and bedside table\" srcset=\"https:\/\/healsafeinterior.com\/wp-content\/uploads\/2020\/12\/Acumen-bed-hickory-roomset-Pineapple-440x440-1-66x66.jpg 66w, https:\/\/healsafeinterior.com\/wp-content\/uploads\/2020\/12\/Acumen-bed-hickory-roomset-Pineapple-440x440-1-150x150.jpg 150w, https:\/\/healsafeinterior.com\/wp-content\/uploads\/2020\/12\/Acumen-bed-hickory-roomset-Pineapple-440x440-1-200x200.jpg 200w, https:\/\/healsafeinterior.com\/wp-content\/uploads\/2020\/12\/Acumen-bed-hickory-roomset-Pineapple-440x440-1-300x300.jpg 300w, https:\/\/healsafeinterior.com\/wp-content\/uploads\/2020\/12\/Acumen-bed-hickory-roomset-Pineapple-440x440-1-400x400.jpg 400w, https:\/\/healsafeinterior.com\/wp-content\/uploads\/2020\/12\/Acumen-bed-hickory-roomset-Pineapple-440x440-1.jpg 440w\" sizes=\"(max-width: 400px) 100vw, 400px\" title=\"\"><div class=\"cart-loading\"><i class=\"awb-icon-spinner\" aria-hidden=\"true\"><\/i><\/div>\t\t\t<\/a>\n\t\t\t\t\t\t\t<\/div>\n<\/div>\n<div class=\"fusion-product-content\">\n\t<div class=\"product-details\">\n\t\t<div class=\"product-details-container\">\n<h3 class=\"product-title\">\n\t<a href=\"https:\/\/healsafeinterior.com\/sv\/produkt\/acumen-sang\/\">\n\t\tAcumen s\u00e4ng\t<\/a>\n<\/h3>\n<div class=\"fusion-price-rating\">\n\n\t<span class=\"price\"><span class=\"woocommerce-Price-amount amount\"><bdi><span class=\"woocommerce-Price-currencySymbol\">&#107;&#114;<\/span>0.00<\/bdi><\/span><\/span>\n\t\t<\/div>\n\t<\/div>\n<\/div>\n\n\t<\/div> \n\n\n<\/div>\n<\/li>\n<li class=\"product type-product post-15366 status-publish instock product_cat-garderober product_cat-sakerhetsmobler product_tag-acumen-sv has-post-thumbnail shipping-taxable purchasable product-type-simple product-grid-view\">\n\t<div class=\"fusion-product-wrapper\">\n\n<div class=\"fusion-clean-product-image-wrapper \">\n\t<div  class=\"fusion-image-wrapper fusion-image-size-fixed\" aria-haspopup=\"true\">\n\t\t\t\t\t\t\t<a href=\"https:\/\/healsafeinterior.com\/sv\/produkt\/acumen-open-sluttande-topp\/\" aria-label=\"Acumen Open &#8211; sluttande topp\">\n\t\t\t\t\t\t\t<img decoding=\"async\" width=\"400\" height=\"400\" src=\"https:\/\/healsafeinterior.com\/wp-content\/uploads\/2021\/04\/Acumen-wardrobe-HSP718-roomset-Pineapple-440x440-1-400x400.jpg\" class=\"attachment-woocommerce_thumbnail size-woocommerce_thumbnail wp-post-image\" alt=\"\" srcset=\"https:\/\/healsafeinterior.com\/wp-content\/uploads\/2021\/04\/Acumen-wardrobe-HSP718-roomset-Pineapple-440x440-1-66x66.jpg 66w, https:\/\/healsafeinterior.com\/wp-content\/uploads\/2021\/04\/Acumen-wardrobe-HSP718-roomset-Pineapple-440x440-1-150x150.jpg 150w, https:\/\/healsafeinterior.com\/wp-content\/uploads\/2021\/04\/Acumen-wardrobe-HSP718-roomset-Pineapple-440x440-1-200x200.jpg 200w, https:\/\/healsafeinterior.com\/wp-content\/uploads\/2021\/04\/Acumen-wardrobe-HSP718-roomset-Pineapple-440x440-1-300x300.jpg 300w, https:\/\/healsafeinterior.com\/wp-content\/uploads\/2021\/04\/Acumen-wardrobe-HSP718-roomset-Pineapple-440x440-1-400x400.jpg 400w, https:\/\/healsafeinterior.com\/wp-content\/uploads\/2021\/04\/Acumen-wardrobe-HSP718-roomset-Pineapple-440x440-1.jpg 440w\" sizes=\"(max-width: 400px) 100vw, 400px\" title=\"\"><div class=\"cart-loading\"><i class=\"awb-icon-spinner\" aria-hidden=\"true\"><\/i><\/div>\t\t\t<\/a>\n\t\t\t\t\t\t\t<\/div>\n<\/div>\n<div class=\"fusion-product-content\">\n\t<div class=\"product-details\">\n\t\t<div class=\"product-details-container\">\n<h3 class=\"product-title\">\n\t<a href=\"https:\/\/healsafeinterior.com\/sv\/produkt\/acumen-open-sluttande-topp\/\">\n\t\tAcumen Open &#8211; sluttande topp\t<\/a>\n<\/h3>\n<div class=\"fusion-price-rating\">\n\n\t\t<\/div>\n\t<\/div>\n<\/div>\n\n\t<\/div> \n\n\n<\/div>\n<\/li>\n<li class=\"product type-product post-15369 status-publish instock product_cat-byraer-hyllor product_cat-sakerhetsmobler product_tag-acumen-sv has-post-thumbnail shipping-taxable purchasable product-type-simple product-grid-view\">\n\t<div class=\"fusion-product-wrapper\">\n\n<div class=\"fusion-clean-product-image-wrapper \">\n\t<div  class=\"fusion-image-wrapper fusion-image-size-fixed\" aria-haspopup=\"true\">\n\t\t\t\t\t\t\t<a href=\"https:\/\/healsafeinterior.com\/sv\/produkt\/acumen-open-byra\/\" aria-label=\"Acumen OPEN byr\u00e5\">\n\t\t\t\t\t\t\t<img decoding=\"async\" width=\"400\" height=\"400\" src=\"https:\/\/healsafeinterior.com\/wp-content\/uploads\/2023\/05\/Acumen-chest_roomset_2_1000x1000-kopiera-400x400.webp\" class=\"attachment-woocommerce_thumbnail size-woocommerce_thumbnail wp-post-image\" alt=\"\" srcset=\"https:\/\/healsafeinterior.com\/wp-content\/uploads\/2023\/05\/Acumen-chest_roomset_2_1000x1000-kopiera-66x66.webp 66w, https:\/\/healsafeinterior.com\/wp-content\/uploads\/2023\/05\/Acumen-chest_roomset_2_1000x1000-kopiera-100x100.webp 100w, https:\/\/healsafeinterior.com\/wp-content\/uploads\/2023\/05\/Acumen-chest_roomset_2_1000x1000-kopiera-150x150.webp 150w, https:\/\/healsafeinterior.com\/wp-content\/uploads\/2023\/05\/Acumen-chest_roomset_2_1000x1000-kopiera-200x200.webp 200w, https:\/\/healsafeinterior.com\/wp-content\/uploads\/2023\/05\/Acumen-chest_roomset_2_1000x1000-kopiera-300x300.webp 300w, https:\/\/healsafeinterior.com\/wp-content\/uploads\/2023\/05\/Acumen-chest_roomset_2_1000x1000-kopiera-400x400.webp 400w, https:\/\/healsafeinterior.com\/wp-content\/uploads\/2023\/05\/Acumen-chest_roomset_2_1000x1000-kopiera-600x600.webp 600w, https:\/\/healsafeinterior.com\/wp-content\/uploads\/2023\/05\/Acumen-chest_roomset_2_1000x1000-kopiera-768x768.webp 768w, https:\/\/healsafeinterior.com\/wp-content\/uploads\/2023\/05\/Acumen-chest_roomset_2_1000x1000-kopiera-800x800.webp 800w, https:\/\/healsafeinterior.com\/wp-content\/uploads\/2023\/05\/Acumen-chest_roomset_2_1000x1000-kopiera.webp 1000w\" sizes=\"(max-width: 400px) 100vw, 400px\" title=\"\"><div class=\"cart-loading\"><i class=\"awb-icon-spinner\" aria-hidden=\"true\"><\/i><\/div>\t\t\t<\/a>\n\t\t\t\t\t\t\t<\/div>\n<\/div>\n<div class=\"fusion-product-content\">\n\t<div class=\"product-details\">\n\t\t<div class=\"product-details-container\">\n<h3 class=\"product-title\">\n\t<a href=\"https:\/\/healsafeinterior.com\/sv\/produkt\/acumen-open-byra\/\">\n\t\tAcumen OPEN byr\u00e5\t<\/a>\n<\/h3>\n<div class=\"fusion-price-rating\">\n\n\t\t<\/div>\n\t<\/div>\n<\/div>\n\n\t<\/div> \n\n\n<\/div>\n<\/li>\n<li class=\"product type-product post-15368 status-publish last instock product_cat-sakerhetsmobler product_cat-sangbord product_tag-acumen-sv has-post-thumbnail shipping-taxable purchasable product-type-simple product-grid-view\">\n\t<div class=\"fusion-product-wrapper\">\n\n<div class=\"fusion-clean-product-image-wrapper \">\n\t<div  class=\"fusion-image-wrapper fusion-image-size-fixed\" aria-haspopup=\"true\">\n\t\t\t\t\t\t\t<a href=\"https:\/\/healsafeinterior.com\/sv\/produkt\/acumen-oppet-nattduksbord\/\" aria-label=\"Acumen OPEN nattduksbord\">\n\t\t\t\t\t\t\t<img decoding=\"async\" width=\"400\" height=\"400\" src=\"https:\/\/healsafeinterior.com\/wp-content\/uploads\/2021\/04\/Acumen-bedside-table-HSP721-Pineapple-440x440-transp-400x400.jpg\" class=\"attachment-woocommerce_thumbnail size-woocommerce_thumbnail wp-post-image\" alt=\"\" srcset=\"https:\/\/healsafeinterior.com\/wp-content\/uploads\/2021\/04\/Acumen-bedside-table-HSP721-Pineapple-440x440-transp-66x66.jpg 66w, https:\/\/healsafeinterior.com\/wp-content\/uploads\/2021\/04\/Acumen-bedside-table-HSP721-Pineapple-440x440-transp-150x150.jpg 150w, https:\/\/healsafeinterior.com\/wp-content\/uploads\/2021\/04\/Acumen-bedside-table-HSP721-Pineapple-440x440-transp-200x200.jpg 200w, https:\/\/healsafeinterior.com\/wp-content\/uploads\/2021\/04\/Acumen-bedside-table-HSP721-Pineapple-440x440-transp-300x300.jpg 300w, https:\/\/healsafeinterior.com\/wp-content\/uploads\/2021\/04\/Acumen-bedside-table-HSP721-Pineapple-440x440-transp-400x400.jpg 400w, https:\/\/healsafeinterior.com\/wp-content\/uploads\/2021\/04\/Acumen-bedside-table-HSP721-Pineapple-440x440-transp.jpg 440w\" sizes=\"(max-width: 400px) 100vw, 400px\" title=\"\"><div class=\"cart-loading\"><i class=\"awb-icon-spinner\" aria-hidden=\"true\"><\/i><\/div>\t\t\t<\/a>\n\t\t\t\t\t\t\t<\/div>\n<\/div>\n<div class=\"fusion-product-content\">\n\t<div class=\"product-details\">\n\t\t<div class=\"product-details-container\">\n<h3 class=\"product-title\">\n\t<a href=\"https:\/\/healsafeinterior.com\/sv\/produkt\/acumen-oppet-nattduksbord\/\">\n\t\tAcumen OPEN nattduksbord\t<\/a>\n<\/h3>\n<div class=\"fusion-price-rating\">\n\n\t\t<\/div>\n\t<\/div>\n<\/div>\n\n\t<\/div> \n\n\n<\/div>\n<\/li>\n<li class=\"product type-product post-15433 status-publish first instock product_cat-sakerhetsmobler product_cat-sangbord product_tag-acumen-sv has-post-thumbnail shipping-taxable purchasable product-type-simple product-grid-view\">\n\t<div class=\"fusion-product-wrapper\">\n\n<div class=\"fusion-clean-product-image-wrapper \">\n\t<div  class=\"fusion-image-wrapper fusion-image-size-fixed\" aria-haspopup=\"true\">\n\t\t\t\t\t\t\t<a href=\"https:\/\/healsafeinterior.com\/sv\/produkt\/acumen-open-nattduksbord\/\" aria-label=\"Acumen Open nattduksbord\">\n\t\t\t\t\t\t\t<img decoding=\"async\" width=\"400\" height=\"400\" src=\"https:\/\/healsafeinterior.com\/wp-content\/uploads\/2020\/12\/Acumen-bedside-table-fake-roomset-Pineapple-1000x1000-1-400x400.webp\" class=\"attachment-woocommerce_thumbnail size-woocommerce_thumbnail wp-post-image\" alt=\"Acumen bedside table by the bed in a bedroom\" srcset=\"https:\/\/healsafeinterior.com\/wp-content\/uploads\/2020\/12\/Acumen-bedside-table-fake-roomset-Pineapple-1000x1000-1-66x66.webp 66w, https:\/\/healsafeinterior.com\/wp-content\/uploads\/2020\/12\/Acumen-bedside-table-fake-roomset-Pineapple-1000x1000-1-100x100.webp 100w, https:\/\/healsafeinterior.com\/wp-content\/uploads\/2020\/12\/Acumen-bedside-table-fake-roomset-Pineapple-1000x1000-1-150x150.webp 150w, https:\/\/healsafeinterior.com\/wp-content\/uploads\/2020\/12\/Acumen-bedside-table-fake-roomset-Pineapple-1000x1000-1-200x200.webp 200w, https:\/\/healsafeinterior.com\/wp-content\/uploads\/2020\/12\/Acumen-bedside-table-fake-roomset-Pineapple-1000x1000-1-300x300.webp 300w, https:\/\/healsafeinterior.com\/wp-content\/uploads\/2020\/12\/Acumen-bedside-table-fake-roomset-Pineapple-1000x1000-1-400x400.webp 400w, https:\/\/healsafeinterior.com\/wp-content\/uploads\/2020\/12\/Acumen-bedside-table-fake-roomset-Pineapple-1000x1000-1-600x600.webp 600w, https:\/\/healsafeinterior.com\/wp-content\/uploads\/2020\/12\/Acumen-bedside-table-fake-roomset-Pineapple-1000x1000-1-768x768.webp 768w, https:\/\/healsafeinterior.com\/wp-content\/uploads\/2020\/12\/Acumen-bedside-table-fake-roomset-Pineapple-1000x1000-1-800x800.webp 800w, https:\/\/healsafeinterior.com\/wp-content\/uploads\/2020\/12\/Acumen-bedside-table-fake-roomset-Pineapple-1000x1000-1.webp 1000w\" sizes=\"(max-width: 400px) 100vw, 400px\" title=\"\"><div class=\"cart-loading\"><i class=\"awb-icon-spinner\" aria-hidden=\"true\"><\/i><\/div>\t\t\t<\/a>\n\t\t\t\t\t\t\t<\/div>\n<\/div>\n<div class=\"fusion-product-content\">\n\t<div class=\"product-details\">\n\t\t<div class=\"product-details-container\">\n<h3 class=\"product-title\">\n\t<a href=\"https:\/\/healsafeinterior.com\/sv\/produkt\/acumen-open-nattduksbord\/\">\n\t\tAcumen Open nattduksbord\t<\/a>\n<\/h3>\n<div class=\"fusion-price-rating\">\n\n\t<span class=\"price\"><span class=\"woocommerce-Price-amount amount\"><bdi><span class=\"woocommerce-Price-currencySymbol\">&#107;&#114;<\/span>0.00<\/bdi><\/span><\/span>\n\t\t<\/div>\n\t<\/div>\n<\/div>\n\n\t<\/div> \n\n\n<\/div>\n<\/li>\n<li class=\"product type-product post-15367 status-publish instock product_cat-sakerhetsmobler product_cat-skrivbord product_tag-acumen-sv has-post-thumbnail shipping-taxable purchasable product-type-simple product-grid-view\">\n\t<div class=\"fusion-product-wrapper\">\n\n<div class=\"fusion-clean-product-image-wrapper \">\n\t<div  class=\"fusion-image-wrapper fusion-image-size-fixed\" aria-haspopup=\"true\">\n\t\t\t\t\t\t\t<a href=\"https:\/\/healsafeinterior.com\/sv\/produkt\/acumen-open-skrivbord\/\" aria-label=\"Acumen OPEN skrivbord\">\n\t\t\t\t\t\t\t<img decoding=\"async\" width=\"400\" height=\"400\" src=\"https:\/\/healsafeinterior.com\/wp-content\/uploads\/2023\/05\/Acumen-Open-desk-roomset-Pineapple-1000x1000-1-400x400.webp\" class=\"attachment-woocommerce_thumbnail size-woocommerce_thumbnail wp-post-image\" alt=\"\" srcset=\"https:\/\/healsafeinterior.com\/wp-content\/uploads\/2023\/05\/Acumen-Open-desk-roomset-Pineapple-1000x1000-1-66x66.webp 66w, https:\/\/healsafeinterior.com\/wp-content\/uploads\/2023\/05\/Acumen-Open-desk-roomset-Pineapple-1000x1000-1-100x100.webp 100w, https:\/\/healsafeinterior.com\/wp-content\/uploads\/2023\/05\/Acumen-Open-desk-roomset-Pineapple-1000x1000-1-150x150.webp 150w, https:\/\/healsafeinterior.com\/wp-content\/uploads\/2023\/05\/Acumen-Open-desk-roomset-Pineapple-1000x1000-1-200x200.webp 200w, https:\/\/healsafeinterior.com\/wp-content\/uploads\/2023\/05\/Acumen-Open-desk-roomset-Pineapple-1000x1000-1-300x300.webp 300w, https:\/\/healsafeinterior.com\/wp-content\/uploads\/2023\/05\/Acumen-Open-desk-roomset-Pineapple-1000x1000-1-400x400.webp 400w, https:\/\/healsafeinterior.com\/wp-content\/uploads\/2023\/05\/Acumen-Open-desk-roomset-Pineapple-1000x1000-1-600x600.webp 600w, https:\/\/healsafeinterior.com\/wp-content\/uploads\/2023\/05\/Acumen-Open-desk-roomset-Pineapple-1000x1000-1-768x768.webp 768w, https:\/\/healsafeinterior.com\/wp-content\/uploads\/2023\/05\/Acumen-Open-desk-roomset-Pineapple-1000x1000-1-800x800.webp 800w, https:\/\/healsafeinterior.com\/wp-content\/uploads\/2023\/05\/Acumen-Open-desk-roomset-Pineapple-1000x1000-1.webp 1000w\" sizes=\"(max-width: 400px) 100vw, 400px\" title=\"\"><div class=\"cart-loading\"><i class=\"awb-icon-spinner\" aria-hidden=\"true\"><\/i><\/div>\t\t\t<\/a>\n\t\t\t\t\t\t\t<\/div>\n<\/div>\n<div class=\"fusion-product-content\">\n\t<div class=\"product-details\">\n\t\t<div class=\"product-details-container\">\n<h3 class=\"product-title\">\n\t<a href=\"https:\/\/healsafeinterior.com\/sv\/produkt\/acumen-open-skrivbord\/\">\n\t\tAcumen OPEN skrivbord\t<\/a>\n<\/h3>\n<div class=\"fusion-price-rating\">\n\n\t\t<\/div>\n\t<\/div>\n<\/div>\n\n\t<\/div> \n\n\n<\/div>\n<\/li>\n<\/ul><\/div>\n<\/div><\/div><\/div><\/div><\/div><\/div><\/div>\n","protected":false},"excerpt":{"rendered":"<ul>\n<li>28 mm tjocka toppar och 18 mm melaminbelagd stomme<\/li>\n<li>Mjuka, rundade h\u00f6rn f\u00f6r \u00f6kad s\u00e4kerhet<\/li>\n<li>Speciellt utformad f\u00f6r att minimera dolda utrymmen<\/li>\n<\/ul>\n<p>S\u00e4kerhetsinf\u00e4stningar som standard.<br \/>\nSpeciellt utformad f\u00f6r att minimera dolda ytor (t.ex. undersidan, mellan l\u00e5dor).<br \/>\nHickory-finish.<br \/>\nYtans h\u00e5llbarhet testad enligt BS6250.<br \/>\nStyrka och stabilitet testad. Storlek: H 838 mm, B 810 mm, D 483 mm<\/p>\n","protected":false},"featured_media":14556,"template":"","meta":[],"product_brand":[],"product_cat":[630,624],"product_tag":[648],"class_list":{"0":"post-15369","1":"product","2":"type-product","3":"status-publish","4":"has-post-thumbnail","6":"product_cat-byraer-hyllor","7":"product_cat-sakerhetsmobler","8":"product_tag-acumen-sv","10":"first","11":"instock","12":"shipping-taxable","13":"purchasable","14":"product-type-simple"},"_links":{"self":[{"href":"https:\/\/healsafeinterior.com\/sv\/wp-json\/wp\/v2\/product\/15369","targetHints":{"allow":["GET"]}}],"collection":[{"href":"https:\/\/healsafeinterior.com\/sv\/wp-json\/wp\/v2\/product"}],"about":[{"href":"https:\/\/healsafeinterior.com\/sv\/wp-json\/wp\/v2\/types\/product"}],"wp:featuredmedia":[{"embeddable":true,"href":"https:\/\/healsafeinterior.com\/sv\/wp-json\/wp\/v2\/media\/14556"}],"wp:attachment":[{"href":"https:\/\/healsafeinterior.com\/sv\/wp-json\/wp\/v2\/media?parent=15369"}],"wp:term":[{"taxonomy":"product_brand","embeddable":true,"href":"https:\/\/healsafeinterior.com\/sv\/wp-json\/wp\/v2\/product_brand?post=15369"},{"taxonomy":"product_cat","embeddable":true,"href":"https:\/\/healsafeinterior.com\/sv\/wp-json\/wp\/v2\/product_cat?post=15369"},{"taxonomy":"product_tag","embeddable":true,"href":"https:\/\/healsafeinterior.com\/sv\/wp-json\/wp\/v2\/product_tag?post=15369"}],"curies":[{"name":"wp","href":"https:\/\/api.w.org\/{rel}","templated":true}]}}