{"id":15365,"date":"2023-05-11T11:09:12","date_gmt":"2023-05-11T09:09:12","guid":{"rendered":"https:\/\/healsafeinterior.com\/product\/skye-plus-stol\/"},"modified":"2026-02-17T13:16:20","modified_gmt":"2026-02-17T12:16:20","slug":"skye-plus-fatolj-soffa","status":"publish","type":"product","link":"https:\/\/healsafeinterior.com\/sv\/produkt\/skye-plus-fatolj-soffa\/","title":{"rendered":"Skye PLUS &#8211; f\u00e5t\u00f6lj &#038; soffa"},"content":{"rendered":"<p><div class=\"fusion-fullwidth fullwidth-box fusion-builder-row-1 fusion-flex-container has-pattern-background has-mask-background hundred-percent-fullwidth non-hundred-percent-height-scrolling\" style=\"--awb-border-radius-top-left:0px;--awb-border-radius-top-right:0px;--awb-border-radius-bottom-right:0px;--awb-border-radius-bottom-left:0px;--awb-padding-top:4px;--awb-padding-right:6px;--awb-padding-bottom:0px;--awb-padding-left:6px;--awb-margin-top:5px;--awb-margin-bottom:20px;--awb-flex-wrap:wrap;\" ><div class=\"fusion-builder-row fusion-row fusion-flex-align-items-center fusion-flex-justify-content-center fusion-flex-content-wrap\" style=\"width:104% !important;max-width:104% !important;margin-left: calc(-4% \/ 2 );margin-right: calc(-4% \/ 2 );\"><div class=\"fusion-layout-column fusion_builder_column fusion-builder-column-0 fusion_builder_column_1_1 1_1 fusion-flex-column fusion-flex-align-self-center\" style=\"--awb-bg-size:cover;--awb-width-large:100%;--awb-margin-top-large:0px;--awb-spacing-right-large:1.92%;--awb-margin-bottom-large:3px;--awb-spacing-left-large:1.92%;--awb-width-medium:100%;--awb-order-medium:0;--awb-spacing-right-medium:1.92%;--awb-spacing-left-medium:1.92%;--awb-width-small:100%;--awb-order-small:0;--awb-spacing-right-small:1.92%;--awb-spacing-left-small:1.92%;\"><div class=\"fusion-column-wrapper fusion-column-has-shadow fusion-flex-justify-content-center fusion-content-layout-column\"><div class=\"fusion-title title fusion-title-1 fusion-sep-none fusion-title-text fusion-title-size-two\"><h2 class=\"fusion-title-heading title-heading-left fusion-responsive-typography-calculated\" style=\"margin:0;--fontSize:30;line-height:1.5;\">Produktdata<\/h2><\/div><div class=\"fusion-text fusion-text-1 awb-text-cols fusion-text-columns-2\" style=\"--awb-columns:2;--awb-column-spacing:2em;--awb-column-min-width:100px;\"><p><strong>Material<\/strong><br \/>\nTungviktsmodell tillverkad av plywood och massivt tr\u00e4. F\u00f6tterna \u00e4r sammanfogade med manipuleringss\u00e4kra f\u00e4sten f\u00f6r att motverka missbruk. Starka plywoodf\u00f6rst\u00e4rkningar och manipuleringss\u00e4kra, inneslutna bottnar som standard. Inredning tillverkad av brandh\u00e4mmande CMHR-skum (f\u00f6rbr\u00e4nningsmodifierat h\u00f6gelastiskt skum) f\u00f6r s\u00e4ker anv\u00e4ndning f\u00f6r b\u00e5de anv\u00e4ndare och personal.<\/p>\n<p><strong>Montering<\/strong><br \/>\nLevereras monterad.<\/p>\n<p><strong>Underh\u00e5ll<\/strong><br \/>\nF\u00f6r att bevara m\u00f6belns skick rekommenderar vi att den reng\u00f6rs med en fuktig trasa och vid behov anv\u00e4ndning av milda reng\u00f6ringsmedel. V\u00e5ra material \u00e4r utformade f\u00f6r att vara t\u00e5liga och enkla att underh\u00e5lla, vilket g\u00f6r dem idealiska f\u00f6r kr\u00e4vande milj\u00f6er. Vid behov anv\u00e4nd ytdesinfektion men var uppm\u00e4rksam p\u00e5 att detta kan f\u00f6rkorta livsl\u00e4ngden f\u00f6r textilen. F\u00f6r mer information se <a href=\"https:\/\/healsafeinterior.com\/sv\/resurscenter\/\">Sk\u00f6tselr\u00e5d m\u00f6bler<\/a>.<\/p>\n<p><strong>Teknisk data<\/strong><br \/>\nHSP550: H 825 mm, B 735 mm, D 785 mm. Sitth\u00f6jd: 470 mm. Vikt: 40 kg.<br \/>\nHSP551: H825 mm, W 1250 mm, D 785 mm. Sitth\u00f6jd: 470 mm. Vikt: 58 kg.<\/p>\n<p><strong>Textilval\/F\u00e4rgval<\/strong><br \/>\nAston \u00e4r en robust konstl\u00e4dertextil (vinyl) med v\u00e4tsket\u00e5liga och avtorkbara egenskaper, idealisk f\u00f6r milj\u00f6er med h\u00f6ga hygien- och slitstyrkekrav. Highland har en v\u00e4vd struktur som kombinerar h\u00e5llbarhet med en varm, ombonad k\u00e4nsla. B\u00e5da passar utm\u00e4rkt i milj\u00f6er med s\u00e4rskilda krav och tillgodoser olika behov. B\u00e5da finns i ett stort urval av kul\u00f6rer. <a href=\"https:\/\/uk.pineapplecontracts.com\/fabric\/aston-range\/\" target=\"_blank\" rel=\"noopener\">Aston<\/a> &amp; <a href=\"https:\/\/uk.pineapplecontracts.com\/fabric\/highland-range\/\" target=\"_blank\" rel=\"noopener\">Highland<\/a>.<\/p>\n<p><strong>H\u00e5llbarhet<\/strong><br \/>\nStyrka och stabilitet testad enligt europeisk kvalitetsstandard (BS EN 16139:2013), med h\u00e5llbarhet verifierad f\u00f6r 200 000 anv\u00e4ndningscykler. Brandh\u00e4mmande enligt BS7176:2007 k\u00e4lla 5. Sittdyna statiskt vikt testad till 500 kg.<\/p>\n<p><em>Att kl\u00e4 om m\u00f6bler \u00e4r ett h\u00e5llbart och kostnadseffektivt s\u00e4tt att f\u00f6rl\u00e4nga livsl\u00e4ngden p\u00e5 m\u00f6beln. Kontakta oss f\u00f6r r\u00e5d.<\/em><\/p>\n<p><strong>Leverans<\/strong><br \/>\nLeveranstid 8\u201312 veckor. Observera att of\u00f6rutsedda h\u00e4ndelser kan p\u00e5verka leveransen. F\u00f6r mer information om aktuell leveranstid i samband med orderbekr\u00e4ftelse eller innan best\u00e4llning, v\u00e4nligen kontakta oss p\u00e5 <a href=\"mailto:info@healsafeinterior.com\">info@healsafeinterior.com<\/a>.<\/p>\n<p><strong>Garanti<\/strong><br \/>\n7 \u00e5rs garanti (g\u00e4ller ej kl\u00e4dsel). Vi erbjuder en garanti som t\u00e4cker eventuella tillverkningsfel.<\/p>\n<p>F\u00f6r garanti\u00e4renden g\u00e4llande kl\u00e4dsel g\u00e4ller s\u00e4rskilda villkor. <a href=\"https:\/\/healsafeinterior.com\/sv\/resurscenter\/\">Se sk\u00f6tselr\u00e5d<\/a>. Vid reklamation, v\u00e4nligen kontakta oss p\u00e5 <a href=\"mailto:info@healsafeinterior.com\">info@healsafeinterior.com<\/a>.<\/p>\n<p><strong>Tillverkning\/produktion<\/strong><br \/>\nEuropa.<\/p>\n<\/div><\/div><\/div><\/div><\/div><div class=\"fusion-fullwidth fullwidth-box fusion-builder-row-2 fusion-flex-container has-pattern-background has-mask-background hundred-percent-fullwidth non-hundred-percent-height-scrolling\" style=\"--awb-border-radius-top-left:0px;--awb-border-radius-top-right:0px;--awb-border-radius-bottom-right:0px;--awb-border-radius-bottom-left:0px;--awb-padding-top:4px;--awb-padding-right:0px;--awb-padding-bottom:0px;--awb-padding-left:0px;--awb-margin-top:5px;--awb-margin-bottom:33px;--awb-flex-wrap:wrap;\" ><div class=\"fusion-builder-row fusion-row fusion-flex-align-items-center fusion-flex-justify-content-center fusion-flex-content-wrap\" style=\"width:104% !important;max-width:104% !important;margin-left: calc(-4% \/ 2 );margin-right: calc(-4% \/ 2 );\"><div class=\"fusion-layout-column fusion_builder_column fusion-builder-column-1 fusion_builder_column_1_1 1_1 fusion-flex-column fusion-flex-align-self-center\" style=\"--awb-padding-top:38px;--awb-padding-right:30px;--awb-padding-bottom:37px;--awb-padding-left:30px;--awb-overflow:hidden;--awb-bg-color:var(--awb-color1);--awb-bg-color-hover:var(--awb-color1);--awb-bg-size:cover;--awb-border-radius:12px 12px 12px 12px;--awb-width-large:100%;--awb-margin-top-large:0px;--awb-spacing-right-large:1.92%;--awb-margin-bottom-large:3px;--awb-spacing-left-large:1.92%;--awb-width-medium:100%;--awb-order-medium:0;--awb-spacing-right-medium:1.92%;--awb-spacing-left-medium:1.92%;--awb-width-small:100%;--awb-order-small:0;--awb-spacing-right-small:1.92%;--awb-spacing-left-small:1.92%;\" data-scroll-devices=\"small-visibility,medium-visibility,large-visibility\"><div class=\"fusion-column-wrapper fusion-column-has-shadow fusion-flex-justify-content-center fusion-content-layout-column\"><div class=\"fusion-text fusion-text-2\"><div class=\"fusion-builder-row fusion-builder-row-inner fusion-row fusion-flex-align-items-center fusion-flex-justify-content-center fusion-flex-content-wrap\" style=\"width:104% !important;max-width:104% !important;margin-left: calc(-4% \/ 2 );margin-right: calc(-4% \/ 2 );\"><div class=\"fusion-layout-column fusion_builder_column_inner fusion-builder-nested-column-0 fusion_builder_column_inner_1_3 1_3 fusion-flex-column\" style=\"--awb-bg-size:cover;--awb-width-large:33.333333333333%;--awb-margin-top-large:0px;--awb-spacing-right-large:5.76%;--awb-margin-bottom-large:20px;--awb-spacing-left-large:5.76%;--awb-width-medium:100%;--awb-order-medium:0;--awb-spacing-right-medium:1.92%;--awb-spacing-left-medium:1.92%;--awb-width-small:100%;--awb-order-small:0;--awb-spacing-right-small:1.92%;--awb-spacing-left-small:1.92%;\"><div class=\"fusion-column-wrapper fusion-column-has-shadow fusion-flex-justify-content-flex-start fusion-content-layout-column\"><div class=\"fusion-video fusion-vimeo fusion-alignleft\" style=\"--awb-max-width:600px;--awb-max-height:360px;--awb-width:100%;\"><div class=\"video-shortcode\"><lite-vimeo videoid=\"726771619\" class=\"landscape\" params=\"autoplay=1autoplay=0&amp;autopause=0\" title=\"Vimeo video player 1\" data-button-label=\"Play Video\"  width=\"600\" height=\"360\"><\/lite-vimeo><\/div><\/div><\/div><\/div>\n<div class=\"fusion-layout-column fusion_builder_column_inner fusion-builder-nested-column-1 fusion_builder_column_inner_1_3 1_3 fusion-flex-column\" style=\"--awb-bg-size:cover;--awb-width-large:33.333333333333%;--awb-margin-top-large:0px;--awb-spacing-right-large:5.76%;--awb-margin-bottom-large:20px;--awb-spacing-left-large:5.76%;--awb-width-medium:100%;--awb-order-medium:0;--awb-spacing-right-medium:1.92%;--awb-spacing-left-medium:1.92%;--awb-width-small:100%;--awb-order-small:0;--awb-spacing-right-small:1.92%;--awb-spacing-left-small:1.92%;\"><div class=\"fusion-column-wrapper fusion-column-has-shadow fusion-flex-justify-content-flex-start fusion-content-layout-column\"><div class=\"fusion-video fusion-vimeo fusion-alignleft\" style=\"--awb-max-width:600px;--awb-max-height:360px;--awb-width:100%;\"><div class=\"video-shortcode\"><lite-vimeo videoid=\"726769827\" class=\"landscape\" params=\"autoplay=1autoplay=0&amp;autopause=0\" title=\"Vimeo video player 2\" data-button-label=\"Play Video\"  width=\"600\" height=\"360\"><\/lite-vimeo><\/div><\/div><\/div><\/div>\n<div class=\"fusion-layout-column fusion_builder_column_inner fusion-builder-nested-column-2 fusion_builder_column_inner_1_3 1_3 fusion-flex-column\" style=\"--awb-bg-size:cover;--awb-width-large:33.333333333333%;--awb-margin-top-large:0px;--awb-spacing-right-large:5.76%;--awb-margin-bottom-large:20px;--awb-spacing-left-large:5.76%;--awb-width-medium:100%;--awb-order-medium:0;--awb-spacing-right-medium:1.92%;--awb-spacing-left-medium:1.92%;--awb-width-small:100%;--awb-order-small:0;--awb-spacing-right-small:1.92%;--awb-spacing-left-small:1.92%;\"><div class=\"fusion-column-wrapper fusion-column-has-shadow fusion-flex-justify-content-flex-start fusion-content-layout-column\"><\/div><\/div>\n<\/div>\n<\/div><\/div><\/div><\/div><\/div><\/p>\n","protected":false},"excerpt":{"rendered":"<p><em>En stilren f\u00e5t\u00f6lj och soffa som f\u00f6renar design, komfort och h\u00e5llbarhet \u2013 perfekt f\u00f6r omsorgsfullt utformade och milj\u00f6er med s\u00e4kerhetskrav.<\/em><\/p>\n<ul>\n<li>Ergonomisk design f\u00f6r \u00f6kad anv\u00e4ndarv\u00e4nlighet och s\u00e4kerhet.<\/li>\n<li>Robust och f\u00f6rst\u00e4rkt konstruktion, innesluten bas och manipuleringss\u00e4kra f\u00e4sten.<\/li>\n<li>Tillverkad med brandh\u00e4mmande CMHR-skum f\u00f6r s\u00e4ker anv\u00e4ndning.<\/li>\n<\/ul>\n<p>Skye PLUS kombinerar stilren design med ergonomisk funktionalitet f\u00f6r att skapa en trygg och attraktiv milj\u00f6. De sm\u00e5 f\u00f6tterna och den avsmalnande basen g\u00f6r det enklare f\u00f6r anv\u00e4ndaren att resa sig, medan de sluttande, taktila armst\u00f6den ger komfort och st\u00f6d. Med robust konstruktion, innesluten bas och manipuleringss\u00e4kra f\u00e4sten uppfyller f\u00e5t\u00f6ljen h\u00f6ga krav p\u00e5 s\u00e4kerhet och h\u00e5llbarhet. F\u00f6r \u00f6kad s\u00e4kerhet \u00e4r den tillverkad med brandh\u00e4mmande CMHR-skum.<\/p>\n<p>Kl\u00e4dseln \u00e4r noggrant anpassad och sydd f\u00f6r att h\u00e5lla sig snygg \u00f6ver tid, och vi rekommenderar textilierna <a href=\"https:\/\/uk.pineapplecontracts.com\/fabric\/aston-range\/\">Aston<\/a> eller <a href=\"https:\/\/uk.pineapplecontracts.com\/fabric\/highland-range\/\">Highland<\/a> f\u00f6r en slitstark och h\u00e5llbar finish.<\/p>\n<p>Skye PLUS finns som f\u00e5t\u00f6lj och\u00a0 tv\u00e5sitssoffa, vilket g\u00f6r det m\u00f6jligt att skapa flexibla och funktionella sittgrupper.<\/p>\n<p>L\u00e4mplig f\u00f6r milj\u00f6er som allrum, gemensamhetsutrymmen, boende- och patientrum.<\/p>\n","protected":false},"featured_media":11972,"template":"","meta":[],"product_brand":[],"product_cat":[625,624,633,622],"product_tag":[1025,1028],"class_list":{"0":"post-15365","1":"product","2":"type-product","3":"status-publish","4":"has-post-thumbnail","6":"product_cat-fatoljer","7":"product_cat-sakerhetsmobler","8":"product_cat-soffor","9":"product_cat-vardagsrum","10":"product_tag-behandlingshem","11":"product_tag-lss","13":"first","14":"instock","15":"shipping-taxable","16":"purchasable","17":"product-type-variable"},"_links":{"self":[{"href":"https:\/\/healsafeinterior.com\/sv\/wp-json\/wp\/v2\/product\/15365","targetHints":{"allow":["GET"]}}],"collection":[{"href":"https:\/\/healsafeinterior.com\/sv\/wp-json\/wp\/v2\/product"}],"about":[{"href":"https:\/\/healsafeinterior.com\/sv\/wp-json\/wp\/v2\/types\/product"}],"wp:featuredmedia":[{"embeddable":true,"href":"https:\/\/healsafeinterior.com\/sv\/wp-json\/wp\/v2\/media\/11972"}],"wp:attachment":[{"href":"https:\/\/healsafeinterior.com\/sv\/wp-json\/wp\/v2\/media?parent=15365"}],"wp:term":[{"taxonomy":"product_brand","embeddable":true,"href":"https:\/\/healsafeinterior.com\/sv\/wp-json\/wp\/v2\/product_brand?post=15365"},{"taxonomy":"product_cat","embeddable":true,"href":"https:\/\/healsafeinterior.com\/sv\/wp-json\/wp\/v2\/product_cat?post=15365"},{"taxonomy":"product_tag","embeddable":true,"href":"https:\/\/healsafeinterior.com\/sv\/wp-json\/wp\/v2\/product_tag?post=15365"}],"curies":[{"name":"wp","href":"https:\/\/api.w.org\/{rel}","templated":true}]}}