{"id":15359,"date":"2023-08-23T10:54:20","date_gmt":"2023-08-23T08:54:20","guid":{"rendered":"https:\/\/healsafeinterior.com\/product\/bold-stol-sittdyna\/"},"modified":"2025-07-29T15:49:34","modified_gmt":"2025-07-29T13:49:34","slug":"bold-stol-kladd-sits","status":"publish","type":"product","link":"https:\/\/healsafeinterior.com\/sv\/produkt\/bold-stol-kladd-sits\/","title":{"rendered":"Bold stol, kl\u00e4dd sits"},"content":{"rendered":"<p><div class=\"fusion-fullwidth fullwidth-box fusion-builder-row-1 fusion-flex-container has-pattern-background has-mask-background hundred-percent-fullwidth non-hundred-percent-height-scrolling\" style=\"--awb-border-radius-top-left:0px;--awb-border-radius-top-right:0px;--awb-border-radius-bottom-right:0px;--awb-border-radius-bottom-left:0px;--awb-padding-top:4px;--awb-padding-right:6px;--awb-padding-bottom:0px;--awb-padding-left:6px;--awb-flex-wrap:wrap;\" ><div class=\"fusion-builder-row fusion-row fusion-flex-align-items-center fusion-flex-justify-content-center fusion-flex-content-wrap\" style=\"width:104% !important;max-width:104% !important;margin-left: calc(-4% \/ 2 );margin-right: calc(-4% \/ 2 );\"><div class=\"fusion-layout-column fusion_builder_column fusion-builder-column-0 fusion_builder_column_1_1 1_1 fusion-flex-column fusion-flex-align-self-center\" style=\"--awb-bg-size:cover;--awb-width-large:100%;--awb-margin-top-large:0px;--awb-spacing-right-large:1.92%;--awb-margin-bottom-large:3px;--awb-spacing-left-large:1.92%;--awb-width-medium:100%;--awb-order-medium:0;--awb-spacing-right-medium:1.92%;--awb-spacing-left-medium:1.92%;--awb-width-small:100%;--awb-order-small:0;--awb-spacing-right-small:1.92%;--awb-spacing-left-small:1.92%;\"><div class=\"fusion-column-wrapper fusion-column-has-shadow fusion-flex-justify-content-center fusion-content-layout-column\"><div class=\"fusion-title title fusion-title-1 fusion-sep-none fusion-title-text fusion-title-size-three\" style=\"--awb-font-size:32px;\"><h3 class=\"fusion-title-heading title-heading-left fusion-responsive-typography-calculated\" style=\"margin:0;font-size:1em;--fontSize:32;line-height:1.2;\">Produktdata<\/h3><\/div><\/div><\/div><\/div><\/div><div class=\"fusion-fullwidth fullwidth-box fusion-builder-row-2 fusion-flex-container has-pattern-background has-mask-background nonhundred-percent-fullwidth non-hundred-percent-height-scrolling\" style=\"--awb-border-radius-top-left:0px;--awb-border-radius-top-right:0px;--awb-border-radius-bottom-right:0px;--awb-border-radius-bottom-left:0px;--awb-padding-top:4px;--awb-padding-right:6px;--awb-padding-left:6px;--awb-flex-wrap:wrap;\" ><div class=\"fusion-builder-row fusion-row fusion-flex-align-items-flex-start fusion-flex-content-wrap\" style=\"max-width:1597.44px;margin-left: calc(-4% \/ 2 );margin-right: calc(-4% \/ 2 );\"><div class=\"fusion-layout-column fusion_builder_column fusion-builder-column-1 fusion_builder_column_1_1 1_1 fusion-flex-column\" style=\"--awb-bg-size:cover;--awb-width-large:100%;--awb-margin-top-large:0px;--awb-spacing-right-large:1.92%;--awb-margin-bottom-large:20px;--awb-spacing-left-large:1.92%;--awb-width-medium:100%;--awb-order-medium:0;--awb-spacing-right-medium:1.92%;--awb-spacing-left-medium:1.92%;--awb-width-small:100%;--awb-order-small:0;--awb-spacing-right-small:1.92%;--awb-spacing-left-small:1.92%;\"><div class=\"fusion-column-wrapper fusion-column-has-shadow fusion-flex-justify-content-flex-start fusion-content-layout-column\"><div class=\"fusion-text fusion-text-1 awb-text-cols fusion-text-columns-2\" style=\"--awb-columns:2;--awb-column-spacing:2em;--awb-column-min-width:100px;\"><p><strong>Material<\/strong><br \/>\n100 % polypropylen med tillsatser som avsev\u00e4rt \u00f6kar slagt\u00e5ligheten och tryckh\u00e5llfastheten.<\/p>\n<p><strong>Montering<\/strong><br \/>\nIngen montering beh\u00f6vs.<\/p>\n<p><strong>Underh\u00e5ll<\/strong><br \/>\nDen avtorkningsbara ytan \u00e4r l\u00e4tt att h\u00e5lla ren med en mjuk trasa.<br \/>\nVi rekommenderar att du anv\u00e4nder reng\u00f6ringsservetter, milda reng\u00f6ringsmedel, avfettningsmedel eller antibakteriella reng\u00f6ringsmedel.<br \/>\nUndvik att anv\u00e4nda slipande material, \u00e5ngtv\u00e4tt eller h\u00f6gtryckstv\u00e4tt.<br \/>\nAnv\u00e4nd blekmedel och klordesinfektionsmedel med f\u00f6rsiktighet.<br \/>\nUndvik att placera stolen i n\u00e4rheten av v\u00e4rmek\u00e4llor.<\/p>\n<p><strong>Tekniska data<\/strong><br \/>\nHSP525: H 790 mm, B 520 mm, D 500 mm. Sitth\u00f6jd: 450 mm. Vikt: 5,8 kg<\/p>\n<p><strong>F\u00e4rger<\/strong><br \/>\nStol: Vit (Apine white), ljusgr\u00e5 (Moonwalk grey) och gr\u00f6n (Cool green).<\/p>\n<p>Sittdyna: gr\u00e5.<\/p>\n<p><strong>H\u00e5llbarhet<\/strong><br \/>\nStyrka och stabilitet testad f\u00f6r anv\u00e4ndning i andra lokaler \u00e4n bost\u00e4der (BS EN 16139:2013 \u2013 niv\u00e5 2).<br \/>\nStatisk vikttestning av s\u00e4tet till 300 kg (EN728:2012 paragraf 6.4)<br \/>\nEfter en l\u00e5ng livsl\u00e4ngd kan produkten malas ned till pulver och \u00e5teranv\u00e4ndas i tillverkningen av nya produkter.<\/p>\n<p>K\u00e4llsorteras som plast.<\/p>\n<p><strong>Leverans<\/strong><br \/>\nLeveranstid 8\u201312 veckor.<\/p>\n<p>Observera att of\u00f6rutsedda h\u00e4ndelser kan p\u00e5verka leveransen. F\u00f6r mer information om aktuell leveranstid i samband med orderbekr\u00e4ftelse eller innan best\u00e4llning, v\u00e4nligen kontakta oss p\u00e5 <a href=\"mailto:info@healsafeinterior.com\">info@healsafeinterior.com<\/a><\/p>\n<p><strong>Garanti<br \/>\n<\/strong>7 \u00e5r. G\u00e4ller vid normal anv\u00e4ndning.<br \/>\nFull garanti mot tillverkningsfel.<\/p>\n<p><strong>Tillverkning<\/strong><br \/>\nEuropa.<\/p>\n<\/div><\/div><\/div><\/div><\/div><\/p>\n","protected":false},"excerpt":{"rendered":"<p>Bold stol \u00e4r en t\u00e5lig och h\u00e5llbar stol med fast, vattenavvisande sittdyna i skum, designad f\u00f6r b\u00e5de komfort och s\u00e4kerhet i milj\u00f6er med h\u00f6ga s\u00e4kerhetskrav, som psykiatrisk v\u00e5rd och kriminalv\u00e5rd. H\u00e5llbar och designad f\u00f6r l\u00e5ngvarig anv\u00e4ndning.<\/p>\n<ul>\n<li>Slitstark konstruktion med fasta medar som \u00f6kar stabiliteten och h\u00e5ller f\u00f6r l\u00e5ngvarig, intensiv anv\u00e4ndning.<\/li>\n<li>L\u00e5g vikt och stapelbar form g\u00f6r den enkel att hantera och f\u00f6rvara.<\/li>\n<li>Vattenavvisande yta som \u00e4r hygienisk och l\u00e4tt att reng\u00f6ra.<\/li>\n<\/ul>\n<p>Bold stol \u00e4r l\u00e4mplig f\u00f6r psykiatri, LSS, ungdomsv\u00e5rd, kriminalv\u00e5rd och andra verksamheter d\u00e4r m\u00f6bler beh\u00f6ver t\u00e5la intensiv anv\u00e4ndning utan att kompromissa med trygghet eller funktion.<\/p>\n<p>Bold \u00e4r en bekv\u00e4m och l\u00e4tt stol med fast skumsits, formsprutad i ett stycke f\u00f6r h\u00f6g h\u00e5llbarhet och l\u00e5g vikt. Den \u00e4r stapelbar upp till sex stolar, vilket g\u00f6r den enkel att flytta och f\u00f6rvara.<\/p>\n<p>Med sin robusta konstruktion och fasta medar som binder samman benen, skapas en stabil helhet som minskar risken f\u00f6r skador, sj\u00e4lvskadehandlingar eller att stolen kan anv\u00e4ndas som tillhygge. Bold \u00e4r designad f\u00f6r att fr\u00e4mja en trygg och s\u00e4ker milj\u00f6.<\/p>\n<p>Stolen finns i 3 olika f\u00e4rger \u2013 Vit (Apine white), ljusgr\u00e5 (Moonwalk grey) och gr\u00f6n (Cool green) &#8211; medan sittdynan \u00e4r enf\u00e4rgat gr\u00e5.<\/p>\n<p>L\u00e4mplig f\u00f6r placering i allrum, patientrum och gemensamhetsytor som t.ex. matsal.<\/p>\n","protected":false},"featured_media":14448,"template":"","meta":[],"product_brand":[],"product_cat":[624,629],"product_tag":[652],"class_list":{"0":"post-15359","1":"product","2":"type-product","3":"status-publish","4":"has-post-thumbnail","6":"product_cat-sakerhetsmobler","7":"product_cat-stolar","8":"product_tag-produktnyheter","10":"first","11":"instock","12":"shipping-taxable","13":"purchasable","14":"product-type-simple"},"_links":{"self":[{"href":"https:\/\/healsafeinterior.com\/sv\/wp-json\/wp\/v2\/product\/15359","targetHints":{"allow":["GET"]}}],"collection":[{"href":"https:\/\/healsafeinterior.com\/sv\/wp-json\/wp\/v2\/product"}],"about":[{"href":"https:\/\/healsafeinterior.com\/sv\/wp-json\/wp\/v2\/types\/product"}],"wp:featuredmedia":[{"embeddable":true,"href":"https:\/\/healsafeinterior.com\/sv\/wp-json\/wp\/v2\/media\/14448"}],"wp:attachment":[{"href":"https:\/\/healsafeinterior.com\/sv\/wp-json\/wp\/v2\/media?parent=15359"}],"wp:term":[{"taxonomy":"product_brand","embeddable":true,"href":"https:\/\/healsafeinterior.com\/sv\/wp-json\/wp\/v2\/product_brand?post=15359"},{"taxonomy":"product_cat","embeddable":true,"href":"https:\/\/healsafeinterior.com\/sv\/wp-json\/wp\/v2\/product_cat?post=15359"},{"taxonomy":"product_tag","embeddable":true,"href":"https:\/\/healsafeinterior.com\/sv\/wp-json\/wp\/v2\/product_tag?post=15359"}],"curies":[{"name":"wp","href":"https:\/\/api.w.org\/{rel}","templated":true}]}}