{"id":15357,"date":"2021-04-13T16:32:13","date_gmt":"2021-04-13T14:32:13","guid":{"rendered":"https:\/\/healsafeinterior.com\/product\/acumen-oppen-garderob\/"},"modified":"2025-06-13T13:51:32","modified_gmt":"2025-06-13T11:51:32","slug":"acumen-open-garderob-delad-hyllor-skena","status":"publish","type":"product","link":"https:\/\/healsafeinterior.com\/sv\/produkt\/acumen-open-garderob-delad-hyllor-skena\/","title":{"rendered":"Acumen OPEN garderob, delad, hyllor\/skena"},"content":{"rendered":"<div class=\"fusion-fullwidth fullwidth-box fusion-builder-row-1 fusion-flex-container has-pattern-background has-mask-background hundred-percent-fullwidth non-hundred-percent-height-scrolling\" style=\"--awb-border-radius-top-left:0px;--awb-border-radius-top-right:0px;--awb-border-radius-bottom-right:0px;--awb-border-radius-bottom-left:0px;--awb-padding-top:4px;--awb-padding-right:6px;--awb-padding-bottom:0px;--awb-padding-left:6px;--awb-margin-top:40px;--awb-margin-bottom:20px;--awb-flex-wrap:wrap;\" ><div class=\"fusion-builder-row fusion-row fusion-flex-align-items-center fusion-flex-justify-content-center fusion-flex-content-wrap\" style=\"width:104% !important;max-width:104% !important;margin-left: calc(-4% \/ 2 );margin-right: calc(-4% \/ 2 );\"><div class=\"fusion-layout-column fusion_builder_column fusion-builder-column-0 fusion_builder_column_1_1 1_1 fusion-flex-column fusion-flex-align-self-center\" style=\"--awb-bg-size:cover;--awb-width-large:100%;--awb-margin-top-large:0px;--awb-spacing-right-large:1.92%;--awb-margin-bottom-large:3px;--awb-spacing-left-large:1.92%;--awb-width-medium:100%;--awb-order-medium:0;--awb-spacing-right-medium:1.92%;--awb-spacing-left-medium:1.92%;--awb-width-small:100%;--awb-order-small:0;--awb-spacing-right-small:1.92%;--awb-spacing-left-small:1.92%;\"><div class=\"fusion-column-wrapper fusion-column-has-shadow fusion-flex-justify-content-center fusion-content-layout-column\"><div class=\"fusion-tabs fusion-tabs-1 classic nav-not-justified horizontal-tabs icon-position-left mobile-mode-carousel\" style=\"--awb-title-border-radius-top-left:2px;--awb-title-border-radius-top-right:2px;--awb-title-border-radius-bottom-right:2px;--awb-title-border-radius-bottom-left:2px;--awb-content-padding-top:40px;--awb-content-padding-right:30px;--awb-content-padding-bottom:40px;--awb-content-padding-left:30px;--awb-title-padding-right:40px;--awb-title-padding-left:40px;--awb-title-font-size:17px;--awb-alignment:start;--awb-inactive-color:var(--awb-color2);--awb-title-text-color:var(--awb-color5);--awb-title-active-text-color:var(--awb-color7);--awb-background-color:var(--awb-color1);--awb-border-color:rgba(167,172,162,0);--awb-active-border-color:var(--awb-custom_color_2);--awb-title-font-family:&quot;Sen&quot;;--awb-title-font-style:normal;--awb-title-font-weight:400;\"><div class=\"nav\"><ul class=\"nav-tabs\" role=\"tablist\"><li class=\"active\" role=\"presentation\"><a class=\"tab-link\" data-toggle=\"tab\" role=\"tab\" aria-controls=\"tab-6e4812efdc1f1cf7a6d\" aria-selected=\"true\" id=\"fusion-tab-meromprodukten\" href=\"#tab-6e4812efdc1f1cf7a6d\"><h3 class=\"fusion-tab-heading\">Mer om produkten<\/h3><\/a><\/li><\/ul><\/div><div class=\"tab-content\"><div class=\"tab-pane fade fusion-clearfix in active\" role=\"tabpanel\" tabindex=\"0\" aria-labelledby=\"fusion-tab-meromprodukten\" id=\"tab-6e4812efdc1f1cf7a6d\">\n<p><strong>Material<\/strong><br \/>\nStomme av melaminbelagd sp\u00e5nskiva med vinylyta i hickory eller valn\u00f6t. PVC-lister p\u00e5 kanter.<\/p>\n<p><strong>Montering<\/strong><br \/>\nM\u00f6beln levereras monterad.<br \/>\nV\u00e4ggmontering rekommenderas.<br \/>\nTillval sluttande topp monteras ovanp\u00e5 garderoben.<\/p>\n<p><strong>Underh\u00e5ll<\/strong><br \/>\nReng\u00f6r ytan med ett milt, flytande reng\u00f6ringsmedel och en mjuk, ren duk i roterande r\u00f6relser. Sk\u00f6lj med rent vatten och torka torrt med en mjuk trasa. Vid mer ingrodd smuts kan en mjuk nylonborste anv\u00e4ndas p\u00e5 samma s\u00e4tt. Alkoholbaserade desinfektionsmedel kan anv\u00e4ndas p\u00e5 laminatytor vid behov. Anv\u00e4nd aldrig slipande reng\u00f6ringsmedel eller grova redskap som skursvampar, eftersom de kan repa och skada ytan.<\/p>\n<p><strong>Tekniska data<\/strong><br \/>\nHSP718: B 925 mm, H 1800 mm, D 635 mm.<br \/>\nVikt: 135,5 kg.<br \/>\nHSP773 (sluttande topp): B 925 mm, H 460 mm, D 635 mm.<br \/>\nTotal h\u00f6jd f\u00f6r garderob med sluttande topp: 2260 mm. Total vikt: 169 kg.<\/p>\n<p><strong>F\u00e4rger<\/strong><br \/>\nProdukten erbjuds med vinyl i hickory eller valn\u00f6t.<\/p>\n<p><strong>H\u00e5llbarhet<\/strong><br \/>\nProdukten \u00e4r tillverkad av f\u00f6rst\u00e4rkt sp\u00e5nskiva. Ytan i vinyl \u00e4r t\u00e5lig, l\u00e4tt att reng\u00f6ra och beh\u00e5ller sitt utseende \u00f6ver tid \u2013 vilket g\u00f6r den till ett h\u00e5llbart och praktiskt val f\u00f6r kr\u00e4vande milj\u00f6er.<\/p>\n<p>Ytbest\u00e4ndighet testad enligt BS6250.<br \/>\nStyrka och stabilitet testad enligt BS 4875 del 7 Niv\u00e5 5 2006.<\/p>\n<p><a href=\"https:\/\/uk.pineapplecontracts.com\/wp-content\/uploads\/2020\/05\/Acumen-Open-Wardrobes.pdf\" target=\"_blank\" rel=\"noopener\">Se datablad<\/a><\/p>\n<p>\u00c5tervinns som tr\u00e4.<\/p>\n<p><strong>Leverans<\/strong><br \/>\nLeveranstid \u00e4r 8-12 veckor efter slutgiltig order. Observera att of\u00f6rutsedda h\u00e4ndelser kan p\u00e5verka leveransen.<br \/>\nVid intresse, v\u00e4nligen kontakta oss p\u00e5 <a href=\"mailto:info@healsafeinterior.com\">info@healsafeinterior.com<\/a>.<\/p>\n<p><strong>Garanti<\/strong><br \/>\nGarantitiden \u00e4r 7 \u00e5r fr\u00e5n leveransdatum. Under denna period t\u00e4cker garantin eventuella tillverkningsfel, materialdefekter och brister i ytbehandlingen.<\/p>\n<p><strong>Tillverkning\/produktion<\/strong><br \/>\nEuropa.<\/p>\n<\/div><\/div><\/div><\/div><\/div><\/div><\/div>\n","protected":false},"excerpt":{"rendered":"<p><em>Acumen OPEN garderob \u00e4r framtagen f\u00f6r att m\u00f6ta h\u00f6gt st\u00e4llda krav p\u00e5 s\u00e4kerhet i milj\u00f6er d\u00e4r trygghet, \u00f6verblick och skadef\u00f6rebyggande funktioner \u00e4r avg\u00f6rande.<\/em><\/p>\n<ul>\n<li>\u00d6ppen front utan d\u00f6rrar eller l\u00e5dor f\u00f6r f\u00f6rb\u00e4ttrad insyn och \u00f6kad kontroll f\u00f6r att f\u00f6rebygga riskfyllda situationer.<\/li>\n<li>Stabil konstruktion med viktad stomme, rundade h\u00f6rn och fasta hyllor med f\u00f6rst\u00e4rkta sidor.<\/li>\n<li>Sluttande topp som tillval f\u00f6r att f\u00f6rsv\u00e5ra placering av f\u00f6rem\u00e5l och underl\u00e4tta reng\u00f6ring.<\/li>\n<\/ul>\n<p>Garderoben \u00e4r s\u00e4rskilt l\u00e4mpad f\u00f6r ungdomsv\u00e5rd, behandlingshem och kriminalv\u00e5rd.<\/p>\n<p>Den \u00f6ppna konstruktionen minimerar m\u00f6jligheten att f\u00e4sta snara eller d\u00f6lja f\u00f6rem\u00e5l, vilket bidrar till en tryggare och mer \u00f6verblickbar milj\u00f6 f\u00f6r b\u00e5de anv\u00e4ndare och personal. De fasta hyllplanen har reducerat djup f\u00f6r att ge god insyn hela v\u00e4gen in i m\u00f6beln och d\u00e4rmed f\u00f6renkla visitationer.<\/p>\n<p>Acumen OPEN garderob kan vid behov v\u00e4ggmonteras f\u00f6r \u00f6kad stabilitet. Som tillval finns en sluttande topp som f\u00f6rsv\u00e5rar placering av f\u00f6rem\u00e5l ovanp\u00e5 \u2013 en viktig detalj f\u00f6r att minska risker \u2013 samtidigt som den underl\u00e4ttar reng\u00f6ring och visitation.<\/p>\n<p>M\u00f6beln har en kraftigt viktad stomme, tillverkad av en kombination av f\u00f6rst\u00e4rkt sp\u00e5nskiva och vinyl\u00f6verdragen MDF. Alla kanter \u00e4r f\u00f6rsedda med slitstarka 2 mm PVC-lister f\u00f6r \u00f6kad h\u00e5llbarhet och s\u00e4kerhet.<\/p>\n<p>Garderoben kan kompletteras med <a href=\"https:\/\/healsafeinterior.com\/sv\/produkt-kategori-sv\/j-trac-kladgalgesystem\/\">J-trac kl\u00e4dgalgesystem<\/a>.<\/p>\n<p>L\u00e4mplig f\u00f6r placering i patientrum.<\/p>\n","protected":false},"featured_media":14540,"template":"","meta":[],"product_brand":[],"product_cat":[635,624],"product_tag":[648],"class_list":{"0":"post-15357","1":"product","2":"type-product","3":"status-publish","4":"has-post-thumbnail","6":"product_cat-garderober","7":"product_cat-sakerhetsmobler","8":"product_tag-acumen-sv","10":"first","11":"instock","12":"shipping-taxable","13":"purchasable","14":"product-type-simple"},"_links":{"self":[{"href":"https:\/\/healsafeinterior.com\/sv\/wp-json\/wp\/v2\/product\/15357","targetHints":{"allow":["GET"]}}],"collection":[{"href":"https:\/\/healsafeinterior.com\/sv\/wp-json\/wp\/v2\/product"}],"about":[{"href":"https:\/\/healsafeinterior.com\/sv\/wp-json\/wp\/v2\/types\/product"}],"wp:featuredmedia":[{"embeddable":true,"href":"https:\/\/healsafeinterior.com\/sv\/wp-json\/wp\/v2\/media\/14540"}],"wp:attachment":[{"href":"https:\/\/healsafeinterior.com\/sv\/wp-json\/wp\/v2\/media?parent=15357"}],"wp:term":[{"taxonomy":"product_brand","embeddable":true,"href":"https:\/\/healsafeinterior.com\/sv\/wp-json\/wp\/v2\/product_brand?post=15357"},{"taxonomy":"product_cat","embeddable":true,"href":"https:\/\/healsafeinterior.com\/sv\/wp-json\/wp\/v2\/product_cat?post=15357"},{"taxonomy":"product_tag","embeddable":true,"href":"https:\/\/healsafeinterior.com\/sv\/wp-json\/wp\/v2\/product_tag?post=15357"}],"curies":[{"name":"wp","href":"https:\/\/api.w.org\/{rel}","templated":true}]}}