{"id":15351,"date":"2019-01-24T13:00:17","date_gmt":"2019-01-24T12:00:17","guid":{"rendered":"https:\/\/healsafeinterior.com\/product\/j-trac-galge-system-robust\/"},"modified":"2025-08-06T10:09:39","modified_gmt":"2025-08-06T08:09:39","slug":"j-trac-kladgalgesystem-5-robust-galgar","status":"publish","type":"product","link":"https:\/\/healsafeinterior.com\/sv\/produkt\/j-trac-kladgalgesystem-5-robust-galgar\/","title":{"rendered":"J-trac kl\u00e4dgalgesystem, 5 robust galgar"},"content":{"rendered":"<p><div class=\"fusion-fullwidth fullwidth-box fusion-builder-row-1 fusion-flex-container has-pattern-background has-mask-background hundred-percent-fullwidth non-hundred-percent-height-scrolling\" style=\"--awb-border-radius-top-left:0px;--awb-border-radius-top-right:0px;--awb-border-radius-bottom-right:0px;--awb-border-radius-bottom-left:0px;--awb-padding-top:4px;--awb-padding-right:6px;--awb-padding-bottom:0px;--awb-padding-left:6px;--awb-margin-top:40px;--awb-margin-bottom:20px;--awb-flex-wrap:wrap;\" ><div class=\"fusion-builder-row fusion-row fusion-flex-align-items-center fusion-flex-justify-content-center fusion-flex-content-wrap\" style=\"width:104% !important;max-width:104% !important;margin-left: calc(-4% \/ 2 );margin-right: calc(-4% \/ 2 );\"><div class=\"fusion-layout-column fusion_builder_column fusion-builder-column-0 fusion_builder_column_1_1 1_1 fusion-flex-column fusion-flex-align-self-center\" style=\"--awb-bg-size:cover;--awb-width-large:100%;--awb-margin-top-large:0px;--awb-spacing-right-large:1.92%;--awb-margin-bottom-large:3px;--awb-spacing-left-large:1.92%;--awb-width-medium:100%;--awb-order-medium:0;--awb-spacing-right-medium:1.92%;--awb-spacing-left-medium:1.92%;--awb-width-small:100%;--awb-order-small:0;--awb-spacing-right-small:1.92%;--awb-spacing-left-small:1.92%;\"><div class=\"fusion-column-wrapper fusion-column-has-shadow fusion-flex-justify-content-center fusion-content-layout-column\"><div class=\"fusion-tabs fusion-tabs-1 classic nav-not-justified horizontal-tabs icon-position-left mobile-mode-carousel\" style=\"--awb-title-border-radius-top-left:2px;--awb-title-border-radius-top-right:2px;--awb-title-border-radius-bottom-right:2px;--awb-title-border-radius-bottom-left:2px;--awb-content-padding-top:40px;--awb-content-padding-right:30px;--awb-content-padding-bottom:40px;--awb-content-padding-left:30px;--awb-title-padding-right:40px;--awb-title-padding-left:40px;--awb-title-font-size:17px;--awb-alignment:start;--awb-inactive-color:var(--awb-color2);--awb-title-text-color:var(--awb-color5);--awb-title-active-text-color:var(--awb-color7);--awb-background-color:var(--awb-color1);--awb-border-color:rgba(167,172,162,0);--awb-active-border-color:var(--awb-custom_color_2);--awb-title-font-family:&quot;Sen&quot;;--awb-title-font-style:normal;--awb-title-font-weight:400;\"><div class=\"nav\"><ul class=\"nav-tabs\" role=\"tablist\"><li class=\"active\" role=\"presentation\"><a class=\"tab-link\" data-toggle=\"tab\" role=\"tab\" aria-controls=\"tab-b507101b6d17906ac1f\" aria-selected=\"true\" id=\"fusion-tab-produktvideo\" href=\"#tab-b507101b6d17906ac1f\"><h3 class=\"fusion-tab-heading\">Produktvideo<\/h3><\/a><\/li><\/ul><\/div><div class=\"tab-content\"><div class=\"tab-pane fade fusion-clearfix in active\" role=\"tabpanel\" tabindex=\"0\" aria-labelledby=\"fusion-tab-produktvideo\" id=\"tab-b507101b6d17906ac1f\">\n<div class=\"fusion-builder-row fusion-builder-row-inner fusion-row fusion-flex-align-items-center fusion-flex-justify-content-center fusion-flex-content-wrap\" style=\"width:104% !important;max-width:104% !important;margin-left: calc(-4% \/ 2 );margin-right: calc(-4% \/ 2 );\"><div class=\"fusion-layout-column fusion_builder_column_inner fusion-builder-nested-column-0 fusion_builder_column_inner_1_3 1_3 fusion-flex-column\" style=\"--awb-bg-size:cover;--awb-width-large:33.333333333333%;--awb-margin-top-large:0px;--awb-spacing-right-large:5.76%;--awb-margin-bottom-large:20px;--awb-spacing-left-large:5.76%;--awb-width-medium:100%;--awb-order-medium:0;--awb-spacing-right-medium:1.92%;--awb-spacing-left-medium:1.92%;--awb-width-small:100%;--awb-order-small:0;--awb-spacing-right-small:1.92%;--awb-spacing-left-small:1.92%;\"><div class=\"fusion-column-wrapper fusion-column-has-shadow fusion-flex-justify-content-flex-start fusion-content-layout-column\"><div class=\"fusion-video fusion-vimeo fusion-alignleft\" style=\"--awb-max-width:600px;--awb-max-height:360px;--awb-width:100%;\"><div class=\"video-shortcode\"><lite-vimeo videoid=\"794876541\" class=\"landscape\" params=\"autoplay=1autoplay=0&amp;autopause=0\" title=\"Vimeo video player 1\" data-button-label=\"Play Video\"  width=\"600\" height=\"360\"><\/lite-vimeo><\/div><\/div><\/div><\/div>\n<div class=\"fusion-layout-column fusion_builder_column_inner fusion-builder-nested-column-1 fusion_builder_column_inner_1_3 1_3 fusion-flex-column\" style=\"--awb-bg-size:cover;--awb-width-large:33.333333333333%;--awb-margin-top-large:0px;--awb-spacing-right-large:5.76%;--awb-margin-bottom-large:20px;--awb-spacing-left-large:5.76%;--awb-width-medium:100%;--awb-order-medium:0;--awb-spacing-right-medium:1.92%;--awb-spacing-left-medium:1.92%;--awb-width-small:100%;--awb-order-small:0;--awb-spacing-right-small:1.92%;--awb-spacing-left-small:1.92%;\"><div class=\"fusion-column-wrapper fusion-column-has-shadow fusion-flex-justify-content-flex-start fusion-content-layout-column\"><\/div><\/div>\n<div class=\"fusion-layout-column fusion_builder_column_inner fusion-builder-nested-column-2 fusion_builder_column_inner_1_3 1_3 fusion-flex-column\" style=\"--awb-bg-size:cover;--awb-width-large:33.333333333333%;--awb-margin-top-large:0px;--awb-spacing-right-large:5.76%;--awb-margin-bottom-large:20px;--awb-spacing-left-large:5.76%;--awb-width-medium:100%;--awb-order-medium:0;--awb-spacing-right-medium:1.92%;--awb-spacing-left-medium:1.92%;--awb-width-small:100%;--awb-order-small:0;--awb-spacing-right-small:1.92%;--awb-spacing-left-small:1.92%;\"><div class=\"fusion-column-wrapper fusion-column-has-shadow fusion-flex-justify-content-flex-start fusion-content-layout-column\"><\/div><\/div>\n<\/div>\n<\/div><\/div><\/div><\/div><\/div><\/div><\/div><div class=\"fusion-fullwidth fullwidth-box fusion-builder-row-2 fusion-flex-container has-pattern-background has-mask-background hundred-percent-fullwidth non-hundred-percent-height-scrolling\" style=\"--awb-border-radius-top-left:0px;--awb-border-radius-top-right:0px;--awb-border-radius-bottom-right:0px;--awb-border-radius-bottom-left:0px;--awb-padding-top:4px;--awb-padding-right:6px;--awb-padding-bottom:0px;--awb-padding-left:6px;--awb-flex-wrap:wrap;\" ><div class=\"fusion-builder-row fusion-row fusion-flex-align-items-center fusion-flex-justify-content-center fusion-flex-content-wrap\" style=\"width:104% !important;max-width:104% !important;margin-left: calc(-4% \/ 2 );margin-right: calc(-4% \/ 2 );\"><div class=\"fusion-layout-column fusion_builder_column fusion-builder-column-1 fusion_builder_column_1_1 1_1 fusion-flex-column fusion-flex-align-self-center\" style=\"--awb-bg-size:cover;--awb-width-large:100%;--awb-margin-top-large:0px;--awb-spacing-right-large:1.92%;--awb-margin-bottom-large:3px;--awb-spacing-left-large:1.92%;--awb-width-medium:100%;--awb-order-medium:0;--awb-spacing-right-medium:1.92%;--awb-spacing-left-medium:1.92%;--awb-width-small:100%;--awb-order-small:0;--awb-spacing-right-small:1.92%;--awb-spacing-left-small:1.92%;\"><div class=\"fusion-column-wrapper fusion-column-has-shadow fusion-flex-justify-content-center fusion-content-layout-column\"><div class=\"fusion-title title fusion-title-1 fusion-sep-none fusion-title-text fusion-title-size-three\" style=\"--awb-font-size:32px;\"><h3 class=\"fusion-title-heading title-heading-left fusion-responsive-typography-calculated\" style=\"margin:0;font-size:1em;--fontSize:32;line-height:1.2;\">Produktdata<\/h3><\/div><\/div><\/div><\/div><\/div><div class=\"fusion-fullwidth fullwidth-box fusion-builder-row-3 fusion-flex-container has-pattern-background has-mask-background nonhundred-percent-fullwidth non-hundred-percent-height-scrolling\" style=\"--awb-border-radius-top-left:0px;--awb-border-radius-top-right:0px;--awb-border-radius-bottom-right:0px;--awb-border-radius-bottom-left:0px;--awb-padding-top:4px;--awb-padding-right:6px;--awb-padding-left:6px;--awb-flex-wrap:wrap;\" ><div class=\"fusion-builder-row fusion-row fusion-flex-align-items-flex-start fusion-flex-content-wrap\" style=\"max-width:1597.44px;margin-left: calc(-4% \/ 2 );margin-right: calc(-4% \/ 2 );\"><div class=\"fusion-layout-column fusion_builder_column fusion-builder-column-2 fusion_builder_column_1_1 1_1 fusion-flex-column\" style=\"--awb-bg-size:cover;--awb-width-large:100%;--awb-margin-top-large:0px;--awb-spacing-right-large:1.92%;--awb-margin-bottom-large:20px;--awb-spacing-left-large:1.92%;--awb-width-medium:100%;--awb-order-medium:0;--awb-spacing-right-medium:1.92%;--awb-spacing-left-medium:1.92%;--awb-width-small:100%;--awb-order-small:0;--awb-spacing-right-small:1.92%;--awb-spacing-left-small:1.92%;\"><div class=\"fusion-column-wrapper fusion-column-has-shadow fusion-flex-justify-content-flex-start fusion-content-layout-column\"><div class=\"fusion-text fusion-text-1 awb-text-cols fusion-text-columns-2\" style=\"--awb-content-alignment:left;--awb-columns:2;--awb-column-spacing:2em;--awb-column-min-width:100px;\"><p><strong>Material<\/strong><br \/>\nJ-trac kl\u00e4dgalge robust: Polyuretan<\/p>\n<p>Skena: Pulverlackad aluminium<br \/>\n\u00c4ndstopp: Pulverlackad aluminium<\/p>\n<p><strong>Montering av skena<\/strong><br \/>\nMontera skena och \u00e4ndstopp med s\u00e4kerhetsskruvar JT-283.<br \/>\nJ-trac kl\u00e4dgalgesystem passar garderober som \u00e4r upp till 600 mm breda, men kan \u00e4ven anpassas f\u00f6r st\u00f6rre m\u00e5tt. F\u00f6r smalare garderober kan skenan enkelt kapas till r\u00e4tt l\u00e4ngd med en b\u00e5gfil. Installationsinstruktioner f\u00f6ljer med vid best\u00e4llning eller skickas p\u00e5 beg\u00e4ran.<\/p>\n<p><strong>Underh\u00e5ll<\/strong><br \/>\nSkena och J-trac kl\u00e4dgalge robust kan reng\u00f6ras med alkohol eller reng\u00f6ringsmedel.<\/p>\n<p><strong>Tekniska\u202fdata<br \/>\n<\/strong>HS-905 &#8211; J-trac kl\u00e4dgalgesystem, 5 robust galge<br \/>\nKl\u00e4dgalge: B 390 mm, H 170 mm. Vikt: 215g.<br \/>\nSkena: B 560 mm (med \u00e4ndstopp 580 mm).<br \/>\nEn galge lossnar automatiskt fr\u00e5n skenan vid en vertikal belastning p\u00e5 cirka 3,9 kg. N\u00e4r 5 galgar belastas samtidigt, lossnar de vid en sammanlagd vikt p\u00e5 cirka 13,6 kg.<br \/>\nTestat hos RISE, Sverige.<\/p>\n<p><strong>F\u00e4rg<br \/>\n<\/strong>Kl\u00e4dgalge: Svart<br \/>\nSkena och \u00e4ndstopp: Vit<\/p>\n<p><strong>H\u00e5llbarhet<\/strong><br \/>\nJ-trac kl\u00e4dgalgesystem, 5 robust har mycket l\u00e5ng h\u00e5llbarhet.<br \/>\nKl\u00e4dgalge k\u00e4llsorteras som plast. Skenor och \u00e4ndstopp k\u00e4llsorteras som metall.<\/p>\n<p><strong>Leverans<\/strong><br \/>\n1 vecka. F\u00f6r specialbest\u00e4llningar kan leveranstiden variera.<br \/>\nObservera att of\u00f6rutsedda h\u00e4ndelser kan p\u00e5verka leveransen. F\u00f6r mer information om aktuell leveranstid i samband med orderbekr\u00e4ftelse eller innan best\u00e4llning, v\u00e4nligen kontakta oss p\u00e5 <a href=\"mailto:info@healsafeinterior.com\">info@healsafeinterior.com<\/a>.<\/p>\n<p><strong>Garanti<\/strong><br \/>\nSkena och \u00e4ndstopp: Livsl\u00e5ng garanti. G\u00e4ller vid normal anv\u00e4ndning.<br \/>\nJ-trac kl\u00e4dgalge robust: 2 \u00e5rs garanti. G\u00e4ller vid normal anv\u00e4ndning. Full garanti l\u00e4mnas f\u00f6r tillverkningsfel.<br \/>\nVid reklamation, v\u00e4nligen kontakta oss p\u00e5 info@healsafeinterior.com.<\/p>\n<p><strong>Tillverkning\/Produktion<\/strong><br \/>\nSverige.<\/p>\n<\/div><\/div><\/div><\/div><\/div><\/p>\n","protected":false},"excerpt":{"rendered":"<p>J-trac kl\u00e4dgalgesystem, 5 robust galgar \u00e4r en mer robust version av v\u00e5rt patenterade kl\u00e4dgalgesystem och erbjuder en t\u00e5lig och s\u00e4ker l\u00f6sning f\u00f6r upph\u00e4ngning av kl\u00e4der i v\u00e5rdmilj\u00f6er med h\u00f6ga s\u00e4kerhetskrav.<\/p>\n<ul>\n<li>Kl\u00e4dgalgen \u00e4r utformad f\u00f6r att f\u00f6rebygga sj\u00e4lvskada och suicidf\u00f6rs\u00f6k, och lossnar automatiskt fr\u00e5n skenan vid onormal belastning.<\/li>\n<li>Skenan \u00e4r robust och utformad f\u00f6r att minimera risken f\u00f6r att sn\u00f6re, rep eller liknande f\u00f6rem\u00e5l kan f\u00e4stas och suicidpreventivt syfte.<\/li>\n<li>Kl\u00e4dgalgen \u00e4r stark, h\u00e5llbar och tillverkad i robust material som klarar daglig och kr\u00e4vande anv\u00e4ndning.<\/li>\n<\/ul>\n<p>J-trac kl\u00e4dgalgesystem, 5 robust galgar \u00e4r s\u00e4rskilt l\u00e4mpat f\u00f6r alla milj\u00f6er med s\u00e4rskilda s\u00e4kerhetskrav, s\u00e5som psykiatrisk v\u00e5rd, ungdomsv\u00e5rd, behandlingshem och kriminalv\u00e5rd.<\/p>\n<p>J-trac kl\u00e4dgalgesystem, 5 robust galgar kan t.ex. monteras i taket p\u00e5 en garderob eller under en v\u00e4gghylla.<\/p>\n<p>Systemet \u00e4r utformat s\u00e5 att endast de medf\u00f6ljande kl\u00e4dgalgarna passar, vilket f\u00f6rhindrar att exempelvis standardgalgar eller andra obeh\u00f6riga f\u00f6rem\u00e5l anv\u00e4nds. Det minskar risken f\u00f6r att produkter som inte \u00e4r anpassade f\u00f6r s\u00e4kerhetsmilj\u00f6er anv\u00e4nds p\u00e5 ett s\u00e4tt som kan inneb\u00e4ra fara, till exempel genom att g\u00e5 s\u00f6nder, manipuleras eller anv\u00e4ndas f\u00f6r sj\u00e4lvskada.<\/p>\n<p>N\u00e4r kl\u00e4der h\u00e4ngs upp i st\u00e4llet f\u00f6r att vikas blir det l\u00e4ttare att h\u00e5lla ordning och \u00f6verblicka sina tillh\u00f6righeter. Det hj\u00e4lper ocks\u00e5 till att bevara kl\u00e4dernas form och skick. F\u00f6r brukaren kan detta skapa en k\u00e4nsla av struktur och kontroll i vardagen, vilket \u00e4r v\u00e4rdefullt i en v\u00e5rdmilj\u00f6.<\/p>\n<p>J-trac kl\u00e4dgalgesystem, 5 robust galgar levereras komplett med 5 kl\u00e4dgalgar, 1 skena och 2 \u00e4ndstopp.<\/p>\n<p>Patenterad design: Healsafe Interi\u00f6r<\/p>\n<p>L\u00e4mplig f\u00f6r placering i patientrum eller gemensamhetsytor.<\/p>\n","protected":false},"featured_media":11400,"template":"","meta":[],"product_brand":[],"product_cat":[620],"product_tag":[],"class_list":{"0":"post-15351","1":"product","2":"type-product","3":"status-publish","4":"has-post-thumbnail","6":"product_cat-j-trac-kladgalgesystem","8":"first","9":"instock","10":"shipping-taxable","11":"purchasable","12":"product-type-simple"},"_links":{"self":[{"href":"https:\/\/healsafeinterior.com\/sv\/wp-json\/wp\/v2\/product\/15351","targetHints":{"allow":["GET"]}}],"collection":[{"href":"https:\/\/healsafeinterior.com\/sv\/wp-json\/wp\/v2\/product"}],"about":[{"href":"https:\/\/healsafeinterior.com\/sv\/wp-json\/wp\/v2\/types\/product"}],"wp:featuredmedia":[{"embeddable":true,"href":"https:\/\/healsafeinterior.com\/sv\/wp-json\/wp\/v2\/media\/11400"}],"wp:attachment":[{"href":"https:\/\/healsafeinterior.com\/sv\/wp-json\/wp\/v2\/media?parent=15351"}],"wp:term":[{"taxonomy":"product_brand","embeddable":true,"href":"https:\/\/healsafeinterior.com\/sv\/wp-json\/wp\/v2\/product_brand?post=15351"},{"taxonomy":"product_cat","embeddable":true,"href":"https:\/\/healsafeinterior.com\/sv\/wp-json\/wp\/v2\/product_cat?post=15351"},{"taxonomy":"product_tag","embeddable":true,"href":"https:\/\/healsafeinterior.com\/sv\/wp-json\/wp\/v2\/product_tag?post=15351"}],"curies":[{"name":"wp","href":"https:\/\/api.w.org\/{rel}","templated":true}]}}