{"id":15330,"date":"2020-09-30T14:29:04","date_gmt":"2020-09-30T12:29:04","guid":{"rendered":"https:\/\/healsafeinterior.com\/product\/gardin-akustik\/"},"modified":"2025-05-27T13:43:42","modified_gmt":"2025-05-27T11:43:42","slug":"gardin-akustik","status":"publish","type":"product","link":"https:\/\/healsafeinterior.com\/sv\/produkt\/gardin-akustik\/","title":{"rendered":"Gardin Akustik"},"content":{"rendered":"<div class=\"fusion-fullwidth fullwidth-box fusion-builder-row-1 fusion-flex-container has-pattern-background has-mask-background hundred-percent-fullwidth non-hundred-percent-height-scrolling\" style=\"--awb-border-radius-top-left:0px;--awb-border-radius-top-right:0px;--awb-border-radius-bottom-right:0px;--awb-border-radius-bottom-left:0px;--awb-padding-top:4px;--awb-padding-right:6px;--awb-padding-bottom:0px;--awb-padding-left:6px;--awb-margin-top:40px;--awb-margin-bottom:20px;--awb-flex-wrap:wrap;\" ><div class=\"fusion-builder-row fusion-row fusion-flex-align-items-center fusion-flex-justify-content-center fusion-flex-content-wrap\" style=\"width:104% !important;max-width:104% !important;margin-left: calc(-4% \/ 2 );margin-right: calc(-4% \/ 2 );\"><div class=\"fusion-layout-column fusion_builder_column fusion-builder-column-0 fusion_builder_column_1_1 1_1 fusion-flex-column fusion-flex-align-self-center\" style=\"--awb-bg-size:cover;--awb-width-large:100%;--awb-margin-top-large:0px;--awb-spacing-right-large:1.92%;--awb-margin-bottom-large:3px;--awb-spacing-left-large:1.92%;--awb-width-medium:100%;--awb-order-medium:0;--awb-spacing-right-medium:1.92%;--awb-spacing-left-medium:1.92%;--awb-width-small:100%;--awb-order-small:0;--awb-spacing-right-small:1.92%;--awb-spacing-left-small:1.92%;\"><div class=\"fusion-column-wrapper fusion-column-has-shadow fusion-flex-justify-content-center fusion-content-layout-column\"><div class=\"fusion-tabs fusion-tabs-1 classic nav-not-justified horizontal-tabs icon-position-left mobile-mode-carousel\" style=\"--awb-title-border-radius-top-left:2px;--awb-title-border-radius-top-right:2px;--awb-title-border-radius-bottom-right:2px;--awb-title-border-radius-bottom-left:2px;--awb-content-padding-top:40px;--awb-content-padding-right:30px;--awb-content-padding-bottom:40px;--awb-content-padding-left:30px;--awb-title-padding-right:40px;--awb-title-padding-left:40px;--awb-title-font-size:17px;--awb-alignment:start;--awb-inactive-color:var(--awb-color2);--awb-title-text-color:var(--awb-color5);--awb-title-active-text-color:var(--awb-color7);--awb-background-color:var(--awb-color1);--awb-border-color:rgba(167,172,162,0);--awb-active-border-color:var(--awb-custom_color_2);--awb-title-font-family:&quot;Sen&quot;;--awb-title-font-style:normal;--awb-title-font-weight:400;\"><div class=\"nav\"><ul class=\"nav-tabs\" role=\"tablist\"><li class=\"active\" role=\"presentation\"><a class=\"tab-link\" data-toggle=\"tab\" role=\"tab\" aria-controls=\"tab-6b6b0db02e24819f347\" aria-selected=\"true\" id=\"fusion-tab-meromprodukten\" href=\"#tab-6b6b0db02e24819f347\"><h3 class=\"fusion-tab-heading\">Mer om produkten<\/h3><\/a><\/li><li role=\"presentation\"><a class=\"tab-link\" data-toggle=\"tab\" role=\"tab\" aria-controls=\"tab-6d04e8fe5feaba0f864\" aria-selected=\"false\" tabindex=\"-1\" id=\"fusion-tab-f\u00e4rgkarta\" href=\"#tab-6d04e8fe5feaba0f864\"><h3 class=\"fusion-tab-heading\">F\u00e4rgkarta<\/h3><\/a><\/li><\/ul><\/div><div class=\"tab-content\"><div class=\"tab-pane fade fusion-clearfix in active\" role=\"tabpanel\" tabindex=\"0\" aria-labelledby=\"fusion-tab-meromprodukten\" id=\"tab-6b6b0db02e24819f347\">\n<p>Den unika gardinstrukturen skapar en tredimensionell yta vilket ger exceptionellt goda ljudabsorberande egenskaper (ljudabsorptionsklass A). Strukturen ger ocks\u00e5 ett vackert m\u00f6nster som reflekterar ljus och skapar en levande yta.<br \/>\nKontakta oss f\u00f6r st\u00f6d och v\u00e4gledning i valet av den gardinvariant som passar dina behov.<br \/>\nGardiner bidrar inte bara till en mer omsorgsfull milj\u00f6 utan har \u00e4ven tekniska egenskaper som ljudabsorption.<br \/>\n\u00d6kar klienternas v\u00e4lbefinnande genom kombinationen av dagsljuskontroll, mjukt material och f\u00e4rg.<br \/>\nVi erbjuder ett brett utbud av f\u00e4rger f\u00f6r att m\u00f6jligg\u00f6ra utformningen av harmoniska milj\u00f6er.<br \/>\nKollektionen uppfyller de mycket h\u00f6ga kraven p\u00e5 v\u00e5rdmilj\u00f6n som r\u00f6r brandskydd, hygien och h\u00e5llbarhet.<\/p>\n<ul>\n<li>Kan tv\u00e4ttas i 60\u00b0C<\/li>\n<li>Permanent flamskydd, \u00e4ven efter tv\u00e4tt<\/li>\n<li>Martindale ca 8 000<\/li>\n<li>Pilling: 4-5<\/li>\n<li>Vikt ca 300 g\/m\u00b2<\/li>\n<li>100% polyester<\/li>\n<\/ul>\n<\/div><div class=\"tab-pane fade fusion-clearfix\" role=\"tabpanel\" tabindex=\"0\" aria-labelledby=\"fusion-tab-f\u00e4rgkarta\" id=\"tab-6d04e8fe5feaba0f864\">\n<p><a href=\"https:\/\/drive.google.com\/file\/d\/1O4v_ooke_6f6PIPZfDpdRXk_xSBQg_ob\/view?usp=drive_link\" target=\"_blank\" rel=\"noopener\">PDF | Nadir (Expression) \u2013 F\u00e4rgkarta<\/a><\/p>\n<\/div><\/div><\/div><\/div><\/div><\/div><\/div>\n","protected":false},"excerpt":{"rendered":"<p><em>Gardin akustik blockerar effektivt dagsljus och utomhusbelysning, samtidigt som den erbjuder mycket god ljudabsorption och tillf\u00f6r f\u00e4rg till rummet \u2013 vilket skapar en mer ombonad och trivsam milj\u00f6.<\/em><\/p>\n<ul>\n<li>Reglerar dagsljus med dimout-funktion<\/li>\n<li>F\u00f6rb\u00e4ttrar rummets akustik<\/li>\n<li>Uppfyller standarder f\u00f6r brands\u00e4kerhet, hygien och h\u00e5llbarhet<\/li>\n<\/ul>\n<p>Gardiner bidrar med flera viktiga funktioner i milj\u00f6er d\u00e4r b\u00e5de s\u00e4kerhet och v\u00e4lbefinnande \u00e4r i fokus. De m\u00f6jligg\u00f6r kontroll av akustik och ljusinsl\u00e4pp, samtidigt som f\u00e4rg och mjuka material skapar en mer lugn och omsorgsfull atmosf\u00e4r.<\/p>\n<p>M\u00f6jligheten att begr\u00e4nsa insyn fr\u00e5n utsidan st\u00e4rker k\u00e4nslan av personlig autonomi. Ett m\u00f6rkare rum fr\u00e4mjar ocks\u00e5 s\u00f6mnkvaliteten, vilket \u00e4r avg\u00f6rande f\u00f6r \u00e5terh\u00e4mtning, minskad stressniv\u00e5 och l\u00e4gre risk f\u00f6r aggressivitet. P\u00e5 samma s\u00e4tt bidrar goda ljudd\u00e4mpande egenskaper till samma positiva resultat genom att minska st\u00f6rande ljud och skapa en lugn, rofylld milj\u00f6.<\/p>\n<p>Att integrera gardiner i inredningen bidrar till att minska den institutionella k\u00e4nslan och skapar en mer respektfull och m\u00e4nsklig milj\u00f6.<br \/>\nGardin akustik har en tydligt v\u00e4vd struktur med melerad karakt\u00e4r. Ytan \u00e4r mer taktil och f\u00e4rgerna f\u00e5r djup genom v\u00e4vens variation.<br \/>\nVi erbjuder ett brett urval av kul\u00f6rer och strukturer som st\u00f6djer en trygg, balanserad och \u00e5terh\u00e4mtande inredning.<\/p>\n<p>Tillsammans med J-trac gardinskenesystem utg\u00f6r dimout-gardiner ett praktiskt och kostnadseffektivt alternativ till inbyggda, motoriserade persienner.<\/p>\n<p>L\u00e4mplig f\u00f6r patientrum och allrum.<\/p>\n","protected":false},"featured_media":14760,"template":"","meta":[],"product_brand":[],"product_cat":[610,621,617,623],"product_tag":[],"class_list":{"0":"post-15330","1":"product","2":"type-product","3":"status-publish","4":"has-post-thumbnail","6":"product_cat-inredningsprodukter","7":"product_cat-j-trac-gardinskenesystem","8":"product_cat-ljudabsorbenter","9":"product_cat-patientrum","11":"first","12":"instock","13":"shipping-taxable","14":"purchasable","15":"product-type-simple"},"_links":{"self":[{"href":"https:\/\/healsafeinterior.com\/sv\/wp-json\/wp\/v2\/product\/15330","targetHints":{"allow":["GET"]}}],"collection":[{"href":"https:\/\/healsafeinterior.com\/sv\/wp-json\/wp\/v2\/product"}],"about":[{"href":"https:\/\/healsafeinterior.com\/sv\/wp-json\/wp\/v2\/types\/product"}],"wp:featuredmedia":[{"embeddable":true,"href":"https:\/\/healsafeinterior.com\/sv\/wp-json\/wp\/v2\/media\/14760"}],"wp:attachment":[{"href":"https:\/\/healsafeinterior.com\/sv\/wp-json\/wp\/v2\/media?parent=15330"}],"wp:term":[{"taxonomy":"product_brand","embeddable":true,"href":"https:\/\/healsafeinterior.com\/sv\/wp-json\/wp\/v2\/product_brand?post=15330"},{"taxonomy":"product_cat","embeddable":true,"href":"https:\/\/healsafeinterior.com\/sv\/wp-json\/wp\/v2\/product_cat?post=15330"},{"taxonomy":"product_tag","embeddable":true,"href":"https:\/\/healsafeinterior.com\/sv\/wp-json\/wp\/v2\/product_tag?post=15330"}],"curies":[{"name":"wp","href":"https:\/\/api.w.org\/{rel}","templated":true}]}}