{"id":15310,"date":"2020-09-30T15:04:10","date_gmt":"2020-09-30T13:04:10","guid":{"rendered":"https:\/\/healsafeinterior.com\/product\/duschdraperi\/"},"modified":"2025-05-27T12:44:59","modified_gmt":"2025-05-27T10:44:59","slug":"duschdraperi","status":"publish","type":"product","link":"https:\/\/healsafeinterior.com\/sv\/produkt\/duschdraperi\/","title":{"rendered":"Duschdraperi"},"content":{"rendered":"<div class=\"fusion-fullwidth fullwidth-box fusion-builder-row-1 fusion-flex-container has-pattern-background has-mask-background hundred-percent-fullwidth non-hundred-percent-height-scrolling\" style=\"--awb-border-radius-top-left:0px;--awb-border-radius-top-right:0px;--awb-border-radius-bottom-right:0px;--awb-border-radius-bottom-left:0px;--awb-padding-top:4px;--awb-padding-right:6px;--awb-padding-bottom:0px;--awb-padding-left:6px;--awb-margin-top:40px;--awb-margin-bottom:20px;--awb-flex-wrap:wrap;\" ><div class=\"fusion-builder-row fusion-row fusion-flex-align-items-center fusion-flex-justify-content-center fusion-flex-content-wrap\" style=\"width:104% !important;max-width:104% !important;margin-left: calc(-4% \/ 2 );margin-right: calc(-4% \/ 2 );\"><div class=\"fusion-layout-column fusion_builder_column fusion-builder-column-0 fusion_builder_column_1_1 1_1 fusion-flex-column fusion-flex-align-self-center\" style=\"--awb-bg-size:cover;--awb-width-large:100%;--awb-margin-top-large:0px;--awb-spacing-right-large:1.92%;--awb-margin-bottom-large:3px;--awb-spacing-left-large:1.92%;--awb-width-medium:100%;--awb-order-medium:0;--awb-spacing-right-medium:1.92%;--awb-spacing-left-medium:1.92%;--awb-width-small:100%;--awb-order-small:0;--awb-spacing-right-small:1.92%;--awb-spacing-left-small:1.92%;\"><div class=\"fusion-column-wrapper fusion-column-has-shadow fusion-flex-justify-content-center fusion-content-layout-column\"><div class=\"fusion-tabs fusion-tabs-1 classic nav-not-justified horizontal-tabs icon-position-left mobile-mode-carousel\" style=\"--awb-title-border-radius-top-left:2px;--awb-title-border-radius-top-right:2px;--awb-title-border-radius-bottom-right:2px;--awb-title-border-radius-bottom-left:2px;--awb-content-padding-top:40px;--awb-content-padding-right:30px;--awb-content-padding-bottom:40px;--awb-content-padding-left:30px;--awb-title-padding-right:40px;--awb-title-padding-left:40px;--awb-title-font-size:17px;--awb-alignment:start;--awb-inactive-color:var(--awb-color2);--awb-title-text-color:var(--awb-color5);--awb-title-active-text-color:var(--awb-color7);--awb-background-color:var(--awb-color1);--awb-border-color:rgba(167,172,162,0);--awb-active-border-color:var(--awb-custom_color_2);--awb-title-font-family:&quot;Sen&quot;;--awb-title-font-style:normal;--awb-title-font-weight:400;\"><div class=\"nav\"><ul class=\"nav-tabs\" role=\"tablist\"><li class=\"active\" role=\"presentation\"><a class=\"tab-link\" data-toggle=\"tab\" role=\"tab\" aria-controls=\"tab-cac27482733960b4c1e\" aria-selected=\"true\" id=\"fusion-tab-meromprodukten\" href=\"#tab-cac27482733960b4c1e\"><h3 class=\"fusion-tab-heading\">Mer om produkten<\/h3><\/a><\/li><li role=\"presentation\"><a class=\"tab-link\" data-toggle=\"tab\" role=\"tab\" aria-controls=\"tab-03b50377b594c4f8803\" aria-selected=\"false\" tabindex=\"-1\" id=\"fusion-tab-f\u00e4rgkarta\" href=\"#tab-03b50377b594c4f8803\"><h3 class=\"fusion-tab-heading\">F\u00e4rgkarta<\/h3><\/a><\/li><\/ul><\/div><div class=\"tab-content\"><div class=\"tab-pane fade fusion-clearfix in active\" role=\"tabpanel\" tabindex=\"0\" aria-labelledby=\"fusion-tab-meromprodukten\" id=\"tab-cac27482733960b4c1e\">\n<p><strong>Material<\/strong><br \/>\nTillverkad av 100\u202f% flamskyddad polyester (PES) med \u00f6ljetter av krom. Vattenavisande.<\/p>\n<p><strong>Montering<\/strong><br \/>\nRynkbandskrokar kan best\u00e4llas fr\u00e5n Healsafe Interi\u00f6r och f\u00e4sts i J-trac glid, och sedan sn\u00e4pps fast p\u00e5 J-trac gardinskena.<\/p>\n<p><strong>Underh\u00e5ll<\/strong><br \/>\nMaskintv\u00e4tt 60 \u00b0C (hygientv\u00e4tt 72 \u00b0C).<br \/>\nUndvik torktumling.<\/p>\n<p><strong>Teknisk data<\/strong><br \/>\nHSD101: Tillverkas p\u00e5 best\u00e4llning i m\u00e5tt anpassade efter duschskenans dimensioner. Se v\u00e5r uppm\u00e4tningsguide p\u00e5 sidan f\u00f6r resurscenter.<br \/>\nVikt: 106 g\/m\u00b2.<br \/>\nTextil: Uni Fr Deliperi 59138.<\/p>\n<p><strong>F\u00e4rger<\/strong><br \/>\nFinns i sju olika f\u00e4rger (se f\u00e4rgkarta under flik). Textilkarta skickas g\u00e4rna f\u00f6r exakt kul\u00f6r\u00e5tergivning.<\/p>\n<p><strong>H\u00e5llbarhet<\/strong><br \/>\n\u00c5tervinningsbar som textilavfall (100\u202f% polyester).<\/p>\n<p>Kollektionen uppfyller de mycket h\u00f6ga v\u00e5rdmilj\u00f6kraven som r\u00f6r brandskydd, hygien och h\u00e5llbarhet.<br \/>\nTester &amp; Certifikat:<br \/>\nBrands\u00e4kerhet: DIN 4102\/B1, IMO Res. A471(XII). Brandskyddet best\u00e5r \u00e4ven efter tv\u00e4ttning.<br \/>\nVattenresistent enligt: DIN EN 24920.<br \/>\nF\u00e4rgbest\u00e4ndighet efter tv\u00e4tt: 4-5.<br \/>\nPilling: 5.<\/p>\n<p><strong>Leverans<\/strong><br \/>\nLeveranstid 8-12 veckor. F\u00f6r specialbest\u00e4llningar kan leveranstiden variera.<br \/>\nVid fr\u00e5gor eller r\u00e5dgivning, v\u00e4nligen kontakta oss p\u00e5 <a href=\"mailto:info@healsafeinterior.com\">info@healsafeinterior.com<\/a>.<\/p>\n<p><strong>Garanti<\/strong><br \/>\nGarantin t\u00e4cker eventuella tillverkningsfel.<\/p>\n<p><strong>Tillverkning<\/strong><br \/>\nEuropa.<\/p>\n<\/div><div class=\"tab-pane fade fusion-clearfix\" role=\"tabpanel\" tabindex=\"0\" aria-labelledby=\"fusion-tab-f\u00e4rgkarta\" id=\"tab-03b50377b594c4f8803\">\n<p>F\u00f6r f\u00e4rgkarta, se sidan f\u00f6r <a href=\"https:\/\/healsafeinterior.com\/sv\/resurscenter\/\">resurscenter<\/a>.<\/p>\n<\/div><\/div><\/div><\/div><\/div><\/div><\/div>\n","protected":false},"excerpt":{"rendered":"<p><em>S\u00e4kra duschdraperier ger \u00f6kad avskildhet \u2013 en viktig del av patientens eller klientens upplevda autonomi och v\u00e4lbefinnande.<\/em><\/p>\n<ul>\n<li>\u00d6kad integritet f\u00f6r patient\/klient<\/li>\n<li>Uppfyller krav p\u00e5 brands\u00e4kerhet, hygien, materialstyrka och h\u00e5llbarhet<\/li>\n<li>Tv\u00e4ttbar i maskin f\u00f6r enkel reng\u00f6ring \u2013 60\u202f\u00b0C (hygientv\u00e4tt 72\u202f\u00b0C)<\/li>\n<\/ul>\n<p>Draperierna bidrar till att minska den institutionella k\u00e4nslan i badrum, vilket skapar en mer normaliserad och omsorgsfull milj\u00f6.<\/p>\n<p>Tillsammans med J-trac gardinskenesystem \u00e4r de en s\u00e4ker och h\u00e5llbar l\u00f6sning i utrymmen d\u00e4r \u00f6vervakningen \u00e4r begr\u00e4nsad.<\/p>\n<p>Duschdraperier bidrar ocks\u00e5 effektivt till att minska risken f\u00f6r fuktskador i badrumsmilj\u00f6er.<\/p>\n<p>Finns i flera kul\u00f6rer f\u00f6r att fr\u00e4mja en harmonisk och trygg atmosf\u00e4r.<\/p>\n<p>L\u00e4mplig f\u00f6r badrum.<\/p>\n","protected":false},"featured_media":11072,"template":"","meta":[],"product_brand":[],"product_cat":[593,595,621,623],"product_tag":[],"class_list":{"0":"post-15310","1":"product","2":"type-product","3":"status-publish","4":"has-post-thumbnail","6":"product_cat-badrumsprodukter","7":"product_cat-j-trac-duschskena-duschdraperier","8":"product_cat-j-trac-gardinskenesystem","9":"product_cat-patientrum","11":"first","12":"instock","13":"shipping-taxable","14":"purchasable","15":"product-type-simple"},"_links":{"self":[{"href":"https:\/\/healsafeinterior.com\/sv\/wp-json\/wp\/v2\/product\/15310","targetHints":{"allow":["GET"]}}],"collection":[{"href":"https:\/\/healsafeinterior.com\/sv\/wp-json\/wp\/v2\/product"}],"about":[{"href":"https:\/\/healsafeinterior.com\/sv\/wp-json\/wp\/v2\/types\/product"}],"wp:featuredmedia":[{"embeddable":true,"href":"https:\/\/healsafeinterior.com\/sv\/wp-json\/wp\/v2\/media\/11072"}],"wp:attachment":[{"href":"https:\/\/healsafeinterior.com\/sv\/wp-json\/wp\/v2\/media?parent=15310"}],"wp:term":[{"taxonomy":"product_brand","embeddable":true,"href":"https:\/\/healsafeinterior.com\/sv\/wp-json\/wp\/v2\/product_brand?post=15310"},{"taxonomy":"product_cat","embeddable":true,"href":"https:\/\/healsafeinterior.com\/sv\/wp-json\/wp\/v2\/product_cat?post=15310"},{"taxonomy":"product_tag","embeddable":true,"href":"https:\/\/healsafeinterior.com\/sv\/wp-json\/wp\/v2\/product_tag?post=15310"}],"curies":[{"name":"wp","href":"https:\/\/api.w.org\/{rel}","templated":true}]}}