{"id":15309,"date":"2020-09-30T14:03:22","date_gmt":"2020-09-30T12:03:22","guid":{"rendered":"https:\/\/healsafeinterior.com\/product\/gardin-morklaggning\/"},"modified":"2025-05-27T11:42:20","modified_gmt":"2025-05-27T09:42:20","slug":"gardin-dimout","status":"publish","type":"product","link":"https:\/\/healsafeinterior.com\/sv\/produkt\/gardin-dimout\/","title":{"rendered":"Gardin dimout"},"content":{"rendered":"<div class=\"fusion-fullwidth fullwidth-box fusion-builder-row-1 fusion-flex-container has-pattern-background has-mask-background hundred-percent-fullwidth non-hundred-percent-height-scrolling\" style=\"--awb-border-radius-top-left:0px;--awb-border-radius-top-right:0px;--awb-border-radius-bottom-right:0px;--awb-border-radius-bottom-left:0px;--awb-padding-top:4px;--awb-padding-right:6px;--awb-padding-bottom:0px;--awb-padding-left:6px;--awb-margin-top:40px;--awb-margin-bottom:20px;--awb-flex-wrap:wrap;\" ><div class=\"fusion-builder-row fusion-row fusion-flex-align-items-center fusion-flex-justify-content-center fusion-flex-content-wrap\" style=\"width:104% !important;max-width:104% !important;margin-left: calc(-4% \/ 2 );margin-right: calc(-4% \/ 2 );\"><div class=\"fusion-layout-column fusion_builder_column fusion-builder-column-0 fusion_builder_column_1_1 1_1 fusion-flex-column fusion-flex-align-self-center\" style=\"--awb-bg-size:cover;--awb-width-large:100%;--awb-margin-top-large:0px;--awb-spacing-right-large:1.92%;--awb-margin-bottom-large:3px;--awb-spacing-left-large:1.92%;--awb-width-medium:100%;--awb-order-medium:0;--awb-spacing-right-medium:1.92%;--awb-spacing-left-medium:1.92%;--awb-width-small:100%;--awb-order-small:0;--awb-spacing-right-small:1.92%;--awb-spacing-left-small:1.92%;\"><div class=\"fusion-column-wrapper fusion-column-has-shadow fusion-flex-justify-content-center fusion-content-layout-column\"><div class=\"fusion-tabs fusion-tabs-1 classic nav-not-justified horizontal-tabs icon-position-left mobile-mode-carousel\" style=\"--awb-title-border-radius-top-left:2px;--awb-title-border-radius-top-right:2px;--awb-title-border-radius-bottom-right:2px;--awb-title-border-radius-bottom-left:2px;--awb-content-padding-top:40px;--awb-content-padding-right:30px;--awb-content-padding-bottom:40px;--awb-content-padding-left:30px;--awb-title-padding-right:40px;--awb-title-padding-left:40px;--awb-title-font-size:17px;--awb-alignment:start;--awb-inactive-color:var(--awb-color2);--awb-title-text-color:var(--awb-color5);--awb-title-active-text-color:var(--awb-color7);--awb-background-color:var(--awb-color1);--awb-border-color:rgba(167,172,162,0);--awb-active-border-color:var(--awb-custom_color_2);--awb-title-font-family:&quot;Sen&quot;;--awb-title-font-style:normal;--awb-title-font-weight:400;\"><div class=\"nav\"><ul class=\"nav-tabs\" role=\"tablist\"><li class=\"active\" role=\"presentation\"><a class=\"tab-link\" data-toggle=\"tab\" role=\"tab\" aria-controls=\"tab-1b144e8dc31fd35b22b\" aria-selected=\"true\" id=\"fusion-tab-meromprodukten\" href=\"#tab-1b144e8dc31fd35b22b\"><h3 class=\"fusion-tab-heading\">Mer om produkten<\/h3><\/a><\/li><li role=\"presentation\"><a class=\"tab-link\" data-toggle=\"tab\" role=\"tab\" aria-controls=\"tab-c10e0ef7d26e5abae47\" aria-selected=\"false\" tabindex=\"-1\" id=\"fusion-tab-f\u00e4rgkarta\" href=\"#tab-c10e0ef7d26e5abae47\"><h3 class=\"fusion-tab-heading\">F\u00e4rgkarta<\/h3><\/a><\/li><\/ul><\/div><div class=\"tab-content\"><div class=\"tab-pane fade fusion-clearfix in active\" role=\"tabpanel\" tabindex=\"0\" aria-labelledby=\"fusion-tab-meromprodukten\" id=\"tab-1b144e8dc31fd35b22b\">\n<p><strong>Material<\/strong><br \/>\n100% flamskyddad polyester (PES).<\/p>\n<p><strong>Montering<\/strong><br \/>\nRynkbandskrokar kan best\u00e4llas fr\u00e5n Healsafe Interi\u00f6r och f\u00e4sts i J-trac glid, som sedan sn\u00e4pps fast p\u00e5 J-trac gardinskenan.<\/p>\n<p><strong>Underh\u00e5ll<\/strong><br \/>\nMaskintv\u00e4tt 60 \u00b0C (termisk desinfektion 71 \u00b0C).<br \/>\nUndvik torktumling.<\/p>\n<p><strong>Teknisk data<\/strong><br \/>\nHSD103: Tillverkas p\u00e5 best\u00e4llning i \u00f6nskade m\u00e5tt. Se v\u00e5r uppm\u00e4tningsguide p\u00e5 sidan f\u00f6r resurscenter.<br \/>\nRekommenderad gardinbredd: 1,42\u202fm.<br \/>\nVikt: 255 g\/m2 (+\/- 5%).<br \/>\nTextil: Lunar (Venus).<\/p>\n<p><strong>F\u00e4rger<\/strong><br \/>\nFinns i 39 olika f\u00e4rger (se f\u00e4rgkarta under flik). Textilkarta skickas g\u00e4rna f\u00f6r exakt kul\u00f6r\u00e5tergivning.<\/p>\n<p><strong>H\u00e5llbarhet<\/strong><br \/>\n\u00c5tervinningsbar som textilavfall (100\u202f% polyester).<\/p>\n<p>Kollektionen uppfyller de mycket h\u00f6ga v\u00e5rdmilj\u00f6kraven som r\u00f6r brandskydd, hygien och h\u00e5llbarhet.<\/p>\n<p>Tester &amp; Certifikat:<br \/>\nBrands\u00e4kerhet: EN 13773, BS 5867 Part 2 Type B&amp;C, BS7175, IMO FTP Code 2010 part7.<br \/>\nBrandskyddet best\u00e5r \u00e4ven efter tv\u00e4ttning.<br \/>\nH\u00e4lsom\u00e4rkning: \u00d6kotex Standard 100.<br \/>\nF\u00e4rgbest\u00e4ndighet mot ljus: 5+.<br \/>\nLjusexklusion: 97-99%.<br \/>\nAkustik: ISO 11654 (klass C).<\/p>\n<p><strong>Leverans<\/strong><br \/>\nLeveranstid 8-12 veckor. F\u00f6r specialbest\u00e4llningar kan leveranstiden variera.<br \/>\nVid fr\u00e5gor eller r\u00e5dgivning, v\u00e4nligen kontakta oss p\u00e5 <a href=\"mailto:info@healsafeinterior.com\">info@healsafeinterior.com<\/a>.<\/p>\n<p><strong>Garanti<\/strong><br \/>\nGarantin t\u00e4cker eventuella tillverkningsfel.<\/p>\n<p><strong>Tillverkning<\/strong><br \/>\nEuropa.<\/p>\n<\/div><div class=\"tab-pane fade fusion-clearfix\" role=\"tabpanel\" tabindex=\"0\" aria-labelledby=\"fusion-tab-f\u00e4rgkarta\" id=\"tab-c10e0ef7d26e5abae47\">\n<p>F\u00f6r f\u00e4rgkarta, se sidan f\u00f6r\u00a0<a href=\"https:\/\/healsafeinterior.com\/sv\/resurscenter\/\">resurscenter<\/a>.<\/p>\n<\/div><\/div><\/div><\/div><\/div><\/div><\/div>\n","protected":false},"excerpt":{"rendered":"<p><em>Gardin dimout blockerar effektivt dagsljus och utomhusbelysning, samtidigt som den erbjuder mycket god ljudabsorption och tillf\u00f6r f\u00e4rg till rummet \u2013 vilket skapar en mer ombonad och trivsam milj\u00f6.<\/em><\/p>\n<ul>\n<li>Reglerar dagsljus med dimout-funktion<\/li>\n<li>F\u00f6rb\u00e4ttrar rummets akustik<\/li>\n<li>Uppfyller standarder f\u00f6r brands\u00e4kerhet, hygien och h\u00e5llbarhet<\/li>\n<\/ul>\n<p>Gardiner bidrar med flera viktiga funktioner i milj\u00f6er d\u00e4r b\u00e5de s\u00e4kerhet och v\u00e4lbefinnande \u00e4r i fokus. De m\u00f6jligg\u00f6r kontroll av akustik och ljusinsl\u00e4pp, samtidigt som f\u00e4rg och mjuka material skapar en mer lugn och omsorgsfull atmosf\u00e4r.<\/p>\n<p>M\u00f6jligheten att begr\u00e4nsa insyn fr\u00e5n utsidan st\u00e4rker k\u00e4nslan av personlig autonomi. Att kunna reglera dagsljus och skapa m\u00f6rker f\u00f6rb\u00e4ttrar \u00e4ven s\u00f6mnkvaliteten \u2013 en avg\u00f6rande faktor f\u00f6r \u00e5terh\u00e4mtning, stressreduktion och minskad aggressivitet.<\/p>\n<p>Att integrera gardiner i inredningen bidrar till att minska den institutionella k\u00e4nslan och skapar en mer respektfull och m\u00e4nsklig milj\u00f6.<\/p>\n<p>Gardin dimout har en sl\u00e4t, sidenmatt yta utan synlig struktur. F\u00e4rgerna upplevs j\u00e4mna och textilen har ett enhetligt uttryck.<\/p>\n<p>Vi erbjuder ett brett urval av kul\u00f6rer och strukturer som st\u00f6djer en trygg, balanserad och \u00e5terh\u00e4mtande inredning.<br \/>\nTillsammans med J-trac gardinskenesystem utg\u00f6r Gardin dimout ett praktiskt och kostnadseffektivt alternativ till inbyggda, motoriserade persienner.<\/p>\n<p>L\u00e4mplig f\u00f6r patientrum och allrum.<\/p>\n","protected":false},"featured_media":14768,"template":"","meta":[],"product_brand":[],"product_cat":[621,623],"product_tag":[],"class_list":{"0":"post-15309","1":"product","2":"type-product","3":"status-publish","4":"has-post-thumbnail","6":"product_cat-j-trac-gardinskenesystem","7":"product_cat-patientrum","9":"first","10":"instock","11":"shipping-taxable","12":"purchasable","13":"product-type-simple"},"_links":{"self":[{"href":"https:\/\/healsafeinterior.com\/sv\/wp-json\/wp\/v2\/product\/15309","targetHints":{"allow":["GET"]}}],"collection":[{"href":"https:\/\/healsafeinterior.com\/sv\/wp-json\/wp\/v2\/product"}],"about":[{"href":"https:\/\/healsafeinterior.com\/sv\/wp-json\/wp\/v2\/types\/product"}],"wp:featuredmedia":[{"embeddable":true,"href":"https:\/\/healsafeinterior.com\/sv\/wp-json\/wp\/v2\/media\/14768"}],"wp:attachment":[{"href":"https:\/\/healsafeinterior.com\/sv\/wp-json\/wp\/v2\/media?parent=15309"}],"wp:term":[{"taxonomy":"product_brand","embeddable":true,"href":"https:\/\/healsafeinterior.com\/sv\/wp-json\/wp\/v2\/product_brand?post=15309"},{"taxonomy":"product_cat","embeddable":true,"href":"https:\/\/healsafeinterior.com\/sv\/wp-json\/wp\/v2\/product_cat?post=15309"},{"taxonomy":"product_tag","embeddable":true,"href":"https:\/\/healsafeinterior.com\/sv\/wp-json\/wp\/v2\/product_tag?post=15309"}],"curies":[{"name":"wp","href":"https:\/\/api.w.org\/{rel}","templated":true}]}}