{"id":15830,"date":"2022-01-31T14:10:59","date_gmt":"2022-01-31T13:10:59","guid":{"rendered":"https:\/\/healsafeinterior.com\/karriar\/"},"modified":"2025-10-08T14:55:00","modified_gmt":"2025-10-08T12:55:00","slug":"karriar","status":"publish","type":"page","link":"https:\/\/healsafeinterior.com\/sv\/karriar\/","title":{"rendered":"Karri\u00e4r"},"content":{"rendered":"<p><div class=\"fusion-fullwidth fullwidth-box fusion-builder-row-1 fusion-flex-container nonhundred-percent-fullwidth non-hundred-percent-height-scrolling\" style=\"--awb-border-radius-top-left:0px;--awb-border-radius-top-right:0px;--awb-border-radius-bottom-right:0px;--awb-border-radius-bottom-left:0px;--awb-flex-wrap:wrap;\" ><div class=\"fusion-builder-row fusion-row fusion-flex-align-items-flex-start fusion-flex-content-wrap\" style=\"max-width:1597.44px;margin-left: calc(-4% \/ 2 );margin-right: calc(-4% \/ 2 );\"><div class=\"fusion-layout-column fusion_builder_column fusion-builder-column-0 fusion_builder_column_1_1 1_1 fusion-flex-column\" style=\"--awb-bg-size:cover;--awb-width-large:100%;--awb-margin-top-large:0px;--awb-spacing-right-large:1.92%;--awb-margin-bottom-large:20px;--awb-spacing-left-large:1.92%;--awb-width-medium:100%;--awb-order-medium:0;--awb-spacing-right-medium:1.92%;--awb-spacing-left-medium:1.92%;--awb-width-small:100%;--awb-order-small:0;--awb-spacing-right-small:1.92%;--awb-spacing-left-small:1.92%;\"><div class=\"fusion-column-wrapper fusion-column-has-shadow fusion-flex-justify-content-flex-start fusion-content-layout-column\"><div class=\"fusion-image-element \" style=\"--awb-caption-title-font-family:var(--h2_typography-font-family);--awb-caption-title-font-weight:var(--h2_typography-font-weight);--awb-caption-title-font-style:var(--h2_typography-font-style);--awb-caption-title-size:var(--h2_typography-font-size);--awb-caption-title-transform:var(--h2_typography-text-transform);--awb-caption-title-line-height:var(--h2_typography-line-height);--awb-caption-title-letter-spacing:var(--h2_typography-letter-spacing);\"><span class=\" fusion-imageframe imageframe-none imageframe-1 hover-type-none\"><img decoding=\"async\" width=\"1496\" height=\"247\" title=\"Staff and products thin 3\" src=\"https:\/\/healsafeinterior.com\/wp-content\/uploads\/2022\/02\/Staff-and-products-thin-3.jpg\" class=\"img-responsive wp-image-13460\" srcset=\"https:\/\/healsafeinterior.com\/wp-content\/uploads\/2022\/02\/Staff-and-products-thin-3-200x33.jpg 200w, https:\/\/healsafeinterior.com\/wp-content\/uploads\/2022\/02\/Staff-and-products-thin-3-400x66.jpg 400w, https:\/\/healsafeinterior.com\/wp-content\/uploads\/2022\/02\/Staff-and-products-thin-3-600x99.jpg 600w, https:\/\/healsafeinterior.com\/wp-content\/uploads\/2022\/02\/Staff-and-products-thin-3-800x132.jpg 800w, https:\/\/healsafeinterior.com\/wp-content\/uploads\/2022\/02\/Staff-and-products-thin-3-1200x198.jpg 1200w, https:\/\/healsafeinterior.com\/wp-content\/uploads\/2022\/02\/Staff-and-products-thin-3.jpg 1496w\" sizes=\"(max-width: 1024px) 100vw, (max-width: 640px) 100vw, 1496px\" alt=\"\"><\/span><\/div><\/div><\/div><\/div><\/div><div class=\"fusion-fullwidth fullwidth-box fusion-builder-row-2 fusion-flex-container nonhundred-percent-fullwidth non-hundred-percent-height-scrolling\" style=\"--awb-border-radius-top-left:0px;--awb-border-radius-top-right:0px;--awb-border-radius-bottom-right:0px;--awb-border-radius-bottom-left:0px;--awb-padding-top:5%;--awb-padding-right:10%;--awb-padding-left:10%;--awb-margin-top:1%;--awb-flex-wrap:wrap;\" ><div class=\"fusion-builder-row fusion-row fusion-flex-align-items-flex-start fusion-flex-content-wrap\" style=\"max-width:1597.44px;margin-left: calc(-4% \/ 2 );margin-right: calc(-4% \/ 2 );\"><div class=\"fusion-layout-column fusion_builder_column fusion-builder-column-1 fusion_builder_column_1_3 1_3 fusion-flex-column\" style=\"--awb-bg-size:cover;--awb-width-large:33.333333333333%;--awb-margin-top-large:0px;--awb-spacing-right-large:5.76%;--awb-margin-bottom-large:20px;--awb-spacing-left-large:5.76%;--awb-width-medium:100%;--awb-order-medium:0;--awb-spacing-right-medium:1.92%;--awb-spacing-left-medium:1.92%;--awb-width-small:100%;--awb-order-small:0;--awb-spacing-right-small:1.92%;--awb-spacing-left-small:1.92%;\"><div class=\"fusion-column-wrapper fusion-column-has-shadow fusion-flex-justify-content-flex-start fusion-content-layout-column\"><div class=\"fusion-title title fusion-title-1 fusion-sep-none fusion-title-text fusion-title-size-three\" style=\"--awb-font-size:26px;\"><h3 class=\"fusion-title-heading title-heading-left fusion-responsive-typography-calculated\" style=\"font-family:&quot;Open Sans&quot;;font-style:normal;font-weight:600;margin:0;font-size:1em;--fontSize:26;line-height:1;\">VISION<\/h3><\/div><div class=\"fusion-text fusion-text-1\" style=\"--awb-text-transform:none;\"><div><em>R\u00e4dda liv genom att utforma l\u00e4kande milj\u00f6er &#8211; <\/em>Genom att erbjuda s\u00e4kra och attraktiva inredningsprodukter och m\u00f6bler vill vi minimera riskerna f\u00f6r skador, sj\u00e4lvskadebeteende eller suicidf\u00f6rs\u00f6k i kr\u00e4vande milj\u00f6er som psykiatriska avdelningar eller f\u00e4ngelser.<\/div>\n<\/div><div class=\"fusion-separator fusion-full-width-sep\" style=\"align-self: center;margin-left: auto;margin-right: auto;margin-top:30px;width:100%;\"><\/div><div class=\"fusion-title title fusion-title-2 fusion-sep-none fusion-title-text fusion-title-size-three\" style=\"--awb-font-size:26px;\"><h3 class=\"fusion-title-heading title-heading-left fusion-responsive-typography-calculated\" style=\"font-family:&quot;Open Sans&quot;;font-style:normal;font-weight:600;margin:0;font-size:1em;--fontSize:26;line-height:1.5;\">ARBETA MED OSS<\/h3><\/div><div class=\"fusion-text fusion-text-2\" style=\"--awb-text-transform:none;\"><p>I takt med att vi v\u00e4xer s\u00f6ker vi dig som delar v\u00e5rt m\u00e5l att f\u00f6rb\u00e4ttra milj\u00f6er med s\u00e4kerhetskrav p\u00e5 ett s\u00e4kert och l\u00e4kande s\u00e4tt.<\/p>\n<\/div><div class=\"fusion-separator fusion-full-width-sep\" style=\"align-self: center;margin-left: auto;margin-right: auto;margin-top:30px;width:100%;\"><\/div><div class=\"fusion-title title fusion-title-3 fusion-sep-none fusion-title-text fusion-title-size-three\" style=\"--awb-font-size:26px;\"><h3 class=\"fusion-title-heading title-heading-left fusion-responsive-typography-calculated\" style=\"font-family:&quot;Open Sans&quot;;font-style:normal;font-weight:600;margin:0;font-size:1em;--fontSize:26;line-height:1.5;\">Skicka in ditt CV<\/h3><\/div><div class=\"fusion-text fusion-text-3\" style=\"--awb-text-transform:none;\"><p>Vi \u00e4r alltid intresserade av att h\u00f6ra fr\u00e5n intressanta personer.<br \/>\nOm du inte ser n\u00e5got jobb som passar din profil, skicka ditt CV s\u00e5 \u00e5terkommer vi till dig n\u00e4r ett jobb \u00e4r ledigt.<br \/>\nSkicka din intresseanm\u00e4lan till <a href=\"mailto:info@healsafeinterior.com\">info@healsafeinterior.com<\/a><\/p>\n<\/div><\/div><\/div><div class=\"fusion-layout-column fusion_builder_column fusion-builder-column-2 fusion_builder_column_2_3 2_3 fusion-flex-column\" style=\"--awb-bg-size:cover;--awb-width-large:66.666666666667%;--awb-margin-top-large:0px;--awb-spacing-right-large:2.88%;--awb-margin-bottom-large:20px;--awb-spacing-left-large:2.88%;--awb-width-medium:100%;--awb-order-medium:0;--awb-spacing-right-medium:1.92%;--awb-spacing-left-medium:1.92%;--awb-width-small:100%;--awb-order-small:0;--awb-spacing-right-small:1.92%;--awb-spacing-left-small:1.92%;\"><div class=\"fusion-column-wrapper fusion-column-has-shadow fusion-flex-justify-content-flex-start fusion-content-layout-column\"><div class=\"fusion-title title fusion-title-4 fusion-sep-none fusion-title-text fusion-title-size-three\" style=\"--awb-font-size:26px;\"><h3 class=\"fusion-title-heading title-heading-left fusion-responsive-typography-calculated\" style=\"font-family:&quot;Open Sans&quot;;font-style:normal;font-weight:600;margin:0;font-size:1em;--fontSize:26;line-height:1.5;\">JOBBM\u00d6JLIGHETER<\/h3><\/div><div class=\"fusion-blog-shortcode fusion-blog-shortcode-1 fusion-blog-archive fusion-blog-layout-grid-wrapper fusion-blog-no\" style=\"--awb-title-font-size:16px;\"><style type=\"text\/css\">.fusion-blog-shortcode-1 .fusion-blog-layout-grid .fusion-post-grid{padding:5px;}.fusion-blog-shortcode-1 .fusion-posts-container{margin-left: -5px !important; margin-right:-5px !important;}<\/style><div class=\"fusion-posts-container fusion-posts-container-no fusion-no-meta-info fusion-blog-layout-grid fusion-blog-layout-grid-2 isotope fusion-blog-equal-heights\" data-pages=\"0\" data-grid-col-space=\"10\" style=\"margin: -5px -5px 0;min-height:500px;\"><article id=\"blog-1-post-17258\" class=\"fusion-post-grid post-17258 post type-post status-publish format-standard has-post-thumbnail hentry category-jobb category-nyheter\">\n<div class=\"fusion-post-wrapper\" style=\"background-color:rgba(255,255,255,0);border:1px solid #ebeaea;border-bottom-width:3px;\">\n\n\t\t\t<div class=\"fusion-flexslider flexslider fusion-flexslider-loading fusion-post-slideshow\" style=\"border-color:#ebeaea;\">\n\t\t<ul class=\"slides\">\n\t\t\t\n\t\t\t\t\t\t\t\t\t\t\t\t\t\t<li><div  class=\"fusion-image-wrapper\" aria-haspopup=\"true\">\n\t\t\t\t\t\t\t<a href=\"https:\/\/healsafeinterior.com\/sv\/healsafe-interior-soker-junior-saljare\/\" aria-label=\"Healsafe Interi\u00f6r s\u00f6ker Junior s\u00e4ljare\">\n\t\t\t\t\t\t\t<img decoding=\"async\" width=\"1778\" height=\"1000\" src=\"https:\/\/healsafeinterior.com\/wp-content\/uploads\/2025\/01\/saljannons.webp\" class=\"attachment-full size-full wp-post-image\" alt=\"\" srcset=\"https:\/\/healsafeinterior.com\/wp-content\/uploads\/2025\/01\/saljannons-200x112.webp 200w, https:\/\/healsafeinterior.com\/wp-content\/uploads\/2025\/01\/saljannons-400x225.webp 400w, https:\/\/healsafeinterior.com\/wp-content\/uploads\/2025\/01\/saljannons-600x337.webp 600w, https:\/\/healsafeinterior.com\/wp-content\/uploads\/2025\/01\/saljannons-800x450.webp 800w, https:\/\/healsafeinterior.com\/wp-content\/uploads\/2025\/01\/saljannons-1200x675.webp 1200w, https:\/\/healsafeinterior.com\/wp-content\/uploads\/2025\/01\/saljannons.webp 1778w\" sizes=\"(min-width: 2200px) 100vw, (min-width: 712px) 784px, (min-width: 640px) 712px, \" title=\"\">\t\t\t<\/a>\n\t\t\t\t\t\t\t<\/div>\n<\/li>\n\t\t\t\n\t\t\t\n\t\t\t\t\t\t\t\t\t\t\t\t\t\t\t\t\t\t\t\t\t\t\t\t\t\t\t\t\t\t\t\t\t\t\t\t\t\t\t\t\t\t\t\t\t\t\t\t\t\t\t\t\t\t\t\t\t\t\t\t\t\t\t\t\t\t\t\t<\/ul>\n\t<\/div>\n\t<div class=\"fusion-post-content-wrapper\" style=\"padding:30px 25px 20px 25px;\"><div class=\"fusion-post-content post-content\"><h2 class=\"blog-shortcode-post-title entry-title\">Healsafe Interi\u00f6r s\u00f6ker Junior s\u00e4ljare<\/h2><div class=\"fusion-post-content-container\"><\/div><\/div><\/div><div class=\"fusion-clearfix\"><\/div><\/div>\n<\/article>\n<div class=\"fusion-clearfix\"><\/div><\/div><\/div><\/div><\/div><\/div><\/div><\/p>\n","protected":false},"excerpt":{"rendered":"","protected":false},"author":1,"featured_media":0,"parent":0,"menu_order":0,"comment_status":"closed","ping_status":"closed","template":"100-width.php","meta":{"footnotes":""},"class_list":["post-15830","page","type-page","status-publish","hentry"],"_links":{"self":[{"href":"https:\/\/healsafeinterior.com\/sv\/wp-json\/wp\/v2\/pages\/15830","targetHints":{"allow":["GET"]}}],"collection":[{"href":"https:\/\/healsafeinterior.com\/sv\/wp-json\/wp\/v2\/pages"}],"about":[{"href":"https:\/\/healsafeinterior.com\/sv\/wp-json\/wp\/v2\/types\/page"}],"author":[{"embeddable":true,"href":"https:\/\/healsafeinterior.com\/sv\/wp-json\/wp\/v2\/users\/1"}],"replies":[{"embeddable":true,"href":"https:\/\/healsafeinterior.com\/sv\/wp-json\/wp\/v2\/comments?post=15830"}],"version-history":[{"count":0,"href":"https:\/\/healsafeinterior.com\/sv\/wp-json\/wp\/v2\/pages\/15830\/revisions"}],"wp:attachment":[{"href":"https:\/\/healsafeinterior.com\/sv\/wp-json\/wp\/v2\/media?parent=15830"}],"curies":[{"name":"wp","href":"https:\/\/api.w.org\/{rel}","templated":true}]}}